{"id":5170,"date":"2021-02-12T21:52:15","date_gmt":"2021-02-12T17:52:15","guid":{"rendered":"https:\/\/keyshop.windowsandoffice.com\/?page_id=5170"},"modified":"2026-02-12T02:40:59","modified_gmt":"2026-02-12T01:40:59","slug":"warranty-policy","status":"publish","type":"page","link":"https:\/\/keyshop.windowsandoffice.com\/it\/warranty-policy\/","title":{"rendered":"Politica di garanzia"},"content":{"rendered":"<div data-elementor-type=\"wp-page\" data-elementor-id=\"5170\" class=\"elementor elementor-5170\">\n\t\t\t\t\t\t<section class=\"elementor-section elementor-top-section elementor-element elementor-element-3b023d8 elementor-section-boxed elementor-section-height-default elementor-section-height-default\" data-id=\"3b023d8\" data-element_type=\"section\" data-e-type=\"section\">\n\t\t\t\t\t\t<div class=\"elementor-container elementor-column-gap-default\">\n\t\t\t\t\t<div class=\"elementor-column elementor-col-100 elementor-top-column elementor-element elementor-element-cbbe4d3\" data-id=\"cbbe4d3\" data-element_type=\"column\" data-e-type=\"column\">\n\t\t\t<div class=\"elementor-widget-wrap elementor-element-populated\">\n\t\t\t\t\t\t<div class=\"elementor-element elementor-element-56156ef elementor-widget elementor-widget-text-editor\" data-id=\"56156ef\" data-element_type=\"widget\" data-e-type=\"widget\" data-widget_type=\"text-editor.default\">\n\t\t\t\t<div class=\"elementor-widget-container\">\n\t\t\t\t\t\t\t\t\t<section style=\"font-family: Arial, sans-serif; line-height: 1.6; max-width: 800px; margin: auto;\"><h2 style=\"color: #2c3e50;\">Garanzia di rimborso di 30 giorni e garanzia di sostituzione a vita<\/h2><p><strong>Windows E Office<\/strong> offre una garanzia di rimborso di 30 giorni per tutti i prodotti acquistati. Se non siete soddisfatti del vostro acquisto, potete restituirlo entro 30 giorni per un rimborso completo.<\/p><p>Dopo questo periodo di 30 giorni, offriamo un <strong>Garanzia di sostituzione a vita<\/strong> per tutti i prodotti difettosi.<\/p><h3 style=\"color: #34495e;\">Garanzia legale<\/h3><p>Il periodo di garanzia previsto dalla legge tedesca \u00e8 <strong>1 anno<\/strong> dalla data di acquisto per difetti causati da progettazione, materiali o lavorazione difettosi.<\/p><hr style=\"border: none; border-top: 1px dashed #bbb; margin: 30px 0;\" \/><h3 style=\"color: #34495e;\">Condizioni per i prodotti difettosi<\/h3><p>In caso di prodotti difettosi, <strong>Windows E Office<\/strong> a sua discrezione, riparer\u00e0 o sostituir\u00e0 gratuitamente l'articolo difettoso, purch\u00e9 siano soddisfatte le seguenti condizioni:<\/p><ol style=\"padding-left: 20px;\"><li>L'acquirente deve notificare al venditore <strong>per iscritto<\/strong> del difetto senza indugio.<\/li><li>Il difetto deve essere dovuto a <strong>progettazione, materiali o manodopera difettosi<\/strong> dal produttore o dal venditore.<\/li><li class=\"translation-block\">La merce difettosa da riparare o sostituire deve essere restituita al venditore <strong>su richiesta<\/strong>.<\/li><li class=\"translation-block\">Se i beni sono stati prodotti da un <strong>fornitore terzo<\/strong> e consegnati al venditore, qualsiasi garanzia concessa al venditore sar\u00e0 trasferita all'acquirente.<\/li><li class=\"translation-block\">Il venditore si riserva il diritto, a sua discrezione, di <strong>rimborsare il prezzo<\/strong> della merce difettosa se \u00e8 gi\u00e0 stata pagata.<\/li><\/ol><\/section>\t\t\t\t\t\t\t\t<\/div>\n\t\t\t\t<\/div>\n\t\t\t\t\t<\/div>\n\t\t<\/div>\n\t\t\t\t\t<\/div>\n\t\t<\/section>\n\t\t\t\t<\/div>","protected":false},"excerpt":{"rendered":"<p>Garanzia di rimborso di 30 giorni e garanzia di sostituzione a vita offre una garanzia di rimborso di 30 giorni per tutti i prodotti acquistati. Se non siete...<\/p>","protected":false},"author":1,"featured_media":0,"parent":0,"menu_order":0,"comment_status":"closed","ping_status":"closed","template":"","meta":{"_acf_changed":false,"footnotes":""},"class_list":["post-5170","page","type-page","status-publish","hentry"],"acf":[],"_links":{"self":[{"href":"https:\/\/keyshop.windowsandoffice.com\/it\/wp-json\/wp\/v2\/pages\/5170","targetHints":{"allow":["GET"]}}],"collection":[{"href":"https:\/\/keyshop.windowsandoffice.com\/it\/wp-json\/wp\/v2\/pages"}],"about":[{"href":"https:\/\/keyshop.windowsandoffice.com\/it\/wp-json\/wp\/v2\/types\/page"}],"author":[{"embeddable":true,"href":"https:\/\/keyshop.windowsandoffice.com\/it\/wp-json\/wp\/v2\/users\/1"}],"replies":[{"embeddable":true,"href":"https:\/\/keyshop.windowsandoffice.com\/it\/wp-json\/wp\/v2\/comments?post=5170"}],"version-history":[{"count":0,"href":"https:\/\/keyshop.windowsandoffice.com\/it\/wp-json\/wp\/v2\/pages\/5170\/revisions"}],"wp:attachment":[{"href":"https:\/\/keyshop.windowsandoffice.com\/it\/wp-json\/wp\/v2\/media?parent=5170"}],"curies":[{"name":"wp","href":"https:\/\/api.w.org\/{rel}","templated":true}]}}