{"id":6319,"date":"2021-05-03T17:39:19","date_gmt":"2021-05-03T16:39:19","guid":{"rendered":"https:\/\/keyshop.windowsandoffice.com\/?post_type=product&#038;p=6319"},"modified":"2026-01-13T20:50:09","modified_gmt":"2026-01-13T19:50:09","slug":"microsoft-office-2016-standard","status":"publish","type":"product","link":"https:\/\/keyshop.windowsandoffice.com\/fr\/produit\/microsoft-office-2016-standard\/","title":{"rendered":"Microsoft Office 2016 Licence standard pour 3 PCs"},"content":{"rendered":"<p style=\"color: red;\">NOTE : Microsoft Office 2016 STANDARD n'est disponible qu'en allemand et en anglais ! La version 32 bits n'est disponible qu'en allemand.<\/p>\n<p>Avec les programmes inclus, Microsoft Office 2016 Standard r\u00e9pond \u00e0 toutes les exigences pos\u00e9es \u00e0 un logiciel de bureautique complet. Qu'il s'agisse de cr\u00e9er des lettres types, de g\u00e9rer des chiffres commerciaux et des feuilles de calcul, de concevoir des pr\u00e9sentations, de cr\u00e9er des bases de donn\u00e9es ou d'organiser vos courriels pour vos projets professionnels et priv\u00e9s, tout cela peut \u00eatre fait en un rien de temps avec les applications Office.<\/p>\n<p><strong>Tout ce dont vous avez besoin en un seul coup d'\u0153il :<\/strong><\/p>\n<ul>\n<li><strong>Word 2016 <\/strong>- pour la cr\u00e9ation et l'\u00e9dition de vos textes et documents<\/li>\n<li><strong>Excel 2016 <\/strong>- pour le traitement des enregistrements de donn\u00e9es sous forme de tableaux<\/li>\n<li><strong>PowerPoint 2016 <\/strong>- pour la cr\u00e9ation de pr\u00e9sentations inspirantes<\/li>\n<li><strong>Outlook 2016<\/strong>\u00a0- pour g\u00e9rer vos courriels, vos contacts, vos horaires et vos t\u00e2ches<\/li>\n<li><strong>\u00c9diteur 2016<\/strong>\u00a0- pour cr\u00e9er facilement des publications de qualit\u00e9 professionnelle<\/li>\n<li><strong>OneNote 2016<\/strong>\u00a0- pour cr\u00e9er et g\u00e9rer vos notes<\/li>\n<\/ul>\n<p>Vous \u00eates \u00e0 la recherche de <a href=\"https:\/\/keyshop.windowsandoffice.com\/fr\/produit\/ms-office-2016\/\">Microsoft Office 2016 Professional Edition<\/a>?<\/p>\n<p><strong>Configuration requise pour Microsoft Office 2016 Standard :<br \/>\n<\/strong><\/p>\n<ul>\n<li>Processeur \u00e0 2 c\u0153urs, 1,4 GHz<\/li>\n<li>1 GB (32bit), 2 GB (64bit) RAM<\/li>\n<li>3 Go d'espace disponible sur le disque dur<\/li>\n<li>Carte graphique DirectX 9 pour l'utilisation de l'acc\u00e9l\u00e9ration mat\u00e9rielle graphique<\/li>\n<\/ul>\n<p><strong>Soutien :<\/strong><\/p>\n<p>Pour toute question, n'h\u00e9sitez pas \u00e0 nous contacter. <a href=\"mailto:keyshop@dl-winandoffice.com\">par e-mail<\/a>. Notre service client\u00e8le est disponible 7 jours sur 7, 24 heures sur 24.<\/p>\n<p>D'autre part, nous assurons la disponibilit\u00e9 de tous nos produits. Par cons\u00e9quent, vous recevrez votre commande en un temps record.<\/p>\n<p>Notre entreprise a plus de 10 ans d'exp\u00e9rience dans le domaine. Cela signifie que nous fournissons un service professionnel en fonction de vos besoins. N'h\u00e9sitez donc pas \u00e0 faire partie de notre r\u00e9seau mondial de clients satisfaits.<\/p>\n<p>Ainsi, si vous voulez voir nos nouvelles<strong>, <a href=\"https:\/\/news.dl-winandoffice.com\/en\/\" target=\"_blank\" rel=\"noopener noreferrer nofollow\">cliquez ici<\/a><\/strong><\/p>","protected":false},"excerpt":{"rendered":"<ul>\n<li>Microsoft Office 2016 Standard pour 1 PC<\/li>\n<li>Version pour les syst\u00e8mes 32 et 64 bits<\/li>\n<li>Livraison par e-mail : cl\u00e9 du produit, instructions, liens de t\u00e9l\u00e9chargement, facture.<\/li>\n<li>T\u00e9l\u00e9chargement instantan\u00e9 !<\/li>\n<li>Pas de limite de temps, pas d'abonnement<\/li>\n<li>Assistance gratuite pendant l'installation et l'activation<\/li>\n<li>Non disponible sur support physique (USB, CD, etc.)<\/li>\n<li>Activation en ligne et par t\u00e9l\u00e9phone<br \/>\n<span style=\"font-size: 14pt;\"><strong>Note :<\/strong><\/span><\/p>\n<ul>\n<li><span style=\"font-size: 12pt;\"><strong>Office 2016 n'est compatible qu'avec Windows 10 et 11.<\/strong><\/span><\/li>\n<li><span style=\"font-size: 12pt;\"><strong>Office 2016 n'est PAS compatible avec les syst\u00e8mes d'exploitation Apple (MacOS, iPadOS, iOS), les Chromebooks<\/strong><\/span><\/li>\n<li><strong>disponible uniquement en version allemande<\/strong><\/li>\n<\/ul>\n<\/li>\n<\/ul>","protected":false},"featured_media":115822,"comment_status":"open","ping_status":"closed","template":"","meta":{"_acf_changed":false},"product_brand":[],"product_cat":[40,69,65],"product_tag":[],"class_list":{"0":"post-6319","1":"product","2":"type-product","3":"status-publish","4":"has-post-thumbnail","6":"product_cat-msoffice","7":"product_cat-office-2019","8":"product_cat-popular","10":"first","11":"instock","12":"sale","13":"virtual","14":"taxable","15":"purchasable","16":"product-type-simple"},"acf":[],"_links":{"self":[{"href":"https:\/\/keyshop.windowsandoffice.com\/fr\/wp-json\/wp\/v2\/product\/6319","targetHints":{"allow":["GET"]}}],"collection":[{"href":"https:\/\/keyshop.windowsandoffice.com\/fr\/wp-json\/wp\/v2\/product"}],"about":[{"href":"https:\/\/keyshop.windowsandoffice.com\/fr\/wp-json\/wp\/v2\/types\/product"}],"replies":[{"embeddable":true,"href":"https:\/\/keyshop.windowsandoffice.com\/fr\/wp-json\/wp\/v2\/comments?post=6319"}],"wp:featuredmedia":[{"embeddable":true,"href":"https:\/\/keyshop.windowsandoffice.com\/fr\/wp-json\/wp\/v2\/media\/115822"}],"wp:attachment":[{"href":"https:\/\/keyshop.windowsandoffice.com\/fr\/wp-json\/wp\/v2\/media?parent=6319"}],"wp:term":[{"taxonomy":"product_brand","embeddable":true,"href":"https:\/\/keyshop.windowsandoffice.com\/fr\/wp-json\/wp\/v2\/product_brand?post=6319"},{"taxonomy":"product_cat","embeddable":true,"href":"https:\/\/keyshop.windowsandoffice.com\/fr\/wp-json\/wp\/v2\/product_cat?post=6319"},{"taxonomy":"product_tag","embeddable":true,"href":"https:\/\/keyshop.windowsandoffice.com\/fr\/wp-json\/wp\/v2\/product_tag?post=6319"}],"curies":[{"name":"wp","href":"https:\/\/api.w.org\/{rel}","templated":true}]}}