{"id":6316,"date":"2021-05-03T17:11:42","date_gmt":"2021-05-03T15:11:42","guid":{"rendered":"https:\/\/keyshop.windowsandoffice.com\/?post_type=product&#038;p=6316"},"modified":"2026-01-13T20:50:09","modified_gmt":"2026-01-13T19:50:09","slug":"microsoft-office-2019-standard","status":"publish","type":"product","link":"https:\/\/keyshop.windowsandoffice.com\/fr\/produit\/microsoft-office-2019-standard\/","title":{"rendered":"Microsoft Office 2019 Licence standard pour 3 PC"},"content":{"rendered":"<p style=\"color: red;\">NOTE : Microsoft Office 2019 Standard est disponible uniquement en version allemande et anglaise !<\/p>\n<p>Optez d\u00e8s aujourd'hui pour Office 2019 Standard, la solution bureautique moderne de Microsoft. La version classique des meilleures applications de productivit\u00e9 bureautique au monde couvre tous vos besoins quotidiens. Elle inclut les versions Web de Word, OneNote, Excel et PowerPoint pour un acc\u00e8s facile o\u00f9 que vous soyez.<\/p>\n<h4><strong>Tout ce dont vous avez besoin en un seul coup d'\u0153il :<\/strong><\/h4>\n<ul>\n<li><strong>Word 2019 <\/strong>- pour la cr\u00e9ation et l'\u00e9dition de vos textes et documents<\/li>\n<li><strong>Excel 2019 <\/strong>- pour le traitement des enregistrements de donn\u00e9es sous forme de tableaux<\/li>\n<li><strong>PowerPoint 2019 <\/strong>- pour la cr\u00e9ation de pr\u00e9sentations inspirantes<\/li>\n<li><strong>Perspectives 2019<\/strong> - pour g\u00e9rer vos courriels, vos contacts, vos horaires et vos t\u00e2ches<\/li>\n<li><strong>\u00c9diteur 2019<\/strong> - pour cr\u00e9er facilement des publications de qualit\u00e9 professionnelle<\/li>\n<\/ul>\n<p>OneNote ne fait plus partie du package Office, il est d\u00e9sormais int\u00e9gr\u00e9 au syst\u00e8me d'exploitation Windows 10, qui est n\u00e9cessaire pour utiliser Office 2019. <strong>Les anciennes versions de Windows ne sont pas prises en charge.<\/strong><\/p>\n<p>&nbsp;<\/p>\n<h4><strong>Utilisez votre temps plus efficacement gr\u00e2ce \u00e0 un programme de courrier intelligent<\/strong><\/h4>\n<p>La bo\u00eete de r\u00e9ception se remplit rapidement de courriers sans importance et de spams, ce qui mesure le temps et les efforts perdus. Microsoft Outlook 2019 inclut d\u00e9sormais la fonction \"Clutter\", de sorte que le programme d\u00e9tecte lui-m\u00eame les e-mails non pertinents et les trie imm\u00e9diatement. Cela rend votre bo\u00eete de r\u00e9ception plus claire et vous permet d'aborder les t\u00e2ches vraiment importantes.<\/p>\n<h4><strong>Une s\u00e9curit\u00e9 accrue pour votre bureau num\u00e9rique<\/strong><\/h4>\n<p>Une autre innovation est l'am\u00e9lioration de la s\u00e9curit\u00e9 gr\u00e2ce \u00e0 la \"pr\u00e9vention des pertes de donn\u00e9es\". Il est d\u00e9sormais plus facile de contr\u00f4ler, au sein des programmes, les informations que vous pouvez int\u00e9grer dans des documents et transmettre. Les administrateurs ont \u00e9galement la possibilit\u00e9 de bloquer ou de restreindre l'acc\u00e8s \u00e0 certaines donn\u00e9es. En outre, les utilisateurs re\u00e7oivent des notifications en cas de risque potentiel de perte de donn\u00e9es. Gr\u00e2ce aux services en nuage tels que OneDrive, vos donn\u00e9es ne sont pas perdues m\u00eame si un serveur ou un appareil tombe en panne. Vous pouvez facilement acc\u00e9der aux fichiers et les modifier de n'importe o\u00f9 dans le monde.<\/p>\n<h4><strong>Configuration requise :<br \/>\n<\/strong><\/h4>\n<ul>\n<li>1,6 GHz, processeur \u00e0 deux c\u0153urs<\/li>\n<li>Syst\u00e8me d'exploitation Windows 10<\/li>\n<li>2 GB (32bit), 4 GB (64bit) RAM<\/li>\n<li>4 Go d'espace disponible sur le disque dur<\/li>\n<li>Carte graphique DirectX 10 pour l'utilisation de l'acc\u00e9l\u00e9ration mat\u00e9rielle graphique<\/li>\n<\/ul>\n<h4><strong>Soutien :<\/strong><\/h4>\n<p>Pour toute question, n'h\u00e9sitez pas \u00e0 nous contacter. <a href=\"mailto:keyshop@dl-winandoffice.com\">par e-mail<\/a>. Notre service client\u00e8le est disponible 7 jours sur 7, 24 heures sur 24.<\/p>\n<p>Nous assurons la disponibilit\u00e9 de tous nos produits. Par cons\u00e9quent, vous recevrez votre commande en un temps record.<\/p>\n<p>Notre entreprise a plus de 10 ans d'exp\u00e9rience dans le domaine. Cela signifie que nous fournissons un service professionnel en fonction de vos besoins. N'h\u00e9sitez donc pas \u00e0 faire partie de notre r\u00e9seau mondial de clients satisfaits.<\/p>\n<p>Si vous souhaitez consulter nos actualit\u00e9s<strong>, <a href=\"https:\/\/news.dl-winandoffice.com\/en\/\" target=\"_blank\" rel=\"noopener noreferrer nofollow\">cliquez ici<\/a><\/strong><\/p>","protected":false},"excerpt":{"rendered":"<ul>\n<li>Microsoft Windows Office 2019 Standard pour PC<\/li>\n<li>Version pour les syst\u00e8mes 64 bits<\/li>\n<li>Livraison par e-mail : cl\u00e9 du produit, instructions, liens de t\u00e9l\u00e9chargement, facture.<\/li>\n<li>T\u00e9l\u00e9chargement instantan\u00e9 !<\/li>\n<li>Pas de limite de temps, pas d'abonnement<\/li>\n<li>Assistance gratuite pendant l'installation et l'activation<\/li>\n<li>Non disponible sur support physique (USB, CD, etc.)<\/li>\n<li>Activation en ligne et par t\u00e9l\u00e9phone<br \/>\n<span style=\"font-size: 14pt;\"><strong>Note :<\/strong><\/span><\/p>\n<ul>\n<li><span style=\"font-size: 12pt;\"><strong>Office 2019 Standard est uniquement compatible avec Windows 10 et 11.<\/strong><\/span><\/li>\n<li><span style=\"font-size: 12pt;\"><strong>Office 2019 Standard n'est PAS compatible avec les syst\u00e8mes d'exploitation d'Apple (MacOS, iPadOS, iOS), les Chromebooks.<\/strong><\/span><\/li>\n<li><strong>disponible uniquement en version allemande et anglaise<\/strong><\/li>\n<\/ul>\n<\/li>\n<\/ul>","protected":false},"featured_media":115827,"comment_status":"open","ping_status":"closed","template":"","meta":{"_acf_changed":false},"product_brand":[],"product_cat":[40,69,65],"product_tag":[49,51,50],"class_list":{"0":"post-6316","1":"product","2":"type-product","3":"status-publish","4":"has-post-thumbnail","6":"product_cat-msoffice","7":"product_cat-office-2019","8":"product_cat-popular","9":"product_tag-excellence","10":"product_tag-ms-office","11":"product_tag-security","13":"first","14":"instock","15":"sale","16":"virtual","17":"taxable","18":"purchasable","19":"product-type-simple"},"acf":[],"_links":{"self":[{"href":"https:\/\/keyshop.windowsandoffice.com\/fr\/wp-json\/wp\/v2\/product\/6316","targetHints":{"allow":["GET"]}}],"collection":[{"href":"https:\/\/keyshop.windowsandoffice.com\/fr\/wp-json\/wp\/v2\/product"}],"about":[{"href":"https:\/\/keyshop.windowsandoffice.com\/fr\/wp-json\/wp\/v2\/types\/product"}],"replies":[{"embeddable":true,"href":"https:\/\/keyshop.windowsandoffice.com\/fr\/wp-json\/wp\/v2\/comments?post=6316"}],"wp:featuredmedia":[{"embeddable":true,"href":"https:\/\/keyshop.windowsandoffice.com\/fr\/wp-json\/wp\/v2\/media\/115827"}],"wp:attachment":[{"href":"https:\/\/keyshop.windowsandoffice.com\/fr\/wp-json\/wp\/v2\/media?parent=6316"}],"wp:term":[{"taxonomy":"product_brand","embeddable":true,"href":"https:\/\/keyshop.windowsandoffice.com\/fr\/wp-json\/wp\/v2\/product_brand?post=6316"},{"taxonomy":"product_cat","embeddable":true,"href":"https:\/\/keyshop.windowsandoffice.com\/fr\/wp-json\/wp\/v2\/product_cat?post=6316"},{"taxonomy":"product_tag","embeddable":true,"href":"https:\/\/keyshop.windowsandoffice.com\/fr\/wp-json\/wp\/v2\/product_tag?post=6316"}],"curies":[{"name":"wp","href":"https:\/\/api.w.org\/{rel}","templated":true}]}}