{"id":502,"date":"2020-02-05T02:42:57","date_gmt":"2020-02-04T22:42:57","guid":{"rendered":"http:\/\/keyshop.windowsandoffice.com\/?post_type=product&#038;p=502"},"modified":"2026-04-17T03:22:42","modified_gmt":"2026-04-17T01:22:42","slug":"windows-7-ultimate","status":"publish","type":"product","link":"https:\/\/keyshop.windowsandoffice.com\/fr\/produit\/windows-7-ultimate\/","title":{"rendered":"Microsoft Windows 7 Ultimate licence pour 3 PCs"},"content":{"rendered":"<p>Apr\u00e8s Windows Vista, <strong>Windows 7 Ultimate<\/strong> est le syst\u00e8me d'exploitation le plus r\u00e9cent de Microsoft. Cette version, comme toutes les \u00e9ditions de Windows, est destin\u00e9e aux utilisateurs professionnels et au secteur des entreprises. Beaucoup de choses ont \u00e9t\u00e9 modifi\u00e9es \u00e0 cet effet : Des optimisations ont \u00e9t\u00e9 apport\u00e9es tant au niveau optique, comme l'interface utilisateur, qu'au niveau du syst\u00e8me et de la s\u00e9curit\u00e9, comme l'explorateur Windows am\u00e9lior\u00e9 et le nouveau centre de s\u00e9curit\u00e9.<\/p>\n<p>Pour Microsoft, l'obtention d'un fonctionnement convivial est une pr\u00e9occupation majeure. Pour y parvenir, l'interface utilisateur de certaines applications et le syst\u00e8me lui-m\u00eame ont \u00e9t\u00e9 am\u00e9lior\u00e9s dans le syst\u00e8me d'exploitation Windows 7. De nombreux programmes, tels que Paint et WordPad, ont \u00e9t\u00e9 con\u00e7us avec un ruban dans Microsoft Windows 7, comme c'est le cas depuis Microsoft Office 2007. La barre lat\u00e9rale connue depuis Vista a \u00e9t\u00e9 supprim\u00e9e dans Windows 7. Les widgets peuvent d\u00e9sormais \u00eatre plac\u00e9s n'importe o\u00f9 sur le bureau. Le syst\u00e8me d'exploitation Windows 7 fonctionne globalement plus rapidement que son pr\u00e9d\u00e9cesseur, ce qui s'explique par des exigences syst\u00e8me plus faibles malgr\u00e9 de nombreuses optimisations. Le syst\u00e8me d'exploitation Windows 7 inclut \u00e9galement le nouveau DirectX 11, qui est responsable de l'augmentation des performances dans le domaine \"Graphique\". Microsoft Windows 7 prend d\u00e9sormais \u00e9galement en charge les p\u00e9riph\u00e9riques d'entr\u00e9e alternatifs, tels que les tablettes PC, avec diverses fonctions telles que le multi-touch.<\/p>\n<h4>Caract\u00e9ristiques potentielles<\/h4>\n<p>Le syst\u00e8me d'exploitation Windows 7 n'est pas seulement convivial et puissant : Microsoft a \u00e9galement accord\u00e9 une grande importance \u00e0 la s\u00e9curit\u00e9 dans sa nouvelle version. Il prend d\u00e9sormais en charge l'authentification biom\u00e9trique standard \u00e0 l'aide des empreintes digitales. Par rapport \u00e0 Windows Vista, le contr\u00f4le des comptes d'utilisateurs dans Microsoft Windows 7 est progressivement ajustable. Il fonctionne d\u00e9sormais avec une liste blanche de programmes syst\u00e8me. Les programmes de la liste blanche ont automatiquement des droits d'administration. Afin d'augmenter le niveau de s\u00e9curit\u00e9 des applications critiques, celles-ci peuvent \u00eatre conserv\u00e9es dans une liste noire. Cela signifie que chacune d'entre elles s'ex\u00e9cute s\u00e9par\u00e9ment lors de l'ex\u00e9cution et appelle toujours une fen\u00eatre de confirmation au pr\u00e9alable. Pour que votre syst\u00e8me reste s\u00fbr, il est toujours \u00e0 jour avec les mises \u00e0 jour de Microsoft sous la forme de pilotes certifi\u00e9s et de corrections.<\/p>\n<p>Windows 7 Ultimate convient aux propri\u00e9taires de petites entreprises qui utilisent leur PC \u00e0 des fins priv\u00e9es et professionnelles, ainsi qu'aux particuliers qui utilisent leur ordinateur \u00e0 la fois \u00e0 la maison et dans le r\u00e9seau de l'entreprise. Il permet \u00e9galement \u00e0 l'utilisateur de changer la langue du syst\u00e8me \u00e0 tout moment. Windows 7 Ultimate offre \u00e9galement, entre autres, le cryptage du disque dur BitLocker et le d\u00e9marrage de disques durs virtuels au format VHD.<\/p>\n<h4>Exigences du syst\u00e8me<\/h4>\n<ul>\n<li>Processeur 32 bits (x86) ou 64 bits (x64) de 1 gigahertz (GHz) ou plus rapide<\/li>\n<li>1 gigaoctet (Go) de RAM (32 bits) ou 2 Go de RAM (64 bits)<\/li>\n<li>16 Go d'espace disque disponible (32 bits) ou 20 Go (64 bits)<\/li>\n<li>P\u00e9riph\u00e9rique graphique DirectX 9 avec pilote WDDM 1.0 ou sup\u00e9rieur<\/li>\n<\/ul>\n<h4>Exigences suppl\u00e9mentaires pour l'utilisation de certaines fonctions :<\/h4>\n<ul>\n<li>En fonction de la r\u00e9solution, la lecture vid\u00e9o peut n\u00e9cessiter de la m\u00e9moire suppl\u00e9mentaire et du mat\u00e9riel graphique avanc\u00e9.<\/li>\n<li>Certains jeux et programmes peuvent n\u00e9cessiter une carte graphique compatible avec DirectX 10 ou plus pour des performances optimales.<\/li>\n<li>Windows Les ordinateurs tactiles et les tablettes PC n\u00e9cessitent un mat\u00e9riel sp\u00e9cifique<\/li>\n<li>HomeGroup n\u00e9cessite un r\u00e9seau et des PC fonctionnant sous Windows 7<\/li>\n<li>La cr\u00e9ation de DVD\/CD n\u00e9cessite un lecteur optique compatible.<\/li>\n<li>BitLocker n\u00e9cessite le Trusted Platform Module (TPM) 1.2<\/li>\n<li>BitLocker To Go n\u00e9cessite une cl\u00e9 USB<\/li>\n<li>Windows XP Mode n\u00e9cessite 1 Go de RAM suppl\u00e9mentaire et 15 Go d'espace disque disponible.<\/li>\n<\/ul>\n<h4>Soutien :<\/h4>\n<p>Pour toute autre question, n'h\u00e9sitez pas \u00e0 nous contacter. <a href=\"mailto:keyshop@dl-winandoffice.com\">par e-mail<\/a>. Notre service client\u00e8le est disponible 7 jours sur 7, 24 heures sur 24. Vous b\u00e9n\u00e9ficiez donc d'une assistance imm\u00e9diate.<\/p>\n<p>D'autre part, nous assurons la disponibilit\u00e9 de tous nos produits. Par cons\u00e9quent, vous recevrez votre commande en un temps record.<\/p>\n<p>Notre entreprise a plus de 10 ans d'exp\u00e9rience dans le domaine. Cela signifie que nous fournissons un service professionnel en fonction de vos besoins. N'h\u00e9sitez donc pas \u00e0 faire partie de notre r\u00e9seau mondial de clients satisfaits.<\/p>\n<p>Ainsi, si vous voulez voir nos nouvelles<strong>, <a href=\"https:\/\/news.dl-winandoffice.com\/en\/\" target=\"_blank\" rel=\"noopener noreferrer nofollow\">cliquez ici<\/a><\/strong><\/p>","protected":false},"excerpt":{"rendered":"<p>Apr\u00e8s Windows Vista, Windows 7 est le syst\u00e8me d'exploitation le plus r\u00e9cent de Microsoft. Le syst\u00e8me d'exploitation Windows 7, comme toutes les \u00e9ditions de Windows, est destin\u00e9 aux utilisateurs professionnels et au secteur des entreprises. Pour ce faire, de nombreux changements ont \u00e9t\u00e9 apport\u00e9s : Des optimisations ont \u00e9t\u00e9 apport\u00e9es tant au niveau optique, comme l'interface utilisateur, qu'au niveau du syst\u00e8me et de la s\u00e9curit\u00e9, comme l'Explorateur Windows am\u00e9lior\u00e9 et le nouveau centre de s\u00e9curit\u00e9.<\/p>","protected":false},"featured_media":733,"comment_status":"open","ping_status":"closed","template":"","meta":{"_acf_changed":false},"product_brand":[],"product_cat":[41],"product_tag":[],"class_list":{"0":"post-502","1":"product","2":"type-product","3":"status-publish","4":"has-post-thumbnail","6":"product_cat-windows-desktop","8":"first","9":"instock","10":"sale","11":"virtual","12":"taxable","13":"purchasable","14":"product-type-simple"},"acf":[],"_links":{"self":[{"href":"https:\/\/keyshop.windowsandoffice.com\/fr\/wp-json\/wp\/v2\/product\/502","targetHints":{"allow":["GET"]}}],"collection":[{"href":"https:\/\/keyshop.windowsandoffice.com\/fr\/wp-json\/wp\/v2\/product"}],"about":[{"href":"https:\/\/keyshop.windowsandoffice.com\/fr\/wp-json\/wp\/v2\/types\/product"}],"replies":[{"embeddable":true,"href":"https:\/\/keyshop.windowsandoffice.com\/fr\/wp-json\/wp\/v2\/comments?post=502"}],"wp:featuredmedia":[{"embeddable":true,"href":"https:\/\/keyshop.windowsandoffice.com\/fr\/wp-json\/wp\/v2\/media\/733"}],"wp:attachment":[{"href":"https:\/\/keyshop.windowsandoffice.com\/fr\/wp-json\/wp\/v2\/media?parent=502"}],"wp:term":[{"taxonomy":"product_brand","embeddable":true,"href":"https:\/\/keyshop.windowsandoffice.com\/fr\/wp-json\/wp\/v2\/product_brand?post=502"},{"taxonomy":"product_cat","embeddable":true,"href":"https:\/\/keyshop.windowsandoffice.com\/fr\/wp-json\/wp\/v2\/product_cat?post=502"},{"taxonomy":"product_tag","embeddable":true,"href":"https:\/\/keyshop.windowsandoffice.com\/fr\/wp-json\/wp\/v2\/product_tag?post=502"}],"curies":[{"name":"wp","href":"https:\/\/api.w.org\/{rel}","templated":true}]}}