{"id":495,"date":"2020-02-05T02:34:43","date_gmt":"2020-02-04T22:34:43","guid":{"rendered":"http:\/\/keyshop.windowsandoffice.com\/?post_type=product&#038;p=495"},"modified":"2026-01-13T20:19:46","modified_gmt":"2026-01-13T19:19:46","slug":"windows-7-professional","status":"publish","type":"product","link":"https:\/\/keyshop.windowsandoffice.com\/fr\/produit\/windows-7-professional\/","title":{"rendered":"Microsoft Windows 7 Licence professionnelle pour 3 PC"},"content":{"rendered":"<p>Windows 7 Professional contient toutes les fonctions de la version Windows 7 Home et des fonctions premium suppl\u00e9mentaires, ainsi que toutes les fonctions professionnelles dont vous avez besoin pour travailler.<\/p>\n<p>Connectez-vous facilement aux r\u00e9seaux d'entreprise et partagez des fichiers sur plusieurs ordinateurs \u00e0 la maison. Vous pouvez \u00e9galement utiliser la sauvegarde automatique pour restaurer vos donn\u00e9es sur votre r\u00e9seau domestique ou d'entreprise sans aucun probl\u00e8me. Le nouveau DirectX 11 am\u00e9liore \u00e9galement les performances de votre syst\u00e8me. Il fournit \u00e0 Windows 7 Professional le soutien n\u00e9cessaire pour traiter sans probl\u00e8me les processus graphiques complexes.<\/p>\n<p>La rapidit\u00e9 du syst\u00e8me d'exploitation, qui fonctionne nettement plus vite que son pr\u00e9d\u00e9cesseur Windows Vista, est tout \u00e0 fait remarquable.<\/p>\n<p><strong>Exigences du syst\u00e8me<\/strong><\/p>\n<ul>\n<li>Processeur 32 bits (x86) ou 64 bits (x64) de 1 gigahertz (GHz) ou plus rapide<\/li>\n<li>1 gigaoctet (Go) de RAM (32 bits) ou 2 Go de RAM (64 bits)<\/li>\n<li>16 Go d'espace disque disponible (32 bits) ou 20 Go (64 bits)<\/li>\n<li>P\u00e9riph\u00e9rique graphique DirectX 9 avec pilote WDDM 1.0 ou sup\u00e9rieur<\/li>\n<\/ul>\n<p><strong>Exigences suppl\u00e9mentaires pour l'utilisation de certaines fonctions :<\/strong><\/p>\n<ul>\n<li>En fonction de la r\u00e9solution, la lecture vid\u00e9o peut n\u00e9cessiter de la m\u00e9moire suppl\u00e9mentaire et du mat\u00e9riel graphique avanc\u00e9.<\/li>\n<li>Certains jeux et programmes peuvent n\u00e9cessiter une carte graphique compatible avec DirectX 10 ou plus pour des performances optimales.<\/li>\n<li>Pour certaines fonctionnalit\u00e9s du Media Center de Windows, un tuner TV et du mat\u00e9riel suppl\u00e9mentaire peuvent \u00eatre n\u00e9cessaires.<\/li>\n<li>Windows Les ordinateurs tactiles et les tablettes PC n\u00e9cessitent un mat\u00e9riel sp\u00e9cifique<\/li>\n<li>HomeGroup n\u00e9cessite un r\u00e9seau et des PC fonctionnant sous Windows 7<\/li>\n<li>La cr\u00e9ation de DVD\/CD n\u00e9cessite un lecteur optique compatible.<\/li>\n<li>BitLocker n\u00e9cessite le Trusted Platform Module (TPM) 1.2<\/li>\n<li>BitLocker To Go n\u00e9cessite une cl\u00e9 USB<\/li>\n<li>Windows XP Mode n\u00e9cessite 1 Go de RAM suppl\u00e9mentaire et 15 Go d'espace disque disponible.<\/li>\n<\/ul>\n<h4><strong>Soutien :<\/strong><\/h4>\n<p>Pour toute question, n'h\u00e9sitez pas \u00e0 nous contacter. <a href=\"mailto:keyshop@dl-winandoffice.com\">par e-mail<\/a>. Notre service client\u00e8le est disponible 7 jours sur 7, 24 heures sur 24. Vous b\u00e9n\u00e9ficiez donc d'une assistance imm\u00e9diate.<\/p>\n<p>D'autre part, nous assurons la disponibilit\u00e9 de tous nos produits. Par cons\u00e9quent, vous recevrez votre commande en un temps record.<\/p>\n<p>Notre entreprise a plus de 10 ans d'exp\u00e9rience dans le domaine. Cela signifie que nous fournissons un service professionnel en fonction de vos besoins. N'h\u00e9sitez donc pas \u00e0 faire partie de notre r\u00e9seau mondial de clients satisfaits.<\/p>\n<p>Ainsi, si vous voulez voir nos nouvelles<strong>, <a href=\"https:\/\/news.dl-winandoffice.com\/en\/\" target=\"_blank\" rel=\"noopener noreferrer nofollow\">cliquez ici<\/a><\/strong><\/p>","protected":false},"excerpt":{"rendered":"<p>Windows 7 Professional contient toutes les fonctions de la version Windows 7 Home et des fonctions premium suppl\u00e9mentaires, ainsi que toutes les fonctions professionnelles dont vous avez besoin. Connectez-vous facilement aux r\u00e9seaux d'entreprise et partagez des fichiers sur plusieurs ordinateurs \u00e0 la maison. Vous pouvez \u00e9galement utiliser la sauvegarde automatique pour restaurer vos donn\u00e9es sur votre r\u00e9seau domestique ou d'entreprise sans aucun probl\u00e8me. Le nouveau DirectX 11 am\u00e9liore \u00e9galement les performances de votre syst\u00e8me. Il fournit \u00e0 Windows 7 Professional le soutien n\u00e9cessaire pour traiter sans probl\u00e8me les processus graphiques complexes.<\/p>","protected":false},"featured_media":732,"comment_status":"open","ping_status":"closed","template":"","meta":{"_acf_changed":false},"product_brand":[],"product_cat":[41],"product_tag":[49,44],"class_list":{"0":"post-495","1":"product","2":"type-product","3":"status-publish","4":"has-post-thumbnail","6":"product_cat-windows-desktop","7":"product_tag-excellence","8":"product_tag-windows-10-pro","10":"first","11":"instock","12":"sale","13":"virtual","14":"taxable","15":"purchasable","16":"product-type-simple"},"acf":[],"_links":{"self":[{"href":"https:\/\/keyshop.windowsandoffice.com\/fr\/wp-json\/wp\/v2\/product\/495","targetHints":{"allow":["GET"]}}],"collection":[{"href":"https:\/\/keyshop.windowsandoffice.com\/fr\/wp-json\/wp\/v2\/product"}],"about":[{"href":"https:\/\/keyshop.windowsandoffice.com\/fr\/wp-json\/wp\/v2\/types\/product"}],"replies":[{"embeddable":true,"href":"https:\/\/keyshop.windowsandoffice.com\/fr\/wp-json\/wp\/v2\/comments?post=495"}],"wp:featuredmedia":[{"embeddable":true,"href":"https:\/\/keyshop.windowsandoffice.com\/fr\/wp-json\/wp\/v2\/media\/732"}],"wp:attachment":[{"href":"https:\/\/keyshop.windowsandoffice.com\/fr\/wp-json\/wp\/v2\/media?parent=495"}],"wp:term":[{"taxonomy":"product_brand","embeddable":true,"href":"https:\/\/keyshop.windowsandoffice.com\/fr\/wp-json\/wp\/v2\/product_brand?post=495"},{"taxonomy":"product_cat","embeddable":true,"href":"https:\/\/keyshop.windowsandoffice.com\/fr\/wp-json\/wp\/v2\/product_cat?post=495"},{"taxonomy":"product_tag","embeddable":true,"href":"https:\/\/keyshop.windowsandoffice.com\/fr\/wp-json\/wp\/v2\/product_tag?post=495"}],"curies":[{"name":"wp","href":"https:\/\/api.w.org\/{rel}","templated":true}]}}