{"id":489,"date":"2020-02-05T02:19:41","date_gmt":"2020-02-05T01:19:41","guid":{"rendered":"http:\/\/keyshop.windowsandoffice.com\/?post_type=product&#038;p=489"},"modified":"2026-01-13T20:19:46","modified_gmt":"2026-01-13T19:19:46","slug":"windows-7-home-premium","status":"publish","type":"product","link":"https:\/\/keyshop.windowsandoffice.com\/fr\/produit\/windows-7-home-premium\/","title":{"rendered":"Microsoft Windows 7 Home Premium"},"content":{"rendered":"<p>Windows 7 Home Premium est la version la plus basique du tr\u00e8s populaire syst\u00e8me d'exploitation Windows 7. Par rapport au syst\u00e8me pr\u00e9c\u00e9dent, Windows Vista, le syst\u00e8me d'exploitation Windows 7 Home Premium apporte de nombreux changements. Il s'agit notamment de l'am\u00e9lioration de l'interface utilisateur, de nouvelles fonctions et caract\u00e9ristiques, de l'augmentation des performances et de l'optimisation de la s\u00e9curit\u00e9. En outre, le syst\u00e8me d'exploitation Windows 7 Home Premium vous offre des contenus exclusifs, tels que divers programmes multim\u00e9dias.<\/p>\n<p>Avec Windows 7, il est d\u00e9sormais plus facile d'effectuer encore plus de t\u00e2ches directement sur le bureau : affichage am\u00e9lior\u00e9 de la barre des t\u00e2ches, ic\u00f4nes plus grandes, \u00e9pingles et possibilit\u00e9s cr\u00e9atives de personnalisation.<\/p>\n<h4><strong>Exigences du syst\u00e8me<\/strong><\/h4>\n<ul>\n<li>Processeur 32 bits (x86) ou 64 bits (x64) de 1 gigahertz (GHz) ou plus rapide<\/li>\n<li>1 gigaoctet (Go) de RAM (32 bits) ou 2 Go de RAM (64 bits)<\/li>\n<li>16 Go d'espace disque disponible (32 bits) ou 20 Go (64 bits)<\/li>\n<li>P\u00e9riph\u00e9rique graphique DirectX 9 avec pilote WDDM 1.0 ou sup\u00e9rieur<\/li>\n<\/ul>\n<h4><strong>Exigences suppl\u00e9mentaires pour l'utilisation de certaines fonctions :<\/strong><\/h4>\n<ul>\n<li>En fonction de la r\u00e9solution, la lecture vid\u00e9o peut n\u00e9cessiter de la m\u00e9moire suppl\u00e9mentaire et du mat\u00e9riel graphique avanc\u00e9.<\/li>\n<li>Certains jeux et programmes peuvent n\u00e9cessiter une carte graphique compatible avec DirectX 10 ou plus pour des performances optimales.<\/li>\n<li>Pour certaines fonctionnalit\u00e9s du Media Center de Windows, un tuner TV et du mat\u00e9riel suppl\u00e9mentaire peuvent \u00eatre n\u00e9cessaires.<\/li>\n<li>Windows Les ordinateurs tactiles et les tablettes PC n\u00e9cessitent un mat\u00e9riel sp\u00e9cifique<\/li>\n<li>HomeGroup n\u00e9cessite un r\u00e9seau et des PC fonctionnant sous Windows 7<\/li>\n<li>La cr\u00e9ation de DVD\/CD n\u00e9cessite un lecteur optique compatible.<\/li>\n<li>BitLocker n\u00e9cessite le Trusted Platform Module (TPM) 1.2<\/li>\n<li>BitLocker To Go n\u00e9cessite une cl\u00e9 USB<\/li>\n<li>Windows XP Mode n\u00e9cessite 1 Go de RAM suppl\u00e9mentaire et 15 Go d'espace disque disponible.<\/li>\n<\/ul>\n<h4><strong>Soutien :<\/strong><\/h4>\n<p>Pour toute question, n'h\u00e9sitez pas \u00e0 nous contacter. <a href=\"mailto:keyshop@dl-winandoffice.com\">par e-mail<\/a>. Notre service client\u00e8le est disponible 7 jours sur 7, 24 heures sur 24. Vous b\u00e9n\u00e9ficiez donc d'une assistance imm\u00e9diate.<\/p>\n<p>D'autre part, nous assurons la disponibilit\u00e9 de tous nos produits. Par cons\u00e9quent, vous recevrez votre commande en un temps record.<\/p>\n<p>Notre entreprise a plus de 10 ans d'exp\u00e9rience dans le domaine. Cela signifie que nous fournissons un service professionnel en fonction de vos besoins. N'h\u00e9sitez donc pas \u00e0 faire partie de notre r\u00e9seau mondial de clients satisfaits.<\/p>\n<p>Ainsi, si vous voulez voir nos nouvelles<strong>, <a href=\"https:\/\/news.dl-winandoffice.com\/en\/\" target=\"_blank\" rel=\"noopener noreferrer nofollow\">cliquez ici<\/a><\/strong><\/p>\n<p>&nbsp;<\/p>","protected":false},"excerpt":{"rendered":"<p>Windows 7 Home Premium est la version la plus basique du tr\u00e8s populaire syst\u00e8me d'exploitation Windows 7. Par rapport au syst\u00e8me pr\u00e9c\u00e9dent, Windows Vista, le syst\u00e8me d'exploitation Windows 7 Home Premium apporte de nombreux changements. Il s'agit notamment de l'am\u00e9lioration de l'interface utilisateur, de nouvelles fonctions et caract\u00e9ristiques, de l'augmentation des performances et de l'optimisation de la s\u00e9curit\u00e9. En outre, le syst\u00e8me d'exploitation Windows 7 Home Premium vous offre des contenus exclusifs, tels que divers programmes multim\u00e9dias.<\/p>","protected":false},"featured_media":731,"comment_status":"open","ping_status":"closed","template":"","meta":{"_acf_changed":false},"product_brand":[],"product_cat":[41],"product_tag":[],"class_list":{"0":"post-489","1":"product","2":"type-product","3":"status-publish","4":"has-post-thumbnail","6":"product_cat-windows-desktop","8":"first","9":"instock","10":"sale","11":"virtual","12":"taxable","13":"purchasable","14":"product-type-simple"},"acf":[],"_links":{"self":[{"href":"https:\/\/keyshop.windowsandoffice.com\/fr\/wp-json\/wp\/v2\/product\/489","targetHints":{"allow":["GET"]}}],"collection":[{"href":"https:\/\/keyshop.windowsandoffice.com\/fr\/wp-json\/wp\/v2\/product"}],"about":[{"href":"https:\/\/keyshop.windowsandoffice.com\/fr\/wp-json\/wp\/v2\/types\/product"}],"replies":[{"embeddable":true,"href":"https:\/\/keyshop.windowsandoffice.com\/fr\/wp-json\/wp\/v2\/comments?post=489"}],"wp:featuredmedia":[{"embeddable":true,"href":"https:\/\/keyshop.windowsandoffice.com\/fr\/wp-json\/wp\/v2\/media\/731"}],"wp:attachment":[{"href":"https:\/\/keyshop.windowsandoffice.com\/fr\/wp-json\/wp\/v2\/media?parent=489"}],"wp:term":[{"taxonomy":"product_brand","embeddable":true,"href":"https:\/\/keyshop.windowsandoffice.com\/fr\/wp-json\/wp\/v2\/product_brand?post=489"},{"taxonomy":"product_cat","embeddable":true,"href":"https:\/\/keyshop.windowsandoffice.com\/fr\/wp-json\/wp\/v2\/product_cat?post=489"},{"taxonomy":"product_tag","embeddable":true,"href":"https:\/\/keyshop.windowsandoffice.com\/fr\/wp-json\/wp\/v2\/product_tag?post=489"}],"curies":[{"name":"wp","href":"https:\/\/api.w.org\/{rel}","templated":true}]}}