{"id":389,"date":"2020-02-02T19:37:28","date_gmt":"2020-02-02T15:37:28","guid":{"rendered":"http:\/\/keyshop.windowsandoffice.com\/?post_type=product&#038;p=389"},"modified":"2026-01-13T20:19:39","modified_gmt":"2026-01-13T19:19:39","slug":"windows-server-2012-r2-rds","status":"publish","type":"product","link":"https:\/\/keyshop.windowsandoffice.com\/fr\/produit\/windows-server-2012-r2-rds\/","title":{"rendered":"Microsoft Windows Server 2012 R2-RDS User CAL"},"content":{"rendered":"<p><strong>Windows Server 2012 R2-RDS<\/strong> Les licences d'acc\u00e8s client (CAL) sont n\u00e9cessaires pour acc\u00e9der aux services suivants\u00a0 <a href=\"https:\/\/keyshop.windowsandoffice.com\/fr\/produit\/windows-server-2012-std-ess-dc-versions\/\">Windows Server 2012 R2 Standard<\/a> et <a href=\"https:\/\/keyshop.windowsandoffice.com\/fr\/produit\/windows-server-2012-std-ess-dc-versions\/\">Windows Server 2012 R2 Datacenter<\/a>. Ils sont disponibles en deux types diff\u00e9rents :<\/p>\n<ul>\n<li>Licence d'acc\u00e8s client utilisateur RDS<\/li>\n<li>Licence d'acc\u00e8s au client RDS Device<\/li>\n<\/ul>\n<p>Microsoft Windows Remote Desktop Services (RDS) est une plate-forme centralis\u00e9e de bureaux et d'applications pour la fourniture et la gestion de bureaux. Cela vous permet de connecter enti\u00e8rement les employ\u00e9s sur des sites distants. L'acc\u00e8s au serveur n\u00e9cessite des licences d'acc\u00e8s appropri\u00e9es qui sont attribu\u00e9es soit \u00e0 un utilisateur, soit \u00e0 un appareil.<\/p>\n<ul>\n<li><span id=\"shop_result_box\">Acc\u00e8s au serveur avec Remote Desktop par utilisateur<\/span><\/li>\n<li>Permet \u00e0 un utilisateur d'acc\u00e9der \u00e0 un serveur par le biais du bureau \u00e0 distance.<\/li>\n<li>Acc\u00e8s au serveur \u00e0 partir de divers dispositifs<\/li>\n<li>Acc\u00e8s \u00e9galement aux serveurs avec un ancien syst\u00e8me d'exploitation Windows<\/li>\n<li>Id\u00e9al pour les entreprises dont les employ\u00e9s externes ont besoin d'acc\u00e9der au bureau et aux programmes.<\/li>\n<\/ul>\n<p><strong>Diff\u00e9rences entre USER CAL et DEVICE CAL (Windows Server 2012 R2-RDS)<br \/>\n<\/strong><\/p>\n<p>La licence d'acc\u00e8s au client utilisateur (User CAL) est con\u00e7ue pour fournir aux clients un moyen facile \u00e0 g\u00e9rer et rentable de permettre aux utilisateurs d'acc\u00e9der au logiciel serveur \u00e0 partir de n'importe quel appareil.<\/p>\n<p>Avec la CAL utilisateur, vous achetez une CAL pour chaque utilisateur qui acc\u00e8de au serveur pour utiliser des services tels que le stockage de fichiers ou l'impression, quel que soit le nombre de p\u00e9riph\u00e9riques qu'il utilise pour cet acc\u00e8s. L'achat d'une CAL utilisateur peut s'av\u00e9rer plus judicieux si les employ\u00e9s de votre entreprise doivent avoir un acc\u00e8s itin\u00e9rant au r\u00e9seau d'entreprise en utilisant plusieurs appareils, ou \u00e0 partir d'appareils inconnus, ou si vous avez simplement plus d'appareils que d'utilisateurs dans votre organisation.<\/p>\n<p>Avec une CAL de dispositif, vous achetez une CAL pour chaque dispositif qui acc\u00e8de \u00e0 votre serveur, quel que soit le nombre d'utilisateurs qui utilisent ce dispositif pour acc\u00e9der au serveur. Les CAL pour p\u00e9riph\u00e9riques peuvent \u00eatre plus avantageuses d'un point de vue \u00e9conomique et administratif si votre entreprise compte des travailleurs qui partagent des p\u00e9riph\u00e9riques, par exemple, dans le cadre de diff\u00e9rentes \u00e9quipes de travail.<\/p>\n<h4><strong>Soutien :<\/strong><\/h4>\n<p>Pour toute question, n'h\u00e9sitez pas \u00e0 nous contacter. <a href=\"mailto:keyshop@dl-winandoffice.com\">par e-mail<\/a>. Notre service client\u00e8le est disponible 7 jours sur 7, 24 heures sur 24. Vous b\u00e9n\u00e9ficiez donc d'une assistance imm\u00e9diate.<\/p>\n<p>D'autre part, nous assurons la disponibilit\u00e9 de tous nos produits. Par cons\u00e9quent, vous recevrez votre commande en un temps record.<\/p>\n<p>Notre entreprise a plus de 10 ans d'exp\u00e9rience dans le domaine. Cela signifie que nous fournissons un service professionnel en fonction de vos besoins. N'h\u00e9sitez donc pas \u00e0 faire partie de notre r\u00e9seau mondial de clients satisfaits.<\/p>\n<p>Ainsi, si vous voulez voir nos nouvelles<strong>, <a href=\"https:\/\/news.dl-winandoffice.com\/en\/\" target=\"_blank\" rel=\"noopener noreferrer nofollow\">cliquez ici<\/a><\/strong><\/p>","protected":false},"excerpt":{"rendered":"<p>Les licences d'acc\u00e8s client (CAL) sont n\u00e9cessaires pour acc\u00e9der aux services suivants\u00a0 <a href=\"https:\/\/keyshop.windowsandoffice.com\/fr\/produit\/windows-server-2012-std-ess-dc-versions\/\">Windows Server 2012 R2 Standard<\/a> et <a href=\"https:\/\/keyshop.windowsandoffice.com\/fr\/produit\/windows-server-2012-std-ess-dc-versions\/\">Windows Server 2012 R2 Datacenter<\/a>. Ils sont disponibles en deux types diff\u00e9rents :<\/p>\n<ul>\n<li>Licence d'acc\u00e8s client utilisateur RDS<\/li>\n<li>Licence d'acc\u00e8s au client RDS Device<\/li>\n<\/ul>","protected":false},"featured_media":739,"comment_status":"open","ping_status":"closed","template":"","meta":{"_acf_changed":false},"product_brand":[],"product_cat":[42],"product_tag":[52],"class_list":{"0":"post-389","1":"product","2":"type-product","3":"status-publish","4":"has-post-thumbnail","6":"product_cat-windows-server","7":"product_tag-windows","9":"first","10":"instock","11":"sale","12":"virtual","13":"taxable","14":"purchasable","15":"product-type-simple"},"acf":[],"_links":{"self":[{"href":"https:\/\/keyshop.windowsandoffice.com\/fr\/wp-json\/wp\/v2\/product\/389","targetHints":{"allow":["GET"]}}],"collection":[{"href":"https:\/\/keyshop.windowsandoffice.com\/fr\/wp-json\/wp\/v2\/product"}],"about":[{"href":"https:\/\/keyshop.windowsandoffice.com\/fr\/wp-json\/wp\/v2\/types\/product"}],"replies":[{"embeddable":true,"href":"https:\/\/keyshop.windowsandoffice.com\/fr\/wp-json\/wp\/v2\/comments?post=389"}],"wp:featuredmedia":[{"embeddable":true,"href":"https:\/\/keyshop.windowsandoffice.com\/fr\/wp-json\/wp\/v2\/media\/739"}],"wp:attachment":[{"href":"https:\/\/keyshop.windowsandoffice.com\/fr\/wp-json\/wp\/v2\/media?parent=389"}],"wp:term":[{"taxonomy":"product_brand","embeddable":true,"href":"https:\/\/keyshop.windowsandoffice.com\/fr\/wp-json\/wp\/v2\/product_brand?post=389"},{"taxonomy":"product_cat","embeddable":true,"href":"https:\/\/keyshop.windowsandoffice.com\/fr\/wp-json\/wp\/v2\/product_cat?post=389"},{"taxonomy":"product_tag","embeddable":true,"href":"https:\/\/keyshop.windowsandoffice.com\/fr\/wp-json\/wp\/v2\/product_tag?post=389"}],"curies":[{"name":"wp","href":"https:\/\/api.w.org\/{rel}","templated":true}]}}