{"id":368,"date":"2020-02-02T19:09:23","date_gmt":"2020-02-02T18:09:23","guid":{"rendered":"http:\/\/keyshop.windowsandoffice.com\/?post_type=product&#038;p=368"},"modified":"2026-01-13T20:50:00","modified_gmt":"2026-01-13T19:50:00","slug":"ms-office-2013","status":"publish","type":"product","link":"https:\/\/keyshop.windowsandoffice.com\/fr\/produit\/ms-office-2013\/","title":{"rendered":"Microsoft Office 2013 Professional Plus licence pour 3 PCs"},"content":{"rendered":"<p>Gr\u00e2ce aux programmes inclus, Microsoft Office 2013 Professional Plus r\u00e9pond \u00e0 toutes les exigences pos\u00e9es \u00e0 un logiciel de bureautique complet. Qu'il s'agisse de cr\u00e9er des lettres types, de g\u00e9rer des chiffres d'affaires et des feuilles de calcul, de concevoir des pr\u00e9sentations, de cr\u00e9er des bases de donn\u00e9es ou d'organiser vos courriels pour vos projets professionnels et priv\u00e9s, tout cela peut \u00eatre fait en un rien de temps avec les applications Office.<\/p>\n<h4><strong>Quels sont les programmes inclus dans Office 2013 Professional Plus ?<\/strong><\/h4>\n<ul>\n<li><strong>Word 2013 <\/strong>- pour la cr\u00e9ation et l'\u00e9dition de vos textes et documents<\/li>\n<li><strong>Excel 2013 <\/strong>- pour le traitement des enregistrements de donn\u00e9es sous forme de tableaux<\/li>\n<li><strong>PowerPoint 2013 <\/strong>- pour la cr\u00e9ation de pr\u00e9sentations inspirantes<\/li>\n<li><strong>Outlook 2013<\/strong> - pour g\u00e9rer vos courriels, vos contacts, vos horaires et vos t\u00e2ches<\/li>\n<li><strong>OneNote 2013<\/strong> - pour cr\u00e9er et g\u00e9rer vos notes<\/li>\n<li><strong>\u00c9diteur 2013<\/strong> - pour cr\u00e9er facilement des publications de qualit\u00e9 professionnelle<\/li>\n<li><strong>Acc\u00e8s 2013<\/strong> - pour la cr\u00e9ation de bases de donn\u00e9es avec acc\u00e8s \u00e0 l'internet<\/li>\n<\/ul>\n<p>Microsoft fait un usage intensif du nuage dans Office 2013. La suite permet aux utilisateurs d'enregistrer des documents directement sur le service SkyDrive de Microsoft. Gr\u00e2ce \u00e0 cette fonctionnalit\u00e9, un utilisateur peut se connecter \u00e0 un ordinateur sur lequel le logiciel Office n'est pas install\u00e9 et utiliser les composants Web Office de Microsoft pour acc\u00e9der \u00e0 un document, le modifier et le partager. La version 2013 de la suite ne n\u00e9cessite pas de composants logiciels suppl\u00e9mentaires, ce qui rendait le processus difficile dans les versions pr\u00e9c\u00e9dentes.<\/p>\n<p>Microsoft a apport\u00e9 quelques am\u00e9liorations bienvenues aux \u00e9l\u00e9ments logiciels sp\u00e9cifiques de sa suite Office. Parmi les am\u00e9liorations apport\u00e9es \u00e0 Word 2013 figure la possibilit\u00e9 d'ouvrir des documents PDF directement \u00e0 partir de Word et de les modifier, ce qui peut repr\u00e9senter un v\u00e9ritable gain de temps. Il peut \u00e9galement refondre activement le texte autour des images ou des images vid\u00e9o au fur et \u00e0 mesure que l'utilisateur tape. Word propose \u00e9galement Simple Markup, une nouvelle option de r\u00e9vision qui offre aux utilisateurs une vue claire et simple d'un document, tout en comportant des indicateurs permettant de noter les modifications apport\u00e9es.<\/p>\n<h4>Quoi d'autre ?<\/h4>\n<p>Le logiciel fournit \u00e9galement un bouton de r\u00e9ponse pour les commentaires, ce qui permet aux utilisateurs de discuter des modifications et de suivre les commentaires dans le texte. Le tableur Excel 2013 propose des recommandations sur les meilleures options graphiques. PowerPoint 2013 permet \u00e0 l'utilisateur de naviguer entre les diapositives d'une pr\u00e9sentation tout en ne montrant au public que la diapositive en cours. Outlook 2013 propose des r\u00e9ponses en ligne pour faciliter le traitement des courriels et permet \u00e9galement aux utilisateurs de voir plusieurs contacts et leurs connexions sur les r\u00e9seaux sociaux en une seule vue sur des \"cartes de personnes\". OneNote 2013 tire parti des capacit\u00e9s de l'\u00e9cran tactile pour faciliter la prise de notes.<\/p>\n<h4><strong>Configuration requise<\/strong><\/h4>\n<ul>\n<li>Processeur \u00e0 2 c\u0153urs, 1,4 GHz<\/li>\n<li>Windows 7, Windows 8, Windows 10<\/li>\n<li>1 GB (32bit), 2 GB (64bit) RAM<\/li>\n<li>3 Go d'espace disponible sur le disque dur<\/li>\n<li>Carte graphique DirectX 9 pour l'utilisation de l'acc\u00e9l\u00e9ration mat\u00e9rielle graphique<\/li>\n<\/ul>\n<p>&nbsp;<\/p>\n<p>&nbsp;<\/p>","protected":false},"excerpt":{"rendered":"<p>Gr\u00e2ce aux programmes inclus, Microsoft Office 2013 Professional Plus r\u00e9pond \u00e0 toutes les exigences pos\u00e9es \u00e0 un logiciel de bureautique complet. Qu'il s'agisse de cr\u00e9er des lettres types, de g\u00e9rer des chiffres d'affaires et des feuilles de calcul, de concevoir des pr\u00e9sentations, de cr\u00e9er des bases de donn\u00e9es ou d'organiser vos courriels pour vos projets professionnels et priv\u00e9s, tout cela peut \u00eatre fait en un rien de temps avec les applications Office.<\/p>\n<p><strong>Note :<\/strong><\/p>\n<ul>\n<li><strong>Ce produit est uniquement compatible avec Windows 10 et 11.<\/strong><\/li>\n<li><strong>Ce produit n'est PAS compatible avec les syst\u00e8mes d'exploitation Apple (MacOS, iPadOS, iOS), les Chromebooks<\/strong><\/li>\n<\/ul>","protected":false},"featured_media":115823,"comment_status":"open","ping_status":"closed","template":"","meta":{"_acf_changed":false},"product_brand":[],"product_cat":[40],"product_tag":[51],"class_list":{"0":"post-368","1":"product","2":"type-product","3":"status-publish","4":"has-post-thumbnail","6":"product_cat-msoffice","7":"product_tag-ms-office","9":"first","10":"instock","11":"sale","12":"virtual","13":"taxable","14":"purchasable","15":"product-type-simple"},"acf":[],"_links":{"self":[{"href":"https:\/\/keyshop.windowsandoffice.com\/fr\/wp-json\/wp\/v2\/product\/368","targetHints":{"allow":["GET"]}}],"collection":[{"href":"https:\/\/keyshop.windowsandoffice.com\/fr\/wp-json\/wp\/v2\/product"}],"about":[{"href":"https:\/\/keyshop.windowsandoffice.com\/fr\/wp-json\/wp\/v2\/types\/product"}],"replies":[{"embeddable":true,"href":"https:\/\/keyshop.windowsandoffice.com\/fr\/wp-json\/wp\/v2\/comments?post=368"}],"wp:featuredmedia":[{"embeddable":true,"href":"https:\/\/keyshop.windowsandoffice.com\/fr\/wp-json\/wp\/v2\/media\/115823"}],"wp:attachment":[{"href":"https:\/\/keyshop.windowsandoffice.com\/fr\/wp-json\/wp\/v2\/media?parent=368"}],"wp:term":[{"taxonomy":"product_brand","embeddable":true,"href":"https:\/\/keyshop.windowsandoffice.com\/fr\/wp-json\/wp\/v2\/product_brand?post=368"},{"taxonomy":"product_cat","embeddable":true,"href":"https:\/\/keyshop.windowsandoffice.com\/fr\/wp-json\/wp\/v2\/product_cat?post=368"},{"taxonomy":"product_tag","embeddable":true,"href":"https:\/\/keyshop.windowsandoffice.com\/fr\/wp-json\/wp\/v2\/product_tag?post=368"}],"curies":[{"name":"wp","href":"https:\/\/api.w.org\/{rel}","templated":true}]}}