{"id":361,"date":"2020-11-02T18:51:23","date_gmt":"2020-11-02T17:51:23","guid":{"rendered":"http:\/\/keyshop.windowsandoffice.com\/?post_type=product&#038;p=361"},"modified":"2026-01-13T20:47:10","modified_gmt":"2026-01-13T19:47:10","slug":"ms-office-2016","status":"publish","type":"product","link":"https:\/\/keyshop.windowsandoffice.com\/fr\/produit\/ms-office-2016\/","title":{"rendered":"Microsoft Office 2016 Professional Plus licence pour 3 PCs"},"content":{"rendered":"<p>Avec les programmes inclus, Microsoft Office 2016 Professional Plus r\u00e9pond \u00e0 toutes les exigences pos\u00e9es \u00e0 un logiciel de bureautique \u00e9tendu. Ainsi, qu'il s'agisse de cr\u00e9er des lettres types, de g\u00e9rer des chiffres commerciaux et des feuilles de calcul, de concevoir des pr\u00e9sentations. De m\u00eame, vous cr\u00e9ez des bases de donn\u00e9es ou organisez vos emails pour vos projets professionnels et priv\u00e9s, tout cela peut \u00eatre fait en un rien de temps avec les applications Office.<\/p>\n<h4><strong>Quels programmes sont inclus dans Office 2016 Professional Plus ?<\/strong><\/h4>\n<ul>\n<li><strong>Word 2016. <\/strong>Pour la cr\u00e9ation et l'\u00e9dition de vos textes et documents<\/li>\n<li><strong>Excel 2016.<\/strong> Pour le traitement des enregistrements de donn\u00e9es sous forme de tableaux<\/li>\n<li><strong>PowerPoint 2016.\u00a0 <\/strong>Pour la cr\u00e9ation de pr\u00e9sentations inspirantes<\/li>\n<li><strong>Outlook 2016.<\/strong>\u00a0 Pour g\u00e9rer vos courriels, vos contacts, vos horaires et vos t\u00e2ches.<\/li>\n<li><strong>OneNote 2016.<\/strong> Pour cr\u00e9er et g\u00e9rer vos notes<\/li>\n<li><strong>\u00c9diteur 2016.<\/strong>\u00a0 Pour cr\u00e9er facilement des publications d'aspect professionnel<\/li>\n<li><strong>Acc\u00e8s 2016.<\/strong>\u00a0 Pour la cr\u00e9ation de bases de donn\u00e9es avec acc\u00e8s \u00e0 l'internet<\/li>\n<li><strong>Skype pour les entreprises.\u00a0 <\/strong>Pour augmenter la productivit\u00e9 gr\u00e2ce \u00e0 la messagerie instantan\u00e9e et \u00e0 la communication facile<\/li>\n<\/ul>\n<h4><strong>Nouvelles fonctionnalit\u00e9s de Office 2016 Professional Plus<\/strong><\/h4>\n<ul>\n<li>Recherche \"Insights\" directement \u00e0 partir de vos documents. Ainsi, vous pouvez obtenir des informations pertinentes sur Internet et les int\u00e9grer dans vos documents ou pr\u00e9sentations. Un lien vers Bing permet d'obtenir des r\u00e9sultats de recherche rapides<\/li>\n<li>\u00a0Assistant de recherche \"Tell Me\". Vous constaterez alors que chaque programme fonctionne plus rapidement.<\/li>\n<li>Excel, dot\u00e9 d'une fonction de remplissage automatique, d\u00e9tecte le mod\u00e8le et remplit automatiquement vos coordonn\u00e9es. Vous pouvez \u00e9galement pr\u00e9voir facilement les s\u00e9ries de donn\u00e9es et les formes pour les tendances futures.<\/li>\n<li>Utilisez l'option d'impression de photos en ligne int\u00e9gr\u00e9e dans Publisher. Ainsi, vous gagnez du temps et garantissez des r\u00e9sultats professionnels.<\/li>\n<li>PowerPoint offre la possibilit\u00e9 de partager des pr\u00e9sentations via le web. Vous n'avez pas besoin d'installer PowerPoint pour pouvoir les voir.<\/li>\n<li>Activez les fonds d'\u00e9cran \"Black Theme\". Cela permet d'obtenir un travail agr\u00e9able \u00e0 l'\u0153il.<\/li>\n<li>Utilisez \u00e9galement OneDrive avec 5 Go de stockage gratuit dans le nuage. Vous pouvez donc travailler en \u00e9quipe avec des r\u00e9seaux en temps r\u00e9el via.<\/li>\n<\/ul>\n<p>&nbsp;<\/p>\n<h3><strong>Points importants concernant cette version de Microsoft Office<\/strong><\/h3>\n<p>En d'autres termes, l'interface utilisateur intuitive de Microsoft Office Professional Plus 2016 permet une navigation rapide dans les programmes. Ainsi, le ruban r\u00e9vis\u00e9 permet de trouver rapidement les nouvelles fonctions. Mais si jamais vous d\u00e9cidez de descendre, l'assistant de recherche \"Tell Me\" vous aidera \u00e0 localiser la fonction souhait\u00e9e et \u00e0 les utiliser efficacement. Vous vous habituerez rapidement aux diff\u00e9rents programmes et les utiliserez de mani\u00e8re optimale pour votre travail.<\/p>\n<p>En conclusion, en int\u00e9grant Skype for Business, vous restez toujours en contact avec vos employ\u00e9s et vos coll\u00e8gues. Ainsi, microsoft Office Professional Plus 2016 offre une nouvelle opportunit\u00e9 dans le domaine de la messagerie instantan\u00e9e, de la vid\u00e9oconf\u00e9rence et de la t\u00e9l\u00e9phonie IP. Apr\u00e8s cela, l'\u00e9change d'informations, de clarifier et de poser des questions sur les projets. En utilisant le service cloud OneDrive simplifie \u00e9galement l'\u00e9change de donn\u00e9es. Travaillez ensemble pour le succ\u00e8s de votre entreprise et restez flexible. De m\u00eame, votre lieu de travail se trouve d\u00e9sormais \u00e0 tous les endroits. Le design et l'interface utilisateur de Office 2016 Professional Plus sont bas\u00e9s sur Windows 10. Les deux programmes sont parfaitement adapt\u00e9s l'un \u00e0 l'autre. Optimis\u00e9 pour les appareils tactiles, vous pouvez travailler de mani\u00e8re flexible. Soyez cr\u00e9atif partout avec Office Professional Plus 2016 et augmentez la productivit\u00e9 de votre entreprise.<\/p>\n<h5><strong>Configuration requise :<\/strong><\/h5>\n<ul>\n<li>Processeur \u00e0 2 c\u0153urs, 1,4 GHz<\/li>\n<li>Windows 7 SP1, Windows 8, Windows 10<\/li>\n<li>1 GB (32bit), 2 GB (64bit) RAM<\/li>\n<li>3 Go d'espace disponible sur le disque dur<\/li>\n<li>Carte graphique DirectX 9 pour l'utilisation de l'acc\u00e9l\u00e9ration mat\u00e9rielle graphique<\/li>\n<\/ul>","protected":false},"excerpt":{"rendered":"<h3>Office 2016 Professionnel<\/h3>\n<p>Avec les programmes inclus, Microsoft Office 2016 Professional Plus r\u00e9pond \u00e0 toutes les exigences pos\u00e9es \u00e0 un logiciel de bureautique \u00e9tendu. Qu'il s'agisse de cr\u00e9er des lettres types, de g\u00e9rer des chiffres commerciaux et des feuilles de calcul, de concevoir des pr\u00e9sentations, de cr\u00e9er des bases de donn\u00e9es ou d'organiser vos e-mails pour vos projets professionnels et priv\u00e9s, tout peut \u00eatre fait en un rien de temps avec les applications Office....<\/p>\n<p><span style=\"font-size: 14pt;\"><strong>\u00a0 \u00a0 \u00a0 \u00a0 \u00a0 \u00a0 Note :<\/strong><\/span><\/p>\n<ul>\n<li style=\"list-style-type: none;\">\n<ul>\n<li><span style=\"font-size: 12pt;\"><strong>Office 2016 Professional Plus est uniquement compatible avec Windows 10 et 11.<\/strong><\/span><\/li>\n<li><span style=\"font-size: 12pt;\"><strong>Office 2016 Professional Plus n'est PAS compatible avec les syst\u00e8mes d'exploitation d'Apple (MacOS, iPadOS, iOS), les Chromebook<\/strong><\/span><\/li>\n<\/ul>\n<\/li>\n<\/ul>","protected":false},"featured_media":115828,"comment_status":"open","ping_status":"closed","template":"","meta":{"_acf_changed":false},"product_brand":[],"product_cat":[40,65],"product_tag":[51,47],"class_list":{"0":"post-361","1":"product","2":"type-product","3":"status-publish","4":"has-post-thumbnail","6":"product_cat-msoffice","7":"product_cat-popular","8":"product_tag-ms-office","9":"product_tag-ms-office-2016","11":"first","12":"instock","13":"sale","14":"virtual","15":"taxable","16":"purchasable","17":"product-type-simple"},"acf":[],"_links":{"self":[{"href":"https:\/\/keyshop.windowsandoffice.com\/fr\/wp-json\/wp\/v2\/product\/361","targetHints":{"allow":["GET"]}}],"collection":[{"href":"https:\/\/keyshop.windowsandoffice.com\/fr\/wp-json\/wp\/v2\/product"}],"about":[{"href":"https:\/\/keyshop.windowsandoffice.com\/fr\/wp-json\/wp\/v2\/types\/product"}],"replies":[{"embeddable":true,"href":"https:\/\/keyshop.windowsandoffice.com\/fr\/wp-json\/wp\/v2\/comments?post=361"}],"wp:featuredmedia":[{"embeddable":true,"href":"https:\/\/keyshop.windowsandoffice.com\/fr\/wp-json\/wp\/v2\/media\/115828"}],"wp:attachment":[{"href":"https:\/\/keyshop.windowsandoffice.com\/fr\/wp-json\/wp\/v2\/media?parent=361"}],"wp:term":[{"taxonomy":"product_brand","embeddable":true,"href":"https:\/\/keyshop.windowsandoffice.com\/fr\/wp-json\/wp\/v2\/product_brand?post=361"},{"taxonomy":"product_cat","embeddable":true,"href":"https:\/\/keyshop.windowsandoffice.com\/fr\/wp-json\/wp\/v2\/product_cat?post=361"},{"taxonomy":"product_tag","embeddable":true,"href":"https:\/\/keyshop.windowsandoffice.com\/fr\/wp-json\/wp\/v2\/product_tag?post=361"}],"curies":[{"name":"wp","href":"https:\/\/api.w.org\/{rel}","templated":true}]}}