{"id":336,"date":"2020-11-02T10:33:51","date_gmt":"2020-11-02T08:33:51","guid":{"rendered":"http:\/\/keyshop.windowsandoffice.com\/?post_type=product&#038;p=336"},"modified":"2026-04-17T03:03:42","modified_gmt":"2026-04-17T01:03:42","slug":"office-2019-professional-plus","status":"publish","type":"product","link":"https:\/\/keyshop.windowsandoffice.com\/fr\/produit\/office-2019-professional-plus\/","title":{"rendered":"Licence Microsoft Office 2019 Professional Plus pour 3 PC"},"content":{"rendered":"<h3>Office 2019 Professional Plus<\/h3>\n<p>Avec Office 2019 Professional Plus, vous recevez la solution bureautique la plus moderne de Microsoft. Ainsi, en plus des applications traditionnelles, vous avez automatiquement acc\u00e8s aux applications bas\u00e9es sur le navigateur. Par exemple Skype for Business. Ainsi, vous travaillerez plus efficacement en groupe, avec une communication simplifi\u00e9e.<\/p>\n<p>Dans Office 2019, vous trouverez de nouveaux types de donn\u00e9es. Par exemple, des outils et des fonctions d'encrage. D'autres outils de traduction et d'\u00e9dition. Et aussi, des graphiques de mouvement. Il dispose donc de fonctionnalit\u00e9s conviviales.<\/p>\n<p>Toutes les versions font l'objet d'un paiement unique. Elles comprennent une installation unique sur PC. Bien que Office Professional 2019 ne soit disponible que pour Windows.<\/p>\n<p>Pour vous donner une id\u00e9e, Office 2019 est un produit qui offre toutes les fonctionnalit\u00e9s hors ligne. La m\u00eame chose est maintenant offerte par la suite Office 365. Cependant, elle ne continuera plus \u00e0 \u00eatre mise \u00e0 jour pour impl\u00e9menter de nouvelles fonctionnalit\u00e9s ou de nouvelles caract\u00e9ristiques. Vous ne recevrez que des mises \u00e0 jour de s\u00e9curit\u00e9.<\/p>\n<p>La philosophie de Microsoft est d'offrir une solution aux utilisateurs qui n'ont pas acc\u00e8s au cloud. Cela ne signifie pas pour autant qu'elle limite l'acc\u00e8s aux services ajout\u00e9s tels que OneDrive ou Skype.<\/p>\n<p>Par cons\u00e9quent, en r\u00e9sum\u00e9, lorsque vous achetez Office 2019, vous investissez dans les fonctions dont dispose actuellement Office 365. Les mises \u00e0 jour de ce logiciel arrivent dans la prochaine version que vous pourrez acheter avec une remise sp\u00e9ciale dans notre magasin au moment de son lancement.<br \/>\nCependant, Office 2019 est un outil tr\u00e8s utile pour ceux qui souhaitent disposer d'une suite bureautique compl\u00e8te et actualis\u00e9e.<\/p>\n<h4>Les nouveaut\u00e9s de Office 2019 Professional Plus<\/h4>\n<p>Vous trouverez ci-dessous la liste compl\u00e8te des nouvelles pour chaque application :<br \/>\nQuoi de neuf dans <a href=\"https:\/\/keyshop.windowsandoffice.com\/fr\/produit\/ms-office-2019\/\">Word 2019<\/a><\/p>\n<ul>\n<li><strong>Th\u00e8me sombre. <\/strong>Microsoft s'inscrit dans la tendance en proposant une version sombre de l'interface.<\/li>\n<li><strong>Outils d'apprentissage<\/strong>. Utilisez des sous-titres audio et des descriptions pour enseigner comment utiliser certaines des fonctionnalit\u00e9s de l'application.<\/li>\n<li><strong>Synth\u00e8se vocale<\/strong>. Vous pouvez dicter Word avec votre microphone et l'application transcrira ce que vous dites.<\/li>\n<li><strong>Am\u00e9lioration des crayons en mode dessin<\/strong>. Si vous avez un \u00e9cran tactile, vous avez maintenant plus d'options pour dessiner.<\/li>\n<li><strong>Mode de mise au point<\/strong>. Une nouvelle fa\u00e7on d'afficher le texte pour une lecture ininterrompue.<\/li>\n<li><strong>Am\u00e9lioration de l'accessibilit\u00e9.<\/strong><\/li>\n<\/ul>\n<h4>Tout ce dont vous avez besoin en un seul coup d'\u0153il :<\/h4>\n<ul>\n<li><a href=\"https:\/\/keyshop.windowsandoffice.com\/fr\/produit\/ms-office-2019\/\"><strong>Word 2019<\/strong><\/a>. Pour cr\u00e9er et \u00e9diter des textes et des documents.<\/li>\n<li><strong>Excel 2019.<\/strong> pour traiter les enregistrements de donn\u00e9es sous forme de tableaux.<\/li>\n<li><strong>PowerPoint 2019.<\/strong> pour cr\u00e9er des pr\u00e9sentations inspirantes.<\/li>\n<li><strong>Perspectives 2019.<\/strong> Permet de g\u00e9rer les courriels, les contacts, les horaires et les t\u00e2ches.<\/li>\n<li><strong>\u00c9diteur 2019.<\/strong> pour cr\u00e9er facilement des publications de qualit\u00e9 professionnelle.<\/li>\n<li><strong>Acc\u00e8s 2019.<\/strong> pour la cr\u00e9ation de bases de donn\u00e9es avec acc\u00e8s \u00e0 Internet.<\/li>\n<li><strong>Lync 2019.<\/strong> (Skype for Business) : Messagerie instantan\u00e9e. Travail collaboratif et communication. Vid\u00e9o-conf\u00e9rence HD.<\/li>\n<li><strong>Applications web.<\/strong> (Word, Excel, PowerPoint).<\/li>\n<\/ul>\n<p>OneNote ne fait plus partie de la suite Office. Cependant, il est d\u00e9j\u00e0 inclus dans le syst\u00e8me d'exploitation Windows 10.<strong> En conclusion, les versions ant\u00e9rieures de Windows ne sont pas prises en charge.<\/strong><\/p>\n<h4>Travail en \u00e9quipe Office 2019 Professional Plus<\/h4>\n<p>Microsoft Office donne la priorit\u00e9 au travail en \u00e9quipe, c'est pourquoi la suite comporte d'importantes am\u00e9liorations et innovations en mati\u00e8re d'acc\u00e8s au cloud. En d'autres termes, les membres d'un groupe peuvent travailler sur un document en m\u00eame temps. Cette option est donc disponible pour tous les composants de Microsoft Office, de Word \u00e0 Excel et de PowerPoint \u00e0 OneNote. Les fichiers doivent \u00eatre enregistr\u00e9s sur SharePoint Online, OneDrive ou OneDrive for Business et partag\u00e9s avec les membres du groupe. Ainsi, le partage des fichiers est tr\u00e8s simple gr\u00e2ce \u00e0 un bouton dans le programme.<\/p>\n<p>En outre, Skype for Business est un autre outil de la suite Office 2019 Pro Plus qui favorise la collaboration. Les utilisateurs peuvent voir d'un coup d'\u0153il le statut en ligne des membres de l'\u00e9quipe et peuvent lancer un chat. De la m\u00eame mani\u00e8re, on peut faire un appel internet. Donc, une conversation de groupe ou une transmission vid\u00e9o si n\u00e9cessaire.<\/p>\n<h4>Utilisez votre temps plus efficacement gr\u00e2ce \u00e0 un programme de courrier intelligent<\/h4>\n<p>Microsoft Outlook 2019 int\u00e8gre d\u00e9sormais la fonctionnalit\u00e9 \" d\u00e9sordre \". En d'autres termes, elle vous permet de d\u00e9tecter les emails non pertinents. Ceux-ci sont imm\u00e9diatement class\u00e9s. Par cons\u00e9quent, votre bo\u00eete de r\u00e9ception aura l'air plus propre et plus claire. Pour que vous puissiez vous concentrer sur les t\u00e2ches vraiment importantes.<\/p>\n<h4>Une s\u00e9curit\u00e9 accrue pour votre bureau num\u00e9rique<\/h4>\n<p>Une autre innovation est le renforcement de la s\u00e9curit\u00e9 gr\u00e2ce \u00e0 la \"pr\u00e9vention des pertes de donn\u00e9es\". Ainsi, il est d\u00e9sormais plus facile de contr\u00f4ler les informations au sein des programmes. Vous pouvez l'int\u00e9grer et la transmettre dans des documents. Les administrateurs ont \u00e9galement la possibilit\u00e9 de bloquer ou de restreindre l'acc\u00e8s \u00e0 certaines donn\u00e9es. De plus, les utilisateurs sont conscients du risque de perte de donn\u00e9es gr\u00e2ce \u00e0 des notifications de risques potentiels. Gr\u00e2ce aux services en nuage comme OneDrive. Par cons\u00e9quent, vos donn\u00e9es ne sont pas perdues m\u00eame si un serveur ou un appareil tombe en panne. En conclusion, vous pouvez facilement acc\u00e9der \u00e0 vos fichiers et les modifier de n'importe o\u00f9 dans le monde.<\/p>\n<p>Il s'adapte parfaitement \u00e0 Windows 10 pro ou home. Nous garantissons une comptabilit\u00e9 compl\u00e8te.<\/p>\n<h4>Configuration requise :<br \/>\n<\/h4>\n<ul>\n<li>1,6 GHz, processeur \u00e0 2 c\u0153urs.<\/li>\n<li>Syst\u00e8me d'exploitation Windows 10.<\/li>\n<li>2 GB (32bit), 4 GB (64bit) RAM.<\/li>\n<li>4 Go d'espace disponible sur le disque dur.<\/li>\n<li>Carte graphique DirectX 10 pour l'utilisation de l'acc\u00e9l\u00e9ration mat\u00e9rielle des graphiques.<\/li>\n<\/ul>\n<h4>Soutien :<\/h4>\n<p>Pour toute autre question, n'h\u00e9sitez pas \u00e0 nous contacter. <a href=\"mailto:keyshop@dl-winandoffice.com\">par e-mail<\/a>. De la m\u00eame mani\u00e8re, notre service client\u00e8le est disponible 7 jours sur 7, 24 heures sur 24. Vous b\u00e9n\u00e9ficiez donc d'une assistance imm\u00e9diate.<\/p>\n<p>D'autre part, nous assurons la disponibilit\u00e9 de tous nos produits. Par cons\u00e9quent, vous recevrez votre commande en un temps record.<\/p>\n<p>Notre entreprise a plus de 10 ans d'exp\u00e9rience dans le domaine. Cela signifie que nous fournissons un service professionnel en fonction de vos besoins. N'h\u00e9sitez donc pas \u00e0 faire partie de notre r\u00e9seau mondial de clients satisfaits.<\/p>\n<p>Si vous voulez voir nos nouvelles<strong>, <a href=\"https:\/\/news.dl-winandoffice.com\/en\/\" target=\"_blank\" rel=\"noopener noreferrer nofollow\">cliquez ici<\/a><\/strong><\/p>","protected":false},"excerpt":{"rendered":"<p>Avec Office 2019 Professional Plus, vous recevez la solution bureautique la plus moderne de Microsoft. Ainsi, en plus des applications traditionnelles, vous avez automatiquement acc\u00e8s aux applications bas\u00e9es sur le navigateur. Par exemple Skype for Business. Ainsi, vous travaillerez plus efficacement en groupe, avec une communication simplifi\u00e9e.<\/p>\n<p><strong>Note :<\/strong><\/p>\n<ul>\n<li><strong>Office 2019 Professional Plus est uniquement compatible avec Windows 10 et 11.<\/strong><\/li>\n<\/ul>\n<ul>\n<li><strong>Office 2019 Professional Plus n'est PAS compatible avec les syst\u00e8mes d'exploitation Apple (MacOS, iPadOS, iOS), les Chromebooks<\/strong><\/li>\n<\/ul>","protected":false},"featured_media":115821,"comment_status":"open","ping_status":"closed","template":"","meta":{"_acf_changed":false},"product_brand":[],"product_cat":[40,65],"product_tag":[49,51,50],"class_list":{"0":"post-336","1":"product","2":"type-product","3":"status-publish","4":"has-post-thumbnail","6":"product_cat-msoffice","7":"product_cat-popular","8":"product_tag-excellence","9":"product_tag-ms-office","10":"product_tag-security","12":"first","13":"instock","14":"sale","15":"virtual","16":"taxable","17":"purchasable","18":"product-type-simple"},"acf":[],"_links":{"self":[{"href":"https:\/\/keyshop.windowsandoffice.com\/fr\/wp-json\/wp\/v2\/product\/336","targetHints":{"allow":["GET"]}}],"collection":[{"href":"https:\/\/keyshop.windowsandoffice.com\/fr\/wp-json\/wp\/v2\/product"}],"about":[{"href":"https:\/\/keyshop.windowsandoffice.com\/fr\/wp-json\/wp\/v2\/types\/product"}],"replies":[{"embeddable":true,"href":"https:\/\/keyshop.windowsandoffice.com\/fr\/wp-json\/wp\/v2\/comments?post=336"}],"wp:featuredmedia":[{"embeddable":true,"href":"https:\/\/keyshop.windowsandoffice.com\/fr\/wp-json\/wp\/v2\/media\/115821"}],"wp:attachment":[{"href":"https:\/\/keyshop.windowsandoffice.com\/fr\/wp-json\/wp\/v2\/media?parent=336"}],"wp:term":[{"taxonomy":"product_brand","embeddable":true,"href":"https:\/\/keyshop.windowsandoffice.com\/fr\/wp-json\/wp\/v2\/product_brand?post=336"},{"taxonomy":"product_cat","embeddable":true,"href":"https:\/\/keyshop.windowsandoffice.com\/fr\/wp-json\/wp\/v2\/product_cat?post=336"},{"taxonomy":"product_tag","embeddable":true,"href":"https:\/\/keyshop.windowsandoffice.com\/fr\/wp-json\/wp\/v2\/product_tag?post=336"}],"curies":[{"name":"wp","href":"https:\/\/api.w.org\/{rel}","templated":true}]}}