{"id":330,"date":"2020-02-02T10:19:18","date_gmt":"2020-02-02T08:19:18","guid":{"rendered":"http:\/\/keyshop.windowsandoffice.com\/?post_type=product&#038;p=330"},"modified":"2026-01-13T20:19:39","modified_gmt":"2026-01-13T19:19:39","slug":"windows-8-1","status":"publish","type":"product","link":"https:\/\/keyshop.windowsandoffice.com\/fr\/produit\/windows-8-1\/","title":{"rendered":"Microsoft Windows 8.1 Professional license for 3 PCs"},"content":{"rendered":"<h4>Windows 8.1 Professionnel<\/h4>\n<p>Est la version am\u00e9lior\u00e9e de Windows 8 et a \u00e9t\u00e9 sp\u00e9cifiquement optimis\u00e9e pour les \u00e9crans tactiles.  Le syst\u00e8me d'exploitation est compatible avec les tablettes et les ordinateurs de poche, et il peut \u00e9galement fonctionner avec une souris et un clavier. Microsoft Windows 8.1 Professional assiste ses utilisateurs avec une interface redessin\u00e9e, un syst\u00e8me optimis\u00e9 ainsi que de nouvelles fonctions et programmes dans une mesure parfaite.<\/p>\n<p>En tant qu'extension de Windows 8 Professional, les utilisateurs professionnels et les petites entreprises trouveront dans cette version un outil am\u00e9lior\u00e9. Le design de l'interface de Microsoft Windows 8.1 Professional est convivial pour une utilisation avec des \u00e9crans tactiles. Gr\u00e2ce au format tuile, l'utilisateur a toujours une vue d'ensemble des applications et documents les plus importants et peut donc y acc\u00e9der rapidement. De mani\u00e8re g\u00e9n\u00e9rale, le syst\u00e8me d'exploitation Windows 8.1 Professional a \u00e9t\u00e9 optimis\u00e9 pour acc\u00e9l\u00e9rer la copie des fichiers et l'ex\u00e9cution des op\u00e9rations syst\u00e8me. Ainsi, tous les appareils disposent d'un syst\u00e8me d'exploitation fonctionnel et puissant qui inspire non seulement de nouvelles fonctionnalit\u00e9s et des changements de design, mais aussi une augmentation des performances.<\/p>\n<p>Avec Microsoft Windows 8.1 Professional, par rapport \u00e0 ses pr\u00e9d\u00e9cesseurs, certaines optimisations optiques et d'ing\u00e9nierie syst\u00e8me ont \u00e9t\u00e9 mises en \u0153uvre. La diff\u00e9rence la plus frappante est la possibilit\u00e9 d'avoir le bureau en mosa\u00efque ou en mode classique. De m\u00eame, le menu de d\u00e9marrage du syst\u00e8me d'exploitation Windows 8.1 Professional fonctionne avec le bouton droit de la souris, comme pour Windows 7.<\/p>\n<p>Si vous voulez le dernier SO de Microsoft, recherchez <a href=\"https:\/\/keyshop.windowsandoffice.com\/fr\/produit\/windows-10-pro\/\">Windows 10 Professionnel<\/a>.<\/p>\n<h4><strong>Configuration requise :<\/strong><\/h4>\n<ul>\n<li>Processeur 1 GHz ou plus rapide<\/li>\n<li>1 GB de RAM pour 32-bit ; 2 GB pour 64-bit<\/li>\n<li>20 Go d'espace libre sur le disque dur<\/li>\n<li>Carte graphique avec DirectX 9 et pilote WDDM<\/li>\n<\/ul>\n<h4><strong>Soutien :<\/strong><\/h4>\n<p>Pour toute question, n'h\u00e9sitez pas \u00e0 nous contacter. <a href=\"mailto:keyshop@dl-winandoffice.com\">par e-mail<\/a>. Notre service client\u00e8le est disponible 7 jours sur 7, 24 heures sur 24. Vous b\u00e9n\u00e9ficiez donc d'une assistance imm\u00e9diate.<\/p>\n<p>D'autre part, nous assurons la disponibilit\u00e9 de tous nos produits. Par cons\u00e9quent, vous recevrez votre commande en un temps record.<\/p>\n<p>Notre entreprise a plus de 10 ans d'exp\u00e9rience dans le domaine. Cela signifie que nous fournissons un service professionnel en fonction de vos besoins. N'h\u00e9sitez donc pas \u00e0 faire partie de notre r\u00e9seau mondial de clients satisfaits.<\/p>\n<p>Ainsi, si vous voulez voir nos nouvelles<strong>, <a href=\"https:\/\/news.dl-winandoffice.com\/en\/\" target=\"_blank\" rel=\"noopener noreferrer nofollow\">cliquez ici<\/a><\/strong><\/p>\n<p>&nbsp;<\/p>","protected":false},"excerpt":{"rendered":"<p>Windows 8.1 Professional est la version am\u00e9lior\u00e9e de Windows 8 et a \u00e9t\u00e9 sp\u00e9cialement optimis\u00e9e pour les \u00e9crans tactiles.  Le syst\u00e8me d'exploitation n'est pas seulement compatible avec les tablettes et les ordinateurs de poche, mais peut \u00e9galement \u00eatre utilis\u00e9 comme d'habitude avec une souris et un clavier. Microsoft Windows 8.1 Professional soutient ses utilisateurs avec une interface remani\u00e9e, un syst\u00e8me optimis\u00e9 ainsi que de nouvelles fonctions et de nouveaux programmes dans une mesure parfaite.<\/p>","protected":false},"featured_media":734,"comment_status":"open","ping_status":"closed","template":"","meta":{"_acf_changed":false},"product_brand":[],"product_cat":[41],"product_tag":[52],"class_list":{"0":"post-330","1":"product","2":"type-product","3":"status-publish","4":"has-post-thumbnail","6":"product_cat-windows-desktop","7":"product_tag-windows","9":"first","10":"instock","11":"sale","12":"virtual","13":"taxable","14":"purchasable","15":"product-type-simple"},"acf":[],"_links":{"self":[{"href":"https:\/\/keyshop.windowsandoffice.com\/fr\/wp-json\/wp\/v2\/product\/330","targetHints":{"allow":["GET"]}}],"collection":[{"href":"https:\/\/keyshop.windowsandoffice.com\/fr\/wp-json\/wp\/v2\/product"}],"about":[{"href":"https:\/\/keyshop.windowsandoffice.com\/fr\/wp-json\/wp\/v2\/types\/product"}],"replies":[{"embeddable":true,"href":"https:\/\/keyshop.windowsandoffice.com\/fr\/wp-json\/wp\/v2\/comments?post=330"}],"wp:featuredmedia":[{"embeddable":true,"href":"https:\/\/keyshop.windowsandoffice.com\/fr\/wp-json\/wp\/v2\/media\/734"}],"wp:attachment":[{"href":"https:\/\/keyshop.windowsandoffice.com\/fr\/wp-json\/wp\/v2\/media?parent=330"}],"wp:term":[{"taxonomy":"product_brand","embeddable":true,"href":"https:\/\/keyshop.windowsandoffice.com\/fr\/wp-json\/wp\/v2\/product_brand?post=330"},{"taxonomy":"product_cat","embeddable":true,"href":"https:\/\/keyshop.windowsandoffice.com\/fr\/wp-json\/wp\/v2\/product_cat?post=330"},{"taxonomy":"product_tag","embeddable":true,"href":"https:\/\/keyshop.windowsandoffice.com\/fr\/wp-json\/wp\/v2\/product_tag?post=330"}],"curies":[{"name":"wp","href":"https:\/\/api.w.org\/{rel}","templated":true}]}}