{"id":229,"date":"2020-11-22T09:53:38","date_gmt":"2020-11-22T05:53:38","guid":{"rendered":"http:\/\/keyshop.windowsandoffice.com\/?post_type=product&#038;p=229"},"modified":"2026-01-13T20:50:00","modified_gmt":"2026-01-13T19:50:00","slug":"windows-10-home","status":"publish","type":"product","link":"https:\/\/keyshop.windowsandoffice.com\/fr\/produit\/windows-10-home\/","title":{"rendered":"Microsoft Windows 10 Home"},"content":{"rendered":"<h2 style=\"text-align: left;\">Windows 10 Accueil<\/h2>\n<p>Tout d'abord, avec Windows 10 Home au c\u0153ur de votre ordinateur, vous pouvez tout faire.<\/p>\n<ul>\n<li>Les fonctions de s\u00e9curit\u00e9 int\u00e9gr\u00e9es comprennent un antivirus, un pare-feu et des protections Internet.<\/li>\n<li>Choisissez de scanner votre visage ou votre empreinte digitale avec Windows Hello pour un moyen rapide, s\u00fbr et sans mot de passe de d\u00e9verrouiller votre syst\u00e8me.<\/li>\n<li>L'assistant de mise au point vous permet de bloquer les notifications, les sons et les alertes pour travailler sans distraction.<\/li>\n<li>Votre timeline offre un moyen rapide et facile de faire d\u00e9filer vos documents, applications et sites web les plus r\u00e9cents.<\/li>\n<li>Microsoft Photos est un moyen simple d'organiser, de rechercher, de modifier et de partager vos photos et vos vid\u00e9os.<\/li>\n<li>Diffusez instantan\u00e9ment le jeu en direct, effectuez des enregistrements d'\u00e9cran et contr\u00f4lez les param\u00e8tres audio individuels avec la barre de jeu.<\/li>\n<\/ul>\n<p>En d'autres termes, vous b\u00e9n\u00e9ficiez de lancements de syst\u00e8me plus rapides, d'un menu de d\u00e9marrage familier mais am\u00e9lior\u00e9, et de nouvelles fa\u00e7ons d'accomplir vos t\u00e2ches rapidement. Ainsi, vous obtiendrez \u00e9galement de nouvelles fonctionnalit\u00e9s comme un tout nouveau navigateur pour une exp\u00e9rience Web am\u00e9lior\u00e9e et votre assistant num\u00e9rique personnel Cortana. De m\u00eame, Cortana vous suit sur tous vos appareils Windows 10 et vous aide \u00e0 accomplir vos t\u00e2ches. Elle en apprend de plus en plus sur vous au fil du temps et peut mieux vous accompagner au quotidien.<\/p>\n<p>Pour cette raison, <strong>Windows 10 Accueil<\/strong> vous assiste de mani\u00e8re optimale dans tout ce que vous faites. Gardez la trace des choses en ancrant simplement les apps et en optimisant le partage d'\u00e9cran pour un travail plus productif. De m\u00eame, ancrez jusqu'\u00e0 quatre apps \u00e0 la fois et cr\u00e9ez des bureaux virtuels si vous avez besoin de plus d'espace ou si vous souhaitez regrouper du contenu pour un projet, comme des apps de bureau pour le travail et des jeux pour les loisirs. Les Live Tiles fournissent des flux actualis\u00e9s de votre contenu le plus important en temps r\u00e9el.<\/p>\n<p>Ainsi,<strong> Windows 10<\/strong> est compatible avec le mat\u00e9riel, les logiciels et les p\u00e9riph\u00e9riques que vous utilisez d\u00e9j\u00e0. De plus, vous maintenez votre syst\u00e8me \u00e0 jour en termes de fonctionnalit\u00e9s et de s\u00e9curit\u00e9 tout au long de la dur\u00e9e de vie de votre appareil.<\/p>\n<h4><a href=\"https:\/\/keyshop.windowsandoffice.com\/fr\/produit\/office-2019-professional-plus\/\">Fonctionne tr\u00e8s bien avec Office 2019 Professional Plus<\/a><\/h4>\n<h4><strong>Configuration requise :<br \/>\n<\/strong><\/h4>\n<ul>\n<li>Processeur de 1 GHz.<\/li>\n<li>1 GB (32bit), 2 GB (64bit) RAM.<\/li>\n<li>20 Go d'espace disponible sur le disque dur.<\/li>\n<li>Carte graphique DirectX 9 avec pilote WDDM.<\/li>\n<\/ul>\n<h4><strong>Soutien :<\/strong><\/h4>\n<p>Conclusion, pour toute question ult\u00e9rieure, n'h\u00e9sitez pas \u00e0 nous contacter. <a href=\"mailto:keyshop@dl-winandoffice.com\">par e-mail<\/a>. Notre service client\u00e8le est disponible 7 jours sur 7, 24 heures sur 24. Vous b\u00e9n\u00e9ficiez donc d'une assistance imm\u00e9diate.<\/p>\n<p>D'autre part, nous assurons la disponibilit\u00e9 de tous nos produits. Par cons\u00e9quent, vous recevrez votre commande en un temps record.<\/p>\n<p>Notre entreprise a plus de 10 ans d'exp\u00e9rience dans le domaine. Cela signifie que nous fournissons un service professionnel en fonction de vos besoins. N'h\u00e9sitez donc pas \u00e0 faire partie de notre r\u00e9seau mondial de clients satisfaits.<\/p>\n<p>&nbsp;<\/p>\n<p>Si vous voulez voir nos nouvelles<strong>, <a href=\"https:\/\/news.dl-winandoffice.com\/en\/\" target=\"_blank\" rel=\"noopener noreferrer nofollow\">cliquez ici<\/a><\/strong><\/p>","protected":false},"excerpt":{"rendered":"<p>Avec Windows 10 Home au c\u0153ur de votre ordinateur, vous pouvez tout faire.<\/p>\n<ul>\n<li>Les fonctions de s\u00e9curit\u00e9 int\u00e9gr\u00e9es comprennent un antivirus, un pare-feu et des protections Internet.<\/li>\n<li>Choisissez de scanner votre visage ou votre empreinte digitale avec Windows Hello pour un moyen rapide, s\u00fbr et sans mot de passe de d\u00e9verrouiller votre syst\u00e8me.<\/li>\n<li>L'assistant de mise au point vous permet de bloquer les notifications, les sons et les alertes pour travailler sans distraction.<\/li>\n<li>Votre timeline permet de faire d\u00e9filer rapidement et facilement vos documents, applications et sites web les plus r\u00e9cents.<\/li>\n<li>Microsoft Photos est un moyen simple d'organiser, de rechercher, de modifier et de partager vos photos et vid\u00e9os.<\/li>\n<li>Diffusez instantan\u00e9ment le jeu en direct, effectuez des enregistrements d'\u00e9cran et contr\u00f4lez les param\u00e8tres audio individuels avec la barre de jeu.<\/li>\n<\/ul>","protected":false},"featured_media":115826,"comment_status":"open","ping_status":"closed","template":"","meta":{"_acf_changed":false},"product_brand":[],"product_cat":[65,41],"product_tag":[44],"class_list":{"0":"post-229","1":"product","2":"type-product","3":"status-publish","4":"has-post-thumbnail","6":"product_cat-popular","7":"product_cat-windows-desktop","8":"product_tag-windows-10-pro","10":"first","11":"instock","12":"sale","13":"virtual","14":"taxable","15":"purchasable","16":"product-type-simple"},"acf":[],"_links":{"self":[{"href":"https:\/\/keyshop.windowsandoffice.com\/fr\/wp-json\/wp\/v2\/product\/229","targetHints":{"allow":["GET"]}}],"collection":[{"href":"https:\/\/keyshop.windowsandoffice.com\/fr\/wp-json\/wp\/v2\/product"}],"about":[{"href":"https:\/\/keyshop.windowsandoffice.com\/fr\/wp-json\/wp\/v2\/types\/product"}],"replies":[{"embeddable":true,"href":"https:\/\/keyshop.windowsandoffice.com\/fr\/wp-json\/wp\/v2\/comments?post=229"}],"wp:featuredmedia":[{"embeddable":true,"href":"https:\/\/keyshop.windowsandoffice.com\/fr\/wp-json\/wp\/v2\/media\/115826"}],"wp:attachment":[{"href":"https:\/\/keyshop.windowsandoffice.com\/fr\/wp-json\/wp\/v2\/media?parent=229"}],"wp:term":[{"taxonomy":"product_brand","embeddable":true,"href":"https:\/\/keyshop.windowsandoffice.com\/fr\/wp-json\/wp\/v2\/product_brand?post=229"},{"taxonomy":"product_cat","embeddable":true,"href":"https:\/\/keyshop.windowsandoffice.com\/fr\/wp-json\/wp\/v2\/product_cat?post=229"},{"taxonomy":"product_tag","embeddable":true,"href":"https:\/\/keyshop.windowsandoffice.com\/fr\/wp-json\/wp\/v2\/product_tag?post=229"}],"curies":[{"name":"wp","href":"https:\/\/api.w.org\/{rel}","templated":true}]}}