{"id":21978,"date":"2023-08-06T17:44:07","date_gmt":"2023-08-06T15:44:07","guid":{"rendered":"https:\/\/keyshop.windowsandoffice.com\/?post_type=product&#038;p=21978"},"modified":"2026-01-13T20:20:08","modified_gmt":"2026-01-13T19:20:08","slug":"microsoft-office-home-business-2016-mac","status":"publish","type":"product","link":"https:\/\/keyshop.windowsandoffice.com\/fr\/produit\/microsoft-office-home-business-2016-mac\/","title":{"rendered":"Microsoft Office Home &amp; Business 2016 MAC"},"content":{"rendered":"<div>\n<h4>Microsoft Office Home &amp; Business 2016 MAC<\/h4>\n<p>Office 2016 MAC est con\u00e7u pour vous aider \u00e0 travailler plus rapidement. Il offre de nouvelles fonctionnalit\u00e9s \u00e9tonnantes qui facilitent la communication, la cr\u00e9ation, la collaboration et le partage de votre travail. Office 2016 pour Mac est con\u00e7u pour tirer parti des derni\u00e8res fonctionnalit\u00e9s de Mac, notamment l'affichage r\u00e9tina, la prise en charge de l'affichage plein \u00e9cran et m\u00eame le rebond de d\u00e9filement.<\/p>\n<h4>CARACT\u00c9RISTIQUES<\/h4>\n<p>Microsoft Office 2016 MAC est le successeur de Microsoft Office 2011. Microsoft Office 2016 pour Mac est compatible avec OS X 10.10 Yosemite ou toute version ult\u00e9rieure de Mac OS X. Office 2016 pour MAC, comme ses pr\u00e9d\u00e9cesseurs, est disponible dans une vari\u00e9t\u00e9 de packages, chacun \u00e9tant adapt\u00e9 \u00e0 des besoins diff\u00e9rents. Que vous ayez besoin de Office pour un usage personnel ou professionnel, Microsoft a le package qu'il vous faut.<\/p>\n<\/div>","protected":false},"excerpt":{"rendered":"<ul>\n<li>\n<div class=\"woocommerce-product-details__short-description\">\n<ul>\n<li>Microsoft Office Home &amp; Business 2016 MAC<\/li>\n<li>Envoi par courrier \u00e9lectronique : cl\u00e9 de produit, instructions, liens de t\u00e9l\u00e9chargement, facture<\/li>\n<li>T\u00e9l\u00e9chargement instantan\u00e9 !<\/li>\n<li>Pas de limite de temps, pas d'abonnement<\/li>\n<li>Assistance gratuite \u00e0 l'installation et \u00e0 l'activation<\/li>\n<li>Pas de livraison sur des supports de donn\u00e9es (USB, CD, etc.)<\/li>\n<li>Activation en ligne et par t\u00e9l\u00e9phone<\/li>\n<li><strong>NON compatible avec les appareils Android et Windows<\/strong><\/li>\n<\/ul>\n<pre class=\"language-html\" data-lang=\"html\"><code class=\"lang-html language-html\"><\/code><\/pre>\n<\/div>\n<\/li>\n<\/ul>","protected":false},"featured_media":21981,"comment_status":"open","ping_status":"closed","template":"","meta":{"_acf_changed":false},"product_brand":[],"product_cat":[140],"product_tag":[],"class_list":{"0":"post-21978","1":"product","2":"type-product","3":"status-publish","4":"has-post-thumbnail","6":"product_cat-mac","8":"first","9":"instock","10":"sale","11":"virtual","12":"taxable","13":"purchasable","14":"product-type-simple"},"acf":[],"_links":{"self":[{"href":"https:\/\/keyshop.windowsandoffice.com\/fr\/wp-json\/wp\/v2\/product\/21978","targetHints":{"allow":["GET"]}}],"collection":[{"href":"https:\/\/keyshop.windowsandoffice.com\/fr\/wp-json\/wp\/v2\/product"}],"about":[{"href":"https:\/\/keyshop.windowsandoffice.com\/fr\/wp-json\/wp\/v2\/types\/product"}],"replies":[{"embeddable":true,"href":"https:\/\/keyshop.windowsandoffice.com\/fr\/wp-json\/wp\/v2\/comments?post=21978"}],"wp:featuredmedia":[{"embeddable":true,"href":"https:\/\/keyshop.windowsandoffice.com\/fr\/wp-json\/wp\/v2\/media\/21981"}],"wp:attachment":[{"href":"https:\/\/keyshop.windowsandoffice.com\/fr\/wp-json\/wp\/v2\/media?parent=21978"}],"wp:term":[{"taxonomy":"product_brand","embeddable":true,"href":"https:\/\/keyshop.windowsandoffice.com\/fr\/wp-json\/wp\/v2\/product_brand?post=21978"},{"taxonomy":"product_cat","embeddable":true,"href":"https:\/\/keyshop.windowsandoffice.com\/fr\/wp-json\/wp\/v2\/product_cat?post=21978"},{"taxonomy":"product_tag","embeddable":true,"href":"https:\/\/keyshop.windowsandoffice.com\/fr\/wp-json\/wp\/v2\/product_tag?post=21978"}],"curies":[{"name":"wp","href":"https:\/\/api.w.org\/{rel}","templated":true}]}}