{"id":21976,"date":"2023-08-06T17:44:07","date_gmt":"2023-08-06T15:44:07","guid":{"rendered":"https:\/\/keyshop.windowsandoffice.com\/?post_type=product&#038;p=21976"},"modified":"2026-01-13T20:20:01","modified_gmt":"2026-01-13T19:20:01","slug":"microsoft-office-home-business-2021-mac","status":"publish","type":"product","link":"https:\/\/keyshop.windowsandoffice.com\/fr\/produit\/microsoft-office-home-business-2021-mac\/","title":{"rendered":"Microsoft Office Home &amp; Business 2021 MAC"},"content":{"rendered":"<div>\n<h4>Microsoft Office Home &amp; Business 2021 MAC<\/h4>\n<p>Le plus important est d'\u00eatre productif. Office Home and Business 2021 est destin\u00e9 aux familles et aux petites entreprises qui ont besoin des applications Office classiques et de la messagerie \u00e9lectronique. Comprend Word, Excel, PowerPoint et Outlook pour Windows 11 et Windows 10. Il s'agit d'un achat unique \u00e0 installer sur un PC Mac pour un usage domestique ou professionnel.<\/p>\n<p>Office Home &amp; Avec sa simplicit\u00e9 et sa familiarit\u00e9, Business 2021 pour Mac a \u00e9t\u00e9 con\u00e7u pour les utilisateurs et les petites entreprises qui souhaitent Office b\u00e9n\u00e9ficier de la puissance d'Outlook pour le courrier \u00e9lectronique, le calendrier et les contacts. C'est le bureau que vous connaissez, aimez et auquel vous faites confiance, mis \u00e0 jour pour tirer parti des derni\u00e8res fonctionnalit\u00e9s Mac, notamment l'affichage Retina et l'affichage plein \u00e9cran, entre autres.<\/p>\n<p>Microsoft Office 2021 Home Business comprend des outils permettant d'optimiser les capacit\u00e9s de production et les t\u00e2ches commerciales en utilisant les fonctionnalit\u00e9s et les \u00e9l\u00e9ments avanc\u00e9s de la suite Microsoft Office.<\/p>\n<p>Office 2021 pour Mac a \u00e9t\u00e9 enti\u00e8rement reconstruit pour tirer parti des derni\u00e8res fonctionnalit\u00e9s de Mac, y compris l'\u00e9cran Retina. C'est la combinaison parfaite entre le bureau que vous connaissez et auquel vous faites confiance et le Mac que vous aimez.<\/p>\n<p>Microsoft Office est un excellent ensemble d'outils de production qui vous permettra de gagner du temps et de produire des r\u00e9sultats fantastiques. Les avantages de la suite 2021 Office comprennent une meilleure collaboration entre les personnes avec lesquelles vous travaillez, le partage de liens, de notes et de rendez-vous, l'\u00e9dition et la conversion faciles, la possibilit\u00e9 de travailler hors ligne avec toutes les applications, ainsi que le partage de fichiers et de documents \u00e0 partir de votre nuage.<\/p>\n<\/div>","protected":false},"excerpt":{"rendered":"<ul>\n<li>\n<div class=\"woocommerce-product-details__short-description\">\n<ul>\n<li>Microsoft Office Home &amp; Business 2021 MAC<\/li>\n<li>Envoi par courrier \u00e9lectronique : cl\u00e9 de produit, instructions, liens de t\u00e9l\u00e9chargement, facture<\/li>\n<li>T\u00e9l\u00e9chargement instantan\u00e9 !<\/li>\n<li>Pas de limite de temps, pas d'abonnement<\/li>\n<li>Assistance gratuite \u00e0 l'installation et \u00e0 l'activation<\/li>\n<li>Pas de livraison sur des supports de donn\u00e9es (USB, CD, etc.)<\/li>\n<li>Activation en ligne et par t\u00e9l\u00e9phone<\/li>\n<li><strong>NON compatible avec les appareils Android et Windows<\/strong><\/li>\n<\/ul>\n<\/div>\n<\/li>\n<\/ul>","protected":false},"featured_media":115839,"comment_status":"open","ping_status":"closed","template":"","meta":{"_acf_changed":false},"product_brand":[],"product_cat":[140],"product_tag":[],"class_list":{"0":"post-21976","1":"product","2":"type-product","3":"status-publish","4":"has-post-thumbnail","6":"product_cat-mac","8":"first","9":"instock","10":"sale","11":"virtual","12":"taxable","13":"purchasable","14":"product-type-simple"},"acf":[],"_links":{"self":[{"href":"https:\/\/keyshop.windowsandoffice.com\/fr\/wp-json\/wp\/v2\/product\/21976","targetHints":{"allow":["GET"]}}],"collection":[{"href":"https:\/\/keyshop.windowsandoffice.com\/fr\/wp-json\/wp\/v2\/product"}],"about":[{"href":"https:\/\/keyshop.windowsandoffice.com\/fr\/wp-json\/wp\/v2\/types\/product"}],"replies":[{"embeddable":true,"href":"https:\/\/keyshop.windowsandoffice.com\/fr\/wp-json\/wp\/v2\/comments?post=21976"}],"wp:featuredmedia":[{"embeddable":true,"href":"https:\/\/keyshop.windowsandoffice.com\/fr\/wp-json\/wp\/v2\/media\/115839"}],"wp:attachment":[{"href":"https:\/\/keyshop.windowsandoffice.com\/fr\/wp-json\/wp\/v2\/media?parent=21976"}],"wp:term":[{"taxonomy":"product_brand","embeddable":true,"href":"https:\/\/keyshop.windowsandoffice.com\/fr\/wp-json\/wp\/v2\/product_brand?post=21976"},{"taxonomy":"product_cat","embeddable":true,"href":"https:\/\/keyshop.windowsandoffice.com\/fr\/wp-json\/wp\/v2\/product_cat?post=21976"},{"taxonomy":"product_tag","embeddable":true,"href":"https:\/\/keyshop.windowsandoffice.com\/fr\/wp-json\/wp\/v2\/product_tag?post=21976"}],"curies":[{"name":"wp","href":"https:\/\/api.w.org\/{rel}","templated":true}]}}