{"id":21968,"date":"2023-08-06T16:19:20","date_gmt":"2023-08-06T14:19:20","guid":{"rendered":"https:\/\/keyshop.windowsandoffice.com\/?post_type=product&#038;p=21968"},"modified":"2026-01-13T20:20:01","modified_gmt":"2026-01-13T19:20:01","slug":"microsoft-windows-server-2022-datacenter","status":"publish","type":"product","link":"https:\/\/keyshop.windowsandoffice.com\/fr\/produit\/microsoft-windows-server-2022-datacenter\/","title":{"rendered":"Microsoft Windows Server 2022 Datacenter"},"content":{"rendered":"<p>Windows Server 2022 vous aide \u00e0 d\u00e9velopper votre entreprise - et \u00e0 \u00e9tendre vos op\u00e9rations au cloud - \u00e0 partir d'une position de force. Elle maximise vos investissements existants et s'appuie sur la s\u00e9curit\u00e9, l'innovation des applications et les capacit\u00e9s de l'infrastructure hyperconverg\u00e9e de Windows Server pour vous aider \u00e0 transf\u00e9rer vos investissements sur site vers le cloud.<\/p>\n<p>Windows Server 2022 est disponible en trois \u00e9ditions pour diff\u00e9rents environnements :<\/p>\n<ul>\n<li><span style=\"color: #808080;\"><strong>Windows Server 2022 Essentials<\/strong> est destin\u00e9 aux petites entreprises comptant jusqu'\u00e0 25 utilisateurs et 50 appareils. Aucune licence suppl\u00e9mentaire pour l'acc\u00e8s au serveur (CAL) n'est requise.<\/span><\/li>\n<li><span style=\"color: #808080;\"><strong>Windows Server 2022 Standard<\/strong> est parfait pour les environnements physiques ou peu virtualis\u00e9s. Ce mod\u00e8le de licence bas\u00e9 sur le noyau n\u00e9cessite des licences pour acc\u00e9der au serveur (CAL).<\/span><\/li>\n<li><strong>Windows Serveur 2022 Datacenter<\/strong> est parfaitement adapt\u00e9 aux centres de donn\u00e9es hautement virtualis\u00e9s et aux environnements en nuage. Ce mod\u00e8le de licence bas\u00e9 sur le noyau n\u00e9cessite des licences pour l'acc\u00e8s au serveur (CAL).<\/li>\n<\/ul>\n<p>Windows Server 2022 est le syst\u00e8me d'exploitation qui fait le lien entre les environnements sur site et Azure, ajoutant des couches suppl\u00e9mentaires de s\u00e9curit\u00e9 tout en vous aidant \u00e0 moderniser vos applications et votre infrastructure.<\/p>\n<p class=\"c-heading-4\"><strong>Capacit\u00e9s hybrides avec Azure<\/strong><\/p>\n<div class=\"c-paragraph\">\n<p>\u00c9tendez votre centre de donn\u00e9es \u00e0 Azure pour maximiser vos investissements et obtenir de nouvelles capacit\u00e9s hybrides.<\/p>\n<p class=\"c-heading-4\"><strong>S\u00e9curit\u00e9 multicouche avanc\u00e9e<\/strong><\/p>\n<div class=\"c-paragraph\">\n<p>Am\u00e9liorez votre posture de s\u00e9curit\u00e9 en prot\u00e9geant le centre de donn\u00e9es, en commen\u00e7ant par le syst\u00e8me d'exploitation.<\/p>\n<p class=\"c-heading-4\"><strong>Une innovation plus rapide pour les applications<\/strong><\/p>\n<div class=\"c-paragraph\">\n<p>Permettez la cr\u00e9ation d'applications natives en nuage et modernisez les applications traditionnelles \u00e0 l'aide de conteneurs et de microservices.<\/p>\n<p class=\"c-heading-4\"><strong>Une infrastructure hyperconverg\u00e9e sans pr\u00e9c\u00e9dent<\/strong><\/p>\n<div class=\"c-paragraph\">\n<p>Faites \u00e9voluer l'infrastructure de votre centre de donn\u00e9es pour gagner en efficacit\u00e9 et en s\u00e9curit\u00e9.<\/p>\n<\/div>\n<\/div>\n<\/div>\n<\/div>\n<p><strong>Configuration requise<\/strong><\/p>\n<ul>\n<li>Processeur : 1,4 GHz, processeur 64 bits avec NX \/ DEP<\/li>\n<li>RAM : 512 Mo (Server Core et Server Nano), 2 Go (avec vue de bureau)<\/li>\n<li>Carte graphique et \u00e9cran : 1024 \u00d7 768 pixels<\/li>\n<li>R\u00e9seau : Gigabit Ethernet<\/li>\n<li>Espace libre sur le disque dur : 32 Go d'espace libre sur le disque dur<\/li>\n<li>BIOS : Syst\u00e8me UEFI avec Secure Boot (UEFI 2.3.1c) (pour certaines fonctionnalit\u00e9s)<\/li>\n<\/ul>","protected":false},"excerpt":{"rendered":"<ul>\n<li>Microsoft Windows Server 2022 Datacenter<\/li>\n<li>Versions pour les syst\u00e8mes 64 bits disponibles<\/li>\n<li>Livraison par e-mail : cl\u00e9 du produit, instructions, liens de t\u00e9l\u00e9chargement, facture.<\/li>\n<li>T\u00e9l\u00e9chargement instantan\u00e9 !<\/li>\n<li>Pas de limite de temps, pas d'abonnement<\/li>\n<li>Assistance gratuite pendant l'installation et l'activation<\/li>\n<li>Non disponible sur support physique (USB, CD, etc.)<\/li>\n<li>Activation en ligne et par t\u00e9l\u00e9phone<\/li>\n<\/ul>","protected":false},"featured_media":21969,"comment_status":"open","ping_status":"closed","template":"","meta":{"_acf_changed":false},"product_brand":[],"product_cat":[42,202],"product_tag":[78,77,79],"class_list":{"0":"post-21968","1":"product","2":"type-product","3":"status-publish","4":"has-post-thumbnail","6":"product_cat-windows-server","7":"product_cat-windows-server-2022","8":"product_tag-78","9":"product_tag-server","10":"product_tag-standard","12":"first","13":"instock","14":"sale","15":"featured","16":"virtual","17":"taxable","18":"purchasable","19":"product-type-simple"},"acf":[],"_links":{"self":[{"href":"https:\/\/keyshop.windowsandoffice.com\/fr\/wp-json\/wp\/v2\/product\/21968","targetHints":{"allow":["GET"]}}],"collection":[{"href":"https:\/\/keyshop.windowsandoffice.com\/fr\/wp-json\/wp\/v2\/product"}],"about":[{"href":"https:\/\/keyshop.windowsandoffice.com\/fr\/wp-json\/wp\/v2\/types\/product"}],"replies":[{"embeddable":true,"href":"https:\/\/keyshop.windowsandoffice.com\/fr\/wp-json\/wp\/v2\/comments?post=21968"}],"wp:featuredmedia":[{"embeddable":true,"href":"https:\/\/keyshop.windowsandoffice.com\/fr\/wp-json\/wp\/v2\/media\/21969"}],"wp:attachment":[{"href":"https:\/\/keyshop.windowsandoffice.com\/fr\/wp-json\/wp\/v2\/media?parent=21968"}],"wp:term":[{"taxonomy":"product_brand","embeddable":true,"href":"https:\/\/keyshop.windowsandoffice.com\/fr\/wp-json\/wp\/v2\/product_brand?post=21968"},{"taxonomy":"product_cat","embeddable":true,"href":"https:\/\/keyshop.windowsandoffice.com\/fr\/wp-json\/wp\/v2\/product_cat?post=21968"},{"taxonomy":"product_tag","embeddable":true,"href":"https:\/\/keyshop.windowsandoffice.com\/fr\/wp-json\/wp\/v2\/product_tag?post=21968"}],"curies":[{"name":"wp","href":"https:\/\/api.w.org\/{rel}","templated":true}]}}