{"id":208,"date":"2020-11-22T04:51:56","date_gmt":"2020-11-22T00:51:56","guid":{"rendered":"http:\/\/keyshop.windowsandoffice.com\/?post_type=product&#038;p=208"},"modified":"2026-02-10T09:31:18","modified_gmt":"2026-02-10T08:31:18","slug":"windows-10-pro","status":"publish","type":"product","link":"https:\/\/keyshop.windowsandoffice.com\/fr\/produit\/windows-10-pro\/","title":{"rendered":"Microsoft Windows 10 Licence professionnelle pour 3 PC"},"content":{"rendered":"<h3>Microsoft Windows 10 Professionnel<\/h3>\n<p><span class=\"VIiyi\" lang=\"en\"><span class=\"JLqJ4b ChMk0b\" data-language-for-alternatives=\"en\" data-language-to-translate-into=\"es\" data-phrase-index=\"0\">Il s'agit du syst\u00e8me d'exploitation Windows le plus avanc\u00e9 et le plus s\u00fbr \u00e0 ce jour.<\/span> <span class=\"JLqJ4b ChMk0b\" data-language-for-alternatives=\"en\" data-language-to-translate-into=\"es\" data-phrase-index=\"2\">De m\u00eame, Windows 10 Professional dispose d'options de s\u00e9curit\u00e9 avanc\u00e9es universelles, de fonctionnalit\u00e9s et d'apps qui en font un syst\u00e8me robuste et fiable pour les ordinateurs de bureau, les ordinateurs portables et les tablettes.<\/span><\/span><\/p>\n<blockquote>\n<p style=\"padding-left: 40px;\">Si vous voulez voir nos nouvelles<strong>, <a href=\"https:\/\/news.dl-winandoffice.com\/en\/\" target=\"_blank\" rel=\"noopener noreferrer nofollow\">cliquez ici<\/a><\/strong><\/p>\n<\/blockquote>\n<h3>Caract\u00e9ristiques<\/h3>\n<p>Avec <em><strong>Windows 10 Professionnel<\/strong> <\/em>au c\u0153ur de votre ordinateur, vous pouvez tout faire. Et bien d'autres choses encore.<\/p>\n<ul>\n<li>Les fonctions de s\u00e9curit\u00e9 int\u00e9gr\u00e9es comprennent un antivirus, un pare-feu et une protection Internet pour vous permettre de travailler en toute s\u00e9curit\u00e9.<\/li>\n<li>Choisissez de scanner votre visage ou vos empreintes digitales avec <strong>Windows Bonjour<\/strong> pour un moyen rapide, s\u00fbr et sans mot de passe de d\u00e9verrouiller votre syst\u00e8me.<\/li>\n<li><strong>Focus Assist<\/strong> vous permet de bloquer les notifications, les sons et les alertes afin que vous puissiez travailler sans \u00eatre distrait.<\/li>\n<li>Votre <strong>chronologie<\/strong> offre un moyen rapide et facile de faire d\u00e9filer vos documents, applications et sites web les plus r\u00e9cents.<\/li>\n<li><strong>Photos Microsoft<\/strong> est un moyen simple d'organiser vos m\u00e9dias. Vous pouvez rechercher, modifier et partager vos photos et vid\u00e9os.<\/li>\n<li>Diffusez instantan\u00e9ment le jeu en direct. Faites des enregistrements d'\u00e9cran. Contr\u00f4lez les param\u00e8tres audio individuels avec <strong>Barre de jeu<\/strong>.<\/li>\n<li>Remote Desktop vous permet de d\u00e9verrouiller et d'acc\u00e9der virtuellement \u00e0 votre propre machine. Acc\u00e9dez \u00e0 tous vos fichiers, dossiers et applications depuis n'importe quel appareil via Internet.<\/li>\n<li>La protection de l'information Windows (WIP) permet de se prot\u00e9ger contre les fuites potentielles de donn\u00e9es. De m\u00eame, le WIP n'interf\u00e8re pas avec l'exp\u00e9rience de l'utilisateur.<\/li>\n<li><strong>Cryptage de disque BitLocker<\/strong> est une fonction de protection des donn\u00e9es qui s'int\u00e8gre au syst\u00e8me d'exploitation et r\u00e9pond aux menaces de vol de donn\u00e9es. Elle expose \u00e9galement les ordinateurs perdus, vol\u00e9s ou mis hors service de mani\u00e8re inappropri\u00e9e.<\/li>\n<li>Outils con\u00e7us pour une utilisation professionnelle.<\/li>\n<\/ul>\n<p style=\"padding-left: 80px;\"><strong>Avant tout, vous b\u00e9n\u00e9ficiez d'un d\u00e9marrage plus rapide du syst\u00e8me et d'un menu de d\u00e9marrage familier mais am\u00e9lior\u00e9. Windows 10 vous offre \u00e9galement de nouvelles fa\u00e7ons d'accomplir vos t\u00e2ches rapidement. En outre, vous b\u00e9n\u00e9ficiez de nouvelles fonctionnalit\u00e9s telles qu'un nouveau navigateur pour une exp\u00e9rience web am\u00e9lior\u00e9e. Cortana vous suit sur tous vos appareils Windows 10. De plus, elle vous aide \u00e0 vous simplifier la vie. Elle apprend de plus en plus de choses sur vous au fil du temps et peut vous aider mieux chaque jour.<\/strong><\/p>\n<h3><strong>Fonctions avanc\u00e9es<br \/>\n<\/strong><\/h3>\n<p>Windows 10 Professional vous assiste de mani\u00e8re optimale dans tout ce que vous faites. Gardez le contr\u00f4le en ancrant simplement les applications et en optimisant le partage d'\u00e9cran pour un travail plus productif. Accrochez jusqu'\u00e0 quatre applications \u00e0 la fois et cr\u00e9ez des bureaux virtuels si vous avez besoin de plus d'espace ou si vous souhaitez regrouper du contenu pour un projet, par exemple des applications de bureau pour le travail et des jeux pour les loisirs. Les Live Tiles fournissent des flux actualis\u00e9s de votre contenu le plus important en temps r\u00e9el.<\/p>\n<p style=\"padding-left: 80px;\">En conclusion, <a href=\"https:\/\/keyshop.windowsandoffice.com\/fr\/produit\/combo1\/\"><strong>Windows 10<\/strong> <\/a>est compatible avec le mat\u00e9riel, les logiciels et les p\u00e9riph\u00e9riques que vous utilisez d\u00e9j\u00e0. Maintenez votre syst\u00e8me \u00e0 jour en termes de fonctionnalit\u00e9s et de s\u00e9curit\u00e9 tout au long de la dur\u00e9e de vie prise en charge de votre appareil.<\/p>\n<p>&nbsp;<\/p>\n<h4><strong>Configuration requise :<br \/>\n<\/strong><\/h4>\n<ul>\n<li><em>Processeur 1 GHz<\/em><\/li>\n<li><em>1 GB (32bit), 2 GB (64bit) RAM<\/em><\/li>\n<li><em>20 Go d'espace disponible sur le disque dur<\/em><\/li>\n<li><em>Carte graphique DirectX 9 avec pilote WDDM<\/em><\/li>\n<\/ul>\n<h4><strong>Soutien :<\/strong><\/h4>\n<p>Pour toute question, n'h\u00e9sitez pas \u00e0 nous contacter. <a href=\"mailto:keyshop@dl-winandoffice.com\">par e-mail<\/a>. Notre service client\u00e8le est disponible 7 jours sur 7, 24 heures sur 24. Vous b\u00e9n\u00e9ficiez donc d'une assistance imm\u00e9diate.<\/p>\n<p>D'autre part, nous assurons la disponibilit\u00e9 de tous nos produits. Par cons\u00e9quent, vous recevrez votre commande en un temps record.<\/p>\n<p>Notre entreprise a plus de 10 ans d'exp\u00e9rience dans le domaine. Cela signifie que nous fournissons un service professionnel en fonction de vos besoins. N'h\u00e9sitez donc pas \u00e0 faire partie de notre r\u00e9seau mondial de clients satisfaits.<\/p>\n<p>&nbsp;<\/p>","protected":false},"excerpt":{"rendered":"<h3>Windows 10 Professionnel<\/h3>\n<p>est le syst\u00e8me le plus avanc\u00e9 et le plus s\u00fbr <em><strong><a href=\"https:\/\/www.microsoft.com\">Fonctionnement de Windows<\/a> <\/strong><\/em>avec ses applications universelles et personnalis\u00e9es, ses fonctionnalit\u00e9s et ses options de s\u00e9curit\u00e9 avanc\u00e9es pour les ordinateurs de bureau, les ordinateurs portables et les tablettes. <em><strong>Les nouvelles \u00e9ditions et les mises \u00e0 jour automatiques de vos applications et fonctionnalit\u00e9s pr\u00e9f\u00e9r\u00e9es vous permettent d'\u00eatre plus efficace et de vous d\u00e9tendre en sachant que votre appareil est s\u00e9curis\u00e9.<\/strong><\/em><\/p>","protected":false},"featured_media":115825,"comment_status":"open","ping_status":"closed","template":"","meta":{"_acf_changed":false},"product_brand":[],"product_cat":[65,41],"product_tag":[73,72,66,71,52,44],"class_list":{"0":"post-208","1":"product","2":"type-product","3":"status-publish","4":"has-post-thumbnail","6":"product_cat-popular","7":"product_cat-windows-desktop","8":"product_tag-activate-your-pc","9":"product_tag-computer-keys","10":"product_tag-keys","11":"product_tag-office-2019","12":"product_tag-windows","13":"product_tag-windows-10-pro","15":"first","16":"instock","17":"sale","18":"virtual","19":"taxable","20":"purchasable","21":"product-type-simple"},"acf":[],"_links":{"self":[{"href":"https:\/\/keyshop.windowsandoffice.com\/fr\/wp-json\/wp\/v2\/product\/208","targetHints":{"allow":["GET"]}}],"collection":[{"href":"https:\/\/keyshop.windowsandoffice.com\/fr\/wp-json\/wp\/v2\/product"}],"about":[{"href":"https:\/\/keyshop.windowsandoffice.com\/fr\/wp-json\/wp\/v2\/types\/product"}],"replies":[{"embeddable":true,"href":"https:\/\/keyshop.windowsandoffice.com\/fr\/wp-json\/wp\/v2\/comments?post=208"}],"wp:featuredmedia":[{"embeddable":true,"href":"https:\/\/keyshop.windowsandoffice.com\/fr\/wp-json\/wp\/v2\/media\/115825"}],"wp:attachment":[{"href":"https:\/\/keyshop.windowsandoffice.com\/fr\/wp-json\/wp\/v2\/media?parent=208"}],"wp:term":[{"taxonomy":"product_brand","embeddable":true,"href":"https:\/\/keyshop.windowsandoffice.com\/fr\/wp-json\/wp\/v2\/product_brand?post=208"},{"taxonomy":"product_cat","embeddable":true,"href":"https:\/\/keyshop.windowsandoffice.com\/fr\/wp-json\/wp\/v2\/product_cat?post=208"},{"taxonomy":"product_tag","embeddable":true,"href":"https:\/\/keyshop.windowsandoffice.com\/fr\/wp-json\/wp\/v2\/product_tag?post=208"}],"curies":[{"name":"wp","href":"https:\/\/api.w.org\/{rel}","templated":true}]}}