{"id":166946,"date":"2026-05-04T11:28:29","date_gmt":"2026-05-04T09:28:29","guid":{"rendered":"https:\/\/keyshop.windowsandoffice.com\/?post_type=product&#038;p=166946"},"modified":"2026-05-04T11:28:31","modified_gmt":"2026-05-04T09:28:31","slug":"windows-server-2025-rds-10-user-cal","status":"publish","type":"product","link":"https:\/\/keyshop.windowsandoffice.com\/fr\/produit\/windows-server-2025-rds-10-user-cal\/","title":{"rendered":"Windows Server 2025 RDS 10 User Cal"},"content":{"rendered":"<p>Windows Server 2025 helps you grow your business&mdash;and extend operations to the cloud&mdash;from a position of strength. It maximizes your existing investments and builds on Windows Server security, app innovation, and Hyper-Converged Infrastructure capabilities to help you bridge your on-premises investments to the cloud.<\/p>\n<p>Windows Server 2025 is available in three editions for different environments:<\/p>\n<ul>\n<li><strong>Windows Server 2025 Essentials<\/strong> est destin\u00e9 aux petites entreprises comptant jusqu'\u00e0 25 utilisateurs et 50 appareils. Aucune licence suppl\u00e9mentaire pour l'acc\u00e8s au serveur (CAL) n'est requise.<\/li>\n<li><strong>Windows Server 2025 Standard<\/strong> est parfait pour les environnements physiques ou peu virtualis\u00e9s. Ce mod\u00e8le de licence bas\u00e9 sur le noyau n\u00e9cessite des licences pour acc\u00e9der au serveur (CAL).<\/li>\n<li><strong>Windows Server 2025 Datacenter<\/strong> est parfaitement adapt\u00e9 aux centres de donn\u00e9es hautement virtualis\u00e9s et aux environnements en nuage. Ce mod\u00e8le de licence bas\u00e9 sur le noyau n\u00e9cessite des licences pour l'acc\u00e8s au serveur (CAL).<\/li>\n<\/ul>\n<p>Windows Server 2025 is the operating system that bridges on-premises environments with Azure, adding additional layers of security while helping you modernize your applications and infrastructure.<\/p>\n<p><strong>Capacit\u00e9s hybrides avec Azure<\/strong><\/p>\n<p>\u00c9tendez votre centre de donn\u00e9es \u00e0 Azure pour maximiser vos investissements et obtenir de nouvelles capacit\u00e9s hybrides.<\/p>\n<p><strong>S\u00e9curit\u00e9 multicouche avanc\u00e9e<\/strong><\/p>\n<p>Am\u00e9liorez votre posture de s\u00e9curit\u00e9 en prot\u00e9geant le centre de donn\u00e9es, en commen\u00e7ant par le syst\u00e8me d'exploitation.<\/p>\n<p><strong>Une innovation plus rapide pour les applications<\/strong><\/p>\n<p>Permettez la cr\u00e9ation d'applications natives en nuage et modernisez les applications traditionnelles \u00e0 l'aide de conteneurs et de microservices.<\/p>\n<p><strong>Une infrastructure hyperconverg\u00e9e sans pr\u00e9c\u00e9dent<\/strong><\/p>\n<p>Faites \u00e9voluer l'infrastructure de votre centre de donn\u00e9es pour gagner en efficacit\u00e9 et en s\u00e9curit\u00e9.<\/p>\n<p><strong>Configuration requise<\/strong><\/p>\n<ul>\n<li>Processeur : 1,4 GHz, processeur 64 bits avec NX \/ DEP<\/li>\n<li>RAM : 512 Mo (Server Core et Server Nano), 2 Go (avec vue de bureau)<\/li>\n<li>Carte graphique et \u00e9cran : 1024 \u00d7 768 pixels<\/li>\n<li>R\u00e9seau : Gigabit Ethernet<\/li>\n<li>Espace libre sur le disque dur : 32 Go d'espace libre sur le disque dur<\/li>\n<li>BIOS : Syst\u00e8me UEFI avec Secure Boot (UEFI 2.3.1c) (pour certaines fonctionnalit\u00e9s)<\/li>\n<\/ul>","protected":false},"excerpt":{"rendered":"<ul>\n<li>Microsoft Windows Server 2022 Standard<\/li>\n<li>Versions pour les syst\u00e8mes 64 bits disponibles<\/li>\n<li>Livraison par e-mail : cl\u00e9 du produit, instructions, liens de t\u00e9l\u00e9chargement, facture.<\/li>\n<li>T\u00e9l\u00e9chargement instantan\u00e9 !<\/li>\n<li>Pas de limite de temps, pas d'abonnement<\/li>\n<li>Assistance gratuite pendant l'installation et l'activation<\/li>\n<li>Non disponible sur support physique (USB, CD, etc.)<\/li>\n<\/ul>","protected":false},"featured_media":166947,"comment_status":"open","ping_status":"closed","template":"","meta":{"_acf_changed":false},"product_brand":[],"product_cat":[41],"product_tag":[],"class_list":{"0":"post-166946","1":"product","2":"type-product","3":"status-publish","4":"has-post-thumbnail","6":"product_cat-windows-desktop","8":"first","9":"instock","10":"sale","11":"taxable","12":"shipping-taxable","13":"purchasable","14":"product-type-simple"},"acf":[],"_links":{"self":[{"href":"https:\/\/keyshop.windowsandoffice.com\/fr\/wp-json\/wp\/v2\/product\/166946","targetHints":{"allow":["GET"]}}],"collection":[{"href":"https:\/\/keyshop.windowsandoffice.com\/fr\/wp-json\/wp\/v2\/product"}],"about":[{"href":"https:\/\/keyshop.windowsandoffice.com\/fr\/wp-json\/wp\/v2\/types\/product"}],"replies":[{"embeddable":true,"href":"https:\/\/keyshop.windowsandoffice.com\/fr\/wp-json\/wp\/v2\/comments?post=166946"}],"wp:featuredmedia":[{"embeddable":true,"href":"https:\/\/keyshop.windowsandoffice.com\/fr\/wp-json\/wp\/v2\/media\/166947"}],"wp:attachment":[{"href":"https:\/\/keyshop.windowsandoffice.com\/fr\/wp-json\/wp\/v2\/media?parent=166946"}],"wp:term":[{"taxonomy":"product_brand","embeddable":true,"href":"https:\/\/keyshop.windowsandoffice.com\/fr\/wp-json\/wp\/v2\/product_brand?post=166946"},{"taxonomy":"product_cat","embeddable":true,"href":"https:\/\/keyshop.windowsandoffice.com\/fr\/wp-json\/wp\/v2\/product_cat?post=166946"},{"taxonomy":"product_tag","embeddable":true,"href":"https:\/\/keyshop.windowsandoffice.com\/fr\/wp-json\/wp\/v2\/product_tag?post=166946"}],"curies":[{"name":"wp","href":"https:\/\/api.w.org\/{rel}","templated":true}]}}