{"id":16210,"date":"2023-01-06T13:53:00","date_gmt":"2023-01-06T12:53:00","guid":{"rendered":"https:\/\/keyshop.windowsandoffice.com\/?post_type=product&#038;p=16210"},"modified":"2026-01-13T20:47:10","modified_gmt":"2026-01-13T19:47:10","slug":"visio-2021-standard","status":"publish","type":"product","link":"https:\/\/keyshop.windowsandoffice.com\/fr\/produit\/visio-2021-standard\/","title":{"rendered":"Microsoft Visio 2021 Licence standard pour 3 PC"},"content":{"rendered":"<div class=\"eyKpYb\" data-language=\"en\" data-original-language=\"de\" data-result-index=\"0\">\n<h3>Visio 2021 Standard<\/h3>\n<\/div>\n<p>Microsoft Visio Standard 2021 est la derni\u00e8re g\u00e9n\u00e9ration du c\u00e9l\u00e8bre logiciel de Microsoft pour la cr\u00e9ation et l'\u00e9dition de diagrammes et de visualisations. Visio Standard est particuli\u00e8rement adapt\u00e9 aux entreprises, car plusieurs utilisateurs d'une \u00e9quipe ou d'un service peuvent travailler simultan\u00e9ment sur les diagrammes. De nombreuses interfaces sont disponibles pour partager les visualisations termin\u00e9es en interne et en externe avec des personnes s\u00e9lectionn\u00e9es. Microsoft a travaill\u00e9 intensivement sur les mod\u00e8les et les formes qui sont utilis\u00e9s en permanence dans Visio. Les styles des diagrammes ont \u00e9galement \u00e9t\u00e9 am\u00e9lior\u00e9s pour les rendre plus impressionnants visuellement, tout en facilitant leur lecture. Avec Microsoft Visio Standard 2021, vous avez \u00e9galement la possibilit\u00e9 d'introduire des donn\u00e9es dans une visualisation existante en temps r\u00e9el.<\/p>","protected":false},"excerpt":{"rendered":"<p>Microsoft Visio Standard 2021 est la derni\u00e8re g\u00e9n\u00e9ration du c\u00e9l\u00e8bre logiciel de Microsoft pour la cr\u00e9ation et l'\u00e9dition de diagrammes et de visualisations. Visio Standard est particuli\u00e8rement adapt\u00e9 aux entreprises, car plusieurs utilisateurs d'une \u00e9quipe ou d'un service peuvent travailler simultan\u00e9ment sur les diagrammes. De nombreuses interfaces sont disponibles pour partager les visualisations termin\u00e9es en interne et en externe avec des personnes s\u00e9lectionn\u00e9es.<\/p>\n<p><strong>Note :<\/strong><\/p>\n<ul>\n<li><strong>Ce produit est uniquement compatible avec Windows 10 et 11.<\/strong><\/li>\n<li><strong>Ce produit n'est PAS compatible avec les syst\u00e8mes d'exploitation Apple (MacOS, iPadOS, iOS), les Chromebooks<\/strong><\/li>\n<\/ul>","protected":false},"featured_media":115837,"comment_status":"open","ping_status":"closed","template":"","meta":{"_acf_changed":false},"product_brand":[],"product_cat":[40,56],"product_tag":[],"class_list":{"0":"post-16210","1":"product","2":"type-product","3":"status-publish","4":"has-post-thumbnail","6":"product_cat-msoffice","7":"product_cat-visio","9":"first","10":"instock","11":"sale","12":"virtual","13":"taxable","14":"purchasable","15":"product-type-simple"},"acf":[],"_links":{"self":[{"href":"https:\/\/keyshop.windowsandoffice.com\/fr\/wp-json\/wp\/v2\/product\/16210","targetHints":{"allow":["GET"]}}],"collection":[{"href":"https:\/\/keyshop.windowsandoffice.com\/fr\/wp-json\/wp\/v2\/product"}],"about":[{"href":"https:\/\/keyshop.windowsandoffice.com\/fr\/wp-json\/wp\/v2\/types\/product"}],"replies":[{"embeddable":true,"href":"https:\/\/keyshop.windowsandoffice.com\/fr\/wp-json\/wp\/v2\/comments?post=16210"}],"wp:featuredmedia":[{"embeddable":true,"href":"https:\/\/keyshop.windowsandoffice.com\/fr\/wp-json\/wp\/v2\/media\/115837"}],"wp:attachment":[{"href":"https:\/\/keyshop.windowsandoffice.com\/fr\/wp-json\/wp\/v2\/media?parent=16210"}],"wp:term":[{"taxonomy":"product_brand","embeddable":true,"href":"https:\/\/keyshop.windowsandoffice.com\/fr\/wp-json\/wp\/v2\/product_brand?post=16210"},{"taxonomy":"product_cat","embeddable":true,"href":"https:\/\/keyshop.windowsandoffice.com\/fr\/wp-json\/wp\/v2\/product_cat?post=16210"},{"taxonomy":"product_tag","embeddable":true,"href":"https:\/\/keyshop.windowsandoffice.com\/fr\/wp-json\/wp\/v2\/product_tag?post=16210"}],"curies":[{"name":"wp","href":"https:\/\/api.w.org\/{rel}","templated":true}]}}