{"id":16196,"date":"2023-01-06T13:41:02","date_gmt":"2023-01-06T12:41:02","guid":{"rendered":"https:\/\/keyshop.windowsandoffice.com\/?post_type=product&#038;p=16196"},"modified":"2026-04-17T02:32:55","modified_gmt":"2026-04-17T00:32:55","slug":"project-2021-professional","status":"publish","type":"product","link":"https:\/\/keyshop.windowsandoffice.com\/fr\/produit\/project-2021-professional\/","title":{"rendered":"Licence professionnelle Microsoft Project 2021 pour 3 PC"},"content":{"rendered":"<h3>Projet 2021 Professionnel<\/h3>\n<p>La version performante de Microsoft Project Professional 2021 Edition propose des fonctions \u00e9tendues et de nouvelles interfaces avec MS SharePoint, Project Server et Skype. Le logiciel exploite pleinement les nombreux avantages du syst\u00e8me d'exploitation Windows 10 ou 11, mais n'est pas pris en charge par les anciennes versions de Windows. MS Project Professional 2021 s'adresse en premier lieu aux chefs de projet des entreprises qui planifient, g\u00e8rent, documentent et analysent ult\u00e9rieurement leurs projets individuels.<\/p>\n<h4>Obtenez une meilleure vue d'ensemble de tous les projets avec Microsoft Project 2021 Professional<\/h4>\n<p>Afin de conserver \u00e0 tout moment une vue d'ensemble de l'\u00e9tat d'avancement et des diff\u00e9rentes \u00e9tapes, m\u00eame dans le cas de projets complexes, Microsoft propose une solution performante avec le logiciel \"<strong>Projet 2021 Professionnel<\/strong><\/p>\n<p>\"Le logiciel est con\u00e7u pour les utilisateurs professionnels et commerciaux et r\u00e9pond donc aux exigences les plus \u00e9lev\u00e9es. L'offre s'adresse principalement aux utilisateurs professionnels et commerciaux et r\u00e9pond donc ais\u00e9ment aux exigences les plus \u00e9lev\u00e9es.<\/p>\n<h4>Des fonctions intelligentes et nombreuses permettent de gagner un temps pr\u00e9cieux au quotidien<\/h4>\n<p>Afin d'aider l'utilisateur dans le domaine de la gestion de projet aussi efficacement que possible, vous b\u00e9n\u00e9ficiez de nombreuses fonctionnalit\u00e9s bien pens\u00e9es avec le syst\u00e8me de gestion de projet. <strong>Logiciel Microsoft Project 2021<\/strong><\/p>\n<p>. En outre, le programme convient \u00e9galement aux d\u00e9butants gr\u00e2ce \u00e0 son utilisation intuitive. Le tri classique par onglets et la vaste zone d'aide habituelle sont des avantages attrayants.<\/p>","protected":false},"excerpt":{"rendered":"<p>La version performante de Microsoft Project Professional 2021 Edition propose des fonctions \u00e9tendues et de nouvelles interfaces avec MS SharePoint, Project Server et Skype. Le logiciel exploite pleinement les nombreux avantages du syst\u00e8me d'exploitation Windows 10 ou 11, mais n'est pas pris en charge par les anciennes versions de Windows. MS Project Professional 2021 s'adresse en premier lieu aux chefs de projet des entreprises qui planifient, g\u00e8rent, documentent et analysent ult\u00e9rieurement leurs projets individuels.<\/p>\n<p><strong>Note :<\/strong><\/p>\n<ul>\n<li><strong>Project Professional 2021 n'est compatible qu'avec Windows 10 et 11.<\/strong><\/li>\n<li><strong>Project Professional 2021 n'est PAS compatible avec les syst\u00e8mes d'exploitation Apple (MacOS, iPadOS, iOS), Chromebooks<\/strong><\/li>\n<\/ul>","protected":false},"featured_media":115836,"comment_status":"open","ping_status":"closed","template":"","meta":{"_acf_changed":false},"product_brand":[],"product_cat":[40,57],"product_tag":[],"class_list":{"0":"post-16196","1":"product","2":"type-product","3":"status-publish","4":"has-post-thumbnail","6":"product_cat-msoffice","7":"product_cat-project","9":"first","10":"instock","11":"sale","12":"virtual","13":"taxable","14":"purchasable","15":"product-type-simple"},"acf":[],"_links":{"self":[{"href":"https:\/\/keyshop.windowsandoffice.com\/fr\/wp-json\/wp\/v2\/product\/16196","targetHints":{"allow":["GET"]}}],"collection":[{"href":"https:\/\/keyshop.windowsandoffice.com\/fr\/wp-json\/wp\/v2\/product"}],"about":[{"href":"https:\/\/keyshop.windowsandoffice.com\/fr\/wp-json\/wp\/v2\/types\/product"}],"replies":[{"embeddable":true,"href":"https:\/\/keyshop.windowsandoffice.com\/fr\/wp-json\/wp\/v2\/comments?post=16196"}],"wp:featuredmedia":[{"embeddable":true,"href":"https:\/\/keyshop.windowsandoffice.com\/fr\/wp-json\/wp\/v2\/media\/115836"}],"wp:attachment":[{"href":"https:\/\/keyshop.windowsandoffice.com\/fr\/wp-json\/wp\/v2\/media?parent=16196"}],"wp:term":[{"taxonomy":"product_brand","embeddable":true,"href":"https:\/\/keyshop.windowsandoffice.com\/fr\/wp-json\/wp\/v2\/product_brand?post=16196"},{"taxonomy":"product_cat","embeddable":true,"href":"https:\/\/keyshop.windowsandoffice.com\/fr\/wp-json\/wp\/v2\/product_cat?post=16196"},{"taxonomy":"product_tag","embeddable":true,"href":"https:\/\/keyshop.windowsandoffice.com\/fr\/wp-json\/wp\/v2\/product_tag?post=16196"}],"curies":[{"name":"wp","href":"https:\/\/api.w.org\/{rel}","templated":true}]}}