{"id":1588,"date":"2020-05-17T04:32:17","date_gmt":"2020-05-17T00:32:17","guid":{"rendered":"https:\/\/keyshop.windowsandoffice.com\/?post_type=product&#038;p=1588"},"modified":"2026-01-13T20:50:00","modified_gmt":"2026-01-13T19:50:00","slug":"ms-project-2016-professional","status":"publish","type":"product","link":"https:\/\/keyshop.windowsandoffice.com\/fr\/produit\/ms-project-2016-professional\/","title":{"rendered":"Licence Microsoft Project 2016 Professional pour 3 PC"},"content":{"rendered":"<h2>Projet 2016 Professionnel<\/h2>\n<p>&nbsp;<\/p>\n<p>Tout d'abord, Project 2016 Professional est une application efficace pour g\u00e9rer et suivre l'avancement des projets. Par cons\u00e9quent, cette version comprend un grand nombre de fonctionnalit\u00e9s et d'options pour cr\u00e9er un plan de projet et surveiller la progression en fonction du budget d\u00e9fini. De plus, vous b\u00e9n\u00e9ficierez d'une interface conviviale avec un flux d'application auto-narratif. De m\u00eame, vous pouvez l'utiliser m\u00eame si vous \u00eates un d\u00e9butant.<\/p>\n<p>&nbsp;<\/p>\n<p>En outre, en utilisant la derni\u00e8re version de Project, vous pouvez visualiser de nombreux rapports de projets et de multiples barres temporelles personnalis\u00e9es en fonction de vos projets. De plus, la gestion des ressources dans Project est l'une des fonctionnalit\u00e9s vitales qui vous m\u00e8nera \u00e0 un niveau optimal de professionnalisme. Ainsi, de nombreux filtres peuvent \u00eatre appliqu\u00e9s aux rapports que vous souhaitez consulter. De plus, cette application pr\u00e9sente une tr\u00e8s bonne compatibilit\u00e9 avec d'autres applications Microsoft pour l'int\u00e9gration. En conclusion, nous pouvons dire qu'il s'agit d'une application pratique pour les chefs de projet et qu'elle doit \u00eatre essay\u00e9e une fois.<\/p>\n<h3><strong>Caract\u00e9ristiques du produit<\/strong><\/h3>\n<p>C'est la raison pour laquelle vous pouvez b\u00e9n\u00e9ficier des fonctionnalit\u00e9s de base suivantes apr\u00e8s Project 2016 Professional :<\/p>\n<ul>\n<li>Une application puissante pour planifier et g\u00e9rer les projets.<\/li>\n<li>Suivre les progr\u00e8s et g\u00e9rer le budget.<\/li>\n<li>Une interface utilisateur simple et facilement compr\u00e9hensible.<\/li>\n<li>Int\u00e9gration rapide et facile avec d'autres produits Microsoft.<\/li>\n<li>Analyser la charge de travail et g\u00e9n\u00e9rer diff\u00e9rents rapports.<\/li>\n<li>Nouvelle requ\u00eate de bureau \"Dites-moi ce que vous voulez faire\".<\/li>\n<li>Personnalisez l'affichage pour obtenir des r\u00e9sultats sur mesure.<\/li>\n<li>G\u00e9n\u00e9rer plusieurs barres chronologiques et d\u00e9finir des plages de dates personnalis\u00e9es.<\/li>\n<\/ul>\n<h3><strong>Configuration requise :<\/strong><\/h3>\n<ul>\n<li>Windows 10, Windows 8.1, Windows 8, Windows 7 Service Pack 1, Windows Server 2016, Windows Server 2012 R2, Windows Server 2012, ou Windows Server 2008 R2.<\/li>\n<li>Processeur x86-bit ou x64-bit de 1 GHz ou plus rapide avec jeu d'instructions SSE2.<\/li>\n<li>2 GB RAM.<\/li>\n<li>3 Go d'espace disque disponible.<\/li>\n<li>L'acc\u00e9l\u00e9ration mat\u00e9rielle des graphiques n\u00e9cessite une carte graphique DirectX 10.<\/li>\n<li>.NET 3.5 requis. Certaines fonctionnalit\u00e9s peuvent n\u00e9cessiter l'installation de .NET 4.0, 4.5 ou 4.6 CLR.<\/li>\n<\/ul>\n<p>S'associe parfaitement avec <a href=\"https:\/\/keyshop.windowsandoffice.com\/fr\/produit\/windows-10-pro\/\">windows 10 pro<\/a> et <a href=\"https:\/\/keyshop.windowsandoffice.com\/fr\/produit\/windows-10-home\/\">fen\u00eatres \u00e0 la maison.<\/a><\/p>\n<h3><strong>Soutien :<\/strong><\/h3>\n<p>Pour toute question, n'h\u00e9sitez pas \u00e0 nous contacter. <a href=\"mailto:keyshop@dl-winandoffice.com\">par e-mail<\/a>. Notre service client\u00e8le est disponible 7 jours sur 7, 24 heures sur 24. Vous b\u00e9n\u00e9ficiez donc d'une assistance imm\u00e9diate.<\/p>\n<p>D'autre part, nous assurons la disponibilit\u00e9 de tous nos produits. Par cons\u00e9quent, vous recevrez votre commande en un temps record.<\/p>\n<p>Notre entreprise a plus de 10 ans d'exp\u00e9rience dans le domaine. Cela signifie que nous fournissons un service professionnel en fonction de vos besoins. N'h\u00e9sitez donc pas \u00e0 faire partie de notre r\u00e9seau mondial de clients satisfaits.<\/p>\n<p>Ainsi, si vous voulez voir nos nouvelles<strong>, <a href=\"https:\/\/news.dl-winandoffice.com\/en\/\" target=\"_blank\" rel=\"noopener noreferrer nofollow\">cliquez ici<\/a><\/strong><\/p>\n<div id=\"gtx-trans\">\n<div class=\"gtx-trans-icon\"><\/div>\n<\/div>\n<div id=\"gtx-trans\">\n<div class=\"gtx-trans-icon\"><\/div>\n<\/div>","protected":false},"excerpt":{"rendered":"<p>Microsoft Project Pro 2016 est une application efficace pour g\u00e9rer et suivre l'avancement des projets. Cette version comprend un grand nombre de fonctionnalit\u00e9s et d'options pour cr\u00e9er un plan de projet et suivre l'avancement en fonction du budget d\u00e9fini. De plus, vous d\u00e9couvrirez une interface conviviale avec un flux d'application auto-narratif. Vous pouvez l'utiliser m\u00eame si vous \u00eates un d\u00e9butant.<\/p>\n<p><strong>\u00a0 \u00a0 \u00a0 \u00a0 \u00a0 \u00a0 \u00a0 \u00a0 \u00a0 \u00a0 Note :<\/strong><\/p>\n<ul>\n<li style=\"list-style-type: none;\">\n<ul>\n<li><strong>Project 2016 Professional n'est compatible qu'avec Windows 10 et 11.<\/strong><\/li>\n<\/ul>\n<\/li>\n<\/ul>\n<ul>\n<li style=\"list-style-type: none;\">\n<ul>\n<li><strong>Project 2016 Professional n'est PAS compatible avec les syst\u00e8mes d'exploitation Apple (MacOS, iPadOS, iOS), Chromebooks<\/strong><\/li>\n<\/ul>\n<\/li>\n<\/ul>","protected":false},"featured_media":115820,"comment_status":"open","ping_status":"closed","template":"","meta":{"_acf_changed":false},"product_brand":[],"product_cat":[40,57],"product_tag":[],"class_list":{"0":"post-1588","1":"product","2":"type-product","3":"status-publish","4":"has-post-thumbnail","6":"product_cat-msoffice","7":"product_cat-project","9":"first","10":"instock","11":"sale","12":"virtual","13":"taxable","14":"purchasable","15":"product-type-simple"},"acf":[],"_links":{"self":[{"href":"https:\/\/keyshop.windowsandoffice.com\/fr\/wp-json\/wp\/v2\/product\/1588","targetHints":{"allow":["GET"]}}],"collection":[{"href":"https:\/\/keyshop.windowsandoffice.com\/fr\/wp-json\/wp\/v2\/product"}],"about":[{"href":"https:\/\/keyshop.windowsandoffice.com\/fr\/wp-json\/wp\/v2\/types\/product"}],"replies":[{"embeddable":true,"href":"https:\/\/keyshop.windowsandoffice.com\/fr\/wp-json\/wp\/v2\/comments?post=1588"}],"wp:featuredmedia":[{"embeddable":true,"href":"https:\/\/keyshop.windowsandoffice.com\/fr\/wp-json\/wp\/v2\/media\/115820"}],"wp:attachment":[{"href":"https:\/\/keyshop.windowsandoffice.com\/fr\/wp-json\/wp\/v2\/media?parent=1588"}],"wp:term":[{"taxonomy":"product_brand","embeddable":true,"href":"https:\/\/keyshop.windowsandoffice.com\/fr\/wp-json\/wp\/v2\/product_brand?post=1588"},{"taxonomy":"product_cat","embeddable":true,"href":"https:\/\/keyshop.windowsandoffice.com\/fr\/wp-json\/wp\/v2\/product_cat?post=1588"},{"taxonomy":"product_tag","embeddable":true,"href":"https:\/\/keyshop.windowsandoffice.com\/fr\/wp-json\/wp\/v2\/product_tag?post=1588"}],"curies":[{"name":"wp","href":"https:\/\/api.w.org\/{rel}","templated":true}]}}