{"id":1582,"date":"2020-05-17T04:10:38","date_gmt":"2020-05-17T00:10:38","guid":{"rendered":"https:\/\/keyshop.windowsandoffice.com\/?post_type=product&#038;p=1582"},"modified":"2026-04-17T03:12:58","modified_gmt":"2026-04-17T01:12:58","slug":"ms-project-2019-professional","status":"publish","type":"product","link":"https:\/\/keyshop.windowsandoffice.com\/fr\/produit\/ms-project-2019-professional\/","title":{"rendered":"Licence professionnelle Microsoft Project 2019 pour 3 PC"},"content":{"rendered":"<p>Travaillez avec d'autres personnes pour lancer et mettre en \u0153uvre des projets r\u00e9ussis en un rien de temps. Comprend toutes les fonctionnalit\u00e9s de Project Standard, plus la collaboration dans la gestion des ressources, la synchronisation des t\u00e2ches SharePoint, la soumission des feuilles de temps, et plus encore. Microsoft Project Professional 2019 offre des fonctionnalit\u00e9s flexibles qui vous aideront \u00e0 planifier des projets, \u00e0 suivre leur \u00e9tat d'avancement et \u00e0 collaborer avec d'autres personnes depuis pratiquement n'importe o\u00f9. L'application offre une communication en temps r\u00e9el et une messagerie instantan\u00e9e, activ\u00e9e directement dans votre plan de projet via Skype for Business, et consolide toutes les ressources potentielles du projet dans une vue unique.<\/p>\n<p>Restez organis\u00e9, concentr\u00e9 et responsable. Prenez en charge tous les projets, des plus modestes aux plus ambitieux. Que vous soyez ou non chef de projet, vous pouvez d\u00e9sormais \u00eatre le patron de n'importe quel projet gr\u00e2ce \u00e0 une application puissante et facile \u00e0 utiliser.<\/p>\n<h4>Facile \u00e0 d\u00e9marrer, simple \u00e0 utiliser, et vice versa<\/h4>\n<p>Avec Project 2019 Professional Travaillez en toute confiance avec un outil de gestion de projet puissant qui rend le d\u00e9marrage et la gestion de projets \u00e0 la fois simples et faciles.<\/p>\n<h4>R\u00e9duire la p\u00e9nibilit\u00e9 des projets laborieux<\/h4>\n<p>M\u00eame les projets complexes sont plus faciles \u00e0 g\u00e9rer lorsque vous pouvez choisir les m\u00e9thodes et les outils les mieux adapt\u00e9s \u00e0 vos besoins.<\/p>\n<h4>Travailler main dans la main sans \u00eatre c\u00f4te \u00e0 c\u00f4te<\/h4>\n<p>Collaborez sur des projets m\u00eame si vous \u00eates sur des continents diff\u00e9rents. Permettez \u00e0 tous les membres de l'\u00e9quipe de mettre \u00e0 jour des t\u00e2ches simultan\u00e9ment afin que vous puissiez en faire plus ensemble.<\/p>\n<h4>Rester sur la bonne voie sans effort<\/h4>\n<p>Planifiez facilement vos projets gr\u00e2ce \u00e0 la puissance de la planification dynamique bas\u00e9e sur l'effort requis, la dur\u00e9e du projet et les membres de l'\u00e9quipe attribu\u00e9s.<\/p>\n<h4>Am\u00e9liorez votre vision et vos r\u00e9sultats gr\u00e2ce \u00e0 la veille strat\u00e9gique<\/h4>\n<p>Cr\u00e9ez des tableaux de bord interactifs pour visualiser l'\u00e9tat g\u00e9n\u00e9ral et approfondir les d\u00e9tails de vos projets et programmes, \u00e0 l'aide de la visualisation Power BI*.<\/p>\n<h4>Exercer le pouvoir d'innover<\/h4>\n<p>Cr\u00e9ez les exp\u00e9riences de bureau ou mobiles que vous souhaitez et cr\u00e9ez facilement des flux de travail automatis\u00e9s. Le tout avec une plateforme flexible et s\u00e9curis\u00e9e construite sur Azure, le nuage d'entreprise le plus fiable au monde.<\/p>\n<h4>Configuration requise<\/h4>\n<ul>\n<li>1,6 GHz, processeur \u00e0 deux c\u0153urs<\/li>\n<li>Windows 10 syst\u00e8me d'exploitation pour PC<\/li>\n<li>2 GB (32bit), 4 GB, (64bit) RAM<\/li>\n<li>4 Go d'espace disponible sur le disque dur<\/li>\n<li>Carte graphique DirectX 10 pour l'utilisation de l'acc\u00e9l\u00e9ration mat\u00e9rielle des graphiques<\/li>\n<\/ul>\n<p>Vous \u00eates \u00e0 la recherche de <a href=\"https:\/\/keyshop.windowsandoffice.com\/fr\/produit\/ms-visio-2019-professional\/\">Visio 2019 Professionnel<\/a>?<\/p>\n<h4>Soutien :<\/h4>\n<p>Pour toute autre question, n'h\u00e9sitez pas \u00e0 nous contacter. <a href=\"mailto:keyshop@dl-winandoffice.com\">par e-mail<\/a>. Notre service client\u00e8le est disponible 7 jours sur 7, 24 heures sur 24. Vous b\u00e9n\u00e9ficiez donc d'une assistance imm\u00e9diate.<\/p>\n<p>D'autre part, nous assurons la disponibilit\u00e9 de tous nos produits. Par cons\u00e9quent, vous recevrez votre commande en un temps record.<\/p>\n<p>Notre entreprise a plus de 10 ans d'exp\u00e9rience dans le domaine. Cela signifie que nous fournissons un service professionnel en fonction de vos besoins. N'h\u00e9sitez donc pas \u00e0 faire partie de notre r\u00e9seau mondial de clients satisfaits.<\/p>\n<p>Ainsi, si vous voulez voir nos nouvelles<strong>, <a href=\"https:\/\/news.dl-winandoffice.com\/en\/\" target=\"_blank\" rel=\"noopener noreferrer nofollow\">cliquez ici<\/a><\/strong><\/p>","protected":false},"excerpt":{"rendered":"<p>Travaillez avec d'autres personnes pour lancer et mettre en \u0153uvre des projets r\u00e9ussis en un rien de temps. Comprend toutes les fonctionnalit\u00e9s de Project Standard, plus la collaboration dans la gestion des ressources, la synchronisation des t\u00e2ches SharePoint, la soumission des feuilles de temps, et plus encore. Microsoft Project Professional 2019 offre des fonctionnalit\u00e9s flexibles qui vous aideront \u00e0 planifier des projets, \u00e0 suivre leur \u00e9tat d'avancement et \u00e0 collaborer avec d'autres personnes depuis pratiquement n'importe o\u00f9. L'application offre une communication en temps r\u00e9el et une messagerie instantan\u00e9e, activ\u00e9e directement dans votre plan de projet via Skype for Business, et consolide toutes les ressources potentielles du projet dans une vue unique.<\/p>\n<p><strong>Note :<\/strong><\/p>\n<ul>\n<li><strong>Project Professional 2019 n'est compatible qu'avec Windows 10 et 11.<\/strong><\/li>\n<li><strong>Project Professional 2019 n'est PAS compatible avec les syst\u00e8mes d'exploitation Apple (MacOS, iPadOS, iOS), Chromebooks<\/strong><\/li>\n<\/ul>","protected":false},"featured_media":115818,"comment_status":"open","ping_status":"closed","template":"","meta":{"_acf_changed":false},"product_brand":[],"product_cat":[40,57],"product_tag":[],"class_list":{"0":"post-1582","1":"product","2":"type-product","3":"status-publish","4":"has-post-thumbnail","6":"product_cat-msoffice","7":"product_cat-project","9":"first","10":"instock","11":"sale","12":"virtual","13":"taxable","14":"purchasable","15":"product-type-simple"},"acf":[],"_links":{"self":[{"href":"https:\/\/keyshop.windowsandoffice.com\/fr\/wp-json\/wp\/v2\/product\/1582","targetHints":{"allow":["GET"]}}],"collection":[{"href":"https:\/\/keyshop.windowsandoffice.com\/fr\/wp-json\/wp\/v2\/product"}],"about":[{"href":"https:\/\/keyshop.windowsandoffice.com\/fr\/wp-json\/wp\/v2\/types\/product"}],"replies":[{"embeddable":true,"href":"https:\/\/keyshop.windowsandoffice.com\/fr\/wp-json\/wp\/v2\/comments?post=1582"}],"wp:featuredmedia":[{"embeddable":true,"href":"https:\/\/keyshop.windowsandoffice.com\/fr\/wp-json\/wp\/v2\/media\/115818"}],"wp:attachment":[{"href":"https:\/\/keyshop.windowsandoffice.com\/fr\/wp-json\/wp\/v2\/media?parent=1582"}],"wp:term":[{"taxonomy":"product_brand","embeddable":true,"href":"https:\/\/keyshop.windowsandoffice.com\/fr\/wp-json\/wp\/v2\/product_brand?post=1582"},{"taxonomy":"product_cat","embeddable":true,"href":"https:\/\/keyshop.windowsandoffice.com\/fr\/wp-json\/wp\/v2\/product_cat?post=1582"},{"taxonomy":"product_tag","embeddable":true,"href":"https:\/\/keyshop.windowsandoffice.com\/fr\/wp-json\/wp\/v2\/product_tag?post=1582"}],"curies":[{"name":"wp","href":"https:\/\/api.w.org\/{rel}","templated":true}]}}