{"id":1576,"date":"2020-05-17T03:25:23","date_gmt":"2020-05-16T23:25:23","guid":{"rendered":"https:\/\/keyshop.windowsandoffice.com\/?post_type=product&#038;p=1576"},"modified":"2026-04-17T03:14:27","modified_gmt":"2026-04-17T01:14:27","slug":"ms-visio-2019-professional","status":"publish","type":"product","link":"https:\/\/keyshop.windowsandoffice.com\/fr\/produit\/ms-visio-2019-professional\/","title":{"rendered":"Microsoft Visio 2019 Licence professionnelle pour 3 PC"},"content":{"rendered":"<p>Microsoft Visio reste, dans l'\u00e9dition Professional 2019, le meilleur outil pour la conception de diagrammes en entreprise. Par cons\u00e9quent, vous travaillerez sur la base des normes industrielles courantes, telles que l'IEEE. En outre, Microsoft a apport\u00e9 des milliers d'am\u00e9liorations dans le d\u00e9tail. Il a \u00e9galement introduit de nouvelles fonctionnalit\u00e9s, notamment pour faciliter le travail sur des projets dans des \u00e9quipes plus importantes. Par cons\u00e9quent, le logiciel est explicitement destin\u00e9 aux utilisateurs professionnels. Toutefois, la facilit\u00e9 d'entr\u00e9e dans le programme, qui est famili\u00e8re, demeure, ce qui est r\u00e9alis\u00e9 principalement gr\u00e2ce \u00e0 d'innombrables mod\u00e8les et \u00e0 l'interface \u00e9prouv\u00e9e de Office. Chaque acheteur continue de b\u00e9n\u00e9ficier de 2 Go d'espace de stockage gratuit avec la solution cloud de Microsoft, OneDrive.<\/p>\n<h4>Nouveaut\u00e9s de Visio 2019 Professional<\/h4>\n<p>Les diagrammes peuvent \u00eatre g\u00e9n\u00e9r\u00e9s imm\u00e9diatement apr\u00e8s le d\u00e9marrage du programme. Des centaines de mod\u00e8les et une s\u00e9lection de plus de 250 000 formes le garantissent. De plus, de nouveaux mod\u00e8les sont ajout\u00e9s p\u00e9riodiquement. Les utilisateurs peuvent partager les diagrammes termin\u00e9s en tant que jeux de donn\u00e9es Visio et \u00e9galement sur Internet. Les diagrammes de Visio Professional 2019 peuvent \u00eatre affich\u00e9s sur le web ou sous forme de fichier PDF, pour les utilisateurs qui n'utilisent pas Visio sur leur appareil. Le cr\u00e9ateur du projet voit imm\u00e9diatement les commentaires que les autres utilisateurs stockent dans le diagramme et re\u00e7oit donc des commentaires.<\/p>\n<h4>Compatibilit\u00e9 avec les logiciels propri\u00e9taires et tiers<\/h4>\n<p>Visio 2019 Professional est compatible avec les logiciels Microsoft Office tels qu'Excel, mais aussi avec des logiciels tiers tels que le populaire AutoCAD. Cette fonctionnalit\u00e9 permet de gagner du temps au travail.<br \/>\nPour donner vie \u00e0 ces diagrammes et afficher clairement de grandes quantit\u00e9s d'informations, d'innombrables couleurs, formes et graphiques sont disponibles pour mettre l'accent sur les donn\u00e9es importantes pour le spectateur.<\/p>\n<h4>Travail d'\u00e9quipe<\/h4>\n<p>D\u00e8s que des donn\u00e9es de toute nature d\u00e9j\u00e0 int\u00e9gr\u00e9es dans le diagramme changent, Microsoft Visio Professional 2019 modifie \u00e9galement imm\u00e9diatement la pr\u00e9sentation du projet. Pour ce faire, le programme analyse en permanence les donn\u00e9es int\u00e9gr\u00e9es, quelle que soit leur provenance et qu'elles soient disponibles localement ou sur le r\u00e9seau, puis transf\u00e8re imm\u00e9diatement les modifications dans le diagramme actuel. Cela signifie que toutes les personnes travaillant sur ce projet ont toujours une vue d'ensemble et travaillent ensemble sur une seule version de ce diagramme. L'\u00e9limination des mises \u00e0 jour manuelles simplifie \u00e9galement le processus de travail et permet de gagner beaucoup de temps \u00e0 long terme.<\/p>\n<h4>Compatibilit\u00e9 avec les syst\u00e8mes d'exploitation<\/h4>\n<p>Microsoft a d\u00e9velopp\u00e9 Visio Professional 2019 pour ne prendre en charge qu'une seule des \u00e9ditions de Windows 10 et Windows 10S. Il n'est pas possible d'ex\u00e9cuter le logiciel avec une version ant\u00e9rieure de Windows. De plus, cette offre est une cl\u00e9 de produit pour un ordinateur de bureau ou un ordinateur portable. Il n'y a plus de frais d'abonnement. Microsoft garantit la mise \u00e0 jour de ce logiciel pendant au moins cinq ans.<\/p>\n<h4>Configuration requise :<\/h4>\n<ul>\n<li>Windows 10, Windows Server 2019<\/li>\n<li>Processeur \u00e0 2 c\u0153urs, 1,6 GHz ou plus rapide<\/li>\n<li>2 GB RAM (32-bit) ; 4 GB RAM (64-bit)<\/li>\n<li>4 Go d'espace disque disponible<\/li>\n<li>L'acc\u00e9l\u00e9ration mat\u00e9rielle graphique requiert DirectX 9 ou une version ult\u00e9rieure, avec WDDM 2.0 ou sup\u00e9rieur pour Windows 10 (ou WDDM 1.3 ou sup\u00e9rieur pour Windows 10 Fall Creators Update).<\/li>\n<\/ul>\n<p>Vous \u00eates \u00e0 la recherche de <a href=\"https:\/\/keyshop.windowsandoffice.com\/fr\/produit\/ms-project-2019-professional\/\">Projet 2019 professionnel<\/a>?<\/p>\n<h4>Soutien :<\/h4>\n<p>Pour toute autre question, n'h\u00e9sitez pas \u00e0 nous contacter. <a href=\"mailto:keyshop@dl-winandoffice.com\">par e-mail<\/a>. Notre service client\u00e8le est disponible 7 jours sur 7, 24 heures sur 24. Vous b\u00e9n\u00e9ficiez donc d'une assistance imm\u00e9diate.<\/p>\n<p>D'autre part, nous assurons la disponibilit\u00e9 de tous nos produits. Par cons\u00e9quent, vous recevrez votre commande en un temps record.<\/p>\n<p>Notre entreprise a plus de 10 ans d'exp\u00e9rience dans le domaine. Cela signifie que nous fournissons un service professionnel en fonction de vos besoins. N'h\u00e9sitez donc pas \u00e0 faire partie de notre r\u00e9seau mondial de clients satisfaits.<\/p>\n<p>Ainsi, si vous voulez voir nos nouvelles<strong>, <a href=\"https:\/\/news.dl-winandoffice.com\/en\/\" target=\"_blank\" rel=\"noopener noreferrer nofollow\">cliquez ici<\/a><\/strong><\/p>","protected":false},"excerpt":{"rendered":"<p>Visio 2019 est une application de diagramme puissante qui vous permet de travailler visuellement pour cr\u00e9er toutes sortes de diagrammes et qui est leader du secteur avec plus de 12 millions d'utilisateurs. Visio 2019 facilite la d\u00e9finition des processus m\u00e9tier, la documentation des meilleures pratiques, la visualisation de l'\u00e9tat futur des initiatives de transformation et la ma\u00eetrise des informations op\u00e9rationnelles dans votre entreprise. En utilisant Office 365, vous pouvez partager les diagrammes Visio avec tout le monde et communiquer une seule version de la v\u00e9rit\u00e9 pour pousser l'alignement de toute l'organisation.<\/p>\n<p><strong>Note :<\/strong><\/p>\n<ul>\n<li><strong>Ce produit est uniquement compatible avec Windows 10 et 11.<\/strong><\/li>\n<li><strong>Ce produit n'est PAS compatible avec les syst\u00e8mes d'exploitation Apple (MacOS, iPadOS, iOS), les Chromebooks<\/strong><\/li>\n<\/ul>","protected":false},"featured_media":1607,"comment_status":"open","ping_status":"closed","template":"","meta":{"_acf_changed":false},"product_brand":[],"product_cat":[40,56],"product_tag":[],"class_list":{"0":"post-1576","1":"product","2":"type-product","3":"status-publish","4":"has-post-thumbnail","6":"product_cat-msoffice","7":"product_cat-visio","9":"first","10":"instock","11":"sale","12":"virtual","13":"taxable","14":"purchasable","15":"product-type-simple"},"acf":[],"_links":{"self":[{"href":"https:\/\/keyshop.windowsandoffice.com\/fr\/wp-json\/wp\/v2\/product\/1576","targetHints":{"allow":["GET"]}}],"collection":[{"href":"https:\/\/keyshop.windowsandoffice.com\/fr\/wp-json\/wp\/v2\/product"}],"about":[{"href":"https:\/\/keyshop.windowsandoffice.com\/fr\/wp-json\/wp\/v2\/types\/product"}],"replies":[{"embeddable":true,"href":"https:\/\/keyshop.windowsandoffice.com\/fr\/wp-json\/wp\/v2\/comments?post=1576"}],"wp:featuredmedia":[{"embeddable":true,"href":"https:\/\/keyshop.windowsandoffice.com\/fr\/wp-json\/wp\/v2\/media\/1607"}],"wp:attachment":[{"href":"https:\/\/keyshop.windowsandoffice.com\/fr\/wp-json\/wp\/v2\/media?parent=1576"}],"wp:term":[{"taxonomy":"product_brand","embeddable":true,"href":"https:\/\/keyshop.windowsandoffice.com\/fr\/wp-json\/wp\/v2\/product_brand?post=1576"},{"taxonomy":"product_cat","embeddable":true,"href":"https:\/\/keyshop.windowsandoffice.com\/fr\/wp-json\/wp\/v2\/product_cat?post=1576"},{"taxonomy":"product_tag","embeddable":true,"href":"https:\/\/keyshop.windowsandoffice.com\/fr\/wp-json\/wp\/v2\/product_tag?post=1576"}],"curies":[{"name":"wp","href":"https:\/\/api.w.org\/{rel}","templated":true}]}}