{"id":1569,"date":"2020-05-17T03:22:46","date_gmt":"2020-05-16T23:22:46","guid":{"rendered":"https:\/\/keyshop.windowsandoffice.com\/?post_type=product&#038;p=1569"},"modified":"2026-01-13T20:50:00","modified_gmt":"2026-01-13T19:50:00","slug":"ms-visio-2016-professional","status":"publish","type":"product","link":"https:\/\/keyshop.windowsandoffice.com\/fr\/produit\/ms-visio-2016-professional\/","title":{"rendered":"Licence professionnelle Microsoft Visio 2016 pour 3 PC"},"content":{"rendered":"<p>Avec Microsoft Visio Professional 2016, les individus et les \u00e9quipes peuvent cr\u00e9er et partager des diagrammes professionnels et polyvalents qui simplifient des informations complexes plus facilement que jamais. Il inclut toutes les fonctionnalit\u00e9s de Visio Standard 2016, ainsi que des formulaires, des mod\u00e8les et des styles mis \u00e0 jour, une prise en charge am\u00e9lior\u00e9e de la collaboration en \u00e9quipe, notamment la possibilit\u00e9 pour plusieurs personnes de travailler sur un m\u00eame diagramme en m\u00eame temps, et la possibilit\u00e9 de lier les diagrammes aux donn\u00e9es.<\/p>\n<p>Simplifiez la transmission d'informations complexes gr\u00e2ce \u00e0 des diagrammes li\u00e9s aux donn\u00e9es et pouvant \u00eatre cr\u00e9\u00e9s en quelques clics. Avec Visio, la cr\u00e9ation de diagrammes est un jeu d'enfant. Que vous souhaitiez cr\u00e9er rapidement un organigramme d'un processus dont vous avez discut\u00e9 avec vos coll\u00e8gues sur un tableau blanc, cartographier un r\u00e9seau informatique, cr\u00e9er un organigramme, documenter un processus commercial ou dessiner un plan d'\u00e9tage, Visio vous aide \u00e0 visualiser votre travail.<\/p>\n<h4>Compatibilit\u00e9 des logiciels<\/h4>\n<p>Connectez les donn\u00e9es \u00e0 la visualisation d'une structure organisationnelle, d'un r\u00e9seau informatique, d'une usine de production ou de processus commerciaux complexes afin de pouvoir reconna\u00eetre les performances au premier coup d'\u0153il.<\/p>\n<p>Les formes Visio peuvent \u00eatre li\u00e9es \u00e0 de nombreuses sources de donn\u00e9es telles que Microsoft Excel, Microsoft Excel Services, Active Directory, Microsoft SQL Server, Microsoft SQL Azure et les listes Microsoft SharePoint ainsi que Business Connectivity Services.<\/p>\n<p>Utilisez des graphiques de donn\u00e9es tels que des symboles, des couleurs ou du texte pour simplifier et am\u00e9liorer la visualisation d'informations complexes. Profitez de la nouvelle connectivit\u00e9 en une \u00e9tape avec les feuilles de calcul Excel et \u00e9changez des graphiques de donn\u00e9es en un clic selon vos id\u00e9es.<\/p>\n<p>Vous \u00eates \u00e0 la recherche de <a href=\"https:\/\/keyshop.windowsandoffice.com\/fr\/produit\/ms-project-2016-professional\/\">Projet 2016 Professionnel<\/a>?<\/p>\n<h4><strong>Configuration requise :<\/strong><\/h4>\n<ul>\n<li>Windows 10, Windows 8.1, Windows 8, Windows 7 Service Pack 1, Windows Server 2016, Windows Server 2012 R2, Windows Server 2012, ou Windows Server 2008 R2.<\/li>\n<li>Processeur x86-bit ou x64-bit de 1 GHz ou plus avec jeu d'instructions SSE2<\/li>\n<li>2 GB RAM<\/li>\n<li>3 Go d'espace disque disponible<\/li>\n<li>L'acc\u00e9l\u00e9ration mat\u00e9rielle des graphiques n\u00e9cessite une carte graphique DirectX 10.<\/li>\n<li>.NET 3.5 requis. Certaines fonctionnalit\u00e9s peuvent n\u00e9cessiter l'installation de .NET 4.0, 4.5 ou 4.6 CLR.<\/li>\n<\/ul>\n<h4><strong>Soutien :<\/strong><\/h4>\n<p>Pour toute question, n'h\u00e9sitez pas \u00e0 nous contacter. <a href=\"mailto:keyshop@dl-winandoffice.com\">par e-mail<\/a>. Notre service client\u00e8le est disponible 7 jours sur 7, 24 heures sur 24. Vous b\u00e9n\u00e9ficiez donc d'une assistance imm\u00e9diate.<\/p>\n<p>D'autre part, nous assurons la disponibilit\u00e9 de tous nos produits. Par cons\u00e9quent, vous recevrez votre commande en un temps record.<\/p>\n<p>Notre entreprise a plus de 10 ans d'exp\u00e9rience dans le domaine. Cela signifie que nous fournissons un service professionnel en fonction de vos besoins. N'h\u00e9sitez donc pas \u00e0 faire partie de notre r\u00e9seau mondial de clients satisfaits.<\/p>\n<p>Ainsi, si vous voulez voir nos nouvelles<strong>, <a href=\"https:\/\/news.dl-winandoffice.com\/en\/\" target=\"_blank\" rel=\"noopener noreferrer nofollow\">cliquez ici<\/a><\/strong><\/p>\n<p>&nbsp;<\/p>","protected":false},"excerpt":{"rendered":"<p>Avec Microsoft Visio Professional 2016, les individus et les \u00e9quipes peuvent cr\u00e9er et partager des diagrammes professionnels et polyvalents qui simplifient des informations complexes plus facilement que jamais. Il inclut toutes les fonctionnalit\u00e9s de Visio Standard 2016, ainsi que des formulaires, des mod\u00e8les et des styles mis \u00e0 jour, une prise en charge am\u00e9lior\u00e9e de la collaboration en \u00e9quipe, notamment la possibilit\u00e9 pour plusieurs personnes de travailler sur un m\u00eame diagramme en m\u00eame temps, et la possibilit\u00e9 de lier les diagrammes aux donn\u00e9es.<\/p>\n<p><strong>Note :<\/strong><\/p>\n<ul>\n<li><strong>Ce produit est uniquement compatible avec Windows 10 et 11.<\/strong><\/li>\n<li><strong>Ce produit n'est PAS compatible avec les syst\u00e8mes d'exploitation Apple (MacOS, iPadOS, iOS), les Chromebooks<\/strong><\/li>\n<\/ul>","protected":false},"featured_media":115819,"comment_status":"open","ping_status":"closed","template":"","meta":{"_acf_changed":false},"product_brand":[],"product_cat":[40,56],"product_tag":[],"class_list":{"0":"post-1569","1":"product","2":"type-product","3":"status-publish","4":"has-post-thumbnail","6":"product_cat-msoffice","7":"product_cat-visio","9":"first","10":"instock","11":"sale","12":"virtual","13":"taxable","14":"purchasable","15":"product-type-simple"},"acf":[],"_links":{"self":[{"href":"https:\/\/keyshop.windowsandoffice.com\/fr\/wp-json\/wp\/v2\/product\/1569","targetHints":{"allow":["GET"]}}],"collection":[{"href":"https:\/\/keyshop.windowsandoffice.com\/fr\/wp-json\/wp\/v2\/product"}],"about":[{"href":"https:\/\/keyshop.windowsandoffice.com\/fr\/wp-json\/wp\/v2\/types\/product"}],"replies":[{"embeddable":true,"href":"https:\/\/keyshop.windowsandoffice.com\/fr\/wp-json\/wp\/v2\/comments?post=1569"}],"wp:featuredmedia":[{"embeddable":true,"href":"https:\/\/keyshop.windowsandoffice.com\/fr\/wp-json\/wp\/v2\/media\/115819"}],"wp:attachment":[{"href":"https:\/\/keyshop.windowsandoffice.com\/fr\/wp-json\/wp\/v2\/media?parent=1569"}],"wp:term":[{"taxonomy":"product_brand","embeddable":true,"href":"https:\/\/keyshop.windowsandoffice.com\/fr\/wp-json\/wp\/v2\/product_brand?post=1569"},{"taxonomy":"product_cat","embeddable":true,"href":"https:\/\/keyshop.windowsandoffice.com\/fr\/wp-json\/wp\/v2\/product_cat?post=1569"},{"taxonomy":"product_tag","embeddable":true,"href":"https:\/\/keyshop.windowsandoffice.com\/fr\/wp-json\/wp\/v2\/product_tag?post=1569"}],"curies":[{"name":"wp","href":"https:\/\/api.w.org\/{rel}","templated":true}]}}