{"id":1402,"date":"2020-04-20T03:03:54","date_gmt":"2020-04-20T01:03:54","guid":{"rendered":"https:\/\/keyshop.windowsandoffice.com\/?post_type=product&#038;p=1402"},"modified":"2026-02-12T17:26:00","modified_gmt":"2026-02-12T16:26:00","slug":"windows-10-pro-office-2019-pro","status":"publish","type":"product","link":"https:\/\/keyshop.windowsandoffice.com\/fr\/produit\/windows-10-pro-office-2019-pro\/","title":{"rendered":"Microsoft Office 2019 Professional Plus + Microsoft Windows 10 licences professionnelles pour 3 PCs"},"content":{"rendered":"<h2>Windows 10 Office 2019<\/h2>\n<h3>Windows 10 Office 2019<\/h3>\n<p>\u00c9conomisez du temps et de l'argent avec notre combo Microsoft (Windows 10 Pro + Office 2019 Pro Plus). Par cons\u00e9quent, nous proposons les derni\u00e8res versions de Office et Windows. En d'autres termes, les meilleures solutions de productivit\u00e9 au monde. Le pack contient les produits suivants :<\/p>\n<ul>\n<li><strong><a href=\"https:\/\/keyshop.windowsandoffice.com\/fr\/produit\/windows-10-pro\/\">Windows 10 Professionnel<\/a>.<\/strong> Le syst\u00e8me d'exploitation le plus s\u00fbr et le plus fiable. De plus, il est livr\u00e9 avec son assistant personnel int\u00e9gr\u00e9, Cortana.<\/li>\n<li><a href=\"https:\/\/keyshop.windowsandoffice.com\/fr\/produit\/office-2019-professional-plus\/\"><strong>Office 2019 Professional Plus<\/strong><\/a>. Le logiciel Office le plus complet qui soit.<\/li>\n<\/ul>\n<hr \/>\n<h3><strong>Microsoft Windows 10 Professionnel<\/strong><\/h3>\n<p>Avec Windows 10 Professional, vous disposez d'un syst\u00e8me d'exploitation fiable sur votre appareil. Vous b\u00e9n\u00e9ficiez d'un d\u00e9marrage plus rapide du syst\u00e8me. En outre, il dispose d'un menu de d\u00e9marrage familier mais am\u00e9lior\u00e9. C'est-\u00e0-dire que vous trouverez de nouvelles fa\u00e7ons d'accomplir des t\u00e2ches rapidement. En outre, il dispose d'un nouveau navigateur. Il est \u00e9galement livr\u00e9 avec votre assistant num\u00e9rique personnel Cortana. Cortana est votre assistant num\u00e9rique personnel qui vous suivra sur tous vos appareils Windows 10. Cet assistant vous aidera \u00e0 accomplir vos t\u00e2ches plus facilement. Cortana apprend \u00e0 mieux vous conna\u00eetre au fil du temps et peut vous aider mieux chaque jour. Windows 10 Professional vous aide de mani\u00e8re optimale dans tout ce que vous faites.<\/p>\n<h4>Caract\u00e9ristiques<\/h4>\n<p>Avec <em><strong>Windows 10 Professionnel<\/strong> <\/em>au c\u0153ur de votre ordinateur, vous pouvez tout faire. Et bien d'autres choses encore.<\/p>\n<ul>\n<li>Les fonctions de s\u00e9curit\u00e9 int\u00e9gr\u00e9es comprennent un antivirus, un pare-feu et des protections Internet, afin que vous puissiez travailler en toute s\u00e9curit\u00e9.<\/li>\n<li>Choisissez de scanner votre visage ou votre empreinte digitale avec Windows Hello pour un moyen rapide, s\u00fbr et sans mot de passe de d\u00e9verrouiller votre syst\u00e8me.<\/li>\n<li>Focus Assist vous permet de bloquer les notifications, les sons et les alertes. Vous pouvez ainsi travailler sans \u00eatre distrait.<\/li>\n<li>Votre timeline permet de faire d\u00e9filer rapidement et facilement vos documents, applications et sites web les plus r\u00e9cents.<\/li>\n<li><strong>Photos Microsoft<\/strong> est un moyen simple d'organiser vos m\u00e9dias. Vous pouvez rechercher, modifier et partager vos photos et vid\u00e9os.<\/li>\n<li>Diffusez instantan\u00e9ment le jeu en direct. Faites des enregistrements d'\u00e9cran. Contr\u00f4lez les param\u00e8tres audio individuels avec la barre de jeu.<\/li>\n<li>Le bureau \u00e0 distance vous permet de d\u00e9verrouiller et d'acc\u00e9der virtuellement \u00e0 votre propre machine. Cela signifie, tous vos fichiers, dossiers et applications. Vous pouvez y acc\u00e9der depuis n'importe quel appareil via Internet.<\/li>\n<li>La protection de l'information Windows (WIP) permet de se prot\u00e9ger contre les fuites de donn\u00e9es potentielles. De m\u00eame, le WIP n'interf\u00e8re pas avec l'exp\u00e9rience des employ\u00e9s.<\/li>\n<li><strong>Cryptage de disque BitLocker<\/strong> est une fonction de protection des donn\u00e9es qui s'int\u00e8gre au syst\u00e8me d'exploitation et permet de faire face aux menaces de vol de donn\u00e9es, ainsi qu'\u00e0 l'exposition d'ordinateurs perdus, vol\u00e9s ou mis hors service de mani\u00e8re inappropri\u00e9e.<\/li>\n<li>Outils con\u00e7us pour une utilisation professionnelle.<\/li>\n<\/ul>\n<p><em><strong>Vous b\u00e9n\u00e9ficiez n\u00e9anmoins d'un d\u00e9marrage plus rapide du syst\u00e8me. Il dispose d'un menu de d\u00e9marrage familier mais am\u00e9lior\u00e9 et de nouvelles fa\u00e7ons d'effectuer des t\u00e2ches rapidement. Vous b\u00e9n\u00e9ficierez \u00e9galement de nouvelles fonctionnalit\u00e9s, comme un nouveau navigateur. Par cons\u00e9quent, vous obtiendrez une exp\u00e9rience web am\u00e9lior\u00e9e. Cortana vous suit sur tous vos appareils Windows 10. De plus, elle vous aide \u00e0 vous faciliter la vie. Elle apprend de plus en plus de choses sur vous au fil du temps et peut vous aider mieux chaque jour.<\/strong><\/em><\/p>\n<h4><strong>Fonctions avanc\u00e9es<br \/>\n<\/strong><\/h4>\n<p>De plus, il vous assiste de mani\u00e8re optimale dans tout ce que vous faites. Gardez le contr\u00f4le en ancrant simplement les applications et en optimisant le partage d'\u00e9cran pour un travail plus productif. Accrochez jusqu'\u00e0 quatre apps en m\u00eame temps et cr\u00e9ez des bureaux virtuels si vous avez besoin de plus d'espace ou si vous souhaitez regrouper du contenu pour un projet, comme des apps de bureau pour le travail et des jeux pour les loisirs. Les Live Tiles fournissent des flux actualis\u00e9s de votre contenu le plus important en temps r\u00e9el.<\/p>\n<p><em>En conclusion <a href=\"https:\/\/keyshop.windowsandoffice.com\/fr\/produit\/combo1\/\"><strong>Windows 10<\/strong> <\/a>est compatible avec le mat\u00e9riel, les logiciels et les p\u00e9riph\u00e9riques que vous utilisez d\u00e9j\u00e0. Maintenez votre syst\u00e8me \u00e0 jour en termes de fonctionnalit\u00e9s et de s\u00e9curit\u00e9 tout au long de la dur\u00e9e de vie prise en charge de votre appareil.<\/em><\/p>\n<h3><strong>Microsoft Office 2019 Professional Plus<\/strong><\/h3>\n<p>Avec Office 2019 Professional Plus, vous recevez la solution bureautique la plus moderne de Microsoft. Ainsi, en plus des applications traditionnelles, vous avez automatiquement acc\u00e8s aux applications bas\u00e9es sur le navigateur. Par exemple Skype for Business. Ainsi, vous travaillerez plus efficacement en groupe, avec une communication simplifi\u00e9e.<\/p>\n<p>Dans Office 2019, vous trouverez de nouveaux types de donn\u00e9es. Par exemple, des outils et des fonctions d'encrage. D'autres outils de traduction et d'\u00e9dition. Et aussi, des graphiques de mouvement. Il dispose donc de fonctionnalit\u00e9s conviviales.<\/p>\n<p>Toutes les versions font l'objet d'un paiement unique. Elles comprennent une installation unique sur PC. Bien que Office Professional 2019 ne soit disponible que pour Windows.<\/p>\n<p>Tout ce dont vous avez besoin en un seul coup d'\u0153il :<\/p>\n<ul>\n<li><strong>Word 2019.<\/strong> Pour la cr\u00e9ation et l'\u00e9dition de vos textes et documents<\/li>\n<li><strong>Excel 2019. <\/strong>Pour le traitement des enregistrements de donn\u00e9es sous forme de tableaux<\/li>\n<li><strong>PowerPoint 2019.<\/strong> Pour la cr\u00e9ation de pr\u00e9sentations inspirantes<\/li>\n<li><strong>Perspectives 2019<\/strong>. Pour g\u00e9rer vos courriels, vos contacts, vos horaires et vos t\u00e2ches.<\/li>\n<li><strong>\u00c9diteur 2019<\/strong>. Pour cr\u00e9er facilement des publications d'aspect professionnel<\/li>\n<li><strong>Acc\u00e8s 2019<\/strong>. Pour la cr\u00e9ation de bases de donn\u00e9es avec acc\u00e8s \u00e0 l'internet<\/li>\n<li><strong>Lync 2019<\/strong>. (Skype for Business) - pour accro\u00eetre la productivit\u00e9 gr\u00e2ce \u00e0 la messagerie instantan\u00e9e et faciliter la communication et la collaboration avec la vid\u00e9oconf\u00e9rence HD.<\/li>\n<li><strong>Applications Web<\/strong>(Word, Excel, PowerPoint)<\/li>\n<\/ul>\n<p>OneNote ne fait plus partie du paquet Office, il est maintenant inclus dans le syst\u00e8me d'exploitation Windows 10, qui est requis pour utiliser Office 2019. <strong>Les anciennes versions de Windows ne sont pas prises en charge.<\/strong><\/p>\n<h4>Quoi d'autre ?<\/h4>\n<p>Pour vous donner une id\u00e9e, Office 2019 est un produit qui offre toutes les fonctionnalit\u00e9s hors ligne. La m\u00eame chose est maintenant offerte par la suite Office 365. Cependant, elle ne continuera plus \u00e0 \u00eatre mise \u00e0 jour pour impl\u00e9menter de nouvelles fonctionnalit\u00e9s ou de nouvelles caract\u00e9ristiques. Vous ne recevrez que des mises \u00e0 jour de s\u00e9curit\u00e9.<\/p>\n<p>La philosophie de Microsoft est d'offrir une solution aux utilisateurs qui n'ont pas acc\u00e8s au cloud. Cela ne signifie pas pour autant qu'elle limite l'acc\u00e8s aux services ajout\u00e9s tels que OneDrive ou Skype.<\/p>\n<p>Donc, en r\u00e9sum\u00e9, lorsque vous achetez Office 2019, vous investissez dans les fonctions que poss\u00e8de actuellement Office 365. Ainsi, les mises \u00e0 jour de ce logiciel arrivent dans la prochaine version que vous pourrez acheter avec une remise sp\u00e9ciale sur notre boutique au moment de son lancement.<br \/>\nCependant, Office 2019 est un outil tr\u00e8s utile pour ceux qui souhaitent disposer d'une suite bureautique compl\u00e8te et actualis\u00e9e.<\/p>\n<h3><strong>Soutien :<\/strong><\/h3>\n<p>Pour toute question, n'h\u00e9sitez pas \u00e0 nous contacter. <a href=\"mailto:keyshop@dl-winandoffice.com\">par e-mail<\/a>. Notre service client\u00e8le est disponible 7 jours sur 7, 24 heures sur 24. Vous b\u00e9n\u00e9ficiez donc d'une assistance imm\u00e9diate.<\/p>\n<p>D'autre part, nous assurons la disponibilit\u00e9 de tous nos produits. Par cons\u00e9quent, vous recevrez votre commande en un temps record.<\/p>\n<p>Notre entreprise a plus de 10 ans d'exp\u00e9rience dans le domaine. Cela signifie que nous fournissons un service professionnel en fonction de vos besoins. N'h\u00e9sitez donc pas \u00e0 faire partie de notre r\u00e9seau mondial de clients satisfaits.<\/p>\n<p>Si vous voulez voir nos nouvelles<strong>, <a href=\"https:\/\/news.dl-winandoffice.com\/en\/\" target=\"_blank\" rel=\"noopener noreferrer nofollow\">cliquez ici<\/a><\/strong><\/p>","protected":false},"excerpt":{"rendered":"<p>\u00c9conomisez du temps et de l'argent avec notre combo Microsoft compos\u00e9 des versions les plus r\u00e9centes de Office et Windows. les solutions de productivit\u00e9 leaders dans le monde. Le pack contient les produits suivants :<\/p>\n<ul>\n<li><strong>Microsoft Windows 10 Professionnel\u00a0<\/strong>- le syst\u00e8me d'exploitation le plus s\u00fbr et le plus fiable avec votre assistant personnel Cortana<\/li>\n<li><strong>Microsoft Office 2019 Professional Plus<\/strong> - le logiciel Office le plus complet qui soit<br \/>\n<strong>Note :<\/strong><\/p>\n<ul>\n<li><strong>Ce produit est uniquement compatible avec Windows 10 et 11.<\/strong><\/li>\n<li><strong>Ce produit n'est PAS compatible avec les syst\u00e8mes d'exploitation Apple (MacOS, iPadOS, iOS), les Chromebooks<\/strong><\/li>\n<\/ul>\n<\/li>\n<\/ul>","protected":false},"featured_media":115824,"comment_status":"open","ping_status":"closed","template":"","meta":{"_acf_changed":false},"product_brand":[],"product_cat":[53,65],"product_tag":[],"class_list":{"0":"post-1402","1":"product","2":"type-product","3":"status-publish","4":"has-post-thumbnail","6":"product_cat-combos","7":"product_cat-popular","9":"first","10":"instock","11":"sale","12":"featured","13":"virtual","14":"taxable","15":"purchasable","16":"product-type-simple"},"acf":[],"_links":{"self":[{"href":"https:\/\/keyshop.windowsandoffice.com\/fr\/wp-json\/wp\/v2\/product\/1402","targetHints":{"allow":["GET"]}}],"collection":[{"href":"https:\/\/keyshop.windowsandoffice.com\/fr\/wp-json\/wp\/v2\/product"}],"about":[{"href":"https:\/\/keyshop.windowsandoffice.com\/fr\/wp-json\/wp\/v2\/types\/product"}],"replies":[{"embeddable":true,"href":"https:\/\/keyshop.windowsandoffice.com\/fr\/wp-json\/wp\/v2\/comments?post=1402"}],"wp:featuredmedia":[{"embeddable":true,"href":"https:\/\/keyshop.windowsandoffice.com\/fr\/wp-json\/wp\/v2\/media\/115824"}],"wp:attachment":[{"href":"https:\/\/keyshop.windowsandoffice.com\/fr\/wp-json\/wp\/v2\/media?parent=1402"}],"wp:term":[{"taxonomy":"product_brand","embeddable":true,"href":"https:\/\/keyshop.windowsandoffice.com\/fr\/wp-json\/wp\/v2\/product_brand?post=1402"},{"taxonomy":"product_cat","embeddable":true,"href":"https:\/\/keyshop.windowsandoffice.com\/fr\/wp-json\/wp\/v2\/product_cat?post=1402"},{"taxonomy":"product_tag","embeddable":true,"href":"https:\/\/keyshop.windowsandoffice.com\/fr\/wp-json\/wp\/v2\/product_tag?post=1402"}],"curies":[{"name":"wp","href":"https:\/\/api.w.org\/{rel}","templated":true}]}}