{"id":1391,"date":"2020-04-20T02:49:38","date_gmt":"2020-04-20T00:49:38","guid":{"rendered":"https:\/\/keyshop.windowsandoffice.com\/?post_type=product&#038;p=1391"},"modified":"2026-02-12T17:26:48","modified_gmt":"2026-02-12T16:26:48","slug":"windows-10-office-project-visio-2019","status":"publish","type":"product","link":"https:\/\/keyshop.windowsandoffice.com\/fr\/produit\/windows-10-office-project-visio-2019\/","title":{"rendered":"Microsoft Windows 10 Professional + Microsoft Office 2019 Professional Plus + Microsoft Visio 2019 Professional + Microsoft Project 2019 Professional licence pour 3 PCs"},"content":{"rendered":"<p>\u00c9conomisez du temps et de l'argent avec notre combo Microsoft (Windows 10 - Office 2019 - Project &amp; Visio 2019) compos\u00e9 des versions les plus r\u00e9centes de Windows, Office, Visio et Project.<\/p>\n<ul>\n<li>Windows 10 Professionnel<\/li>\n<li>Office 2019 Professional Plus<\/li>\n<li>Visio 2019 Professionnel<\/li>\n<li>Projet 2019 professionnel<\/li>\n<\/ul>\n<hr \/>\n<h4><strong>Microsoft Windows 10 Professionnel<\/strong><\/h4>\n<p>Avec Windows 10 Pro, vous disposez d'un syst\u00e8me d'exploitation fiable sur votre appareil. Vous b\u00e9n\u00e9ficiez de d\u00e9marrages syst\u00e8me plus rapides, d'un menu de d\u00e9marrage familier mais am\u00e9lior\u00e9 et de nouvelles fa\u00e7ons de terminer les choses rapidement. Vous b\u00e9n\u00e9ficiez \u00e9galement de nouvelles fonctionnalit\u00e9s, comme un tout nouveau navigateur pour vous aider \u00e0 surfer sur le Web, et votre assistant num\u00e9rique personnel Cortana. Cortana est votre assistant num\u00e9rique personnel. Votre assistant vous suivra donc sur tous vos appareils Windows 10 et vous aidera \u00e0 accomplir vos t\u00e2ches. Cortana apprend \u00e0 mieux vous conna\u00eetre au fil du temps. Par cons\u00e9quent, elle peut vous aider mieux chaque jour. Windows 10 Pro vous aide de mani\u00e8re optimale dans tout ce que vous faites.<\/p>\n<h4><strong>Microsoft Office 2019 Professional Plus<\/strong><\/h4>\n<p>En optant pour Office 2019 Professional Plus aujourd'hui, vous recevrez la solution bureautique la plus r\u00e9cente et la plus moderne de Microsoft. Outre les applications traditionnelles, vous avez automatiquement acc\u00e8s aux applications bas\u00e9es sur le navigateur et \u00e0 Skype for Business. Ainsi, gr\u00e2ce \u00e0 une communication simplifi\u00e9e, vous pourrez travailler plus efficacement avec les autres.<\/p>\n<p>Tout ce dont vous avez besoin en un seul coup d'\u0153il<\/p>\n<ul>\n<li><strong>Word 2019 <\/strong>- pour la cr\u00e9ation et l'\u00e9dition de vos textes et documents<\/li>\n<li><strong>Excel 2019 <\/strong>- pour le traitement des enregistrements de donn\u00e9es sous forme de tableaux<\/li>\n<li><strong>PowerPoint 2019 <\/strong>- pour la cr\u00e9ation de pr\u00e9sentations inspirantes<\/li>\n<li><strong>Perspectives 2019<\/strong> - pour g\u00e9rer vos courriels, vos contacts, vos horaires et vos t\u00e2ches<\/li>\n<li><strong>\u00c9diteur 2019<\/strong> - pour cr\u00e9er facilement des publications de qualit\u00e9 professionnelle<\/li>\n<li><strong>Acc\u00e8s 2019<\/strong> - pour la cr\u00e9ation de bases de donn\u00e9es avec acc\u00e8s \u00e0 l'internet<\/li>\n<li><strong>Lync 2019<\/strong> (Skype for Business) - pour accro\u00eetre la productivit\u00e9 gr\u00e2ce \u00e0 la messagerie instantan\u00e9e et faciliter la communication et la collaboration avec la vid\u00e9oconf\u00e9rence HD.<\/li>\n<li><strong>Applications Web<\/strong> (Word, Excel, PowerPoint)<\/li>\n<\/ul>\n<p>OneNote ne fait plus partie du package Office, mais il est d\u00e9sormais inclus dans le syst\u00e8me d'exploitation Windows 10, qui est n\u00e9cessaire pour utiliser Office 2019. <strong>Les anciennes versions de Windows ne sont pas prises en charge.<\/strong><\/p>\n<h4><strong>Microsoft Visio 2019 Professional<\/strong><\/h4>\n<p>Visio 2019 est une application de diagramme puissante qui vous permet de travailler visuellement pour cr\u00e9er toutes sortes de diagrammes et qui est leader du secteur avec plus de 12 millions d'utilisateurs. Par cons\u00e9quent, Visio 2019 facilite la d\u00e9finition des processus m\u00e9tier, la documentation des meilleures pratiques, la visualisation de l'\u00e9tat futur des initiatives de transformation et la ma\u00eetrise des informations op\u00e9rationnelles dans votre entreprise.<\/p>\n<h4><strong>Microsoft Project 2019 Professionnel<\/strong><\/h4>\n<p>Travaillez avec d'autres personnes pour lancer et mettre en \u0153uvre des projets r\u00e9ussis en un rien de temps. Comprend toutes les fonctionnalit\u00e9s de Project Standard, plus la collaboration dans la gestion des ressources, la synchronisation des t\u00e2ches SharePoint, la soumission des feuilles de temps, et plus encore. Microsoft Project Professional 2019 offre des fonctionnalit\u00e9s flexibles qui vous aideront \u00e0 planifier des projets, \u00e0 suivre leur \u00e9tat d'avancement et \u00e0 collaborer avec d'autres personnes depuis pratiquement n'importe o\u00f9. L'application offre une communication en temps r\u00e9el et une messagerie instantan\u00e9e, activ\u00e9e directement dans votre plan de projet via Skype for Business, et consolide toutes les ressources potentielles du projet dans une vue unique.<\/p>\n<h4><strong>Support pour tout produit du Super Combo (Windows 10 - Office 2019 - Project &amp; Visio 2019) :<\/strong><\/h4>\n<p>Pour toute question, n'h\u00e9sitez pas \u00e0 nous contacter. <a href=\"mailto:keyshop@dl-winandoffice.com\">par e-mail<\/a>. Notre service client\u00e8le est disponible 7 jours sur 7, 24 heures sur 24. Vous b\u00e9n\u00e9ficiez donc d'une assistance imm\u00e9diate.<\/p>\n<p>D'autre part, nous assurons la disponibilit\u00e9 de tous nos produits. Par cons\u00e9quent, vous recevrez votre commande en un temps record.<\/p>\n<p>Notre entreprise a plus de 10 ans d'exp\u00e9rience dans le domaine. Cela signifie que nous fournissons un service professionnel en fonction de vos besoins. N'h\u00e9sitez donc pas \u00e0 faire partie de notre r\u00e9seau mondial de clients satisfaits.<\/p>\n<p>Ainsi, si vous voulez voir nos nouvelles<strong>, <a href=\"https:\/\/news.dl-winandoffice.com\/en\/\" target=\"_blank\" rel=\"noopener noreferrer nofollow\">cliquez ici<\/a><\/strong><\/p>\n<p>&nbsp;<\/p>","protected":false},"excerpt":{"rendered":"<p>\u00c9conomisez du temps et de l'argent avec notre combo Microsoft comprenant les versions les plus r\u00e9centes de Windows, Office, Visio et Project.<\/p>\n<ul>\n<li>Windows 10 Professionnel<\/li>\n<li>Office 2019 Professional Plus<\/li>\n<li>Visio 2019 Professionnel<\/li>\n<li>Projet 2019 professionnel<br \/>\n<strong>Note :<br \/>\nOffice, Visio et Project<\/strong><\/p>\n<ul>\n<li><strong>Ce produit est uniquement compatible avec Windows 10 et 11.<\/strong><\/li>\n<li><strong>Ce produit n'est PAS compatible avec les syst\u00e8mes d'exploitation Apple (MacOS, iPadOS, iOS), les Chromebooks<\/strong><\/li>\n<\/ul>\n<\/li>\n<\/ul>","protected":false},"featured_media":115845,"comment_status":"open","ping_status":"closed","template":"","meta":{"_acf_changed":false},"product_brand":[],"product_cat":[53,65],"product_tag":[],"class_list":{"0":"post-1391","1":"product","2":"type-product","3":"status-publish","4":"has-post-thumbnail","6":"product_cat-combos","7":"product_cat-popular","9":"first","10":"instock","11":"sale","12":"virtual","13":"taxable","14":"purchasable","15":"product-type-simple"},"acf":[],"_links":{"self":[{"href":"https:\/\/keyshop.windowsandoffice.com\/fr\/wp-json\/wp\/v2\/product\/1391","targetHints":{"allow":["GET"]}}],"collection":[{"href":"https:\/\/keyshop.windowsandoffice.com\/fr\/wp-json\/wp\/v2\/product"}],"about":[{"href":"https:\/\/keyshop.windowsandoffice.com\/fr\/wp-json\/wp\/v2\/types\/product"}],"replies":[{"embeddable":true,"href":"https:\/\/keyshop.windowsandoffice.com\/fr\/wp-json\/wp\/v2\/comments?post=1391"}],"wp:featuredmedia":[{"embeddable":true,"href":"https:\/\/keyshop.windowsandoffice.com\/fr\/wp-json\/wp\/v2\/media\/115845"}],"wp:attachment":[{"href":"https:\/\/keyshop.windowsandoffice.com\/fr\/wp-json\/wp\/v2\/media?parent=1391"}],"wp:term":[{"taxonomy":"product_brand","embeddable":true,"href":"https:\/\/keyshop.windowsandoffice.com\/fr\/wp-json\/wp\/v2\/product_brand?post=1391"},{"taxonomy":"product_cat","embeddable":true,"href":"https:\/\/keyshop.windowsandoffice.com\/fr\/wp-json\/wp\/v2\/product_cat?post=1391"},{"taxonomy":"product_tag","embeddable":true,"href":"https:\/\/keyshop.windowsandoffice.com\/fr\/wp-json\/wp\/v2\/product_tag?post=1391"}],"curies":[{"name":"wp","href":"https:\/\/api.w.org\/{rel}","templated":true}]}}