{"id":118172,"date":"2024-11-04T23:41:13","date_gmt":"2024-11-04T22:41:13","guid":{"rendered":"https:\/\/keyshop.windowsandoffice.com\/?post_type=product&#038;p=118172"},"modified":"2026-01-13T20:20:31","modified_gmt":"2026-01-13T19:20:31","slug":"microsoft-windows-10-professional-microsoft-project-2024-professional-license-for-3-pc","status":"publish","type":"product","link":"https:\/\/keyshop.windowsandoffice.com\/fr\/produit\/microsoft-windows-10-professional-microsoft-project-2024-professional-license-for-3-pc\/","title":{"rendered":"Microsoft Windows 10 Professional + Microsoft Project 2024 Professional licence pour 3 PCs"},"content":{"rendered":"<p><span style=\"font-size: 24pt;\"><strong>Microsoft Windows 10 Professionnel<\/strong><\/span><\/p>\n<p>Avec la nouvelle version de Microsoft Windows 10, Microsoft offre aux particuliers exigeants et aux entreprises en particulier un syst\u00e8me d'exploitation moderne et intuitif. Microsoft Windows 10 offre notamment des fonctions de s\u00e9curit\u00e9 am\u00e9lior\u00e9es, l'acc\u00e8s \u00e0 distance au bureau, le cryptage BitLocker et l'assistant virtuel personnel Cortana. Le syst\u00e8me s'adapte \u00e0 tous les appareils gr\u00e2ce \u00e0 ses fonctionnalit\u00e9s avanc\u00e9es et pr\u00e9sente l'avantage que la configuration requise n'a pratiquement pas chang\u00e9 par rapport \u00e0 ses pr\u00e9d\u00e9cesseurs. Cela signifie que vous n'avez pas besoin d'investir dans du nouveau mat\u00e9riel pour profiter de Microsoft Windows 10 Professional.<\/p>\n<p><strong>Configuration minimale requise<\/strong><\/p>\n<p>Processeur 1 GHz ou plus rapide<\/p>\n<p>1 Go de RAM pour 32 bits ou 2 Go de RAM pour 64 bits.<\/p>\n<p>16 Go d'espace disque disponible pour un syst\u00e8me d'exploitation 32 bits ou 20 Go pour un syst\u00e8me d'exploitation 64 bits.<\/p>\n<div id=\"primaryR2\" data-grid=\"container\" data-region-key=\"primaryr2\" data-m=\"{&quot;cN&quot;:&quot;primaryR2 1&quot;,&quot;cT&quot;:&quot;Region_coreui-region&quot;,&quot;id&quot;:&quot;r2a2&quot;,&quot;sN&quot;:2,&quot;aN&quot;:&quot;a2&quot;}\">\n<div id=\"coreui-banner-l03vzh8\" data-m=\"{&quot;cN&quot;:&quot;R2Banner 1&quot;,&quot;cT&quot;:&quot;Module_coreui-banner&quot;,&quot;id&quot;:&quot;m1r2a2&quot;,&quot;sN&quot;:1,&quot;aN&quot;:&quot;r2a2&quot;}\" data-module-id=\"WDG-Microsoft Windows|primaryR2|coreui-region|coreui-banner-l03vzh8|coreui-banner\">\n<div class=\"m-banner f-align-left\" data-grid=\"col-12\"><span style=\"font-size: 24pt;\"><strong>Microsoft Project 2024 Professionnel<\/strong><\/span><\/div>\n<\/div>\n<\/div>\n<div id=\"primaryR3\" data-grid=\"container\" data-region-key=\"primaryr3\" data-m=\"{&quot;cN&quot;:&quot;primaryR3 1&quot;,&quot;cT&quot;:&quot;Region_coreui-region&quot;,&quot;id&quot;:&quot;r3a2&quot;,&quot;sN&quot;:3,&quot;aN&quot;:&quot;a2&quot;}\">\n<div id=\"coreui-contentrichblock-rhi1sei\" data-m=\"{&quot;cN&quot;:&quot;R2ContentRichBlock 1&quot;,&quot;cT&quot;:&quot;Module_coreui-contentrichblock&quot;,&quot;id&quot;:&quot;m3r3a2&quot;,&quot;sN&quot;:3,&quot;aN&quot;:&quot;r3a2&quot;}\" data-module-id=\"WDG-Microsoft Windows|primaryR3|coreui-region|coreui-contentrichblock-rhi1sei|coreui-contentrichblock\">\n<div class=\"m-rich-content-block context-ucx\" data-grid=\"col-12\">\n<div class=\"dePhmb\">\n<div class=\"eyKpYb\" data-language=\"en\" data-original-language=\"de\" data-result-index=\"0\">\n<div class=\"J0lOec\">\n<p>Microsoft Project 2024 apporte de nouvelles fonctionnalit\u00e9s et am\u00e9liorations qui aident les \u00e9quipes \u00e0 organiser le travail, \u00e0 g\u00e9rer les t\u00e2ches et \u00e0 suivre les budgets et les ressources de mani\u00e8re encore plus efficace. Cette nouvelle version pr\u00e9sente des innovations cl\u00e9s qui profiteront aussi bien aux d\u00e9butants qu'aux professionnels travaillant sur des projets de toute complexit\u00e9 :<\/p>\n<ul>\n<li>Nouvelle interface plus intuitive et personnalisable et am\u00e9lioration de la navigation de l'utilisateur avec un affichage flexible des donn\u00e9es<\/li>\n<li>Des mod\u00e8les pr\u00e9construits vous aident \u00e0 d\u00e9marrer votre projet en un rien de temps.<\/li>\n<li>Synchronisation avec Project Online et Project Server pour l'int\u00e9gration et la gestion des ressources<\/li>\n<li>Les sc\u00e9narios d'hypoth\u00e8ses permettent d'optimiser l'affectation des t\u00e2ches \u00e0 l'aide de simulations de sc\u00e9narios.<\/li>\n<li>Am\u00e9liorez votre planification en remplissant automatiquement les dates de d\u00e9but et de fin en fonction des d\u00e9pendances.<\/li>\n<li>Utilisez des \u00e9ch\u00e9ances multiples pour une repr\u00e9sentation visuelle claire de calendriers complexes.<\/li>\n<li>Nouvelles fonctionnalit\u00e9s pour l'affichage et l'analyse des donn\u00e9es, permettant de passer facilement d'un type de pr\u00e9sentation \u00e0 l'autre, y compris les tableaux Kanban et Scrum.<\/li>\n<li>Prise en charge des approches Agile, Scrum, Waterfall ainsi que des approches hybrides, permettant aux utilisateurs de combiner des \u00e9l\u00e9ments de diff\u00e9rentes m\u00e9thodologies.<\/li>\n<\/ul>\n<\/div>\n<p><strong>Assistance et soutien :<\/strong><\/p>\n<p>Pour toute question, n'h\u00e9sitez pas \u00e0 nous contacter. <a href=\"mailto:keyshop@dl-winandoffice.com\">par e-mail<\/a>. Notre service client\u00e8le est disponible 7 jours sur 7, 24 heures sur 24. Vous b\u00e9n\u00e9ficiez donc d'une assistance imm\u00e9diate.<\/p>\n<\/div>\n<\/div>\n<\/div>\n<\/div>\n<\/div>","protected":false},"excerpt":{"rendered":"<ul>\n<li>Microsoft Windows 10 Licence professionnelle pour 3 appareils<\/li>\n<li>Licence professionnelle Microsoft Project 2024 pour 3 appareils<\/li>\n<li><strong>Avec cette licence, le logiciel peut \u00eatre activ\u00e9 sur 3 appareils diff\u00e9rents, par exemple l'ordinateur personnel, l'ordinateur portable et l'ordinateur professionnel.<\/strong><\/li>\n<li>Version pour syst\u00e8mes 32 et 64 bits, versions compl\u00e8tes et illimit\u00e9es du logiciel<\/li>\n<li>Livraison par e-mail : cl\u00e9 de produit, instructions, liens de t\u00e9l\u00e9chargement, facture<\/li>\n<li>T\u00e9l\u00e9chargement instantan\u00e9 !<\/li>\n<li><strong>Remboursement int\u00e9gral sous 30 jours - Garantie de remplacement \u00e0 vie !!!<\/strong><\/li>\n<li>Pas de limite de temps, pas d'abonnement<\/li>\n<li>Assistance gratuite 24\/7 pour les probl\u00e8mes d'installation et d'activation<\/li>\n<li>Pas de livraison sur le stockage des donn\u00e9es (USB, CD, etc.)<\/li>\n<li>Activation en ligne et par t\u00e9l\u00e9phone<\/li>\n<li>Langues : <strong>Anglais<\/strong>Espagnol, italien, allemand, fran\u00e7ais<\/li>\n<li><strong><span style=\"color: #008000;\"> Ce produit est compatible avec Microsoft Windows.<\/span><\/strong><\/li>\n<li><strong><span style=\"color: #ff0000;\">NON compatible avec Apple macOS\u2122, les appareils Android et les Chromebooks.<\/span><\/strong><\/li>\n<li><\/li>\n<\/ul>","protected":false},"featured_media":118182,"comment_status":"closed","ping_status":"closed","template":"","meta":{"_acf_changed":false},"product_brand":[],"product_cat":[40,65,218,225,41],"product_tag":[226,227,228],"class_list":{"0":"post-118172","1":"product","2":"type-product","3":"status-publish","4":"has-post-thumbnail","6":"product_cat-msoffice","7":"product_cat-popular","8":"product_cat-project-msoffice","9":"product_cat-windows-10","10":"product_cat-windows-desktop","11":"product_tag-microsoft-office-2019-professional-plus","12":"product_tag-microsoft-windows-10-pro","13":"product_tag-microsoft-windows-10-pro-office-2019-professional-plus","15":"first","16":"instock","17":"sale","18":"virtual","19":"taxable","20":"purchasable","21":"product-type-simple"},"acf":[],"_links":{"self":[{"href":"https:\/\/keyshop.windowsandoffice.com\/fr\/wp-json\/wp\/v2\/product\/118172","targetHints":{"allow":["GET"]}}],"collection":[{"href":"https:\/\/keyshop.windowsandoffice.com\/fr\/wp-json\/wp\/v2\/product"}],"about":[{"href":"https:\/\/keyshop.windowsandoffice.com\/fr\/wp-json\/wp\/v2\/types\/product"}],"replies":[{"embeddable":true,"href":"https:\/\/keyshop.windowsandoffice.com\/fr\/wp-json\/wp\/v2\/comments?post=118172"}],"wp:featuredmedia":[{"embeddable":true,"href":"https:\/\/keyshop.windowsandoffice.com\/fr\/wp-json\/wp\/v2\/media\/118182"}],"wp:attachment":[{"href":"https:\/\/keyshop.windowsandoffice.com\/fr\/wp-json\/wp\/v2\/media?parent=118172"}],"wp:term":[{"taxonomy":"product_brand","embeddable":true,"href":"https:\/\/keyshop.windowsandoffice.com\/fr\/wp-json\/wp\/v2\/product_brand?post=118172"},{"taxonomy":"product_cat","embeddable":true,"href":"https:\/\/keyshop.windowsandoffice.com\/fr\/wp-json\/wp\/v2\/product_cat?post=118172"},{"taxonomy":"product_tag","embeddable":true,"href":"https:\/\/keyshop.windowsandoffice.com\/fr\/wp-json\/wp\/v2\/product_tag?post=118172"}],"curies":[{"name":"wp","href":"https:\/\/api.w.org\/{rel}","templated":true}]}}