{"id":118165,"date":"2024-11-04T23:41:13","date_gmt":"2024-11-04T22:41:13","guid":{"rendered":"https:\/\/keyshop.windowsandoffice.com\/?post_type=product&#038;p=118165"},"modified":"2026-01-13T20:44:36","modified_gmt":"2026-01-13T19:44:36","slug":"microsoft-visio-2024-professional-license-for-3-pc","status":"publish","type":"product","link":"https:\/\/keyshop.windowsandoffice.com\/fr\/produit\/microsoft-visio-2024-professional-license-for-3-pc\/","title":{"rendered":"Licence professionnelle Microsoft Visio 2024 pour 3 PC"},"content":{"rendered":"<p>Avec Microsoft Visio 2024, il est plus facile que jamais pour les individus et les \u00e9quipes de cr\u00e9er et de partager des diagrammes professionnels et polyvalents pour tous les besoins. Il comprend des formes, des mod\u00e8les et des styles mis \u00e0 jour, ainsi qu'une nouvelle barre de recherche intuitive et une nouvelle apparence qui offre une exp\u00e9rience utilisateur famili\u00e8re align\u00e9e sur les autres applications Office.<\/p>\n<p>Dans Microsoft Visio 2024, vous retrouverez toutes les fonctionnalit\u00e9s auxquelles vous \u00eates habitu\u00e9, et vous en obtiendrez de nouvelles :<\/p>\n<ul>\n<li>Microsoft Visio 2024 propose encore plus de formes, de pochoirs et de mod\u00e8les pour vous aider \u00e0 cr\u00e9er vos diagrammes en moins de temps.<\/li>\n<li>Un effet de transparence moderne appliqu\u00e9 derri\u00e8re le canevas et les menus conf\u00e8re \u00e0 Visio 2024 une apparence plus moderne et plus \u00e9l\u00e9gante.<\/li>\n<li>Visio 2024 reprend le nouveau th\u00e8me et la nouvelle palette de couleurs de Office 2024, y compris le mode sombre, une interface personnalisable et des am\u00e9liorations en mati\u00e8re d'accessibilit\u00e9.<\/li>\n<li>La recherche dans Visio est d\u00e9sormais disponible dans la barre de titre, ce qui la rend plus accessible.<\/li>\n<li>Outils d'analyse des processus am\u00e9lior\u00e9s, tels que les blocs dynamiques, pour l'analyse des processus d'entreprise et la visualisation des flux de donn\u00e9es.<\/li>\n<\/ul>","protected":false},"excerpt":{"rendered":"<ul>\n<li>Licence professionnelle Microsoft Visio 2024 pour 3 appareils<\/li>\n<li><strong>Avec cette licence, le logiciel peut \u00eatre activ\u00e9 sur 3 appareils diff\u00e9rents, par exemple un ordinateur personnel, un ordinateur portable et un ordinateur professionnel.<\/strong><\/li>\n<li>Version pour syst\u00e8mes 32 et 64 bits, versions compl\u00e8tes et illimit\u00e9es du logiciel <strong>d'un partenaire certifi\u00e9 Microsoft Gold Partner<\/strong><\/li>\n<li><strong>Remboursement int\u00e9gral sous 30 jours - Garantie de remplacement \u00e0 vie !!!<\/strong><\/li>\n<li>Livraison par e-mail : cl\u00e9 de produit, instructions, liens de t\u00e9l\u00e9chargement, facture<\/li>\n<li>T\u00e9l\u00e9chargement instantan\u00e9 !<\/li>\n<li>Pas de limite de temps, pas d'abonnement<\/li>\n<li>Assistance gratuite 24\/7 pour les probl\u00e8mes d'installation et d'activation<\/li>\n<li>Pas de livraison sur le stockage des donn\u00e9es (USB, CD, etc.)<\/li>\n<li>Activation en ligne et par t\u00e9l\u00e9phone<\/li>\n<li>Langues : anglais, espagnol, italien, allemand, fran\u00e7ais<\/li>\n<li><strong><span style=\"color: #008000;\"> Ce produit est compatible avec Microsoft Windows.<\/span><\/strong><\/li>\n<li><strong><span style=\"color: #ff0000;\">NON compatible avec Apple macOS\u2122, les appareils Android et les Chromebooks.<\/span><\/strong><\/li>\n<\/ul>","protected":false},"featured_media":118175,"comment_status":"open","ping_status":"closed","template":"","meta":{"_acf_changed":false},"product_brand":[],"product_cat":[40,217],"product_tag":[],"class_list":{"0":"post-118165","1":"product","2":"type-product","3":"status-publish","4":"has-post-thumbnail","6":"product_cat-msoffice","7":"product_cat-visio-msoffice","9":"first","10":"instock","11":"sale","12":"virtual","13":"taxable","14":"purchasable","15":"product-type-simple"},"acf":[],"_links":{"self":[{"href":"https:\/\/keyshop.windowsandoffice.com\/fr\/wp-json\/wp\/v2\/product\/118165","targetHints":{"allow":["GET"]}}],"collection":[{"href":"https:\/\/keyshop.windowsandoffice.com\/fr\/wp-json\/wp\/v2\/product"}],"about":[{"href":"https:\/\/keyshop.windowsandoffice.com\/fr\/wp-json\/wp\/v2\/types\/product"}],"replies":[{"embeddable":true,"href":"https:\/\/keyshop.windowsandoffice.com\/fr\/wp-json\/wp\/v2\/comments?post=118165"}],"wp:featuredmedia":[{"embeddable":true,"href":"https:\/\/keyshop.windowsandoffice.com\/fr\/wp-json\/wp\/v2\/media\/118175"}],"wp:attachment":[{"href":"https:\/\/keyshop.windowsandoffice.com\/fr\/wp-json\/wp\/v2\/media?parent=118165"}],"wp:term":[{"taxonomy":"product_brand","embeddable":true,"href":"https:\/\/keyshop.windowsandoffice.com\/fr\/wp-json\/wp\/v2\/product_brand?post=118165"},{"taxonomy":"product_cat","embeddable":true,"href":"https:\/\/keyshop.windowsandoffice.com\/fr\/wp-json\/wp\/v2\/product_cat?post=118165"},{"taxonomy":"product_tag","embeddable":true,"href":"https:\/\/keyshop.windowsandoffice.com\/fr\/wp-json\/wp\/v2\/product_tag?post=118165"}],"curies":[{"name":"wp","href":"https:\/\/api.w.org\/{rel}","templated":true}]}}