{"id":117785,"date":"2024-10-23T18:12:05","date_gmt":"2024-10-23T16:12:05","guid":{"rendered":"https:\/\/keyshop.windowsandoffice.com\/?post_type=product&#038;p=117785"},"modified":"2026-03-25T16:14:16","modified_gmt":"2026-03-25T15:14:16","slug":"microsoft-office-2024-standard-license-for-3-devices","status":"publish","type":"product","link":"https:\/\/keyshop.windowsandoffice.com\/fr\/produit\/microsoft-office-2024-standard-license-for-3-devices\/","title":{"rendered":"Microsoft Office 2024 Licence standard pour 3 PC"},"content":{"rendered":"<h3><strong>Microsoft Office 2024 Standard<br \/>\n<\/strong><\/h3>\n<div style=\"margin-bottom: 15px;\"><strong>Avec cette licence, le logiciel peut \u00eatre activ\u00e9 sur 3 appareils diff\u00e9rents, par exemple un ordinateur personnel, un ordinateur portable et un ordinateur professionnel.<\/strong><\/div>\n<div style=\"margin-bottom: 15px;\">Les utilisateurs de Microsoft Office qui utilisent la gamme compl\u00e8te d'applications \u00e0 la maison ou au bureau sont bien conseill\u00e9s avec le Microsoft Office 2024 Standard. Tous les programmes importants sont inclus : Word, Excel, Outlook et PowerPoint. OneNote est d\u00e9sormais disponible en t\u00e9l\u00e9chargement sur le Microsoft Windows Store, ce qui vous permet de prendre rapidement des notes et de les rendre disponibles sur tous les appareils via le nuage. En raison du large \u00e9ventail de programmes diff\u00e9rents, la version Standard s'adresse principalement aux personnes qui travaillent \u00e0 la maison, au bureau \u00e0 domicile ou qui recherchent une solution puissante et fiable au bureau pour organiser des documents, des tableaux, etc.<\/div>\n<ul>\n<li><strong>Word<\/strong>: Cr\u00e9ez des documents texte de qualit\u00e9 professionnelle en un rien de temps.<\/li>\n<li><strong>Excel<\/strong>: Feuille de calcul intelligente pour la gestion de l'information.<\/li>\n<li><strong>PowerPoint<\/strong>: Cr\u00e9ez des pr\u00e9sentations dynamiques impressionnantes.<\/li>\n<li><strong>Outlook<\/strong>: La communication facilit\u00e9e.<\/li>\n<\/ul>\n<div>\n<p><strong>Syst\u00e8me d'exploitation requis : Microsoft Windows 10 ou 11<\/strong><\/p>\n<\/div>","protected":false},"excerpt":{"rendered":"<ul>\n<li>Microsoft Office 2024 Licence standard pour 3 appareils<\/li>\n<li><strong>Avec cette licence, le logiciel peut \u00eatre activ\u00e9 sur 3 appareils diff\u00e9rents, par exemple un ordinateur personnel, un ordinateur portable et un ordinateur professionnel.<\/strong><\/li>\n<li>Version pour syst\u00e8mes 32 et 64 bits, versions compl\u00e8tes et illimit\u00e9es du logiciel <strong>d'un partenaire certifi\u00e9 Microsoft Gold Partner<\/strong><\/li>\n<li><strong>Garantie de remboursement \u00e0 vie !<\/strong><\/li>\n<li>Livraison par e-mail : cl\u00e9 de produit, instructions, liens de t\u00e9l\u00e9chargement, facture<\/li>\n<li>T\u00e9l\u00e9chargement instantan\u00e9 !<\/li>\n<li>Pas de limite de temps, pas d'abonnement<\/li>\n<li>Assistance gratuite 24\/7 pour les probl\u00e8mes d'installation et d'activation<\/li>\n<li>Pas de livraison sur le stockage des donn\u00e9es (USB, CD, etc.)<\/li>\n<li>Activation en ligne et par t\u00e9l\u00e9phone<\/li>\n<li>Langues : anglais, espagnol, italien, allemand, fran\u00e7ais<\/li>\n<li><strong><span style=\"color: #008000;\"> Ce produit est compatible avec Microsoft Windows.<\/span><\/strong><\/li>\n<li><strong><span style=\"color: #ff0000;\">NON compatible avec Apple macOS\u2122, les appareils Android et les Chromebooks.<\/span><\/strong><\/li>\n<\/ul>","protected":false},"featured_media":117790,"comment_status":"closed","ping_status":"closed","template":"","meta":{"_acf_changed":false},"product_brand":[],"product_cat":[65],"product_tag":[214,215],"class_list":{"0":"post-117785","1":"product","2":"type-product","3":"status-publish","4":"has-post-thumbnail","6":"product_cat-popular","7":"product_tag-microsoft-office-2024-professional-plus","8":"product_tag-microsoft-office-2024-professional-plus-license-for-3-pc","10":"first","11":"instock","12":"sale","13":"featured","14":"virtual","15":"taxable","16":"purchasable","17":"product-type-simple"},"acf":[],"_links":{"self":[{"href":"https:\/\/keyshop.windowsandoffice.com\/fr\/wp-json\/wp\/v2\/product\/117785","targetHints":{"allow":["GET"]}}],"collection":[{"href":"https:\/\/keyshop.windowsandoffice.com\/fr\/wp-json\/wp\/v2\/product"}],"about":[{"href":"https:\/\/keyshop.windowsandoffice.com\/fr\/wp-json\/wp\/v2\/types\/product"}],"replies":[{"embeddable":true,"href":"https:\/\/keyshop.windowsandoffice.com\/fr\/wp-json\/wp\/v2\/comments?post=117785"}],"wp:featuredmedia":[{"embeddable":true,"href":"https:\/\/keyshop.windowsandoffice.com\/fr\/wp-json\/wp\/v2\/media\/117790"}],"wp:attachment":[{"href":"https:\/\/keyshop.windowsandoffice.com\/fr\/wp-json\/wp\/v2\/media?parent=117785"}],"wp:term":[{"taxonomy":"product_brand","embeddable":true,"href":"https:\/\/keyshop.windowsandoffice.com\/fr\/wp-json\/wp\/v2\/product_brand?post=117785"},{"taxonomy":"product_cat","embeddable":true,"href":"https:\/\/keyshop.windowsandoffice.com\/fr\/wp-json\/wp\/v2\/product_cat?post=117785"},{"taxonomy":"product_tag","embeddable":true,"href":"https:\/\/keyshop.windowsandoffice.com\/fr\/wp-json\/wp\/v2\/product_tag?post=117785"}],"curies":[{"name":"wp","href":"https:\/\/api.w.org\/{rel}","templated":true}]}}