{"id":117784,"date":"2024-10-23T18:12:05","date_gmt":"2024-10-23T16:12:05","guid":{"rendered":"https:\/\/keyshop.windowsandoffice.com\/?post_type=product&#038;p=117784"},"modified":"2026-04-17T01:03:42","modified_gmt":"2026-04-16T23:03:42","slug":"microsoft-office-2024-standard-microsoft-windows-10-professional-license-for-3-devices","status":"publish","type":"product","link":"https:\/\/keyshop.windowsandoffice.com\/fr\/produit\/microsoft-office-2024-standard-microsoft-windows-10-professional-license-for-3-devices\/","title":{"rendered":"Microsoft Office 2024 Standard + Microsoft Windows 10 Professional licence pour 3 PCs"},"content":{"rendered":"<h3>Microsoft Office 2024 Standard<\/h3>\n<p><strong>Avec cette licence, le logiciel peut \u00eatre activ\u00e9 sur 3 appareils diff\u00e9rents, par exemple un ordinateur personnel, un ordinateur portable et un ordinateur professionnel.<\/strong><\/p>\n<p>Les utilisateurs de Microsoft Office qui utilisent la gamme compl\u00e8te d'applications \u00e0 la maison ou au bureau sont bien conseill\u00e9s avec le Microsoft Office 2024 Standard. Tous les programmes importants sont inclus : Word, Excel, Outlook et PowerPoint. OneNote est d\u00e9sormais disponible en t\u00e9l\u00e9chargement sur le Microsoft Windows Store, ce qui vous permet de prendre rapidement des notes et de les rendre disponibles sur tous les appareils via le nuage. En raison du large \u00e9ventail de programmes diff\u00e9rents, la version Standard s'adresse principalement aux personnes qui travaillent \u00e0 la maison, au bureau \u00e0 domicile ou qui recherchent une solution puissante et fiable au bureau pour organiser des documents, des tableaux, etc.<\/p>\n<ul>\n<li><strong>Word<\/strong>: Cr\u00e9ez des documents texte de qualit\u00e9 professionnelle en un rien de temps.<\/li>\n<li><strong>Excel<\/strong>: Feuille de calcul intelligente pour la gestion de l'information.<\/li>\n<li><strong>PowerPoint<\/strong>: Cr\u00e9ez des pr\u00e9sentations dynamiques impressionnantes.<\/li>\n<li><strong>Outlook<\/strong>: La communication facilit\u00e9e.<\/li>\n<\/ul>\n<p><strong>Syst\u00e8me d'exploitation requis : Microsoft Windows 10 ou 11<\/strong><\/p>\n<h3>Microsoft Windows 10 Professionnel<\/h3>\n<p>Microsoft Windows 10 Professional est le choix id\u00e9al pour les professionnels et les entreprises qui recherchent un syst\u00e8me d'exploitation stable et puissant. Avec un m\u00e9lange de familiarit\u00e9 et de fonctionnalit\u00e9s avanc\u00e9es, Microsoft Windows 10 Professional augmente la productivit\u00e9 et fournit une s\u00e9curit\u00e9 fiable pour tous vos besoins informatiques.<\/p>\n<p><strong>Principales caract\u00e9ristiques de Microsoft Windows 10 Professional :<\/strong><\/p>\n<ul>\n<li><strong>Interface famili\u00e8re :<\/strong> Profitez de la sensation classique de Microsoft Windows avec une touche de modernit\u00e9.<\/li>\n<li><strong>Augmentation de la productivit\u00e9 :<\/strong> Des fonctionnalit\u00e9s telles que Cortana et les bureaux virtuels rationalisent votre flux de travail.<\/li>\n<li><strong>S\u00e9curit\u00e9 avanc\u00e9e :<\/strong> Le cryptage BitLocker et l'antivirus Microsoft Windows Defender prot\u00e8gent vos donn\u00e9es.<\/li>\n<li><strong>Bureau \u00e0 distance : <\/strong> Access votre PC de n'importe o\u00f9 gr\u00e2ce aux fonctions de bureau \u00e0 distance.<\/li>\n<li><strong>Encre Microsoft Windows :<\/strong> Utilisez un stylo num\u00e9rique pour prendre des notes, dessiner et concevoir directement sur l'\u00e9cran.<\/li>\n<li><strong>Microsoft Edge :<\/strong> Le navigateur le plus r\u00e9cent, con\u00e7u pour la vitesse, la compatibilit\u00e9 et la s\u00e9curit\u00e9.<\/li>\n<\/ul>\n<p>La mise \u00e0 niveau vers Microsoft Windows 10 Professional vous offre une exp\u00e9rience informatique fiable et efficace qui r\u00e9pond aux besoins d'une utilisation personnelle et professionnelle.<\/p>","protected":false},"excerpt":{"rendered":"<ul>\n<li>Microsoft Office 2024 Licence standard pour 3 appareils<\/li>\n<li>Microsoft Windows 10 Licence professionnelle pour 3 appareils<\/li>\n<li><strong>Avec cette licence, le logiciel peut \u00eatre activ\u00e9 sur 3 appareils diff\u00e9rents, par exemple un ordinateur personnel, un ordinateur portable et un ordinateur professionnel.<\/strong><\/li>\n<li>Version pour syst\u00e8mes 32 et 64 bits, versions compl\u00e8tes et illimit\u00e9es du logiciel <strong>d'un partenaire certifi\u00e9 Microsoft Gold Partner<\/strong><\/li>\n<li><strong>Garantie de remboursement \u00e0 vie !<\/strong><\/li>\n<li>Livraison par e-mail : cl\u00e9 de produit, instructions, liens de t\u00e9l\u00e9chargement, facture<\/li>\n<li>T\u00e9l\u00e9chargement instantan\u00e9 !<\/li>\n<li>Pas de limite de temps, pas d'abonnement<\/li>\n<li>Assistance gratuite 24\/7 pour les probl\u00e8mes d'installation et d'activation<\/li>\n<li>Pas de livraison sur le stockage des donn\u00e9es (USB, CD, etc.)<\/li>\n<li>Activation en ligne et par t\u00e9l\u00e9phone<\/li>\n<li>Langues : anglais, espagnol, italien, allemand, fran\u00e7ais<\/li>\n<li><strong> Ce produit est compatible avec Microsoft Windows.<\/strong><\/li>\n<li><strong>NOT compatible with Apple macOS&trade;, Android devices and Chromebooks.<\/strong><\/li>\n<\/ul>","protected":false},"featured_media":117789,"comment_status":"closed","ping_status":"closed","template":"","meta":{"_acf_changed":false},"product_brand":[],"product_cat":[40,187,41],"product_tag":[213],"class_list":{"0":"post-117784","1":"product","2":"type-product","3":"status-publish","4":"has-post-thumbnail","6":"product_cat-msoffice","7":"product_cat-187","8":"product_cat-windows-desktop","9":"product_tag-213","11":"first","12":"instock","13":"sale","14":"virtual","15":"taxable","16":"purchasable","17":"product-type-simple"},"acf":[],"_links":{"self":[{"href":"https:\/\/keyshop.windowsandoffice.com\/fr\/wp-json\/wp\/v2\/product\/117784","targetHints":{"allow":["GET"]}}],"collection":[{"href":"https:\/\/keyshop.windowsandoffice.com\/fr\/wp-json\/wp\/v2\/product"}],"about":[{"href":"https:\/\/keyshop.windowsandoffice.com\/fr\/wp-json\/wp\/v2\/types\/product"}],"replies":[{"embeddable":true,"href":"https:\/\/keyshop.windowsandoffice.com\/fr\/wp-json\/wp\/v2\/comments?post=117784"}],"wp:featuredmedia":[{"embeddable":true,"href":"https:\/\/keyshop.windowsandoffice.com\/fr\/wp-json\/wp\/v2\/media\/117789"}],"wp:attachment":[{"href":"https:\/\/keyshop.windowsandoffice.com\/fr\/wp-json\/wp\/v2\/media?parent=117784"}],"wp:term":[{"taxonomy":"product_brand","embeddable":true,"href":"https:\/\/keyshop.windowsandoffice.com\/fr\/wp-json\/wp\/v2\/product_brand?post=117784"},{"taxonomy":"product_cat","embeddable":true,"href":"https:\/\/keyshop.windowsandoffice.com\/fr\/wp-json\/wp\/v2\/product_cat?post=117784"},{"taxonomy":"product_tag","embeddable":true,"href":"https:\/\/keyshop.windowsandoffice.com\/fr\/wp-json\/wp\/v2\/product_tag?post=117784"}],"curies":[{"name":"wp","href":"https:\/\/api.w.org\/{rel}","templated":true}]}}