{"id":117783,"date":"2024-10-23T18:12:05","date_gmt":"2024-10-23T16:12:05","guid":{"rendered":"https:\/\/keyshop.windowsandoffice.com\/?post_type=product&#038;p=117783"},"modified":"2026-04-17T01:04:48","modified_gmt":"2026-04-16T23:04:48","slug":"microsoft-office-2024-standard-microsoft-windows-11-professional-license-for-3-devices","status":"publish","type":"product","link":"https:\/\/keyshop.windowsandoffice.com\/fr\/produit\/microsoft-office-2024-standard-microsoft-windows-11-professional-license-for-3-devices\/","title":{"rendered":"Microsoft Office 2024 Standard + Microsoft Windows 11 Professional licence pour 3 PCs"},"content":{"rendered":"<h3>Microsoft Office 2024 Standard<\/h3>\n<p><strong>Avec cette licence, le logiciel peut \u00eatre activ\u00e9 sur 3 appareils diff\u00e9rents, par exemple un ordinateur personnel, un ordinateur portable et un ordinateur professionnel.<\/strong><\/p>\n<p>Les utilisateurs de Microsoft Office qui utilisent la gamme compl\u00e8te d'applications \u00e0 la maison ou au bureau sont bien conseill\u00e9s avec le Microsoft Office 2024 Standard. Tous les programmes importants sont inclus : Word, Excel, Outlook et PowerPoint. OneNote est d\u00e9sormais disponible en t\u00e9l\u00e9chargement sur le Microsoft Windows Store, ce qui vous permet de prendre rapidement des notes et de les rendre disponibles sur tous les appareils via le nuage. En raison du large \u00e9ventail de programmes diff\u00e9rents, la version Standard s'adresse principalement aux personnes qui travaillent \u00e0 la maison, au bureau \u00e0 domicile ou qui recherchent une solution puissante et fiable au bureau pour organiser des documents, des tableaux, etc.<\/p>\n<ul>\n<li><strong>Word<\/strong>: Cr\u00e9ez des documents texte de qualit\u00e9 professionnelle en un rien de temps.<\/li>\n<li><strong>Excel<\/strong>: Feuille de calcul intelligente pour la gestion de l'information.<\/li>\n<li><strong>PowerPoint<\/strong>: Cr\u00e9ez des pr\u00e9sentations dynamiques impressionnantes.<\/li>\n<li><strong>Outlook<\/strong>: La communication facilit\u00e9e.<\/li>\n<\/ul>\n<p><strong>Syst\u00e8me d'exploitation requis : Microsoft Windows 10 ou 11<\/strong><\/p>\n<hr>\n<h3>Microsoft Windows 11 Licence professionnelle pour les appareils<\/h3>\n<p>D\u00e9couvrez le summum de l'informatique moderne avec Microsoft Windows 11 Professional. Ce syst\u00e8me d'exploitation allie un design \u00e9l\u00e9gant \u00e0 des performances puissantes, offrant un environnement de travail et de loisirs transparent et s\u00e9curis\u00e9. Microsoft Windows 11 Professional est con\u00e7u pour vous aider \u00e0 en faire plus, avec de nouvelles fonctionnalit\u00e9s et des am\u00e9liorations qui augmentent la productivit\u00e9 et la connectivit\u00e9.<\/p>\n<p><strong>Principales caract\u00e9ristiques de Microsoft Windows 11 Professional :<\/strong><\/p>\n<ul>\n<li><strong>Interface intuitive :<\/strong> Un design frais et \u00e9pur\u00e9 qui stimule votre productivit\u00e9.<\/li>\n<li><strong>Am\u00e9lioration des performances :<\/strong> Des temps de d\u00e9marrage plus rapides, une gestion efficace des ressources et une s\u00e9curit\u00e9 am\u00e9lior\u00e9e.<\/li>\n<li><strong>Bureaux virtuels :<\/strong> Organisez facilement votre espace de travail avec plusieurs bureaux.<\/li>\n<li><strong>Mettez en place des mises en page et des groupes :<\/strong> Organisez et g\u00e9rez facilement vos fen\u00eatres ouvertes pour le multit\u00e2che.<\/li>\n<li><strong>Int\u00e9gration de Microsoft Teams :<\/strong> Restez en contact gr\u00e2ce aux outils de chat et de vid\u00e9oconf\u00e9rence int\u00e9gr\u00e9s.<\/li>\n<li><strong>S\u00e9curit\u00e9 avanc\u00e9e :<\/strong> Prot\u00e9gez vos donn\u00e9es gr\u00e2ce \u00e0 des fonctions de s\u00e9curit\u00e9 de pointe.<\/li>\n<\/ul>\n<p>La mise \u00e0 niveau vers Microsoft Windows 11 Professional vous permet de lib\u00e9rer tout le potentiel de votre PC, que vous travailliez \u00e0 la maison ou en d\u00e9placement. Travaillez chez vous, au bureau ou en d\u00e9placement.<\/p>\n<hr>\n<p>With this exclusive combination you get the ultimate productivity suite and the most advanced operating system. Enjoy the cutting-edge features and innovations of Microsoft Office 2024 Standard  paired with the sleek design and powerful performance of Microsoft Windows 11 Professional. Don&#8217;t miss the opportunity to upgrade and maximize your productivity!<\/p>","protected":false},"excerpt":{"rendered":"<ul>\n<li>Microsoft Office 2024 Licence standard pour 3 appareils<\/li>\n<li>Microsoft Windows 11 Licence professionnelle pour 3 appareils<\/li>\n<li><strong>Avec cette licence, le logiciel peut \u00eatre activ\u00e9 sur 3 appareils diff\u00e9rents, par exemple un ordinateur personnel, un ordinateur portable et un ordinateur professionnel.<\/strong><\/li>\n<li>Version pour syst\u00e8mes 32 et 64 bits, versions compl\u00e8tes et illimit\u00e9es du logiciel <strong>d'un partenaire certifi\u00e9 Microsoft Gold Partner<\/strong><\/li>\n<li><strong>Garantie de remboursement \u00e0 vie !<\/strong><\/li>\n<li>Livraison par e-mail : cl\u00e9 de produit, instructions, liens de t\u00e9l\u00e9chargement, facture<\/li>\n<li>T\u00e9l\u00e9chargement instantan\u00e9 !<\/li>\n<li>Pas de limite de temps, pas d'abonnement<\/li>\n<li>Assistance gratuite 24\/7 pour les probl\u00e8mes d'installation et d'activation<\/li>\n<li>Pas de livraison sur le stockage des donn\u00e9es (USB, CD, etc.)<\/li>\n<li>Activation en ligne et par t\u00e9l\u00e9phone<\/li>\n<li>Langues : anglais, espagnol, italien, allemand, fran\u00e7ais<\/li>\n<li><strong> Ce produit est compatible avec Microsoft Windows.<\/strong><\/li>\n<li><strong>NON compatible avec Apple macOS\u2122, les appareils Android et les Chromebooks.<\/strong><\/li>\n<\/ul>","protected":false},"featured_media":117788,"comment_status":"closed","ping_status":"closed","template":"","meta":{"_acf_changed":false},"product_brand":[],"product_cat":[40,187,41],"product_tag":[211,212],"class_list":{"0":"post-117783","1":"product","2":"type-product","3":"status-publish","4":"has-post-thumbnail","6":"product_cat-msoffice","7":"product_cat-187","8":"product_cat-windows-desktop","9":"product_tag-microsoft-office-2024-pro-plus-microsoft-windows-11-pro","10":"product_tag-microsoft-office-2024-pro-plus-microsoft-windows-11-pro-license-for-3-pc","12":"first","13":"instock","14":"sale","15":"featured","16":"virtual","17":"taxable","18":"purchasable","19":"product-type-simple"},"acf":[],"_links":{"self":[{"href":"https:\/\/keyshop.windowsandoffice.com\/fr\/wp-json\/wp\/v2\/product\/117783","targetHints":{"allow":["GET"]}}],"collection":[{"href":"https:\/\/keyshop.windowsandoffice.com\/fr\/wp-json\/wp\/v2\/product"}],"about":[{"href":"https:\/\/keyshop.windowsandoffice.com\/fr\/wp-json\/wp\/v2\/types\/product"}],"replies":[{"embeddable":true,"href":"https:\/\/keyshop.windowsandoffice.com\/fr\/wp-json\/wp\/v2\/comments?post=117783"}],"wp:featuredmedia":[{"embeddable":true,"href":"https:\/\/keyshop.windowsandoffice.com\/fr\/wp-json\/wp\/v2\/media\/117788"}],"wp:attachment":[{"href":"https:\/\/keyshop.windowsandoffice.com\/fr\/wp-json\/wp\/v2\/media?parent=117783"}],"wp:term":[{"taxonomy":"product_brand","embeddable":true,"href":"https:\/\/keyshop.windowsandoffice.com\/fr\/wp-json\/wp\/v2\/product_brand?post=117783"},{"taxonomy":"product_cat","embeddable":true,"href":"https:\/\/keyshop.windowsandoffice.com\/fr\/wp-json\/wp\/v2\/product_cat?post=117783"},{"taxonomy":"product_tag","embeddable":true,"href":"https:\/\/keyshop.windowsandoffice.com\/fr\/wp-json\/wp\/v2\/product_tag?post=117783"}],"curies":[{"name":"wp","href":"https:\/\/api.w.org\/{rel}","templated":true}]}}