{"id":116403,"date":"2024-08-29T18:27:24","date_gmt":"2024-08-29T16:27:24","guid":{"rendered":"https:\/\/keyshop.windowsandoffice.com\/?post_type=product&#038;p=116403"},"modified":"2026-01-13T20:20:23","modified_gmt":"2026-01-13T19:20:23","slug":"microsoft-windows-server-2019-essentials","status":"publish","type":"product","link":"https:\/\/keyshop.windowsandoffice.com\/fr\/produit\/microsoft-windows-server-2019-essentials\/","title":{"rendered":"Microsoft Windows Server 2019 Essentials (en anglais)"},"content":{"rendered":"<p><strong>Windows Server 2019<\/strong> vous aide \u00e0 d\u00e9velopper votre activit\u00e9.<\/p>\n<p>En d'autres termes, vous pouvez \u00e9tendre vos activit\u00e9s au nuage \u00e0 partir d'une infrastructure.<\/p>\n<p>Nous mettons l'accent sur l'utilisation de ces trois capacit\u00e9s, ce qui vous permet de maximiser vos investissements existants :<\/p>\n<ul>\n<li>\u00a0S\u00e9curit\u00e9<\/li>\n<li>\u00a0Innovation dans l'application<\/li>\n<li>\u00a0Capacit\u00e9s de l'infrastructure hyperconverg\u00e9e<\/li>\n<\/ul>\n<p>Pour clarifier, ce syst\u00e8me d'exploitation est disponible en trois \u00e9ditions pour diff\u00e9rents environnements :<\/p>\n<ul>\n<li><span style=\"color: #333333;\"><strong>Windows Server 2019 Essentials<\/strong>. Destin\u00e9 aux petites entreprises. Prend en charge jusqu'\u00e0 25 utilisateurs et 50 appareils. Aucune licence suppl\u00e9mentaire n'est n\u00e9cessaire pour acc\u00e9der au serveur (CAL).<\/span><\/li>\n<li><span style=\"color: #808080;\"><strong>Windows Server 2019 Standard<\/strong>. Parfait pour les environnements physiques ou peu virtualis\u00e9s. Ce mod\u00e8le de licence bas\u00e9 sur le noyau n\u00e9cessite <a style=\"color: #808080;\" href=\"https:\/\/keyshop.windowsandoffice.com\/fr\/produit\/windows-server-2019-rds\/\">les licences d'acc\u00e8s au serveur (CAL)<\/a><\/span><\/li>\n<li><span style=\"color: #808080;\"><strong>Windows Serveur 2019 Centre de donn\u00e9es.<\/strong> Id\u00e9al pour les centres de donn\u00e9es hautement virtualis\u00e9s et les environnements en nuage. Ce mod\u00e8le de licence bas\u00e9 sur le noyau n\u00e9cessite <a style=\"color: #808080;\" href=\"https:\/\/keyshop.windowsandoffice.com\/fr\/produit\/windows-server-2019-rds\/\">les licences d'acc\u00e8s au serveur (CAL)<\/a><\/span><\/li>\n<\/ul>\n<p>Windows Server 2019 est le syst\u00e8me d'exploitation qui fait le lien entre les environnements locaux et Azure. Ainsi, il ajoute des couches de s\u00e9curit\u00e9 suppl\u00e9mentaires et vous aide \u00e0 moderniser vos applications et votre infrastructure.<\/p>\n<h4>Capacit\u00e9s hybrides avec Azure<\/h4>\n<p>\u00c9tendez votre centre de donn\u00e9es \u00e0 Azure. Vos investissements augmenteront et vous obtiendrez de nouvelles capacit\u00e9s hybrides,<\/p>\n<h4>S\u00e9curit\u00e9 multicouche avanc\u00e9e<\/h4>\n<p>L'utilisation de ce syst\u00e8me d'exploitation am\u00e9liore la s\u00e9curit\u00e9 et, par cons\u00e9quent, prot\u00e8ge vos informations.<\/p>\n<h4>Une innovation plus rapide pour les applications<\/h4>\n<p>Permettre la cr\u00e9ation d'applications \"cloud native\". Modernisez \u00e9galement les applications traditionnelles \u00e0 l'aide de conteneurs et de microservices.<\/p>\n<h4>Une infrastructure hyperconverg\u00e9e sans pr\u00e9c\u00e9dent<\/h4>\n<p>Faites \u00e9voluer l'infrastructure de votre centre de donn\u00e9es. Vous gagnerez ainsi en efficacit\u00e9 et en s\u00e9curit\u00e9.<\/p>\n<p><strong>Configuration requise<\/strong><\/p>\n<ul>\n<li>Processeur : 1,4 GHz, processeur 64 bits avec NX \/ DEP<\/li>\n<li>RAM : 512 Mo (Server Core et Server Nano), 2 Go (avec vue de bureau)<\/li>\n<li>Carte graphique et \u00e9cran : 1024 \u00d7 768 pixels<\/li>\n<li>R\u00e9seau : Gigabit Ethernet<\/li>\n<li>Espace libre sur le disque dur : 32 Go d'espace libre sur le disque dur<\/li>\n<li>BIOS : Syst\u00e8me UEFI avec Secure Boot (UEFI 2.3.1c) (pour certaines fonctionnalit\u00e9s)<\/li>\n<\/ul>\n<p><strong>Soutien :<\/strong><\/p>\n<p>Pour toute question, n'h\u00e9sitez pas \u00e0 nous contacter. <a href=\"mailto:keyshop@dl-winandoffice.com\">par e-mail<\/a>. Notre service client\u00e8le est disponible 7 jours sur 7, 24 heures sur 24. Vous b\u00e9n\u00e9ficiez donc d'une assistance imm\u00e9diate.<\/p>\n<p>D'autre part, nous assurons la disponibilit\u00e9 de tous nos produits. Par cons\u00e9quent, vous recevrez votre commande en un temps record.<\/p>\n<p>Notre entreprise a plus de 10 ans d'exp\u00e9rience dans le domaine. Cela signifie que nous fournissons un service professionnel en fonction de vos besoins. N'h\u00e9sitez donc pas \u00e0 faire partie de notre r\u00e9seau mondial de clients satisfaits.<\/p>\n<p>Si vous voulez voir nos nouvelles<strong>, <a href=\"https:\/\/news.dl-winandoffice.com\/en\/\" target=\"_blank\" rel=\"noopener noreferrer nofollow\">cliquez ici<\/a><\/strong><\/p>","protected":false},"excerpt":{"rendered":"<p>Windows Server 2019 est le syst\u00e8me d'exploitation qui fait le lien entre les environnements sur site et Azure, ajoutant des couches de s\u00e9curit\u00e9 suppl\u00e9mentaires tout en vous aidant \u00e0 moderniser vos applications et votre infrastructure.<\/p>\n<p>Windows Server 2019 est disponible en trois \u00e9ditions pour diff\u00e9rents environnements :<\/p>\n<ul>\n<li><strong>Windows Server 2019 Essentials<\/strong><\/li>\n<li>Windows Server 2019 Standard<\/li>\n<li>Windows Server 2019 Datacenter<\/li>\n<\/ul>","protected":false},"featured_media":116404,"comment_status":"open","ping_status":"closed","template":"","meta":{"_acf_changed":false},"product_brand":[],"product_cat":[42,201],"product_tag":[52],"class_list":{"0":"post-116403","1":"product","2":"type-product","3":"status-publish","4":"has-post-thumbnail","6":"product_cat-windows-server","7":"product_cat-windows-server-2019","8":"product_tag-windows","10":"first","11":"instock","12":"sale","13":"taxable","14":"shipping-taxable","15":"purchasable","16":"product-type-simple"},"acf":[],"_links":{"self":[{"href":"https:\/\/keyshop.windowsandoffice.com\/fr\/wp-json\/wp\/v2\/product\/116403","targetHints":{"allow":["GET"]}}],"collection":[{"href":"https:\/\/keyshop.windowsandoffice.com\/fr\/wp-json\/wp\/v2\/product"}],"about":[{"href":"https:\/\/keyshop.windowsandoffice.com\/fr\/wp-json\/wp\/v2\/types\/product"}],"replies":[{"embeddable":true,"href":"https:\/\/keyshop.windowsandoffice.com\/fr\/wp-json\/wp\/v2\/comments?post=116403"}],"wp:featuredmedia":[{"embeddable":true,"href":"https:\/\/keyshop.windowsandoffice.com\/fr\/wp-json\/wp\/v2\/media\/116404"}],"wp:attachment":[{"href":"https:\/\/keyshop.windowsandoffice.com\/fr\/wp-json\/wp\/v2\/media?parent=116403"}],"wp:term":[{"taxonomy":"product_brand","embeddable":true,"href":"https:\/\/keyshop.windowsandoffice.com\/fr\/wp-json\/wp\/v2\/product_brand?post=116403"},{"taxonomy":"product_cat","embeddable":true,"href":"https:\/\/keyshop.windowsandoffice.com\/fr\/wp-json\/wp\/v2\/product_cat?post=116403"},{"taxonomy":"product_tag","embeddable":true,"href":"https:\/\/keyshop.windowsandoffice.com\/fr\/wp-json\/wp\/v2\/product_tag?post=116403"}],"curies":[{"name":"wp","href":"https:\/\/api.w.org\/{rel}","templated":true}]}}