{"id":116393,"date":"2024-08-29T18:14:48","date_gmt":"2024-08-29T16:14:48","guid":{"rendered":"https:\/\/keyshop.windowsandoffice.com\/?post_type=product&#038;p=116393"},"modified":"2026-01-13T20:20:16","modified_gmt":"2026-01-13T19:20:16","slug":"microsoft-windows-server-2016-standard","status":"publish","type":"product","link":"https:\/\/keyshop.windowsandoffice.com\/fr\/produit\/microsoft-windows-server-2016-standard\/","title":{"rendered":"Microsoft Windows Server 2016 Standard"},"content":{"rendered":"<p><strong>Windows Server 2016<\/strong>\u00a0C'est le successeur de la principale norme industrielle des syst\u00e8mes d'exploitation pour serveurs. Il aide donc les entreprises \u00e0 prosp\u00e9rer dans l'\u00e8re moderne du cloud et du mobile.<\/p>\n<p>&nbsp;<\/p>\n<h4><b>Windows Server 2016<\/b><\/h4>\n<p>Il s'agit de la septi\u00e8me version du syst\u00e8me d'exploitation pour serveur Windows Server d\u00e9velopp\u00e9 par Microsoft dans le cadre de la famille des syst\u00e8mes d'exploitation Windows NT. Par cons\u00e9quent, il a \u00e9t\u00e9 d\u00e9velopp\u00e9 en m\u00eame temps que Windows 10. C'est \u00e9galement le successeur de <a href=\"https:\/\/keyshop.windowsandoffice.com\/fr\/produit\/windows-server-2012-std-ess-dc-versions\/\">Windows Server 2012 R2<\/a>. La premi\u00e8re version de l'aper\u00e7u initial est devenue disponible le 1er octobre 2014 en m\u00eame temps que le premier aper\u00e7u technique de System Center. En conclusion, Windows Server 2016 a \u00e9t\u00e9 lanc\u00e9 le 26 septembre 2016 lors de la conf\u00e9rence Ignite de Microsoft, donc il a \u00e9t\u00e9 mis en vente au d\u00e9tail le 12 octobre 2016. Au final, il a deux successeurs : <a href=\"https:\/\/keyshop.windowsandoffice.com\/fr\/produit\/windows-server-2019-std-ess-dc-versions\/\">Windows Server 2019<\/a> et le canal Windows Server semi-annuel, qui exclut l'interface utilisateur graphique et de nombreux composants plus anciens.<\/p>\n<p>&nbsp;<\/p>\n<p>Il existe trois versions diff\u00e9rentes:<\/p>\n<p>&nbsp;<\/p>\n<h4><span style=\"color: #808080;\"><strong>Windows Server 2016 Essentials<\/strong><\/span><\/h4>\n<p><span style=\"color: #808080;\">Il s'agit d'une solution serveur flexible. Ensuite, elle est abordable. Enfin, elle est facile \u00e0 utiliser. En conclusion, elle est id\u00e9ale pour les petites entreprises comptant jusqu'\u00e0 25 utilisateurs et 50 appareils.<\/span><\/p>\n<p><span style=\"color: #808080;\">D'autre part, il peut \u00e9galement \u00eatre utilis\u00e9 comme serveur principal dans un environnement de petite entreprise avec plusieurs serveurs.<\/span><\/p>\n<h4><span style=\"color: #333333;\"><strong>Windows Server 2016 Standard<\/strong><\/span><\/h4>\n<p><span style=\"color: #333333;\">L'\u00e9dition standard de Windows Server 2016 offre un bon support pour diff\u00e9rents bureaux. Si vous avez besoin d'un moyen flexible de virtualiser leur environnement, c'est donc votre option. La version comprend :<\/span><\/p>\n<ul>\n<li><span style=\"color: #333333;\">2 machines virtuelles<\/span><\/li>\n<li><span style=\"color: #333333;\">2 conteneurs Hyper-V<\/span><\/li>\n<li><span style=\"color: #333333;\">Conteneurs de serveur Windows illimit\u00e9s<\/span><\/li>\n<\/ul>\n<h4><span style=\"color: #808080;\"><strong>Windows Server 2016 Datacenter<\/strong><\/span><\/h4>\n<p><span style=\"color: #808080;\">Cette \u00e9dition est id\u00e9ale pour les entreprises de toutes tailles qui ont des charges de travail informatiques exigeantes, qui n\u00e9cessitent un stockage avanc\u00e9, la virtualisation et le d\u00e9ploiement d'applications, notamment :<\/span><\/p>\n<ul>\n<li><span style=\"color: #808080;\">Machines virtuelles : Illimit\u00e9.<\/span><\/li>\n<li><span style=\"color: #808080;\">Conteneurs Hyper-V : Illimit\u00e9.<\/span><\/li>\n<li><span style=\"color: #808080;\">Conteneurs de serveur Windows : Illimit\u00e9.<\/span><\/li>\n<li><span style=\"color: #808080;\">Les fonctionnalit\u00e9s de stockage qui incluent Storage Replica et Storage Spaces Direct<\/span><\/li>\n<li><span style=\"color: #808080;\">Nouvelle pile r\u00e9seau optimis\u00e9e<\/span><\/li>\n<li><span style=\"color: #808080;\">Machines virtuelles prot\u00e9g\u00e9es et service Host Guardian<\/span><\/li>\n<\/ul>\n<h4><strong>Configuration requise :<\/strong><\/h4>\n<ul>\n<li>Processeur : 1,4 GHz, processeur 64 bits.<\/li>\n<li>RAM : 512 Mo (2 Go pour le serveur avec l'option d'installation \"Desktop Experience\").<\/li>\n<li>Espace disponible sur le disque dur : 60 GO.<\/li>\n<li>Moniteur Super VGA (800 x 600) ou de r\u00e9solution sup\u00e9rieure.<\/li>\n<li>Clavier et souris Microsoft (ou autre dispositif de pointage compatible).<\/li>\n<\/ul>\n<h4><strong>Soutien :<\/strong><\/h4>\n<p>Pour toute question, n'h\u00e9sitez pas \u00e0 nous contacter. <a href=\"mailto:keyshop@dl-winandoffice.com\">par e-mail<\/a>. Notre service client\u00e8le est disponible 7 jours sur 7, 24 heures sur 24. Vous b\u00e9n\u00e9ficiez donc d'une assistance imm\u00e9diate.<\/p>\n<p>D'autre part, nous assurons la disponibilit\u00e9 de tous nos produits. Par cons\u00e9quent, vous recevrez votre commande en un temps record.<\/p>\n<p>Notre entreprise a plus de 10 ans d'exp\u00e9rience dans le domaine. Cela signifie que nous fournissons un service professionnel en fonction de vos besoins. N'h\u00e9sitez donc pas \u00e0 faire partie de notre r\u00e9seau mondial de clients satisfaits.<\/p>\n<p>Si vous voulez voir nos nouvelles<strong>, <a href=\"https:\/\/news.dl-winandoffice.com\/en\/\" target=\"_blank\" rel=\"noopener noreferrer nofollow\">cliquez ici<\/a><\/strong><\/p>\n<p>&nbsp;<\/p>","protected":false},"excerpt":{"rendered":"<p>Windows Server 2016 est le successeur de la principale norme industrielle des syst\u00e8mes d'exploitation pour serveurs. Il aide les entreprises \u00e0 prosp\u00e9rer dans l'\u00e8re moderne du cloud et du mobile. Trois versions diff\u00e9rentes sont disponibles :<\/p>\n<ul>\n<li>Windows Server 2016 Essentials<\/li>\n<li><strong>Windows Server 2016 Standard<\/strong><\/li>\n<li>Windows Server 2016 Datacenter<\/li>\n<\/ul>","protected":false},"featured_media":116395,"comment_status":"open","ping_status":"closed","template":"","meta":{"_acf_changed":false},"product_brand":[],"product_cat":[42,200],"product_tag":[52],"class_list":{"0":"post-116393","1":"product","2":"type-product","3":"status-publish","4":"has-post-thumbnail","6":"product_cat-windows-server","7":"product_cat-windows-server-2016","8":"product_tag-windows","10":"first","11":"instock","12":"sale","13":"virtual","14":"taxable","15":"purchasable","16":"product-type-simple"},"acf":[],"_links":{"self":[{"href":"https:\/\/keyshop.windowsandoffice.com\/fr\/wp-json\/wp\/v2\/product\/116393","targetHints":{"allow":["GET"]}}],"collection":[{"href":"https:\/\/keyshop.windowsandoffice.com\/fr\/wp-json\/wp\/v2\/product"}],"about":[{"href":"https:\/\/keyshop.windowsandoffice.com\/fr\/wp-json\/wp\/v2\/types\/product"}],"replies":[{"embeddable":true,"href":"https:\/\/keyshop.windowsandoffice.com\/fr\/wp-json\/wp\/v2\/comments?post=116393"}],"wp:featuredmedia":[{"embeddable":true,"href":"https:\/\/keyshop.windowsandoffice.com\/fr\/wp-json\/wp\/v2\/media\/116395"}],"wp:attachment":[{"href":"https:\/\/keyshop.windowsandoffice.com\/fr\/wp-json\/wp\/v2\/media?parent=116393"}],"wp:term":[{"taxonomy":"product_brand","embeddable":true,"href":"https:\/\/keyshop.windowsandoffice.com\/fr\/wp-json\/wp\/v2\/product_brand?post=116393"},{"taxonomy":"product_cat","embeddable":true,"href":"https:\/\/keyshop.windowsandoffice.com\/fr\/wp-json\/wp\/v2\/product_cat?post=116393"},{"taxonomy":"product_tag","embeddable":true,"href":"https:\/\/keyshop.windowsandoffice.com\/fr\/wp-json\/wp\/v2\/product_tag?post=116393"}],"curies":[{"name":"wp","href":"https:\/\/api.w.org\/{rel}","templated":true}]}}