{"id":116380,"date":"2024-08-29T17:54:51","date_gmt":"2024-08-29T15:54:51","guid":{"rendered":"https:\/\/keyshop.windowsandoffice.com\/?post_type=product&#038;p=116380"},"modified":"2026-01-13T20:20:16","modified_gmt":"2026-01-13T19:20:16","slug":"microsoft-windows-server-2012-standard","status":"publish","type":"product","link":"https:\/\/keyshop.windowsandoffice.com\/fr\/produit\/microsoft-windows-server-2012-standard\/","title":{"rendered":"Microsoft Windows Server 2012 Standard"},"content":{"rendered":"<p>Windows Server 2012 R2 est le successeur du principal standard industriel des syst\u00e8mes d'exploitation pour serveurs. Trois versions diff\u00e9rentes sont disponibles :<\/p>\n<p><span style=\"color: #808080;\"><strong>Windows Server 2012 R2 Essentials<\/strong><\/span><\/p>\n<p><span style=\"color: #808080;\">Con\u00e7u pour les environnements \u00e0 faible densit\u00e9 ou non virtualis\u00e9s, il s'agit d'une solution serveur flexible, abordable et facile \u00e0 utiliser, con\u00e7ue et tarif\u00e9e pour les petites entreprises comptant jusqu'\u00e0 25 utilisateurs et 50 appareils. Windows Server Essentials est un premier serveur id\u00e9al et peut \u00e9galement \u00eatre utilis\u00e9 comme serveur principal dans un environnement multiserveur pour les petites entreprises.<\/span><\/p>\n<p><strong>Windows Server 2012 R2 Standard<\/strong><\/p>\n<p>Con\u00e7u pour les environnements \u00e0 faible densit\u00e9 ou non virtualis\u00e9s, ce syst\u00e8me offre une fonctionnalit\u00e9 compl\u00e8te de serveur Windows avec deux instances virtuelles. En outre, il fournit une infrastructure dynamique et multi-locataires qui va au-del\u00e0 des technologies de virtualisation pr\u00e9c\u00e9dentes, ainsi qu'une plateforme compl\u00e8te pour la cr\u00e9ation d'un Cloud priv\u00e9 Microsoft. Cela vous permet de faire \u00e9voluer et de s\u00e9curiser les charges de travail, de disposer d'une solution cloud rentable et d'une connectivit\u00e9 de service cloud s\u00e9curis\u00e9e.<\/p>\n<p><span style=\"color: #808080;\"><strong>Windows Server 2012 R2 Datacenter<\/strong><\/span><\/p>\n<p><span style=\"color: #808080;\">Con\u00e7u pour une virtualisation \u00e0 haute densit\u00e9 avec un nombre illimit\u00e9 d'instances virtuelles. En outre, Windows Server 2012 R2 Datacenter fournit une infrastructure dynamique et multi-locataires qui va au-del\u00e0 des technologies de virtualisation pr\u00e9c\u00e9dentes, ainsi qu'une plateforme compl\u00e8te pour la cr\u00e9ation d'un Cloud priv\u00e9 Microsoft. Cela vous permet de faire \u00e9voluer et de s\u00e9curiser les charges de travail, de disposer d'une solution cloud rentable et d'une connectivit\u00e9 de service cloud s\u00e9curis\u00e9e.<\/span><\/p>\n<p><a href=\"https:\/\/keyshop.windowsandoffice.com\/fr\/produit\/windows-server-2012-r2-rds\/\">Vous recherchez Windows Server 2012 r2 RDS User-Device CAL ?<\/a><\/p>\n<p><strong>Configuration requise :<\/strong><\/p>\n<ul>\n<li>Processeur : 1,4 GHz 64 bits<\/li>\n<li>RAM : 512 MB<\/li>\n<li>Espace disponible sur le disque dur : 32 GO<\/li>\n<li>Moniteur Super VGA (800 x 600) ou de r\u00e9solution sup\u00e9rieure<\/li>\n<li>Clavier et souris Microsoft (ou autre dispositif de pointage compatible)<\/li>\n<\/ul>\n<h4><strong>Soutien :<\/strong><\/h4>\n<p>Pour toute question, n'h\u00e9sitez pas \u00e0 nous contacter. <a href=\"mailto:keyshop@dl-winandoffice.com\">par e-mail<\/a>. Notre service client\u00e8le est disponible 7 jours sur 7, 24 heures sur 24. Vous b\u00e9n\u00e9ficiez donc d'une assistance imm\u00e9diate.<\/p>\n<p>D'autre part, nous assurons la disponibilit\u00e9 de tous nos produits. Par cons\u00e9quent, vous recevrez votre commande en un temps record.<\/p>\n<p>Notre entreprise a plus de 10 ans d'exp\u00e9rience dans le domaine. Cela signifie que nous fournissons un service professionnel en fonction de vos besoins. N'h\u00e9sitez donc pas \u00e0 faire partie de notre r\u00e9seau mondial de clients satisfaits.<\/p>\n<p>Si vous voulez voir nos nouvelles<strong>, <a href=\"https:\/\/news.dl-winandoffice.com\/en\/\" target=\"_blank\" rel=\"noopener noreferrer nofollow\">cliquez ici<\/a><\/strong><\/p>\n<p>&nbsp;<\/p>","protected":false},"excerpt":{"rendered":"<p>Windows Server 2012 R2 est le successeur du principal standard industriel des syst\u00e8mes d'exploitation pour serveurs. Trois versions diff\u00e9rentes sont disponibles :<\/p>\n<ul>\n<li>Windows Server 2012 R2 Essentials<\/li>\n<li><strong>Windows Server 2012 R2 Standard<\/strong><\/li>\n<li>Windows Server 2012 R2 Datacenter<\/li>\n<\/ul>","protected":false},"featured_media":116381,"comment_status":"open","ping_status":"closed","template":"","meta":{"_acf_changed":false},"product_brand":[],"product_cat":[42,199],"product_tag":[],"class_list":{"0":"post-116380","1":"product","2":"type-product","3":"status-publish","4":"has-post-thumbnail","6":"product_cat-windows-server","7":"product_cat-windows-server-2012-r2","9":"first","10":"instock","11":"sale","12":"virtual","13":"taxable","14":"purchasable","15":"product-type-simple"},"acf":[],"_links":{"self":[{"href":"https:\/\/keyshop.windowsandoffice.com\/fr\/wp-json\/wp\/v2\/product\/116380","targetHints":{"allow":["GET"]}}],"collection":[{"href":"https:\/\/keyshop.windowsandoffice.com\/fr\/wp-json\/wp\/v2\/product"}],"about":[{"href":"https:\/\/keyshop.windowsandoffice.com\/fr\/wp-json\/wp\/v2\/types\/product"}],"replies":[{"embeddable":true,"href":"https:\/\/keyshop.windowsandoffice.com\/fr\/wp-json\/wp\/v2\/comments?post=116380"}],"wp:featuredmedia":[{"embeddable":true,"href":"https:\/\/keyshop.windowsandoffice.com\/fr\/wp-json\/wp\/v2\/media\/116381"}],"wp:attachment":[{"href":"https:\/\/keyshop.windowsandoffice.com\/fr\/wp-json\/wp\/v2\/media?parent=116380"}],"wp:term":[{"taxonomy":"product_brand","embeddable":true,"href":"https:\/\/keyshop.windowsandoffice.com\/fr\/wp-json\/wp\/v2\/product_brand?post=116380"},{"taxonomy":"product_cat","embeddable":true,"href":"https:\/\/keyshop.windowsandoffice.com\/fr\/wp-json\/wp\/v2\/product_cat?post=116380"},{"taxonomy":"product_tag","embeddable":true,"href":"https:\/\/keyshop.windowsandoffice.com\/fr\/wp-json\/wp\/v2\/product_tag?post=116380"}],"curies":[{"name":"wp","href":"https:\/\/api.w.org\/{rel}","templated":true}]}}