{"id":116189,"date":"2024-08-21T18:26:45","date_gmt":"2024-08-21T16:26:45","guid":{"rendered":"https:\/\/keyshop.windowsandoffice.com\/?post_type=product&#038;p=116189"},"modified":"2026-02-12T17:14:33","modified_gmt":"2026-02-12T16:14:33","slug":"microsoft-office-home-business-2024-microsoft-office-home-business-2016","status":"publish","type":"product","link":"https:\/\/keyshop.windowsandoffice.com\/fr\/produit\/microsoft-office-home-business-2024-microsoft-office-home-business-2016\/","title":{"rendered":"Microsoft Office Home &amp; Business 2024 + Microsoft Office Home &amp; Business 2016"},"content":{"rendered":"<p><strong>Microsoft Office Home &amp; Business 2024<\/strong><\/p>\n<p>Office 2024 pour Windows est con\u00e7u pour vous aider \u00e0 travailler plus efficacement. Il pr\u00e9sente de nouvelles fonctionnalit\u00e9s \u00e9tonnantes qui facilitent la communication, la cr\u00e9ation, la collaboration et le partage de votre travail. Office 2024 pour Windows tire pleinement parti des derni\u00e8res innovations, garantissant la compatibilit\u00e9 et les performances sur les PC modernes. Le produit devrait \u00eatre lanc\u00e9 fin 2024 avec toutes ces nouvelles fonctionnalit\u00e9s.<\/p>\n<hr \/>\n<p>&nbsp;<\/p>\n<h4>Microsoft Office Home &amp; Business 2016<\/h4>\n<p>Office 2016 MAC est con\u00e7u pour vous aider \u00e0 travailler plus rapidement. Il offre de nouvelles fonctionnalit\u00e9s \u00e9tonnantes qui facilitent la communication, la cr\u00e9ation, la collaboration et le partage de votre travail. Office 2016 est con\u00e7u pour tirer parti des derni\u00e8res fonctionnalit\u00e9s de Windows.<\/p>\n<h4>CARACT\u00c9RISTIQUES<\/h4>\n<p>Microsoft Office 2016 MAC est le successeur de Microsoft Office 2011. Microsoft Office 2016 pour Mac est compatible avec OS X 10.10 Yosemite ou toute version ult\u00e9rieure de Mac OS X. Office 2016 pour MAC, comme ses pr\u00e9d\u00e9cesseurs, est disponible dans une vari\u00e9t\u00e9 de packages, chacun \u00e9tant adapt\u00e9 \u00e0 des besoins diff\u00e9rents. Que vous ayez besoin de Office pour un usage personnel ou professionnel, Microsoft a le package qu'il vous faut.<\/p>","protected":false},"excerpt":{"rendered":"<div class=\"woocommerce-product-details__short-description\">\n<ul>\n<li>Vous recevrez MIcrosoft Office Home &amp; Business 2016 avec la licence actuelle, la facture, les instructions d'installation et le lien de t\u00e9l\u00e9chargement.<\/li>\n<\/ul>\n<ul>\n<li>Vous recevrez l'installateur Office 2024 (sans licence, version preview), 100% fonctionnel, avec toutes ses applications, ainsi qu'une cl\u00e9 d'activation temporaire.<\/li>\n<li>Lorsque Microsoft publiera la version officielle de Office Home &amp; Business 2024 et de Microsoft Office 2024 Pro Plus (pr\u00e9vue jusqu'\u00e0 la fin de 2024), vous recevrez la licence officielle et la cl\u00e9 d'activation par courrier \u00e9lectronique.<\/li>\n<li>T\u00e9l\u00e9chargement instantan\u00e9 !<\/li>\n<li>Pas de limite de temps, pas d'abonnement<\/li>\n<li>Assistance gratuite \u00e0 l'installation et \u00e0 l'activation<\/li>\n<li>Pas de livraison sur des supports de donn\u00e9es (USB, CD, etc.)<\/li>\n<li>Activation en ligne et par t\u00e9l\u00e9phone<\/li>\n<li><strong>Ce produit n'est PAS compatible avec les syst\u00e8mes d'exploitation Apple (MacOS, iPadOS, iOS), les Chromebooks<\/strong><\/li>\n<\/ul>\n<pre class=\"language-html\" data-lang=\"html\"><code class=\"lang-html language-html\"><\/code><\/pre>\n<\/div>","protected":false},"featured_media":116190,"comment_status":"open","ping_status":"closed","template":"","meta":{"_acf_changed":false},"product_brand":[],"product_cat":[40],"product_tag":[188,51],"class_list":{"0":"post-116189","1":"product","2":"type-product","3":"status-publish","4":"has-post-thumbnail","6":"product_cat-msoffice","7":"product_tag-microsoft","8":"product_tag-ms-office","10":"first","11":"instock","12":"sale","13":"virtual","14":"taxable","15":"purchasable","16":"product-type-simple"},"acf":[],"_links":{"self":[{"href":"https:\/\/keyshop.windowsandoffice.com\/fr\/wp-json\/wp\/v2\/product\/116189","targetHints":{"allow":["GET"]}}],"collection":[{"href":"https:\/\/keyshop.windowsandoffice.com\/fr\/wp-json\/wp\/v2\/product"}],"about":[{"href":"https:\/\/keyshop.windowsandoffice.com\/fr\/wp-json\/wp\/v2\/types\/product"}],"replies":[{"embeddable":true,"href":"https:\/\/keyshop.windowsandoffice.com\/fr\/wp-json\/wp\/v2\/comments?post=116189"}],"wp:featuredmedia":[{"embeddable":true,"href":"https:\/\/keyshop.windowsandoffice.com\/fr\/wp-json\/wp\/v2\/media\/116190"}],"wp:attachment":[{"href":"https:\/\/keyshop.windowsandoffice.com\/fr\/wp-json\/wp\/v2\/media?parent=116189"}],"wp:term":[{"taxonomy":"product_brand","embeddable":true,"href":"https:\/\/keyshop.windowsandoffice.com\/fr\/wp-json\/wp\/v2\/product_brand?post=116189"},{"taxonomy":"product_cat","embeddable":true,"href":"https:\/\/keyshop.windowsandoffice.com\/fr\/wp-json\/wp\/v2\/product_cat?post=116189"},{"taxonomy":"product_tag","embeddable":true,"href":"https:\/\/keyshop.windowsandoffice.com\/fr\/wp-json\/wp\/v2\/product_tag?post=116189"}],"curies":[{"name":"wp","href":"https:\/\/api.w.org\/{rel}","templated":true}]}}