{"id":115856,"date":"2024-07-18T00:00:53","date_gmt":"2024-07-17T22:00:53","guid":{"rendered":"https:\/\/keyshop.windowsandoffice.com\/?post_type=product&#038;p=115856"},"modified":"2026-02-12T17:14:33","modified_gmt":"2026-02-12T16:14:33","slug":"windows-11-professional-project-2021-professional-office-2021-professional-visio-2021-standard-license-for-3-devices","status":"publish","type":"product","link":"https:\/\/keyshop.windowsandoffice.com\/fr\/produit\/windows-11-professional-project-2021-professional-office-2021-professional-visio-2021-standard-license-for-3-devices\/","title":{"rendered":"Microsoft Windows 11 Professional + Microsoft Project 2021 Professional + Microsoft Office 2021 Professional + Microsoft Visio 2021 Licence standard pour 3 PCs"},"content":{"rendered":"<div id=\"primaryR2\" data-grid=\"container\" data-region-key=\"primaryr2\" data-m=\"{&quot;cN&quot;:&quot;primaryR2 1&quot;,&quot;cT&quot;:&quot;Region_coreui-region&quot;,&quot;id&quot;:&quot;r2a2&quot;,&quot;sN&quot;:2,&quot;aN&quot;:&quot;a2&quot;}\">\n<div id=\"coreui-banner-l03vzh8\" data-m=\"{&quot;cN&quot;:&quot;R2Banner 1&quot;,&quot;cT&quot;:&quot;Module_coreui-banner&quot;,&quot;id&quot;:&quot;m1r2a2&quot;,&quot;sN&quot;:1,&quot;aN&quot;:&quot;r2a2&quot;}\" data-module-id=\"WDG-Windows|primaryR2|coreui-region|coreui-banner-l03vzh8|coreui-banner\">\n<div class=\"m-banner f-align-left\" data-grid=\"col-12\">\n<h4>Microsoft Windows 11 Professional<\/h4>\n<p><strong>Avec cette licence, le logiciel peut \u00eatre activ\u00e9 sur 3 appareils diff\u00e9rents, par exemple un ordinateur personnel, un ordinateur portable et un ordinateur professionnel.<\/strong><\/p>\n<h4 class=\"c-heading-3\">Configuration requise<\/h4>\n<\/div>\n<\/div>\n<div id=\"coreui-divider-f6wmnt9\" data-m=\"{&quot;cN&quot;:&quot;R2Divider 1&quot;,&quot;cT&quot;:&quot;Module_coreui-divider&quot;,&quot;id&quot;:&quot;m2r2a2&quot;,&quot;sN&quot;:2,&quot;aN&quot;:&quot;r2a2&quot;}\" data-module-id=\"WDG-Windows|primaryR2|coreui-region|coreui-divider-f6wmnt9|coreui-divider\">\n<hr class=\"c-divider f-pad-top-3x\" data-grid=\"col-12\" \/>\n<\/div>\n<div id=\"coreui-contentrichblock-o5iouct\" data-m=\"{&quot;cN&quot;:&quot;R2ContentRichBlock 1&quot;,&quot;cT&quot;:&quot;Module_coreui-contentrichblock&quot;,&quot;id&quot;:&quot;m3r2a2&quot;,&quot;sN&quot;:3,&quot;aN&quot;:&quot;r2a2&quot;}\" data-module-id=\"WDG-Windows|primaryR2|coreui-region|coreui-contentrichblock-o5iouct|coreui-contentrichblock\">\n<div class=\"m-rich-content-block context-ucx\" data-grid=\"col-12\">\n<p>Assurez-vous d'\u00eatre pr\u00eat pour le dernier et le meilleur syst\u00e8me d'exploitation de Microsoft !<\/p>\n<p>Il s'agit de la configuration minimale requise pour installer le Windows 11 sur un PC. Si votre appareil ne r\u00e9pond pas \u00e0 ces exigences, il se peut que vous ne puissiez pas installer Windows 11.<strong> Si vous n'\u00eates pas s\u00fbr que votre PC r\u00e9ponde \u00e0 ces exigences, vous pouvez utiliser l'application PC Health Check pour \u00e9valuer la compatibilit\u00e9 (n\u00e9cessite Windows 10), <a href=\"https:\/\/aka.ms\/GetPCHealthCheckApp\" rel=\"nofollow noopener\" target=\"_blank\">cliquez ici pour t\u00e9l\u00e9charger<\/a>).<\/strong><\/p>\n<\/div>\n<\/div>\n<div id=\"coreui-tablev2-62jrfm3\" data-m=\"{&quot;cN&quot;:&quot;R2TableV2 1&quot;,&quot;cT&quot;:&quot;Module_coreui-tablev2&quot;,&quot;id&quot;:&quot;m4r2a2&quot;,&quot;sN&quot;:4,&quot;aN&quot;:&quot;r2a2&quot;}\" data-module-id=\"WDG-Windows|primaryR2|coreui-region|coreui-tablev2-62jrfm3|coreui-tablev2\">\n<div class=\"m-table\">\n<div class=\"c-table\" data-f-loc-ascending=\"Sorted by {0} - ascending\" data-f-loc-descending=\"Sorted by {0} - descending\">\n<table>\n<thead>\n<tr>\n<th scope=\"col\"><\/th>\n<th scope=\"col\"><\/th>\n<\/tr>\n<\/thead>\n<tbody>\n<tr>\n<td class=\"f-divided\"><strong>Processeur :<\/strong><\/td>\n<td class=\"f-divided\">1 gigahertz (GHz) ou plus rapide avec 2 c\u0153urs ou plus sur un ordinateur portable <a href=\"https:\/\/docs.microsoft.com\/en-us\/windows-hardware\/design\/minimum\/windows-processor-requirements\" rel=\"nofollow noopener\" target=\"_blank\">processeur 64 bits compatible<\/a> ou syst\u00e8me sur puce (SoC)<\/td>\n<\/tr>\n<tr>\n<td class=\"f-divided\"><strong>RAM :<\/strong><\/td>\n<td class=\"f-divided\">4 gigaoctets (Go)<\/td>\n<\/tr>\n<tr>\n<td class=\"f-divided\"><strong>Stockage :<\/strong><\/td>\n<td class=\"f-divided\">Dispositif de stockage de 64 Go ou plus<\/p>\n<p>Note : Pour plus de d\u00e9tails, voir ci-dessous la rubrique \"Plus d'informations sur l'espace de stockage pour maintenir Windows 11 \u00e0 jour\".<\/td>\n<\/tr>\n<tr>\n<td class=\"f-divided\"><strong>Firmware du syst\u00e8me :<\/strong><\/td>\n<td class=\"f-divided\">UEFI, compatible avec Secure Boot<\/td>\n<\/tr>\n<tr>\n<td class=\"f-divided\"><strong>TPM :<\/strong><\/td>\n<td class=\"f-divided\">Module de plateforme de confiance (TPM) version 2.0<\/td>\n<\/tr>\n<tr>\n<td class=\"f-divided\"><strong>Carte graphique :<\/strong><\/td>\n<td class=\"f-divided\">Compatible avec DirectX 12 ou plus avec le pilote WDDM 2.0<\/td>\n<\/tr>\n<tr>\n<td class=\"f-divided\"><strong>Affichez :<\/strong><\/td>\n<td class=\"f-divided\">\u00c9cran haute d\u00e9finition (720p) dont la diagonale est sup\u00e9rieure \u00e0 9 pouces, 8 bits par canal de couleur<\/td>\n<\/tr>\n<tr>\n<td class=\"f-divided\"><strong>Connexion Internet et comptes Microsoft :\u00a0<\/strong><\/td>\n<td class=\"f-divided\">L'\u00e9dition professionnelle de Windows 11 n\u00e9cessite une connexion Internet et un compte Microsoft pour terminer la configuration de l'appareil lors de la premi\u00e8re utilisation.<\/p>\n<p>La commutation d'un appareil hors du mode Windows 11 Home en mode S n\u00e9cessite \u00e9galement une connectivit\u00e9 Internet.<\/p>\n<p>Pour toutes les \u00e9ditions de Windows 11, un acc\u00e8s \u00e0 Internet est n\u00e9cessaire pour effectuer les mises \u00e0 jour et pour t\u00e9l\u00e9charger et profiter de certaines fonctionnalit\u00e9s. Un compte Microsoft est n\u00e9cessaire pour certaines fonctionnalit\u00e9s.<\/td>\n<\/tr>\n<\/tbody>\n<\/table>\n<\/div>\n<\/div>\n<\/div>\n<div id=\"coreui-contentrichblock-wqm7a2a\" data-m=\"{&quot;cN&quot;:&quot;R2ContentRichBlock 2&quot;,&quot;cT&quot;:&quot;Module_coreui-contentrichblock&quot;,&quot;id&quot;:&quot;m5r2a2&quot;,&quot;sN&quot;:5,&quot;aN&quot;:&quot;r2a2&quot;}\" data-module-id=\"WDG-Windows|primaryR2|coreui-region|coreui-contentrichblock-wqm7a2a|coreui-contentrichblock\">\n<div class=\"m-rich-content-block context-ucx\" data-grid=\"col-12\">\n<p>Il peut y avoir des exigences suppl\u00e9mentaires au fil du temps pour les mises \u00e0 jour, ainsi que des exigences pour activer des fonctionnalit\u00e9s sp\u00e9cifiques dans le syst\u00e8me d'exploitation.<\/p>\n<\/div>\n<\/div>\n<\/div>\n<div id=\"primaryR3\" data-grid=\"container\" data-region-key=\"primaryr3\" data-m=\"{&quot;cN&quot;:&quot;primaryR3 1&quot;,&quot;cT&quot;:&quot;Region_coreui-region&quot;,&quot;id&quot;:&quot;r3a2&quot;,&quot;sN&quot;:3,&quot;aN&quot;:&quot;a2&quot;}\">\n<div id=\"coreui-divider-xjbne9z\" data-m=\"{&quot;cN&quot;:&quot;R2Divider 1&quot;,&quot;cT&quot;:&quot;Module_coreui-divider&quot;,&quot;id&quot;:&quot;m2r3a2&quot;,&quot;sN&quot;:2,&quot;aN&quot;:&quot;r3a2&quot;}\" data-module-id=\"WDG-Windows|primaryR3|coreui-region|coreui-divider-xjbne9z|coreui-divider\">\n<hr class=\"c-divider f-pad-top-3x\" data-grid=\"col-12\" \/>\n<\/div>\n<div id=\"coreui-contentrichblock-rhi1sei\" data-m=\"{&quot;cN&quot;:&quot;R2ContentRichBlock 1&quot;,&quot;cT&quot;:&quot;Module_coreui-contentrichblock&quot;,&quot;id&quot;:&quot;m3r3a2&quot;,&quot;sN&quot;:3,&quot;aN&quot;:&quot;r3a2&quot;}\" data-module-id=\"WDG-Windows|primaryR3|coreui-region|coreui-contentrichblock-rhi1sei|coreui-contentrichblock\">\n<div class=\"m-rich-content-block context-ucx\" data-grid=\"col-12\">\n<p>Certaines fonctionnalit\u00e9s de Windows 11 Professional requi\u00e8rent des exigences plus \u00e9lev\u00e9es que celles \u00e9num\u00e9r\u00e9es ci-dessus dans la section des exigences minimales. Vous trouverez ci-dessous des d\u00e9tails suppl\u00e9mentaires concernant les exigences pour les fonctions cl\u00e9s :<\/p>\n<div>\n<ul class=\"c-list\">\n<li><strong>Support 5G<\/strong> n\u00e9cessite un modem compatible 5G.<\/li>\n<li><strong>Auto HDR<\/strong> n\u00e9cessite un moniteur HDR.<\/li>\n<li><strong>BitLocker to Go<\/strong> n\u00e9cessite une cl\u00e9 USB (disponible dans les \u00e9ditions Windows 7 Pro et sup\u00e9rieures).<\/li>\n<li><strong>Client Hyper-V<\/strong> n\u00e9cessite un processeur dot\u00e9 de capacit\u00e9s de traduction d'adresse de deuxi\u00e8me niveau (SLAT) (disponible dans les \u00e9ditions Windows Pro et sup\u00e9rieures).<\/li>\n<li><strong>Cortana<\/strong> n\u00e9cessite un microphone et un haut-parleur et est actuellement disponible sur Windows 11 pour l'Australie, le Br\u00e9sil, le Canada, la Chine, la France, l'Allemagne, l'Inde, l'Italie, le Japon, le Mexique, l'Espagne, le Royaume-Uni et les \u00c9tats-Unis.<\/li>\n<li><strong>DirectStorage<\/strong> n\u00e9cessite un disque SSD NVMe pour stocker et ex\u00e9cuter des jeux qui utilisent le pilote \"Standard NVM Express Controller\" et un GPU DirectX12 avec prise en charge du Shader Model 6.0.<\/li>\n<li><strong>DirectX 12 Ultimate<\/strong> est disponible avec les jeux et les puces graphiques pris en charge.<\/li>\n<li><strong>Pr\u00e9sence<\/strong> n\u00e9cessite un capteur capable de d\u00e9tecter la distance entre l'homme et le dispositif ou l'intention d'interagir avec le dispositif.<\/li>\n<li><strong>Vid\u00e9o-conf\u00e9rence intelligente<\/strong> n\u00e9cessite une cam\u00e9ra vid\u00e9o, un microphone et un haut-parleur (sortie audio).<\/li>\n<li><strong>Assistant vocal multiple (AVM)<\/strong> n\u00e9cessite un microphone et un haut-parleur.<\/li>\n<li><strong>Snap<\/strong> Les mises en page \u00e0 trois colonnes n\u00e9cessitent un \u00e9cran d'une largeur de 1920 pixels effectifs ou plus.<\/li>\n<li><strong>Coupure\/r\u00e9tablissement du son \u00e0 partir de la barre des t\u00e2ches<\/strong> n\u00e9cessite une cam\u00e9ra vid\u00e9o, un microphone et un haut-parleur (sortie audio). L'application doit \u00eatre compatible avec la fonction pour activer la mise en sourdine\/le d\u00e9blocage global.<\/li>\n<li><strong>Son spatial<\/strong> n\u00e9cessite du mat\u00e9riel et des logiciels de soutien.<\/li>\n<li><strong>\u00c9quipes<\/strong> n\u00e9cessite une cam\u00e9ra vid\u00e9o, un microphone et un haut-parleur (sortie audio).<\/li>\n<li><strong>Touch<\/strong> n\u00e9cessite un \u00e9cran ou un moniteur qui supporte le multi-touch.<\/li>\n<li><strong>Authentification \u00e0 deux facteurs<\/strong> n\u00e9cessite l'utilisation d'un code PIN, d'un syst\u00e8me biom\u00e9trique (lecteur d'empreintes digitales ou cam\u00e9ra infrarouge \u00e9clair\u00e9e) ou d'un t\u00e9l\u00e9phone dot\u00e9 de capacit\u00e9s Wi-Fi ou Bluetooth.<\/li>\n<li><strong>Dactylographie vocale<\/strong> n\u00e9cessite un PC avec un microphone.<\/li>\n<li><strong>R\u00e9veil sur la voix<\/strong> n\u00e9cessite un mod\u00e8le d'alimentation en veille moderne et un microphone.<\/li>\n<li><strong>Wi-Fi 6E<\/strong> n\u00e9cessite un nouveau mat\u00e9riel et un nouveau pilote WLAN IHV et un AP\/routeur compatible Wi-Fi 6E.<\/li>\n<li><strong>Windows Bonjour<\/strong> n\u00e9cessite une cam\u00e9ra configur\u00e9e pour l'imagerie infrarouge proche (IR) ou un lecteur d'empreintes digitales pour l'authentification biom\u00e9trique. Les appareils sans capteur biom\u00e9trique peuvent utiliser Windows Hello avec un code PIN ou une cl\u00e9 de s\u00e9curit\u00e9 portable compatible avec Microsoft.<\/li>\n<li><strong>Projection Windows<\/strong> requiert un adaptateur d'affichage prenant en charge le mod\u00e8le de pilote d'affichage Windows (WDDM) 2.0 et un adaptateur Wi-Fi prenant en charge Wi-Fi Direct.<\/li>\n<li><strong>Xbox (application)<\/strong> n\u00e9cessite un compte Xbox Live, qui n'est pas disponible dans toutes les r\u00e9gions. Consultez la section Pays et r\u00e9gions Xbox Live pour obtenir les informations les plus r\u00e9centes sur la disponibilit\u00e9. Certaines fonctionnalit\u00e9s de l'application Xbox n\u00e9cessitent un abonnement actif au Xbox Game Pass. En savoir plus sur le pass.<\/li>\n<\/ul>\n<h3>Projet 2021 Professionnel<\/h3>\n<p><strong>Avec cette licence, le logiciel peut \u00eatre activ\u00e9 sur 3 appareils diff\u00e9rents, par exemple un ordinateur personnel, un ordinateur portable et un ordinateur professionnel.<\/strong><\/p>\n<p>La version performante de Microsoft Project Professional 2021 Edition propose des fonctions \u00e9tendues et de nouvelles interfaces avec MS SharePoint, Project Server et Skype. Le logiciel exploite pleinement les nombreux avantages du syst\u00e8me d'exploitation Windows 10 ou 11, mais n'est pas pris en charge par les anciennes versions de Windows. MS Project Professional 2021 s'adresse en premier lieu aux chefs de projet des entreprises qui planifient, g\u00e8rent, documentent et analysent ult\u00e9rieurement leurs projets individuels.<\/p>\n<h3>Office 2021 Professionnel<\/h3>\n<p><strong>Avec cette licence, le logiciel peut \u00eatre activ\u00e9 sur 3 appareils diff\u00e9rents, par exemple un ordinateur personnel, un ordinateur portable et un ordinateur professionnel.<\/strong><\/p>\n<div class=\"dePhmb\">\n<div class=\"eyKpYb\" data-language=\"en\" data-original-language=\"de\" data-result-index=\"0\">\n<div class=\"J0lOec\">\n<p>Les utilisateurs de Microsoft Office qui utilisent une gamme compl\u00e8te d'applications \u00e0 la maison ou au bureau sont bien avis\u00e9s avec le Office 2021 Professional Plus Edition. Tous les programmes importants sont inclus : Word, Excel, Outlook, PowerPoint, Publisher et Access. OneNote peut d\u00e9sormais \u00eatre t\u00e9l\u00e9charg\u00e9 \u00e0 partir de la boutique Windows, ce qui vous permet de prendre rapidement des notes et de les rendre disponibles sur tous les appareils via le cloud. En raison du large \u00e9ventail de programmes diff\u00e9rents, la version Professional Plus s'adresse principalement aux personnes qui travaillent \u00e0 la maison, au bureau \u00e0 domicile ou qui recherchent une solution puissante et fiable au bureau pour organiser des documents, des tableaux, etc.<\/p>\n<\/div>\n<ul>\n<li class=\"J0lOec\"><span class=\"VIiyi\" lang=\"en\"><span class=\"JLqJ4b ChMk0b\" data-language-for-alternatives=\"en\" data-language-to-translate-into=\"de\" data-phrase-index=\"9\" data-number-of-phrases=\"18\"><strong>Word<\/strong>: Cr\u00e9ez des documents texte de qualit\u00e9 professionnelle en un rien de temps.<\/span><\/span><\/li>\n<li class=\"J0lOec\"><span class=\"VIiyi\" lang=\"en\"><span class=\"JLqJ4b ChMk0b\" data-language-for-alternatives=\"en\" data-language-to-translate-into=\"de\" data-phrase-index=\"11\" data-number-of-phrases=\"18\"><strong>Excel<\/strong>: Feuille de calcul intelligente pour la gestion de l'information.<\/span><\/span><\/li>\n<li class=\"J0lOec\"><span class=\"VIiyi\" lang=\"en\"><span class=\"JLqJ4b ChMk0b\" data-language-for-alternatives=\"en\" data-language-to-translate-into=\"de\" data-phrase-index=\"13\" data-number-of-phrases=\"18\"><strong>PowerPoint<\/strong>: Cr\u00e9ez des pr\u00e9sentations dynamiques impressionnantes.<\/span><\/span><\/li>\n<li class=\"J0lOec\"><span class=\"VIiyi\" lang=\"en\"><span class=\"JLqJ4b ChMk0b\" data-language-for-alternatives=\"en\" data-language-to-translate-into=\"de\" data-phrase-index=\"15\" data-number-of-phrases=\"18\"><strong>OneNote<\/strong>: Votre carnet de notes num\u00e9rique.<\/span><\/span><\/li>\n<li class=\"J0lOec\"><span class=\"VIiyi\" lang=\"en\"><span class=\"JLqJ4b ChMk0b\" data-language-for-alternatives=\"en\" data-language-to-translate-into=\"de\" data-phrase-index=\"17\" data-number-of-phrases=\"18\"><strong>Outlook<\/strong>: La communication facilit\u00e9e.<\/span><\/span><\/li>\n<li><strong>Publisher<\/strong>: Cr\u00e9ation de mises en page pour des publications professionnelles<\/li>\n<li><strong>Access<\/strong>: Programmation de bases de donn\u00e9es pour les applications bas\u00e9es sur un navigateur<\/li>\n<li><strong>Microsoft Teams<\/strong>: Plus de productivit\u00e9 gr\u00e2ce \u00e0 la messagerie instantan\u00e9e et \u00e0 la vid\u00e9oconf\u00e9rence HD (\u00e0 t\u00e9l\u00e9charger s\u00e9par\u00e9ment)<\/li>\n<\/ul>\n<p>HINWEIS : Aufgrund einer <a href=\"https:\/\/blogs.microsoft.com\/eupolicy\/2023\/08\/31\/european-competition-teams-office-microsoft-365\/\" target=\"_blank\" rel=\"noopener nofollow\">Enqu\u00eate de la Commission europ\u00e9enne<\/a>Microsoft n'a plus aucun lien d'\u00e9quipe avec les produits Office. Vous pouvez <a href=\"https:\/\/www.microsoft.com\/en-us\/microsoft-teams\/download-app\" target=\"_blank\" rel=\"noopener nofollow\"> \u00c9quipes herunterladen<\/a>pour l'utiliser avec un service gratuit ou gratuit (s\u00e9par\u00e9), je nach Bedarf.<\/p>\n<h3>Visio 2021 Standard<\/h3>\n<p><strong>Avec cette licence, le logiciel peut \u00eatre activ\u00e9 sur 3 appareils diff\u00e9rents, par exemple un ordinateur personnel, un ordinateur portable et un ordinateur professionnel.<\/strong><\/p>\n<\/div>\n<p>Microsoft Visio Standard 2021 est la derni\u00e8re g\u00e9n\u00e9ration du c\u00e9l\u00e8bre logiciel de Microsoft pour la cr\u00e9ation et l'\u00e9dition de diagrammes et de visualisations. Visio Standard est particuli\u00e8rement adapt\u00e9 aux entreprises, car plusieurs utilisateurs d'une \u00e9quipe ou d'un service peuvent travailler simultan\u00e9ment sur les diagrammes. De nombreuses interfaces sont disponibles pour partager les visualisations termin\u00e9es en interne et en externe avec des personnes s\u00e9lectionn\u00e9es. Microsoft a travaill\u00e9 intensivement sur les mod\u00e8les et les formes qui sont utilis\u00e9s en permanence dans Visio. Les styles des diagrammes ont \u00e9galement \u00e9t\u00e9 am\u00e9lior\u00e9s pour les rendre plus impressionnants visuellement, tout en facilitant leur lecture. Avec Microsoft Visio Standard 2021, vous avez \u00e9galement la possibilit\u00e9 d'introduire des donn\u00e9es dans une visualisation existante en temps r\u00e9el.<\/p>\n<p><strong>Assistance et soutien :<\/strong><\/p>\n<p>Pour toute question, n'h\u00e9sitez pas \u00e0 nous contacter <a href=\"mailto:usa@dl-winandoffice.com\" target=\"_blank\" rel=\"noopener\">par courrier \u00e9lectronique<\/a>. Notre service client\u00e8le et notre assistance sont disponibles 7 jours sur 7, 24 heures sur 24.<\/p>\n<\/div>\n<\/div>\n<\/div>\n<\/div>\n<\/div>","protected":false},"excerpt":{"rendered":"<table id=\"short-description\">\n<tbody>\n<tr>\n<td>Licence :<\/td>\n<td>Avec cette licence, le logiciel peut \u00eatre activ\u00e9 sur 3 appareils diff\u00e9rents, par exemple un ordinateur personnel, un ordinateur portable et un ordinateur professionnel.<\/td>\n<\/tr>\n<tr>\n<td>Livraison :<\/td>\n<td>Le lien de t\u00e9l\u00e9chargement, la cl\u00e9 de produit, les instructions et la facture sont envoy\u00e9s instantan\u00e9ment par e-mail.<\/td>\n<\/tr>\n<tr>\n<td>Version :<\/td>\n<td>Version compl\u00e8te et illimit\u00e9e du partenaire certifi\u00e9 Microsoft Gold Partner - Garantie de remboursement \u00e0 vie !<\/td>\n<\/tr>\n<tr>\n<td>Langues :<\/td>\n<td>Anglais, fran\u00e7ais, espagnol, italien, allemand<\/td>\n<\/tr>\n<tr>\n<td>Soutien :<\/td>\n<td>24\/7 en anglais<\/td>\n<\/tr>\n<\/tbody>\n<\/table>\n<p>Pour Microsoft Windows<\/p>","protected":false},"featured_media":115857,"comment_status":"open","ping_status":"closed","template":"","meta":{"_acf_changed":false},"product_brand":[],"product_cat":[41],"product_tag":[49,51,50],"class_list":{"0":"post-115856","1":"product","2":"type-product","3":"status-publish","4":"has-post-thumbnail","6":"product_cat-windows-desktop","7":"product_tag-excellence","8":"product_tag-ms-office","9":"product_tag-security","11":"first","12":"instock","13":"sale","14":"virtual","15":"taxable","16":"purchasable","17":"product-type-simple"},"acf":[],"_links":{"self":[{"href":"https:\/\/keyshop.windowsandoffice.com\/fr\/wp-json\/wp\/v2\/product\/115856","targetHints":{"allow":["GET"]}}],"collection":[{"href":"https:\/\/keyshop.windowsandoffice.com\/fr\/wp-json\/wp\/v2\/product"}],"about":[{"href":"https:\/\/keyshop.windowsandoffice.com\/fr\/wp-json\/wp\/v2\/types\/product"}],"replies":[{"embeddable":true,"href":"https:\/\/keyshop.windowsandoffice.com\/fr\/wp-json\/wp\/v2\/comments?post=115856"}],"wp:featuredmedia":[{"embeddable":true,"href":"https:\/\/keyshop.windowsandoffice.com\/fr\/wp-json\/wp\/v2\/media\/115857"}],"wp:attachment":[{"href":"https:\/\/keyshop.windowsandoffice.com\/fr\/wp-json\/wp\/v2\/media?parent=115856"}],"wp:term":[{"taxonomy":"product_brand","embeddable":true,"href":"https:\/\/keyshop.windowsandoffice.com\/fr\/wp-json\/wp\/v2\/product_brand?post=115856"},{"taxonomy":"product_cat","embeddable":true,"href":"https:\/\/keyshop.windowsandoffice.com\/fr\/wp-json\/wp\/v2\/product_cat?post=115856"},{"taxonomy":"product_tag","embeddable":true,"href":"https:\/\/keyshop.windowsandoffice.com\/fr\/wp-json\/wp\/v2\/product_tag?post=115856"}],"curies":[{"name":"wp","href":"https:\/\/api.w.org\/{rel}","templated":true}]}}