{"id":115301,"date":"2024-06-19T16:36:06","date_gmt":"2024-06-19T14:36:06","guid":{"rendered":"https:\/\/keyshop.windowsandoffice.com\/?post_type=product&#038;p=115301"},"modified":"2026-01-13T20:20:16","modified_gmt":"2026-01-13T19:20:16","slug":"microsoft-office-2024-pro-plus-windows-10-pro","status":"publish","type":"product","link":"https:\/\/keyshop.windowsandoffice.com\/fr\/produit\/microsoft-office-2024-pro-plus-windows-10-pro\/","title":{"rendered":"Microsoft Office 2024 Professional Plus + Microsoft Windows 10 Professional licence pour 3 PCs"},"content":{"rendered":"<h3><strong>Microsoft Office 2024 Professional Plus<\/strong><\/h3>\n<div style=\"margin-bottom: 15px;\"><strong>Avec cette licence, le logiciel peut \u00eatre activ\u00e9 sur 3 appareils diff\u00e9rents, par exemple un ordinateur personnel, un ordinateur portable et un ordinateur professionnel.<\/strong><\/div>\n<div style=\"margin-bottom: 15px;\">Les utilisateurs de Microsoft Office qui utilisent une gamme compl\u00e8te d'applications \u00e0 la maison ou au bureau sont bien conseill\u00e9s avec le Microsoft Office 2024 Professional Plus Edition. Tous les programmes importants sont inclus : Word, Excel, Outlook, PowerPoint et Access (Publisher n'est plus inclus car il sera retir\u00e9 en 2026). OneNote peut d\u00e9sormais \u00eatre t\u00e9l\u00e9charg\u00e9 \u00e0 partir du Microsoft Windows Store afin de prendre rapidement des notes et de les rendre disponibles sur tous les appareils via le nuage. En raison du large \u00e9ventail de programmes diff\u00e9rents, la version Professional Plus s'adresse principalement aux personnes qui travaillent \u00e0 la maison, au bureau \u00e0 domicile ou qui recherchent une solution puissante et fiable au bureau pour organiser des documents, des tableaux, etc.<\/div>\n<ul>\n<li><strong>Word<\/strong>: Cr\u00e9ez des documents texte de qualit\u00e9 professionnelle en un rien de temps.<\/li>\n<li><strong>Excel<\/strong>: Feuille de calcul intelligente pour la gestion de l'information.<\/li>\n<li><strong>PowerPoint<\/strong>: Cr\u00e9ez des pr\u00e9sentations dynamiques impressionnantes.<\/li>\n<li><strong>OneNote<\/strong>: Votre carnet de notes num\u00e9rique.<\/li>\n<li><strong>Outlook<\/strong>: La communication facilit\u00e9e.<\/li>\n<li><strong>Access<\/strong>: Programmation de bases de donn\u00e9es pour les applications bas\u00e9es sur un navigateur<\/li>\n<\/ul>\n<p class=\"translation-block\"><strong>Note importante:<\/strong> Cette version de Office ne comprend <strong>PAS<\/strong> <strong>Teams!<\/strong>.<\/p>\n<div>\n<p><strong>Syst\u00e8me d'exploitation requis : Microsoft Windows 10 ou 11<\/strong><\/p>\n<\/div>\n<p>&nbsp;<\/p>\n<h3><strong>Windows 10 Professionnel<\/strong><\/h3>\n<p>Windows 10 Professional est le choix id\u00e9al pour les professionnels et les entreprises \u00e0 la recherche d'un syst\u00e8me d'exploitation stable et puissant. Avec un m\u00e9lange de familiarit\u00e9 et de fonctionnalit\u00e9s avanc\u00e9es, Windows 10 Professional am\u00e9liore la productivit\u00e9 et fournit une s\u00e9curit\u00e9 solide pour tous vos besoins informatiques.<\/p>\n<p><strong>Caract\u00e9ristiques principales de Windows 10 Professional :<\/strong><\/p>\n<ul>\n<li><strong>Interface famili\u00e8re :<\/strong> Profitez de la sensation classique du Windows avec une touche de modernit\u00e9.<\/li>\n<li><strong>Am\u00e9lioration de la productivit\u00e9 :<\/strong> Des fonctionnalit\u00e9s telles que Cortana et les bureaux virtuels rationalisent votre flux de travail.<\/li>\n<li><strong>S\u00e9curit\u00e9 avanc\u00e9e :<\/strong> Le cryptage BitLocker et l'antivirus Windows Defender assurent la s\u00e9curit\u00e9 de vos donn\u00e9es.<\/li>\n<li><strong>Bureau \u00e0 distance :<\/strong> Access votre PC de n'importe o\u00f9 gr\u00e2ce aux fonctions de bureau \u00e0 distance.<\/li>\n<li><strong>Windows Encre :<\/strong> Utilisez un stylo num\u00e9rique pour prendre des notes, dessiner et cr\u00e9er directement sur votre \u00e9cran.<\/li>\n<li><strong>Microsoft Edge :<\/strong> Le dernier navigateur con\u00e7u pour la vitesse, la compatibilit\u00e9 et la s\u00e9curit\u00e9.<\/li>\n<\/ul>\n<p>Passez \u00e0 Windows 10 Professional pour une exp\u00e9rience informatique fiable et efficace qui r\u00e9pond aux exigences d'une utilisation personnelle et professionnelle.<\/p>\n<hr \/>\n<p>Avec cette combinaison exclusive, vous b\u00e9n\u00e9ficiez de la suite de productivit\u00e9 ultime et d'un syst\u00e8me d'exploitation stable et puissant. Profitez des fonctionnalit\u00e9s et des innovations de pointe de Office 2024 Professional Plus associ\u00e9es \u00e0 la fiabilit\u00e9 et \u00e0 la familiarit\u00e9 de Windows 10 Professional. Ne manquez pas cette occasion de vous mettre \u00e0 niveau et d'optimiser votre productivit\u00e9 !<\/p>\n<div id=\"simple-translate\" class=\"simple-translate-system-theme\">\n<div>\n<div class=\"simple-translate-button\" style=\"height: 22px; width: 22px; top: 10px; left: 10px;\"><\/div>\n<div class=\"simple-translate-panel\" style=\"width: 300px; height: 200px; top: 0px; left: 0px; font-size: 13px;\">\n<div class=\"simple-translate-result-wrapper\" style=\"overflow: hidden;\">\n<div class=\"simple-translate-move\"><\/div>\n<div class=\"simple-translate-result-contents\">\n<p class=\"simple-translate-candidate\" dir=\"auto\">\n<\/div>\n<\/div>\n<\/div>\n<\/div>\n<\/div>","protected":false},"excerpt":{"rendered":"<ul>\n<li>Microsoft Office 2024 Professional Plus licence pour 3 appareils<\/li>\n<li>Microsoft Windows 10 Licence professionnelle pour 3 appareils<\/li>\n<li><strong>Avec cette licence, le logiciel peut \u00eatre activ\u00e9 sur 3 appareils diff\u00e9rents, par exemple un ordinateur personnel, un ordinateur portable et un ordinateur professionnel.<\/strong><\/li>\n<li>Version pour syst\u00e8mes 32 et 64 bits, versions compl\u00e8tes et illimit\u00e9es du logiciel <strong>d'un partenaire certifi\u00e9 Microsoft Gold Partner<\/strong><\/li>\n<li><strong>Garantie de remboursement \u00e0 vie !<\/strong><\/li>\n<li>Livraison par e-mail : cl\u00e9 de produit, instructions, liens de t\u00e9l\u00e9chargement, facture<\/li>\n<li>T\u00e9l\u00e9chargement instantan\u00e9 !<\/li>\n<li>Pas de limite de temps, pas d'abonnement<\/li>\n<li>Assistance gratuite 24\/7 pour les probl\u00e8mes d'installation et d'activation<\/li>\n<li>Pas de livraison sur le stockage des donn\u00e9es (USB, CD, etc.)<\/li>\n<li>Activation en ligne et par t\u00e9l\u00e9phone<\/li>\n<li>Langues : anglais, espagnol, italien, allemand, fran\u00e7ais<\/li>\n<li><strong><span style=\"color: #008000;\"> Ce produit est compatible avec Microsoft Windows.<\/span><\/strong><\/li>\n<li><strong><span style=\"color: #ff0000;\">NON compatible avec Apple macOS\u2122, les appareils Android et les Chromebooks.<\/span><\/strong><\/li>\n<\/ul>","protected":false},"featured_media":115846,"comment_status":"open","ping_status":"closed","template":"","meta":{"_acf_changed":false},"product_brand":[],"product_cat":[53,187,65],"product_tag":[49,51,50],"class_list":{"0":"post-115301","1":"product","2":"type-product","3":"status-publish","4":"has-post-thumbnail","6":"product_cat-combos","7":"product_cat-187","8":"product_cat-popular","9":"product_tag-excellence","10":"product_tag-ms-office","11":"product_tag-security","13":"first","14":"instock","15":"sale","16":"featured","17":"virtual","18":"taxable","19":"purchasable","20":"product-type-simple"},"acf":[],"_links":{"self":[{"href":"https:\/\/keyshop.windowsandoffice.com\/fr\/wp-json\/wp\/v2\/product\/115301","targetHints":{"allow":["GET"]}}],"collection":[{"href":"https:\/\/keyshop.windowsandoffice.com\/fr\/wp-json\/wp\/v2\/product"}],"about":[{"href":"https:\/\/keyshop.windowsandoffice.com\/fr\/wp-json\/wp\/v2\/types\/product"}],"replies":[{"embeddable":true,"href":"https:\/\/keyshop.windowsandoffice.com\/fr\/wp-json\/wp\/v2\/comments?post=115301"}],"wp:featuredmedia":[{"embeddable":true,"href":"https:\/\/keyshop.windowsandoffice.com\/fr\/wp-json\/wp\/v2\/media\/115846"}],"wp:attachment":[{"href":"https:\/\/keyshop.windowsandoffice.com\/fr\/wp-json\/wp\/v2\/media?parent=115301"}],"wp:term":[{"taxonomy":"product_brand","embeddable":true,"href":"https:\/\/keyshop.windowsandoffice.com\/fr\/wp-json\/wp\/v2\/product_brand?post=115301"},{"taxonomy":"product_cat","embeddable":true,"href":"https:\/\/keyshop.windowsandoffice.com\/fr\/wp-json\/wp\/v2\/product_cat?post=115301"},{"taxonomy":"product_tag","embeddable":true,"href":"https:\/\/keyshop.windowsandoffice.com\/fr\/wp-json\/wp\/v2\/product_tag?post=115301"}],"curies":[{"name":"wp","href":"https:\/\/api.w.org\/{rel}","templated":true}]}}