{"id":114123,"date":"2024-04-30T00:23:00","date_gmt":"2024-04-29T22:23:00","guid":{"rendered":"https:\/\/keyshop.windowsandoffice.com\/?post_type=product&#038;p=114123"},"modified":"2026-01-13T20:20:08","modified_gmt":"2026-01-13T19:20:08","slug":"office-2010-professional-plus","status":"publish","type":"product","link":"https:\/\/keyshop.windowsandoffice.com\/fr\/produit\/office-2010-professional-plus\/","title":{"rendered":"Microsoft Office 2010 Professional Plus licence pour 3 PCs"},"content":{"rendered":"<p>Office 2010 Professional marque le d\u00e9but d'une nouvelle \u00e8re pour les applications Office de Microsofts. On y trouve les versions classiques des applications les plus connues, mais aussi de nouvelles versions web de Word, Excel, etc. Elles vous permettront certainement d'\u00eatre productif depuis presque n'importe o\u00f9.<\/p>\n<p>Une autre nouveaut\u00e9 est la prise en charge compl\u00e8te du format de fichier Open XML certifi\u00e9 par l'ISO. Il dispose d'un menu de type ruban. Vous aurez donc l'impression que votre suite Office ressemble \u00e0 Windows 7 et que le bouton Office est \u00e9galement dot\u00e9 de nouvelles fonctionnalit\u00e9s.<\/p>\n<p>Microsoft Office 2010 Professional Plus contient ces applications :<\/p>\n<ul>\n<li><strong>Word 2010<\/strong> - cr\u00e9er des documents fascinants<\/li>\n<li><strong>Excel 2010<\/strong> - pour des analyses importantes<\/li>\n<li><strong>PowerPoint 2010<\/strong> - pour des pr\u00e9sentations attrayantes<\/li>\n<li><strong>Outlook 2010<\/strong> - g\u00e9rer vos courriels, vos contacts, vos horaires et vos t\u00e2ches<\/li>\n<li><strong>OneNote 2010<\/strong> - pour vos notes<\/li>\n<li><strong>\u00c9diteur 2010<\/strong> - cr\u00e9er une publicit\u00e9 professionnelle<\/li>\n<li><strong>Access 2010<\/strong> - pour les applications bas\u00e9es sur un navigateur<\/li>\n<li><strong>Applications Web<\/strong> (Word, Excel, PowerPoint, OneNote)<\/li>\n<li><strong>InfoPath<\/strong> - pour concevoir, distribuer, remplir et soumettre des formulaires \u00e9lectroniques contenant des donn\u00e9es structur\u00e9es.<\/li>\n<li><strong>Communicateur<\/strong> - rester en contact avec les clients et les coll\u00e8gues<\/li>\n<li><strong>Espace de travail SharePoint<\/strong> - pour collaborer dans le monde entier<\/li>\n<\/ul>\n<p><strong>Configuration requise :<\/strong><\/p>\n<ul>\n<li>Processeur : 500 m\u00e9gahertz (MHz) ou plus ; 1 gigahertz (GHz) requis pour Outlook avec Business Contact Manager.<\/li>\n<li>RAM : 512 m\u00e9gaoctets (Mo) de RAM ou plus (l'exigence est certainement tr\u00e8s faible).<\/li>\n<li>Espace disque disponible : 3,5 gigaoctets (Go)<\/li>\n<li>Pour l'\u00e9dition 32 bits de Office 2010 : Windows XP avec Service Pack (SP) 3, Windows Server 2003 SP2, MSXML 6.0<\/li>\n<li>Pour les \u00e9ditions 32 bits ou 64 bits de Office 2010 : Windows Vista avec SP1, Windows Server 2008, Windows 7, Terminal Server, Windows sur Windows (WOW)<\/li>\n<\/ul>\n<p>&nbsp;<\/p>\n<p>&nbsp;<\/p>","protected":false},"excerpt":{"rendered":"<p>Office 2010 marque le d\u00e9but d'une nouvelle \u00e8re pour les applications Office de Microsofts. On y trouve les versions classiques des programmes les plus connus, mais aussi de nouvelles versions web de Word, Excel, etc. Elles vous permettent d'\u00eatre productif depuis presque n'importe o\u00f9.<\/p>\n<p>Une autre nouveaut\u00e9 est la prise en charge compl\u00e8te du format de fichier Open XML certifi\u00e9 ISO. Un nouveau menu de style ruban apporte l'aspect Windows 7 \u00e0 votre suite Office et le bouton Office est \u00e9galement dot\u00e9 de nouvelles fonctions.<\/p>\n<p><strong>Note :<\/strong><\/p>\n<ul>\n<li><strong>Ce produit est uniquement compatible avec Windows 10 et 11.<\/strong><\/li>\n<li><strong>Ce produit n'est PAS compatible avec les syst\u00e8mes d'exploitation Apple (MacOS, iPadOS, iOS), les Chromebooks<\/strong><\/li>\n<\/ul>","protected":false},"featured_media":115850,"comment_status":"open","ping_status":"closed","template":"","meta":{"_acf_changed":false},"product_brand":[],"product_cat":[40],"product_tag":[51,46],"class_list":{"0":"post-114123","1":"product","2":"type-product","3":"status-publish","4":"has-post-thumbnail","6":"product_cat-msoffice","7":"product_tag-ms-office","8":"product_tag-ms-office-2010","10":"first","11":"instock","12":"sale","13":"virtual","14":"taxable","15":"purchasable","16":"product-type-simple"},"acf":[],"_links":{"self":[{"href":"https:\/\/keyshop.windowsandoffice.com\/fr\/wp-json\/wp\/v2\/product\/114123","targetHints":{"allow":["GET"]}}],"collection":[{"href":"https:\/\/keyshop.windowsandoffice.com\/fr\/wp-json\/wp\/v2\/product"}],"about":[{"href":"https:\/\/keyshop.windowsandoffice.com\/fr\/wp-json\/wp\/v2\/types\/product"}],"replies":[{"embeddable":true,"href":"https:\/\/keyshop.windowsandoffice.com\/fr\/wp-json\/wp\/v2\/comments?post=114123"}],"wp:featuredmedia":[{"embeddable":true,"href":"https:\/\/keyshop.windowsandoffice.com\/fr\/wp-json\/wp\/v2\/media\/115850"}],"wp:attachment":[{"href":"https:\/\/keyshop.windowsandoffice.com\/fr\/wp-json\/wp\/v2\/media?parent=114123"}],"wp:term":[{"taxonomy":"product_brand","embeddable":true,"href":"https:\/\/keyshop.windowsandoffice.com\/fr\/wp-json\/wp\/v2\/product_brand?post=114123"},{"taxonomy":"product_cat","embeddable":true,"href":"https:\/\/keyshop.windowsandoffice.com\/fr\/wp-json\/wp\/v2\/product_cat?post=114123"},{"taxonomy":"product_tag","embeddable":true,"href":"https:\/\/keyshop.windowsandoffice.com\/fr\/wp-json\/wp\/v2\/product_tag?post=114123"}],"curies":[{"name":"wp","href":"https:\/\/api.w.org\/{rel}","templated":true}]}}