{"id":10978,"date":"2022-04-01T16:14:02","date_gmt":"2022-04-01T14:14:02","guid":{"rendered":"https:\/\/keyshop.windowsandoffice.com\/?post_type=product&#038;p=10978"},"modified":"2026-02-12T17:14:33","modified_gmt":"2026-02-12T16:14:33","slug":"win10-oficce2021pp","status":"publish","type":"product","link":"https:\/\/keyshop.windowsandoffice.com\/fr\/produit\/win10-oficce2021pp\/","title":{"rendered":"Microsoft Windows 10 Professional + Microsoft Office 2021 Professional Plus licence pour 3 PCs"},"content":{"rendered":"<h1>Windows 10 Pro + Office 2021 Pro<\/h1>\n<h3><strong>Microsoft Windows 10 Professionnel<\/strong><\/h3>\n<p>Avec Windows 10 Professional, vous disposez d'un syst\u00e8me d'exploitation fiable sur votre appareil. Vous b\u00e9n\u00e9ficiez d'un d\u00e9marrage plus rapide du syst\u00e8me. En outre, il dispose d'un menu de d\u00e9marrage familier mais am\u00e9lior\u00e9. C'est-\u00e0-dire que vous trouverez de nouvelles fa\u00e7ons d'accomplir des t\u00e2ches rapidement. En outre, il dispose d'un nouveau navigateur. Il est \u00e9galement livr\u00e9 avec votre assistant num\u00e9rique personnel Cortana. Cortana est votre assistant num\u00e9rique personnel qui vous suivra sur tous vos appareils Windows 10. Cet assistant vous aidera \u00e0 accomplir vos t\u00e2ches plus facilement. Cortana apprend \u00e0 mieux vous conna\u00eetre au fil du temps et peut vous aider mieux chaque jour. Windows 10 Professional vous aide de mani\u00e8re optimale dans tout ce que vous faites.<\/p>\n<h4>Caract\u00e9ristiques<\/h4>\n<p>Avec <em><strong>Windows 10 Professionnel<\/strong> <\/em>au c\u0153ur de votre ordinateur, vous pouvez tout faire. Et bien d'autres choses encore.<\/p>\n<ul>\n<li>Les fonctions de s\u00e9curit\u00e9 int\u00e9gr\u00e9es comprennent un antivirus, un pare-feu et des protections Internet, afin que vous puissiez travailler en toute s\u00e9curit\u00e9.<\/li>\n<li>Choisissez de scanner votre visage ou votre empreinte digitale avec Windows Hello pour un moyen rapide, s\u00fbr et sans mot de passe de d\u00e9verrouiller votre syst\u00e8me.<\/li>\n<li>Focus Assist vous permet de bloquer les notifications, les sons et les alertes. Vous pouvez ainsi travailler sans \u00eatre distrait.<\/li>\n<li>Votre timeline permet de faire d\u00e9filer rapidement et facilement vos documents, applications et sites web les plus r\u00e9cents.<\/li>\n<li><strong>Photos Microsoft<\/strong> est un moyen simple d'organiser vos m\u00e9dias. Vous pouvez rechercher, modifier et partager vos photos et vid\u00e9os.<\/li>\n<li>Diffusez instantan\u00e9ment le jeu en direct. Faites des enregistrements d'\u00e9cran. Contr\u00f4lez les param\u00e8tres audio individuels avec la barre de jeu.<\/li>\n<li>Le bureau \u00e0 distance vous permet de d\u00e9verrouiller et d'acc\u00e9der virtuellement \u00e0 votre propre machine. Cela signifie, tous vos fichiers, dossiers et applications. Vous pouvez y acc\u00e9der depuis n'importe quel appareil via Internet.<\/li>\n<li>La protection de l'information Windows (WIP) permet de se prot\u00e9ger contre les fuites de donn\u00e9es potentielles. De m\u00eame, le WIP n'interf\u00e8re pas avec l'exp\u00e9rience des employ\u00e9s.<\/li>\n<li><strong>Cryptage de disque BitLocker<\/strong> est une fonction de protection des donn\u00e9es qui s'int\u00e8gre au syst\u00e8me d'exploitation et permet de faire face aux menaces de vol de donn\u00e9es, ainsi qu'\u00e0 l'exposition d'ordinateurs perdus, vol\u00e9s ou mis hors service de mani\u00e8re inappropri\u00e9e.<\/li>\n<li>Outils con\u00e7us pour une utilisation professionnelle.<\/li>\n<\/ul>\n<p><em><strong>Vous b\u00e9n\u00e9ficiez n\u00e9anmoins d'un d\u00e9marrage plus rapide du syst\u00e8me. Il dispose d'un menu de d\u00e9marrage familier mais am\u00e9lior\u00e9 et de nouvelles fa\u00e7ons d'effectuer des t\u00e2ches rapidement. Vous b\u00e9n\u00e9ficierez \u00e9galement de nouvelles fonctionnalit\u00e9s, comme un nouveau navigateur. Par cons\u00e9quent, vous obtiendrez une exp\u00e9rience web am\u00e9lior\u00e9e. Cortana vous suit sur tous vos appareils Windows 10. De plus, elle vous aide \u00e0 vous faciliter la vie. Elle apprend de plus en plus de choses sur vous au fil du temps et peut vous aider mieux chaque jour.<\/strong><\/em><\/p>\n<h4><strong>Fonctions avanc\u00e9es<br \/>\n<\/strong><\/h4>\n<p>De plus, il vous assiste de mani\u00e8re optimale dans tout ce que vous faites. Gardez le contr\u00f4le en ancrant simplement les applications et en optimisant le partage d'\u00e9cran pour un travail plus productif. Accrochez jusqu'\u00e0 quatre apps en m\u00eame temps et cr\u00e9ez des bureaux virtuels si vous avez besoin de plus d'espace ou si vous souhaitez regrouper du contenu pour un projet, comme des apps de bureau pour le travail et des jeux pour les loisirs. Les Live Tiles fournissent des flux actualis\u00e9s de votre contenu le plus important en temps r\u00e9el.<\/p>\n<p><em>En conclusion <a href=\"https:\/\/keyshop.windowsandoffice.com\/fr\/produit\/combo1\/\"><strong>Windows 10<\/strong> <\/a>est compatible avec le mat\u00e9riel, les logiciels et les p\u00e9riph\u00e9riques que vous utilisez d\u00e9j\u00e0. Maintenez votre syst\u00e8me \u00e0 jour en termes de fonctionnalit\u00e9s et de s\u00e9curit\u00e9 tout au long de la dur\u00e9e de vie prise en charge de votre appareil.<\/em><\/p>\n<h1>Microsoft Office 2021 Professional Plus<\/h1>\n<div class=\"dePhmb\">\n<div class=\"eyKpYb\" data-language=\"en\" data-original-language=\"de\" data-result-index=\"0\">\n<div class=\"J0lOec\">\n<p>Les utilisateurs de Microsoft Office qui utilisent la gamme compl\u00e8te d'applications \u00e0 la maison ou au bureau sont bien conseill\u00e9s avec le Office 2021 Professional Plus Edition. Tous les programmes importants sont inclus : Word, Excel, Outlook, PowerPoint, Publisher et Access.  OneNote est maintenant disponible en t\u00e9l\u00e9chargement sur le Windows Store afin que vous puissiez rapidement prendre des notes et les rendre disponibles sur tous les appareils via le cloud. En raison du large \u00e9ventail de programmes diff\u00e9rents, la version Professional Plus s'adresse principalement aux personnes qui travaillent \u00e0 la maison, dans un bureau \u00e0 domicile ou qui recherchent une solution puissante et fiable dans un bureau pour organiser des documents, des tableaux, etc.<\/p>\n<\/div>\n<ul>\n<li style=\"list-style-type: none;\">\n<ul>\n<li class=\"J0lOec\"><span class=\"VIiyi\" lang=\"en\"><span class=\"JLqJ4b ChMk0b\" data-language-for-alternatives=\"en\" data-language-to-translate-into=\"de\" data-phrase-index=\"9\" data-number-of-phrases=\"18\"><strong>Word<\/strong>: Cr\u00e9ez des documents texte de qualit\u00e9 professionnelle en un rien de temps.<\/span><\/span><\/li>\n<li class=\"J0lOec\"><span class=\"VIiyi\" lang=\"en\"><span class=\"JLqJ4b ChMk0b\" data-language-for-alternatives=\"en\" data-language-to-translate-into=\"de\" data-phrase-index=\"11\" data-number-of-phrases=\"18\"><strong>Excel<\/strong>: Feuille de calcul intelligente pour la gestion de l'information.<\/span> <\/span><\/li>\n<li class=\"J0lOec\"><span class=\"VIiyi\" lang=\"en\"><span class=\"JLqJ4b ChMk0b\" data-language-for-alternatives=\"en\" data-language-to-translate-into=\"de\" data-phrase-index=\"13\" data-number-of-phrases=\"18\"><strong>PowerPoint<\/strong>: Cr\u00e9ez des pr\u00e9sentations dynamiques impressionnantes.<\/span> <\/span><\/li>\n<li class=\"J0lOec\"><span class=\"VIiyi\" lang=\"en\"><span class=\"JLqJ4b ChMk0b\" data-language-for-alternatives=\"en\" data-language-to-translate-into=\"de\" data-phrase-index=\"15\" data-number-of-phrases=\"18\"><strong>OneNote<\/strong>: Votre carnet de notes num\u00e9rique.<\/span> <\/span><\/li>\n<li class=\"J0lOec\"><span class=\"VIiyi\" lang=\"en\"><span class=\"JLqJ4b ChMk0b\" data-language-for-alternatives=\"en\" data-language-to-translate-into=\"de\" data-phrase-index=\"17\" data-number-of-phrases=\"18\"><strong>Outlook<\/strong>: La communication facilit\u00e9e.<\/span><\/span><\/li>\n<li><strong>Publisher<\/strong>: cr\u00e9ation de mises en page pour des publications professionnelles<\/li>\n<li><strong>Access<\/strong>: Programmation de bases de donn\u00e9es pour les applications bas\u00e9es sur un navigateur<\/li>\n<\/ul>\n<\/li>\n<\/ul>\n<p>HINWEIS : Aufgrund einer <a href=\"https:\/\/blogs.microsoft.com\/eupolicy\/2023\/08\/31\/european-competition-teams-office-microsoft-365\/\" target=\"_blank\" rel=\"noopener nofollow\">Enqu\u00eate de la Commission europ\u00e9enne<\/a>Microsoft n'a plus aucun lien d'\u00e9quipe avec les produits Office. Vous pouvez <a href=\"https:\/\/www.microsoft.com\/en-us\/microsoft-teams\/download-app\" target=\"_blank\" rel=\"noopener nofollow\"> \u00c9quipes herunterladen<\/a>pour l'utiliser avec un service gratuit ou gratuit (s\u00e9par\u00e9), je nach Bedarf.<\/p>\n<ul>\n<li><strong>Microsoft Teams<\/strong>: Plus de productivit\u00e9 gr\u00e2ce \u00e0 la messagerie instantan\u00e9e et \u00e0 la vid\u00e9oconf\u00e9rence HD (\u00e0 t\u00e9l\u00e9charger s\u00e9par\u00e9ment)<\/li>\n<\/ul>\n<\/div>\n<\/div>","protected":false},"excerpt":{"rendered":"<p>\u00c9conomisez du temps et de l'argent avec notre combo Microsoft compos\u00e9 des versions les plus r\u00e9centes de Office et Windows. les solutions de productivit\u00e9 leaders dans le monde. Le pack contient les produits suivants :<\/p>\n<ul>\n<li><strong>Microsoft Windows 10 Professionnel\u00a0<\/strong>- le syst\u00e8me d'exploitation le plus s\u00fbr et le plus fiable avec votre assistant personnel Cortana<\/li>\n<li><strong>Microsoft Office 2021 Professional Plus<\/strong> - le logiciel Office le plus complet qui soit<\/li>\n<\/ul>\n<p><span style=\"font-size: 14pt;\"><strong>Note :<\/strong><\/span><\/p>\n<ul>\n<li><span style=\"font-size: 12pt;\"><strong>Office 2021 est uniquement compatible avec Windows 10 et 11.<\/strong><\/span><\/li>\n<li><span style=\"font-size: 12pt;\"><strong>Office 2021 n'est PAS compatible avec les syst\u00e8mes d'exploitation d'Apple (MacOS, iPadOS, iOS), les Chromebooks.<\/strong><\/span><\/li>\n<\/ul>","protected":false},"featured_media":115835,"comment_status":"open","ping_status":"closed","template":"","meta":{"_acf_changed":false},"product_brand":[],"product_cat":[53,65],"product_tag":[],"class_list":{"0":"post-10978","1":"product","2":"type-product","3":"status-publish","4":"has-post-thumbnail","6":"product_cat-combos","7":"product_cat-popular","9":"first","10":"instock","11":"sale","12":"featured","13":"virtual","14":"taxable","15":"purchasable","16":"product-type-simple"},"acf":[],"_links":{"self":[{"href":"https:\/\/keyshop.windowsandoffice.com\/fr\/wp-json\/wp\/v2\/product\/10978","targetHints":{"allow":["GET"]}}],"collection":[{"href":"https:\/\/keyshop.windowsandoffice.com\/fr\/wp-json\/wp\/v2\/product"}],"about":[{"href":"https:\/\/keyshop.windowsandoffice.com\/fr\/wp-json\/wp\/v2\/types\/product"}],"replies":[{"embeddable":true,"href":"https:\/\/keyshop.windowsandoffice.com\/fr\/wp-json\/wp\/v2\/comments?post=10978"}],"wp:featuredmedia":[{"embeddable":true,"href":"https:\/\/keyshop.windowsandoffice.com\/fr\/wp-json\/wp\/v2\/media\/115835"}],"wp:attachment":[{"href":"https:\/\/keyshop.windowsandoffice.com\/fr\/wp-json\/wp\/v2\/media?parent=10978"}],"wp:term":[{"taxonomy":"product_brand","embeddable":true,"href":"https:\/\/keyshop.windowsandoffice.com\/fr\/wp-json\/wp\/v2\/product_brand?post=10978"},{"taxonomy":"product_cat","embeddable":true,"href":"https:\/\/keyshop.windowsandoffice.com\/fr\/wp-json\/wp\/v2\/product_cat?post=10978"},{"taxonomy":"product_tag","embeddable":true,"href":"https:\/\/keyshop.windowsandoffice.com\/fr\/wp-json\/wp\/v2\/product_tag?post=10978"}],"curies":[{"name":"wp","href":"https:\/\/api.w.org\/{rel}","templated":true}]}}