{"id":5567,"date":"2021-03-03T18:11:02","date_gmt":"2021-03-03T14:11:02","guid":{"rendered":"https:\/\/keyshop.windowsandoffice.com\/?page_id=5567"},"modified":"2026-02-12T02:39:44","modified_gmt":"2026-02-12T01:39:44","slug":"legal-basis","status":"publish","type":"page","link":"https:\/\/keyshop.windowsandoffice.com\/fr\/legal-basis\/","title":{"rendered":"Base juridique"},"content":{"rendered":"<div data-elementor-type=\"wp-page\" data-elementor-id=\"5567\" class=\"elementor elementor-5567\">\n\t\t\t\t\t\t<section class=\"elementor-section elementor-top-section elementor-element elementor-element-23908d0 elementor-section-boxed elementor-section-height-default elementor-section-height-default\" data-id=\"23908d0\" data-element_type=\"section\" data-e-type=\"section\">\n\t\t\t\t\t\t<div class=\"elementor-container elementor-column-gap-default\">\n\t\t\t\t\t<div class=\"elementor-column elementor-col-100 elementor-top-column elementor-element elementor-element-26ff2aef\" data-id=\"26ff2aef\" data-element_type=\"column\" data-e-type=\"column\">\n\t\t\t<div class=\"elementor-widget-wrap elementor-element-populated\">\n\t\t\t\t\t\t<div class=\"elementor-element elementor-element-3a32b24c elementor-widget elementor-widget-text-editor\" data-id=\"3a32b24c\" data-element_type=\"widget\" data-e-type=\"widget\" data-widget_type=\"text-editor.default\">\n\t\t\t\t<div class=\"elementor-widget-container\">\n\t\t\t\t\t\t\t\t\t\n<h4 class=\"wp-block-heading\">Loi sur la distribution<\/h4>\n\n<p>Les fabricants de logiciels tels que Microsoft ou Corel autorisent les partenaires commerciaux certifi\u00e9s (revendeurs) \u00e0 vendre des produits aux consommateurs. Il s'agit de ce que l'on appelle des droits de revendeur. Seuls les partenaires agr\u00e9\u00e9s ont le droit de vendre des licences de logiciels et sont obligatoirement membres du programme de partenariat du fabricant. Les revendeurs re\u00e7oivent le droit non exclusif de commercialiser et de distribuer activement des logiciels sous licence au sein de l'UE \/ AELE. Nonobstant cela, les partenaires commerciaux peuvent \u00e9galement \u00eatre actifs dans d'autres r\u00e9gions, cela n\u00e9cessite un accord \u00e9crit.<\/p>\n\n<p>Le revendeur est tenu de proposer les produits logiciels sous les noms de produits respectifs du fabricant. Les droits de propri\u00e9t\u00e9 et les avis de droits d'auteur pertinents doivent \u00eatre respect\u00e9s ou faits. Tous les noms de marque et les marques d\u00e9pos\u00e9es sont la propri\u00e9t\u00e9 de leurs fabricants respectifs. Les informations techniques doivent toujours correspondre aux informations du fabricant. Les images, ic\u00f4nes et logos sont utilis\u00e9s pour identifier les articles. Les biens vendus restent la propri\u00e9t\u00e9 du d\u00e9taillant jusqu'au paiement int\u00e9gral.<\/p>\n\n<h4 class=\"wp-block-heading\">Droit des licences<\/h4>\n\n<p>Selon la jurisprudence actuelle de la Cour f\u00e9d\u00e9rale de justice (BGH, arr\u00eat du 17 juillet 2013 - I ZR 129\/08), les commer\u00e7ants sp\u00e9cialis\u00e9s sont tenus de documenter la l\u00e9galit\u00e9 et la r\u00e9gularit\u00e9 des logiciels propos\u00e9s. Les licences de logiciels ne peuvent \u00eatre mises en circulation qu'avec l'accord du titulaire des droits. La licence est accord\u00e9e en contrepartie d'un paiement qui permet de r\u00e9aliser une redevance correspondant \u00e0 la valeur \u00e9conomique du logiciel. Le titulaire des droits oblige le revendeur \u00e0 vendre le logiciel de mani\u00e8re permanente, sans limite de temps pour son utilisation. Le consommateur est inform\u00e9 que le logiciel est soumis aux conditions de licence et aux droits d'utilisation du produit du fabricant du logiciel.<\/p>\n\n<p>L'acheteur a un droit simple et illimit\u00e9 d'utiliser les logiciels. Il n'est pas autoris\u00e9 \u00e0 les copier ou \u00e0 permettre \u00e0 d'autres de les utiliser. Les droits d'utilisation multiples n\u00e9cessitent un accord s\u00e9par\u00e9.<\/p>\n\t\t\t\t\t\t\t\t<\/div>\n\t\t\t\t<\/div>\n\t\t\t\t\t<\/div>\n\t\t<\/div>\n\t\t\t\t\t<\/div>\n\t\t<\/section>\n\t\t\t\t<\/div>","protected":false},"excerpt":{"rendered":"<p>Droit de la distribution Les fabricants de logiciels tels que Microsoft ou Corel autorisent leurs partenaires commerciaux certifi\u00e9s (revendeurs) \u00e0 vendre leurs produits aux consommateurs. Les soi-disant...<\/p>","protected":false},"author":1,"featured_media":0,"parent":0,"menu_order":0,"comment_status":"closed","ping_status":"closed","template":"","meta":{"_acf_changed":false,"footnotes":""},"class_list":["post-5567","page","type-page","status-publish","hentry"],"acf":[],"_links":{"self":[{"href":"https:\/\/keyshop.windowsandoffice.com\/fr\/wp-json\/wp\/v2\/pages\/5567","targetHints":{"allow":["GET"]}}],"collection":[{"href":"https:\/\/keyshop.windowsandoffice.com\/fr\/wp-json\/wp\/v2\/pages"}],"about":[{"href":"https:\/\/keyshop.windowsandoffice.com\/fr\/wp-json\/wp\/v2\/types\/page"}],"author":[{"embeddable":true,"href":"https:\/\/keyshop.windowsandoffice.com\/fr\/wp-json\/wp\/v2\/users\/1"}],"replies":[{"embeddable":true,"href":"https:\/\/keyshop.windowsandoffice.com\/fr\/wp-json\/wp\/v2\/comments?post=5567"}],"version-history":[{"count":0,"href":"https:\/\/keyshop.windowsandoffice.com\/fr\/wp-json\/wp\/v2\/pages\/5567\/revisions"}],"wp:attachment":[{"href":"https:\/\/keyshop.windowsandoffice.com\/fr\/wp-json\/wp\/v2\/media?parent=5567"}],"curies":[{"name":"wp","href":"https:\/\/api.w.org\/{rel}","templated":true}]}}