{"id":5565,"date":"2021-03-03T18:07:00","date_gmt":"2021-03-03T14:07:00","guid":{"rendered":"https:\/\/keyshop.windowsandoffice.com\/?page_id=5565"},"modified":"2026-02-12T02:38:08","modified_gmt":"2026-02-12T01:38:08","slug":"services","status":"publish","type":"page","link":"https:\/\/keyshop.windowsandoffice.com\/fr\/services\/","title":{"rendered":"Services"},"content":{"rendered":"<div data-elementor-type=\"wp-page\" data-elementor-id=\"5565\" class=\"elementor elementor-5565\">\n\t\t\t\t\t\t<section class=\"elementor-section elementor-top-section elementor-element elementor-element-51f5ff0d elementor-section-boxed elementor-section-height-default elementor-section-height-default\" data-id=\"51f5ff0d\" data-element_type=\"section\" data-e-type=\"section\">\n\t\t\t\t\t\t<div class=\"elementor-container elementor-column-gap-default\">\n\t\t\t\t\t<div class=\"elementor-column elementor-col-100 elementor-top-column elementor-element elementor-element-76612f41\" data-id=\"76612f41\" data-element_type=\"column\" data-e-type=\"column\">\n\t\t\t<div class=\"elementor-widget-wrap elementor-element-populated\">\n\t\t\t\t\t\t<div class=\"elementor-element elementor-element-54996eef elementor-widget elementor-widget-text-editor\" data-id=\"54996eef\" data-element_type=\"widget\" data-e-type=\"widget\" data-widget_type=\"text-editor.default\">\n\t\t\t\t<div class=\"elementor-widget-container\">\n\t\t\t\t\t\t\t\t\t\n<h4 class=\"wp-block-heading\">Service \u00e0 la client\u00e8le<\/h4>\n\n<ul class=\"wp-block-list\">\n<li><strong>Livraison rapide 24\/7<\/strong>\n<ul>\n<li>Nous envoyons la cl\u00e9 du produit 2 minutes apr\u00e8s avoir re\u00e7u votre paiement.<\/li>\n<li>Vous recevez un lien de t\u00e9l\u00e9chargement et des instructions d'installation par courrier.<\/li>\n<li>Le logiciel et les instructions sont disponibles en 5 langues (allemand, anglais, fran\u00e7ais...),<br \/>italien, espagnol)<\/li>\n<\/ul>\n<\/li>\n<li><strong>Des partenaires forts<\/strong>\n<ul>\n<li>Nous sommes un partenaire commercial officiel de Corel<\/li>\n<li>Nous sommes Microsoft Gold Partner avec MSPN<\/li>\n<li>Nous sommes membres du programme VeRI<\/li>\n<\/ul>\n<\/li>\n<li><strong>Facture<\/strong>\n<ul>\n<li>Dans les 24 heures, vous recevrez (si n\u00e9cessaire) une facture avec le num\u00e9ro de TVA et le nom du partenaire Microsoft.<br \/>Num\u00e9ro<\/li>\n<li>Nous fournissons un certificat de licence qui atteste l'origine du logiciel.<br \/>La s\u00e9curit\u00e9 par l'utilisation de logiciels l\u00e9gaux<\/li>\n<li>Logiciels provenant d'Allemagne avec preuve d'origine<\/li>\n<li>Vous recevrez une facture et un certificat de transfert de licence.<\/li>\n<li>Toutes les licences feront l'objet d'un audit gr\u00e2ce \u00e0 l'utilisation de la technologie blockchain.<\/li>\n<\/ul>\n<\/li>\n<li><strong>Garantie du produit<\/strong>\n<ul>\n<li>Garantie de remboursement de 30 jours<\/li>\n<li>Activation en ligne garantie<\/li>\n<li>Garantie \u00e0 vie du produit<\/li>\n<li>Nouvelles licences en provenance d'Allemagne, pas d'occasion<\/li>\n<li>Contr\u00f4le de la qualit\u00e9 des cl\u00e9s du produit avant l'exp\u00e9dition<\/li>\n<\/ul>\n<\/li>\n<li><strong>Transparence <\/strong>Nous remplissons toutes les exigences l\u00e9gales concernant nos obligations en mati\u00e8re d'information\n<ul>\n<li>Lien vers la plateforme de la Commission europ\u00e9enne concernant le r\u00e8glement en ligne des litiges<\/li>\n<li>Pas de vente de cl\u00e9s de produit sans licence correspondante.<\/li>\n<li>Preuve d'origine pour chaque licence.<\/li>\n<\/ul>\n<\/li>\n<li><strong>Paiements rapides et s\u00e9curis\u00e9s<\/strong> Vous pouvez payer de mani\u00e8re s\u00fbre et rapide en utilisant ces services :\n<ul>\n<li>Paypal<\/li>\n<li>Skrill<\/li>\n<li>Virement bancaire<\/li>\n<li>Western Union<\/li>\n<\/ul>\n<\/li>\n<li><strong>T\u00e9l\u00e9chargement de logiciels<\/strong>\n<ul>\n<li>T\u00e9l\u00e9chargement rapide et s\u00e9curis\u00e9 depuis notre portail de t\u00e9l\u00e9chargement sans inscription<\/li>\n<li>Tous les programmes ont \u00e9t\u00e9 v\u00e9rifi\u00e9s pour les virus et les logiciels malveillants.<\/li>\n<li>Notre portail de t\u00e9l\u00e9chargement est disponible en cinq langues<\/li>\n<\/ul>\n<\/li>\n<li><strong>Notre service client\u00e8le est l\u00e0 pour vous aider !<\/strong>\n<ul>\n<li>joignable par t\u00e9l\u00e9phone pendant 4 heures par jour<\/li>\n<li>joignable 24\/7 par mail<\/li>\n<li>Support client multilingue (allemand, anglais, fran\u00e7ais, italien, espagnol)<\/li>\n<\/ul>\n<\/li>\n<\/ul>\n\n<blockquote class=\"wp-block-quote is-layout-flow wp-block-quote-is-layout-flow\">\n<p><strong>Windows &amp; Office ne se contente pas de vendre une cl\u00e9. Vous b\u00e9n\u00e9ficiez d'un service et d'une assistance complets lors de l'achat de votre produit.<\/strong><\/p>\n<\/blockquote>\n\t\t\t\t\t\t\t\t<\/div>\n\t\t\t\t<\/div>\n\t\t\t\t\t<\/div>\n\t\t<\/div>\n\t\t\t\t\t<\/div>\n\t\t<\/section>\n\t\t\t\t<\/div>","protected":false},"excerpt":{"rendered":"<p>Service client Livraison rapide 24\/7 Nous envoyons la cl\u00e9 du produit 2 minutes apr\u00e8s r\u00e9ception de votre paiement Vous recevez un...<\/p>","protected":false},"author":1,"featured_media":0,"parent":0,"menu_order":0,"comment_status":"closed","ping_status":"closed","template":"","meta":{"_acf_changed":false,"footnotes":""},"class_list":["post-5565","page","type-page","status-publish","hentry"],"acf":[],"_links":{"self":[{"href":"https:\/\/keyshop.windowsandoffice.com\/fr\/wp-json\/wp\/v2\/pages\/5565","targetHints":{"allow":["GET"]}}],"collection":[{"href":"https:\/\/keyshop.windowsandoffice.com\/fr\/wp-json\/wp\/v2\/pages"}],"about":[{"href":"https:\/\/keyshop.windowsandoffice.com\/fr\/wp-json\/wp\/v2\/types\/page"}],"author":[{"embeddable":true,"href":"https:\/\/keyshop.windowsandoffice.com\/fr\/wp-json\/wp\/v2\/users\/1"}],"replies":[{"embeddable":true,"href":"https:\/\/keyshop.windowsandoffice.com\/fr\/wp-json\/wp\/v2\/comments?post=5565"}],"version-history":[{"count":0,"href":"https:\/\/keyshop.windowsandoffice.com\/fr\/wp-json\/wp\/v2\/pages\/5565\/revisions"}],"wp:attachment":[{"href":"https:\/\/keyshop.windowsandoffice.com\/fr\/wp-json\/wp\/v2\/media?parent=5565"}],"curies":[{"name":"wp","href":"https:\/\/api.w.org\/{rel}","templated":true}]}}