{"id":5178,"date":"2021-02-12T21:55:40","date_gmt":"2021-02-12T17:55:40","guid":{"rendered":"https:\/\/keyshop.windowsandoffice.com\/?page_id=5178"},"modified":"2026-02-12T02:40:10","modified_gmt":"2026-02-12T01:40:10","slug":"payment-and-delivery","status":"publish","type":"page","link":"https:\/\/keyshop.windowsandoffice.com\/fr\/payment-and-delivery\/","title":{"rendered":"Paiement et livraison"},"content":{"rendered":"<div data-elementor-type=\"wp-page\" data-elementor-id=\"5178\" class=\"elementor elementor-5178\">\n\t\t\t\t\t\t<section class=\"elementor-section elementor-top-section elementor-element elementor-element-e1c0b93 elementor-section-boxed elementor-section-height-default elementor-section-height-default\" data-id=\"e1c0b93\" data-element_type=\"section\" data-e-type=\"section\">\n\t\t\t\t\t\t<div class=\"elementor-container elementor-column-gap-default\">\n\t\t\t\t\t<div class=\"elementor-column elementor-col-100 elementor-top-column elementor-element elementor-element-c993a39\" data-id=\"c993a39\" data-element_type=\"column\" data-e-type=\"column\">\n\t\t\t<div class=\"elementor-widget-wrap elementor-element-populated\">\n\t\t\t\t\t\t<div class=\"elementor-element elementor-element-486d14e elementor-widget elementor-widget-text-editor\" data-id=\"486d14e\" data-element_type=\"widget\" data-e-type=\"widget\" data-widget_type=\"text-editor.default\">\n\t\t\t\t<div class=\"elementor-widget-container\">\n\t\t\t\t\t\t\t\t\t<div class=\"entry-content\"><h2>Exp\u00e9dition<\/h2><p>Nos produits sont livr\u00e9s par e-mail. D\u00e8s que nous aurons confirm\u00e9 la r\u00e9ception de votre paiement, vous recevrez un e-mail contenant toutes les informations n\u00e9cessaires au t\u00e9l\u00e9chargement, \u00e0 l'installation et \u00e0 l'activation.<\/p><p>Afin de garantir l'envoi des produits, vous devez vous assurer que vous saisissez correctement votre adresse \u00e9lectronique lors de la commande !<\/p><p>Il n'y a pas de frais d'exp\u00e9dition pour la livraison par courrier \u00e9lectronique.<\/p><p>\u00a0<\/p><h2>Modalit\u00e9s et conditions de paiement<\/h2><p>Nous vous proposons plusieurs m\u00e9thodes de paiement par l'interm\u00e9diaire de nos partenaires de confiance. Les options disponibles d\u00e9pendent de votre pays de facturation et apparaissent une fois que vous avez saisi votre adresse sur la page de paiement. Les options disponibles peuvent inclure : <b>Apple Pay, Google Pay, Amazon Pay, cartes de cr\u00e9dit\/d\u00e9bit, Klarna.<\/b><\/p><p><b>\u00a0<\/b><\/p><p><b><\/b>Une fois le paiement confirm\u00e9, la commande est exp\u00e9di\u00e9e imm\u00e9diatement.<\/p><\/div>\t\t\t\t\t\t\t\t<\/div>\n\t\t\t\t<\/div>\n\t\t\t\t\t<\/div>\n\t\t<\/div>\n\t\t\t\t\t<\/div>\n\t\t<\/section>\n\t\t\t\t<\/div>","protected":false},"excerpt":{"rendered":"<p>Livraison Nos produits sont livr\u00e9s par e-mail. D\u00e8s que nous aurons confirm\u00e9 la r\u00e9ception de votre paiement, vous recevrez...<\/p>","protected":false},"author":1,"featured_media":0,"parent":0,"menu_order":0,"comment_status":"closed","ping_status":"closed","template":"","meta":{"_acf_changed":false,"footnotes":""},"class_list":["post-5178","page","type-page","status-publish","hentry"],"acf":[],"_links":{"self":[{"href":"https:\/\/keyshop.windowsandoffice.com\/fr\/wp-json\/wp\/v2\/pages\/5178","targetHints":{"allow":["GET"]}}],"collection":[{"href":"https:\/\/keyshop.windowsandoffice.com\/fr\/wp-json\/wp\/v2\/pages"}],"about":[{"href":"https:\/\/keyshop.windowsandoffice.com\/fr\/wp-json\/wp\/v2\/types\/page"}],"author":[{"embeddable":true,"href":"https:\/\/keyshop.windowsandoffice.com\/fr\/wp-json\/wp\/v2\/users\/1"}],"replies":[{"embeddable":true,"href":"https:\/\/keyshop.windowsandoffice.com\/fr\/wp-json\/wp\/v2\/comments?post=5178"}],"version-history":[{"count":0,"href":"https:\/\/keyshop.windowsandoffice.com\/fr\/wp-json\/wp\/v2\/pages\/5178\/revisions"}],"wp:attachment":[{"href":"https:\/\/keyshop.windowsandoffice.com\/fr\/wp-json\/wp\/v2\/media?parent=5178"}],"curies":[{"name":"wp","href":"https:\/\/api.w.org\/{rel}","templated":true}]}}