{"id":8800,"date":"2021-10-18T20:26:07","date_gmt":"2021-10-18T18:26:07","guid":{"rendered":"https:\/\/keyshop.windowsandoffice.com\/?post_type=product&#038;p=8800"},"modified":"2026-02-12T17:24:25","modified_gmt":"2026-02-12T16:24:25","slug":"windows-11-professional-office-2021-standard","status":"publish","type":"product","link":"https:\/\/keyshop.windowsandoffice.com\/es\/producto\/windows-11-professional-office-2021-standard\/","title":{"rendered":"Licencia Microsoft Windows 11 Professional + Microsoft Office 2021 Standard para 3 PCs"},"content":{"rendered":"<div id=\"primaryR2\" data-grid=\"container\" data-region-key=\"primaryr2\" data-m=\"{&quot;cN&quot;:&quot;primaryR2 1&quot;,&quot;cT&quot;:&quot;Region_coreui-region&quot;,&quot;id&quot;:&quot;r2a2&quot;,&quot;sN&quot;:2,&quot;aN&quot;:&quot;a2&quot;}\">\n<div id=\"coreui-banner-l03vzh8\" data-m=\"{&quot;cN&quot;:&quot;R2Banner 1&quot;,&quot;cT&quot;:&quot;Module_coreui-banner&quot;,&quot;id&quot;:&quot;m1r2a2&quot;,&quot;sN&quot;:1,&quot;aN&quot;:&quot;r2a2&quot;}\" data-module-id=\"WDG-Windows|primaryR2|coreui-region|coreui-banner-l03vzh8|coreui-banner\">\n<div class=\"m-banner f-align-left\" data-grid=\"col-12\">\n<h2>Windows 11 Profesional<\/h2>\n<h2 class=\"c-heading-3\">Requisitos del sistema<\/h2>\n<\/div>\n<\/div>\n<div id=\"coreui-divider-f6wmnt9\" data-m=\"{&quot;cN&quot;:&quot;R2Divider 1&quot;,&quot;cT&quot;:&quot;Module_coreui-divider&quot;,&quot;id&quot;:&quot;m2r2a2&quot;,&quot;sN&quot;:2,&quot;aN&quot;:&quot;r2a2&quot;}\" data-module-id=\"WDG-Windows|primaryR2|coreui-region|coreui-divider-f6wmnt9|coreui-divider\">\n<hr class=\"c-divider f-pad-top-3x\" data-grid=\"col-12\" \/>\n<\/div>\n<div id=\"coreui-contentrichblock-o5iouct\" data-m=\"{&quot;cN&quot;:&quot;R2ContentRichBlock 1&quot;,&quot;cT&quot;:&quot;Module_coreui-contentrichblock&quot;,&quot;id&quot;:&quot;m3r2a2&quot;,&quot;sN&quot;:3,&quot;aN&quot;:&quot;r2a2&quot;}\" data-module-id=\"WDG-Windows|primaryR2|coreui-region|coreui-contentrichblock-o5iouct|coreui-contentrichblock\">\n<div class=\"m-rich-content-block context-ucx\" data-grid=\"col-12\">\n<p>Consigue el mejor y m\u00e1s reciente sistema operativo de Microsoft.<\/p>\n<p><strong>Estos son los requisitos b\u00e1sicos para instalar Windows 11 en un PC. Si tu dispositivo no cumple estos requisitos, es posible que no puedas instalar Windows 11<\/strong> <strong>\u00a1en tu dispositivo!<\/strong> Si no est\u00e1s seguro de si tu PC cumple estos requisitos, puedes consultar al fabricante de equipos originales (OEM) de tu PC o, si tu dispositivo ya ejecuta Windows 10, puedes utilizar la aplicaci\u00f3n PC Health Check para evaluar la compatibilidad (<a href=\"https:\/\/aka.ms\/GetPCHealthCheckApp\" rel=\"nofollow noopener\" target=\"_blank\">Haga clic aqu\u00ed para descargarlo de Microsoft<\/a>).<\/p>\n<\/div>\n<\/div>\n<div id=\"coreui-tablev2-62jrfm3\" data-m=\"{&quot;cN&quot;:&quot;R2TableV2 1&quot;,&quot;cT&quot;:&quot;Module_coreui-tablev2&quot;,&quot;id&quot;:&quot;m4r2a2&quot;,&quot;sN&quot;:4,&quot;aN&quot;:&quot;r2a2&quot;}\" data-module-id=\"WDG-Windows|primaryR2|coreui-region|coreui-tablev2-62jrfm3|coreui-tablev2\">\n<div class=\"m-table\">\n<div class=\"c-table\" data-f-loc-ascending=\"Sorted by {0} - ascending\" data-f-loc-descending=\"Sorted by {0} - descending\">\n<table>\n<thead>\n<tr>\n<th scope=\"col\"><\/th>\n<th scope=\"col\"><\/th>\n<\/tr>\n<\/thead>\n<tbody>\n<tr>\n<td class=\"f-divided\"><strong>Procesador:<\/strong><\/td>\n<td class=\"f-divided\">1 gigahercio (GHz) o m\u00e1s r\u00e1pido con 2 o m\u00e1s n\u00facleos en un procesador de 64 bits compatible o System on a Chip (SoC)<\/td>\n<\/tr>\n<tr>\n<td class=\"f-divided\"><strong>RAM:<\/strong><\/td>\n<td class=\"f-divided\">4 gigabytes (GB)<\/td>\n<\/tr>\n<tr>\n<td class=\"f-divided\"><strong>Almacenamiento:<\/strong><\/td>\n<td class=\"f-divided\">Dispositivo de almacenamiento de 64 GB o superior<\/p>\n<p>Nota: Para m\u00e1s informaci\u00f3n, consulte el apartado \"M\u00e1s informaci\u00f3n sobre el espacio de almacenamiento para mantener actualizado Windows 11\".<\/td>\n<\/tr>\n<tr>\n<td class=\"f-divided\"><strong>Firmware del sistema:<\/strong><\/td>\n<td class=\"f-divided\">UEFI, compatible con Secure Boot<\/td>\n<\/tr>\n<tr>\n<td class=\"f-divided\"><strong>TPM:<\/strong><\/td>\n<td class=\"f-divided\">M\u00f3dulo de plataforma segura (TPM) versi\u00f3n 2.0<\/td>\n<\/tr>\n<tr>\n<td class=\"f-divided\"><strong>Tarjeta gr\u00e1fica:<\/strong><\/td>\n<td class=\"f-divided\">Compatible con DirectX 12 o posterior con controlador WDDM 2.0<\/td>\n<\/tr>\n<tr>\n<td class=\"f-divided\"><strong>Pantalla:<\/strong><\/td>\n<td class=\"f-divided\">Pantalla de alta definici\u00f3n (720p) de m\u00e1s de 9\" en diagonal, 8 bits por canal de color<\/td>\n<\/tr>\n<tr>\n<td class=\"f-divided\"><strong>Conexi\u00f3n a Internet y cuentas de Microsoft:\u00a0<\/strong><\/td>\n<td class=\"f-divided\">Windows 11 Home edition requiere conectividad a Internet y una cuenta Microsoft para completar la configuraci\u00f3n del dispositivo en el primer uso.<\/p>\n<p>Para sacar un dispositivo de Windows 11 Home en modo S tambi\u00e9n se necesita conexi\u00f3n a Internet.<\/p>\n<p>Para todas las ediciones de Windows 11, se requiere acceso a Internet para realizar actualizaciones y para descargar y aprovechar algunas funciones. Algunas funciones requieren una cuenta Microsoft.<\/td>\n<\/tr>\n<\/tbody>\n<\/table>\n<\/div>\n<\/div>\n<\/div>\n<div id=\"coreui-contentrichblock-wqm7a2a\" data-m=\"{&quot;cN&quot;:&quot;R2ContentRichBlock 2&quot;,&quot;cT&quot;:&quot;Module_coreui-contentrichblock&quot;,&quot;id&quot;:&quot;m5r2a2&quot;,&quot;sN&quot;:5,&quot;aN&quot;:&quot;r2a2&quot;}\" data-module-id=\"WDG-Windows|primaryR2|coreui-region|coreui-contentrichblock-wqm7a2a|coreui-contentrichblock\">\n<div class=\"m-rich-content-block context-ucx\" data-grid=\"col-12\">\n<p>Con el tiempo, puede haber requisitos adicionales para las actualizaciones, as\u00ed como requisitos para activar funciones espec\u00edficas dentro del sistema operativo.<\/p>\n<\/div>\n<\/div>\n<\/div>\n<div id=\"primaryR3\" data-grid=\"container\" data-region-key=\"primaryr3\" data-m=\"{&quot;cN&quot;:&quot;primaryR3 1&quot;,&quot;cT&quot;:&quot;Region_coreui-region&quot;,&quot;id&quot;:&quot;r3a2&quot;,&quot;sN&quot;:3,&quot;aN&quot;:&quot;a2&quot;}\">\n<div id=\"coreui-banner-iods39j\" data-m=\"{&quot;cN&quot;:&quot;R3Banner 1&quot;,&quot;cT&quot;:&quot;Module_coreui-banner&quot;,&quot;id&quot;:&quot;m1r3a2&quot;,&quot;sN&quot;:1,&quot;aN&quot;:&quot;r3a2&quot;}\" data-module-id=\"WDG-Windows|primaryR3|coreui-region|coreui-banner-iods39j|coreui-banner\">\n<div class=\"m-banner f-align-left\" data-grid=\"col-12\">\n<h2 class=\"c-heading-3\">Requisitos espec\u00edficos para Windows 11<\/h2>\n<\/div>\n<\/div>\n<div id=\"coreui-divider-xjbne9z\" data-m=\"{&quot;cN&quot;:&quot;R2Divider 1&quot;,&quot;cT&quot;:&quot;Module_coreui-divider&quot;,&quot;id&quot;:&quot;m2r3a2&quot;,&quot;sN&quot;:2,&quot;aN&quot;:&quot;r3a2&quot;}\" data-module-id=\"WDG-Windows|primaryR3|coreui-region|coreui-divider-xjbne9z|coreui-divider\">\n<hr class=\"c-divider f-pad-top-3x\" data-grid=\"col-12\" \/>\n<\/div>\n<div id=\"coreui-contentrichblock-rhi1sei\" data-m=\"{&quot;cN&quot;:&quot;R2ContentRichBlock 1&quot;,&quot;cT&quot;:&quot;Module_coreui-contentrichblock&quot;,&quot;id&quot;:&quot;m3r3a2&quot;,&quot;sN&quot;:3,&quot;aN&quot;:&quot;r3a2&quot;}\" data-module-id=\"WDG-Windows|primaryR3|coreui-region|coreui-contentrichblock-rhi1sei|coreui-contentrichblock\">\n<div class=\"m-rich-content-block context-ucx\" data-grid=\"col-12\">\n<p>Algunas funciones de Windows 11 tienen requisitos m\u00e1s estrictos que los indicados en la secci\u00f3n de requisitos m\u00ednimos. A continuaci\u00f3n se ofrecen m\u00e1s detalles sobre los requisitos de las principales funciones:<\/p>\n<div>\n<ul class=\"c-list\">\n<li><strong>Compatibilidad con 5G<\/strong> requiere un m\u00f3dem compatible con 5G.<\/li>\n<li><strong>HDR autom\u00e1tico<\/strong> requiere un monitor HDR.<\/li>\n<li><strong>BitLocker para llevar<\/strong> requiere una unidad flash USB (disponible en las ediciones Windows Pro y superiores).<\/li>\n<li><strong>Cliente Hyper-V<\/strong> requiere un procesador con capacidades de traducci\u00f3n de direcciones de segundo nivel (SLAT) (disponible en las ediciones Windows Pro y superiores).<\/li>\n<li><strong>Cortana<\/strong> requiere un micr\u00f3fono y un altavoz y actualmente est\u00e1 disponible en Windows 11 para Alemania, Australia, Brasil, Canad\u00e1, China, Espa\u00f1a, Estados Unidos, Francia, India, Italia, Jap\u00f3n, M\u00e9xico y Reino Unido.<\/li>\n<li><strong>DirectStorage<\/strong> requiere una SSD NVMe para almacenar y ejecutar juegos que utilicen el controlador \"Standard NVM Express Controller\" y una GPU DirectX12 compatible con Shader Model 6.0.<\/li>\n<li><strong>DirectX 12 Ultimate<\/strong> est\u00e1 disponible con los juegos y chips gr\u00e1ficos compatibles.<\/li>\n<li><strong>Presencia<\/strong> requiere un sensor que pueda detectar la distancia humana al dispositivo o la intenci\u00f3n de interactuar con \u00e9l.<\/li>\n<li><strong>Videoconferencia inteligente<\/strong> requiere c\u00e1mara de v\u00eddeo, micr\u00f3fono y altavoz (salida de audio).<\/li>\n<li><strong>Asistente de voz m\u00faltiple (MVA)<\/strong> requiere un micr\u00f3fono y un altavoz.<\/li>\n<li><strong>Snap<\/strong> los dise\u00f1os de tres columnas requieren una pantalla de 1920 p\u00edxeles efectivos o m\u00e1s de ancho.<\/li>\n<li><strong>Silenciar\/desactivar desde la barra de tareas<\/strong> requiere c\u00e1mara de v\u00eddeo, micr\u00f3fono y altavoz (salida de audio). La aplicaci\u00f3n debe ser compatible con la funci\u00f3n para activar el silencio\/activaci\u00f3n global.<\/li>\n<li><strong>Sonido espacial<\/strong> requiere hardware y software de apoyo.<\/li>\n<li><strong>Equipos<\/strong> requiere c\u00e1mara de v\u00eddeo, micr\u00f3fono y altavoz (salida de audio).<\/li>\n<li><strong>Toque<\/strong> requiere una pantalla o monitor compatible con multit\u00e1ctil.<\/li>\n<li><strong>Autenticaci\u00f3n de dos factores<\/strong> requiere el uso de PIN, biometr\u00eda (lector de huellas dactilares o c\u00e1mara de infrarrojos iluminada) o un tel\u00e9fono con capacidades Wi-Fi o Bluetooth.<\/li>\n<li><strong>Mecanograf\u00eda por voz<\/strong> requiere un PC con micr\u00f3fono.<\/li>\n<li><strong>Despertar por voz<\/strong> requiere un modelo de alimentaci\u00f3n Standby moderno y un micr\u00f3fono.<\/li>\n<li><strong>Wi-Fi 6E<\/strong> requiere un nuevo hardware y controlador WLAN IHV y un AP\/router con capacidad Wi-Fi 6E.<\/li>\n<li><strong>Windows Hola<\/strong> requiere una c\u00e1mara configurada para im\u00e1genes de infrarrojo cercano (IR) o un lector de huellas dactilares para la autenticaci\u00f3n biom\u00e9trica. Los dispositivos sin sensores biom\u00e9tricos pueden utilizar Windows Hello con un PIN o una clave de seguridad port\u00e1til compatible con Microsoft.<\/li>\n<li><strong>Windows Proyecci\u00f3n<\/strong> requiere un adaptador de pantalla compatible con Windows Display Driver Model (WDDM) 2.0 y un adaptador Wi-Fi compatible con Wi-Fi Direct.<\/li>\n<li><strong>Xbox (aplicaci\u00f3n)<\/strong> requiere una cuenta Xbox Live, que no est\u00e1 disponible en todas las regiones. Consulta Pa\u00edses y regiones de Xbox Live para obtener la informaci\u00f3n m\u00e1s actualizada sobre disponibilidad. Algunas funciones de la aplicaci\u00f3n Xbox requieren una suscripci\u00f3n activa a Xbox Game Pass. M\u00e1s informaci\u00f3n sobre el pase.<\/li>\n<\/ul>\n<\/div>\n<h1>Microsoft Office 2021 Est\u00e1ndar<\/h1>\n<div class=\"dePhmb\">\n<div class=\"eyKpYb\" data-language=\"en\" data-original-language=\"de\" data-result-index=\"0\">\n<div class=\"J0lOec\">\n<p>Los usuarios de Microsoft Office que utilizan toda la gama de aplicaciones en casa o en la oficina est\u00e1n bien asesorados con el Office 2021 Standard. Se incluyen todos los programas importantes: Word, Excel, Outlook, PowerPoint y Publisher.  OneNote est\u00e1 ahora disponible para su descarga en la Windows Store para que pueda tomar notas r\u00e1pidamente y tenerlas disponibles en todos los dispositivos a trav\u00e9s de la nube. Debido a la amplia gama de programas diferentes, la versi\u00f3n Est\u00e1ndar est\u00e1 dirigida principalmente a personas que trabajan en casa, en la oficina dom\u00e9stica o que buscan una soluci\u00f3n potente y fiable en una oficina para organizar documentos, tablas, etc.<\/p>\n<\/div>\n<ul>\n<li class=\"J0lOec\"><span class=\"VIiyi\" lang=\"en\"><span class=\"JLqJ4b ChMk0b\" data-language-for-alternatives=\"en\" data-language-to-translate-into=\"de\" data-phrase-index=\"9\" data-number-of-phrases=\"18\"><strong>Word<\/strong>: Crea documentos de texto de calidad profesional en un abrir y cerrar de ojos.<\/span><\/span><\/li>\n<li class=\"J0lOec\"><span class=\"VIiyi\" lang=\"en\"><span class=\"JLqJ4b ChMk0b\" data-language-for-alternatives=\"en\" data-language-to-translate-into=\"de\" data-phrase-index=\"11\" data-number-of-phrases=\"18\"><strong>Excel<\/strong>: Hoja de c\u00e1lculo inteligente para la gesti\u00f3n de la informaci\u00f3n.<\/span> <\/span><\/li>\n<li class=\"J0lOec\"><span class=\"VIiyi\" lang=\"en\"><span class=\"JLqJ4b ChMk0b\" data-language-for-alternatives=\"en\" data-language-to-translate-into=\"de\" data-phrase-index=\"13\" data-number-of-phrases=\"18\"><strong>PowerPoint<\/strong>: Cree impresionantes presentaciones din\u00e1micas.<\/span> <\/span><\/li>\n<li class=\"J0lOec\"><span class=\"VIiyi\" lang=\"en\"><span class=\"JLqJ4b ChMk0b\" data-language-for-alternatives=\"en\" data-language-to-translate-into=\"de\" data-phrase-index=\"15\" data-number-of-phrases=\"18\"><strong>OneNote<\/strong>: Tu cuaderno digital.<\/span> <\/span><\/li>\n<li class=\"J0lOec\"><span class=\"VIiyi\" lang=\"en\"><span class=\"JLqJ4b ChMk0b\" data-language-for-alternatives=\"en\" data-language-to-translate-into=\"de\" data-phrase-index=\"17\" data-number-of-phrases=\"18\"><strong>Outlook<\/strong>: La comunicaci\u00f3n hecha f\u00e1cil.<\/span><\/span><\/li>\n<li><strong>Publisher<\/strong>Creaci\u00f3n de maquetas para publicaciones profesionales<\/li>\n<\/ul>\n<p><strong>\u00a1Necesita Windows 10 o Windows 11!<\/strong><\/p>\n<\/div>\n<\/div>\n<\/div>\n<\/div>\n<\/div>","protected":false},"excerpt":{"rendered":"<ul>\n<li>Licencia Microsoft Windows 11 Professional para 3 dispositivos<\/li>\n<li>Microsoft Office 2021 Licencia est\u00e1ndar para 3 dispositivos<\/li>\n<li><strong>Con esta licencia, el software puede activarse en 3 dispositivos diferentes, por ejemplo, el PC de casa, el port\u00e1til y el PC del trabajo.<\/strong><\/li>\n<li>Versi\u00f3n para sistemas de 32 y 64 bits, versiones completas e ilimitadas de software<\/li>\n<li>Env\u00edo por correo electr\u00f3nico: clave del producto, instrucciones, enlaces de descarga, factura<\/li>\n<li><strong>30 d\u00edas de reembolso completo - \u00a1\u00a1\u00a1Garant\u00eda de sustituci\u00f3n de por vida!!!<\/strong><\/li>\n<li>Descarga inmediata<\/li>\n<li>Sin l\u00edmite de tiempo, sin suscripci\u00f3n<\/li>\n<li>Asistencia gratuita 24 horas al d\u00eda, 7 d\u00edas a la semana, para problemas de instalaci\u00f3n y activaci\u00f3n<\/li>\n<li>Sin entrega en almacenamiento de datos (USB, CD, etc.)<\/li>\n<li>Activaci\u00f3n en l\u00ednea y por tel\u00e9fono<\/li>\n<li>Idiomas: <strong>Ingl\u00e9s<\/strong>, espa\u00f1ol, italiano, alem\u00e1n, franc\u00e9s<\/li>\n<li><strong><span style=\"color: #008000;\"> Este producto es compatible con Microsoft Windows.<\/span><\/strong><\/li>\n<li><strong><span style=\"color: #ff0000;\">NO compatible con Apple macOS\u2122, dispositivos Android y Chromebooks.<\/span><\/strong><\/li>\n<li><\/li>\n<\/ul>","protected":false},"featured_media":115832,"comment_status":"open","ping_status":"closed","template":"","meta":{"_acf_changed":false},"product_brand":[],"product_cat":[41,53,65],"product_tag":[74],"class_list":{"0":"post-8800","1":"product","2":"type-product","3":"status-publish","4":"has-post-thumbnail","6":"product_cat-windows-desktop","7":"product_cat-combos","8":"product_cat-popular","9":"product_tag-windows-11","11":"first","12":"instock","13":"sale","14":"featured","15":"virtual","16":"taxable","17":"purchasable","18":"product-type-simple"},"acf":[],"_links":{"self":[{"href":"https:\/\/keyshop.windowsandoffice.com\/es\/wp-json\/wp\/v2\/product\/8800","targetHints":{"allow":["GET"]}}],"collection":[{"href":"https:\/\/keyshop.windowsandoffice.com\/es\/wp-json\/wp\/v2\/product"}],"about":[{"href":"https:\/\/keyshop.windowsandoffice.com\/es\/wp-json\/wp\/v2\/types\/product"}],"replies":[{"embeddable":true,"href":"https:\/\/keyshop.windowsandoffice.com\/es\/wp-json\/wp\/v2\/comments?post=8800"}],"wp:featuredmedia":[{"embeddable":true,"href":"https:\/\/keyshop.windowsandoffice.com\/es\/wp-json\/wp\/v2\/media\/115832"}],"wp:attachment":[{"href":"https:\/\/keyshop.windowsandoffice.com\/es\/wp-json\/wp\/v2\/media?parent=8800"}],"wp:term":[{"taxonomy":"product_brand","embeddable":true,"href":"https:\/\/keyshop.windowsandoffice.com\/es\/wp-json\/wp\/v2\/product_brand?post=8800"},{"taxonomy":"product_cat","embeddable":true,"href":"https:\/\/keyshop.windowsandoffice.com\/es\/wp-json\/wp\/v2\/product_cat?post=8800"},{"taxonomy":"product_tag","embeddable":true,"href":"https:\/\/keyshop.windowsandoffice.com\/es\/wp-json\/wp\/v2\/product_tag?post=8800"}],"curies":[{"name":"wp","href":"https:\/\/api.w.org\/{rel}","templated":true}]}}