{"id":6319,"date":"2021-05-03T17:39:19","date_gmt":"2021-05-03T16:39:19","guid":{"rendered":"https:\/\/keyshop.windowsandoffice.com\/?post_type=product&#038;p=6319"},"modified":"2026-01-13T20:50:09","modified_gmt":"2026-01-13T19:50:09","slug":"microsoft-office-2016-standard","status":"publish","type":"product","link":"https:\/\/keyshop.windowsandoffice.com\/es\/producto\/microsoft-office-2016-standard\/","title":{"rendered":"Microsoft Office 2016 Licencia est\u00e1ndar para 3 PCs"},"content":{"rendered":"<p style=\"color: red;\">NOTA: Microsoft Office 2016 STANDARD s\u00f3lo est\u00e1 disponible en alem\u00e1n e ingl\u00e9s. Versi\u00f3n de 32 bits s\u00f3lo en alem\u00e1n.<\/p>\n<p>Con los programas incluidos, Microsoft Office 2016 Standard satisface todas las exigencias de un software ofim\u00e1tico extenso. Ya se trate de crear cartas modelo, gestionar cifras comerciales y hojas de c\u00e1lculo, dise\u00f1ar presentaciones, crear bases de datos u organizar sus correos electr\u00f3nicos para sus proyectos empresariales y privados, todo puede hacerse en un abrir y cerrar de ojos con las aplicaciones de Office.<\/p>\n<p><strong>Todo lo que necesitas de un vistazo:<\/strong><\/p>\n<ul>\n<li><strong>Word 2016 <\/strong>- para crear y editar sus textos y documentos<\/li>\n<li><strong>Excel 2016 <\/strong>- para procesar registros de datos en forma tabular<\/li>\n<li><strong>PowerPoint 2016 <\/strong>- para la creaci\u00f3n de presentaciones inspiradoras<\/li>\n<li><strong>Perspectivas 2016<\/strong>\u00a0- para gestionar el correo electr\u00f3nico, los contactos, la agenda y las tareas<\/li>\n<li><strong>Editorial 2016<\/strong>\u00a0- para crear f\u00e1cilmente publicaciones de aspecto profesional<\/li>\n<li><strong>OneNote 2016<\/strong>\u00a0- para crear y gestionar sus notas<\/li>\n<\/ul>\n<p>\u00bfEst\u00e1 buscando <a href=\"https:\/\/keyshop.windowsandoffice.com\/es\/producto\/ms-office-2016\/\">Microsoft Office 2016 Edici\u00f3n Profesional<\/a>?<\/p>\n<p><strong>Requisitos del sistema para Microsoft Office 2016 Standard:<br \/>\n<\/strong><\/p>\n<ul>\n<li>Procesador de 2 n\u00facleos a 1,4 GHz<\/li>\n<li>1 GB (32 bits), 2 GB (64 bits) RAM<\/li>\n<li>3 GB de espacio disponible en el disco duro<\/li>\n<li>Tarjeta gr\u00e1fica DirectX 9 para el uso de la aceleraci\u00f3n por hardware de gr\u00e1ficos<\/li>\n<\/ul>\n<p><strong>Apoyo:<\/strong><\/p>\n<p>Si tiene alguna pregunta, no dude en ponerse en contacto con nosotros. <a href=\"mailto:keyshop@dl-winandoffice.com\">por correo electr\u00f3nico<\/a>. Nuestro servicio de atenci\u00f3n al cliente est\u00e1 disponible 7 d\u00edas a la semana, 24 horas al d\u00eda.<\/p>\n<p>Por otro lado, aseguramos la disponibilidad en todos nuestros productos. En consecuencia, recibir\u00e1 su pedido en un tiempo r\u00e9cord.<\/p>\n<p>Nuestra empresa cuenta con m\u00e1s de 10 a\u00f1os de experiencia en el sector. Esto significa que proporcionamos un servicio profesional acorde con sus necesidades. As\u00ed que si\u00e9ntase seguro de formar parte de nuestra red mundial de clientes satisfechos.<\/p>\n<p>Por lo tanto, si desea ver nuestras noticias<strong>, <a href=\"https:\/\/news.dl-winandoffice.com\/en\/\" target=\"_blank\" rel=\"noopener noreferrer nofollow\">pulse aqu\u00ed<\/a><\/strong><\/p>","protected":false},"excerpt":{"rendered":"<ul>\n<li>Microsoft Office 2016 Est\u00e1ndar para 1 PC<\/li>\n<li>Versi\u00f3n para sistemas de 32 y 64 bits<\/li>\n<li>Env\u00edo por correo electr\u00f3nico: clave del producto, instrucciones, enlaces de descarga, factura<\/li>\n<li>Descarga inmediata<\/li>\n<li>Sin l\u00edmite de tiempo, sin suscripci\u00f3n<\/li>\n<li>Asistencia gratuita durante la instalaci\u00f3n y la activaci\u00f3n<\/li>\n<li>No disponible en soporte f\u00edsico (USB, CD, etc.)<\/li>\n<li>Activaci\u00f3n en l\u00ednea y por tel\u00e9fono<br \/>\n<span style=\"font-size: 14pt;\"><strong>Nota:<\/strong><\/span><\/p>\n<ul>\n<li><span style=\"font-size: 12pt;\"><strong>Office 2016 s\u00f3lo es compatible con Windows 10 y 11.<\/strong><\/span><\/li>\n<li><span style=\"font-size: 12pt;\"><strong>Office 2016 NO es compatible con los sistemas operativos de Apple (MacOS, iPadOS, iOS), Chromebooks<\/strong><\/span><\/li>\n<li><strong>disponible s\u00f3lo en alem\u00e1n<\/strong><\/li>\n<\/ul>\n<\/li>\n<\/ul>","protected":false},"featured_media":115822,"comment_status":"open","ping_status":"closed","template":"","meta":{"_acf_changed":false},"product_brand":[],"product_cat":[40,69,65],"product_tag":[],"class_list":{"0":"post-6319","1":"product","2":"type-product","3":"status-publish","4":"has-post-thumbnail","6":"product_cat-msoffice","7":"product_cat-office-2019","8":"product_cat-popular","10":"first","11":"instock","12":"sale","13":"virtual","14":"taxable","15":"purchasable","16":"product-type-simple"},"acf":[],"_links":{"self":[{"href":"https:\/\/keyshop.windowsandoffice.com\/es\/wp-json\/wp\/v2\/product\/6319","targetHints":{"allow":["GET"]}}],"collection":[{"href":"https:\/\/keyshop.windowsandoffice.com\/es\/wp-json\/wp\/v2\/product"}],"about":[{"href":"https:\/\/keyshop.windowsandoffice.com\/es\/wp-json\/wp\/v2\/types\/product"}],"replies":[{"embeddable":true,"href":"https:\/\/keyshop.windowsandoffice.com\/es\/wp-json\/wp\/v2\/comments?post=6319"}],"wp:featuredmedia":[{"embeddable":true,"href":"https:\/\/keyshop.windowsandoffice.com\/es\/wp-json\/wp\/v2\/media\/115822"}],"wp:attachment":[{"href":"https:\/\/keyshop.windowsandoffice.com\/es\/wp-json\/wp\/v2\/media?parent=6319"}],"wp:term":[{"taxonomy":"product_brand","embeddable":true,"href":"https:\/\/keyshop.windowsandoffice.com\/es\/wp-json\/wp\/v2\/product_brand?post=6319"},{"taxonomy":"product_cat","embeddable":true,"href":"https:\/\/keyshop.windowsandoffice.com\/es\/wp-json\/wp\/v2\/product_cat?post=6319"},{"taxonomy":"product_tag","embeddable":true,"href":"https:\/\/keyshop.windowsandoffice.com\/es\/wp-json\/wp\/v2\/product_tag?post=6319"}],"curies":[{"name":"wp","href":"https:\/\/api.w.org\/{rel}","templated":true}]}}