{"id":6316,"date":"2021-05-03T17:11:42","date_gmt":"2021-05-03T15:11:42","guid":{"rendered":"https:\/\/keyshop.windowsandoffice.com\/?post_type=product&#038;p=6316"},"modified":"2026-01-13T20:50:09","modified_gmt":"2026-01-13T19:50:09","slug":"microsoft-office-2019-standard","status":"publish","type":"product","link":"https:\/\/keyshop.windowsandoffice.com\/es\/producto\/microsoft-office-2019-standard\/","title":{"rendered":"Microsoft Office 2019 Licencia est\u00e1ndar para 3 PC"},"content":{"rendered":"<p style=\"color: red;\">NOTA: Microsoft Office 2019 Standard s\u00f3lo est\u00e1 disponible en alem\u00e1n e ingl\u00e9s.<\/p>\n<p>Opte hoy mismo por Office 2019 Standard para obtener una soluci\u00f3n ofim\u00e1tica moderna de Microsoft. La versi\u00f3n cl\u00e1sica de las mejores aplicaciones de productividad ofim\u00e1tica del mundo cubre todas sus necesidades diarias. Incluye versiones web de Word, OneNote, Excel y PowerPoint para facilitar el acceso desde cualquier lugar.<\/p>\n<h4><strong>Todo lo que necesitas de un vistazo:<\/strong><\/h4>\n<ul>\n<li><strong>Palabra 2019 <\/strong>- para crear y editar sus textos y documentos<\/li>\n<li><strong>Excel 2019 <\/strong>- para procesar registros de datos en forma tabular<\/li>\n<li><strong>PowerPoint 2019 <\/strong>- para la creaci\u00f3n de presentaciones inspiradoras<\/li>\n<li><strong>Perspectivas para 2019<\/strong> - para gestionar el correo electr\u00f3nico, los contactos, la agenda y las tareas<\/li>\n<li><strong>Editorial 2019<\/strong> - para crear f\u00e1cilmente publicaciones de aspecto profesional<\/li>\n<\/ul>\n<p>OneNote ya no forma parte del paquete Office, ahora est\u00e1 integrado en el sistema operativo Windows 10, necesario para utilizar Office 2019. <strong>Las versiones anteriores de Windows no son compatibles.<\/strong><\/p>\n<p>&nbsp;<\/p>\n<h4><strong>Utilice el tiempo de forma m\u00e1s eficaz con un programa de correo inteligente<\/strong><\/h4>\n<p>La bandeja de entrada se llena r\u00e1pidamente de correos sin importancia y spam, lo que supone una p\u00e9rdida de tiempo y esfuerzo. Microsoft Outlook 2019 incluye ahora la funci\u00f3n \"Desorden\" para que el propio programa detecte los correos irrelevantes y los clasifique inmediatamente. De este modo, tu bandeja de entrada estar\u00e1 m\u00e1s despejada y podr\u00e1s centrarte en las tareas realmente importantes.<\/p>\n<h4><strong>Mayor seguridad para su oficina digital<\/strong><\/h4>\n<p>Otra innovaci\u00f3n es la seguridad mejorada con la \"Prevenci\u00f3n de P\u00e9rdida de Datos\". Ahora es m\u00e1s f\u00e1cil controlar dentro de los programas qu\u00e9 informaci\u00f3n se puede integrar en los documentos y transmitir. Los administradores tambi\u00e9n tienen la opci\u00f3n de bloquear o restringir el acceso a determinados datos. Adem\u00e1s, los usuarios reciben notificaciones si existe alg\u00fan riesgo potencial de p\u00e9rdida de datos. Gracias a servicios en la nube como OneDrive, tus datos no se pierden aunque falle un servidor o un dispositivo. Puedes acceder f\u00e1cilmente a los archivos y editarlos desde cualquier lugar del mundo.<\/p>\n<h4><strong>Requisitos del sistema:<br \/>\n<\/strong><\/h4>\n<ul>\n<li>Procesador de 2 n\u00facleos a 1,6 GHz<\/li>\n<li>Sistema operativo Windows 10<\/li>\n<li>2 GB (32 bits), 4 GB (64 bits) RAM<\/li>\n<li>4 GB de espacio disponible en el disco duro<\/li>\n<li>Tarjeta gr\u00e1fica DirectX 10 para el uso de la aceleraci\u00f3n por hardware de gr\u00e1ficos<\/li>\n<\/ul>\n<h4><strong>Apoyo:<\/strong><\/h4>\n<p>Si tiene alguna pregunta, no dude en ponerse en contacto con nosotros. <a href=\"mailto:keyshop@dl-winandoffice.com\">por correo electr\u00f3nico<\/a>. Nuestro servicio de atenci\u00f3n al cliente est\u00e1 disponible 7 d\u00edas a la semana, 24 horas al d\u00eda.<\/p>\n<p>Garantizamos la disponibilidad de todos nuestros productos. En consecuencia, recibir\u00e1 su pedido en un tiempo r\u00e9cord.<\/p>\n<p>Nuestra empresa cuenta con m\u00e1s de 10 a\u00f1os de experiencia en el sector. Esto significa que proporcionamos un servicio profesional acorde con sus necesidades. As\u00ed que si\u00e9ntase seguro de formar parte de nuestra red mundial de clientes satisfechos.<\/p>\n<p>Si desea ver nuestras noticias<strong>, <a href=\"https:\/\/news.dl-winandoffice.com\/en\/\" target=\"_blank\" rel=\"noopener noreferrer nofollow\">pulse aqu\u00ed<\/a><\/strong><\/p>","protected":false},"excerpt":{"rendered":"<ul>\n<li>Microsoft Windows Office 2019 Est\u00e1ndar para PC<\/li>\n<li>Versi\u00f3n para sistemas de 64 bits<\/li>\n<li>Env\u00edo por correo electr\u00f3nico: clave del producto, instrucciones, enlaces de descarga, factura<\/li>\n<li>Descarga inmediata<\/li>\n<li>Sin l\u00edmite de tiempo, sin suscripci\u00f3n<\/li>\n<li>Asistencia gratuita durante la instalaci\u00f3n y la activaci\u00f3n<\/li>\n<li>No disponible en soporte f\u00edsico (USB, CD, etc.)<\/li>\n<li>Activaci\u00f3n en l\u00ednea y por tel\u00e9fono<br \/>\n<span style=\"font-size: 14pt;\"><strong>Nota:<\/strong><\/span><\/p>\n<ul>\n<li><span style=\"font-size: 12pt;\"><strong>Office 2019 Est\u00e1ndar solo es compatible con Windows 10 y 11.<\/strong><\/span><\/li>\n<li><span style=\"font-size: 12pt;\"><strong>Office 2019 Est\u00e1ndar NO es compatible con los sistemas operativos de Apple (macOS, iPadOS, iOS), Chromebooks<\/strong><\/span><\/li>\n<li><strong>disponible s\u00f3lo en alem\u00e1n e ingl\u00e9s<\/strong><\/li>\n<\/ul>\n<\/li>\n<\/ul>","protected":false},"featured_media":115827,"comment_status":"open","ping_status":"closed","template":"","meta":{"_acf_changed":false},"product_brand":[],"product_cat":[40,69,65],"product_tag":[49,51,50],"class_list":{"0":"post-6316","1":"product","2":"type-product","3":"status-publish","4":"has-post-thumbnail","6":"product_cat-msoffice","7":"product_cat-office-2019","8":"product_cat-popular","9":"product_tag-excellence","10":"product_tag-ms-office","11":"product_tag-security","13":"first","14":"instock","15":"sale","16":"virtual","17":"taxable","18":"purchasable","19":"product-type-simple"},"acf":[],"_links":{"self":[{"href":"https:\/\/keyshop.windowsandoffice.com\/es\/wp-json\/wp\/v2\/product\/6316","targetHints":{"allow":["GET"]}}],"collection":[{"href":"https:\/\/keyshop.windowsandoffice.com\/es\/wp-json\/wp\/v2\/product"}],"about":[{"href":"https:\/\/keyshop.windowsandoffice.com\/es\/wp-json\/wp\/v2\/types\/product"}],"replies":[{"embeddable":true,"href":"https:\/\/keyshop.windowsandoffice.com\/es\/wp-json\/wp\/v2\/comments?post=6316"}],"wp:featuredmedia":[{"embeddable":true,"href":"https:\/\/keyshop.windowsandoffice.com\/es\/wp-json\/wp\/v2\/media\/115827"}],"wp:attachment":[{"href":"https:\/\/keyshop.windowsandoffice.com\/es\/wp-json\/wp\/v2\/media?parent=6316"}],"wp:term":[{"taxonomy":"product_brand","embeddable":true,"href":"https:\/\/keyshop.windowsandoffice.com\/es\/wp-json\/wp\/v2\/product_brand?post=6316"},{"taxonomy":"product_cat","embeddable":true,"href":"https:\/\/keyshop.windowsandoffice.com\/es\/wp-json\/wp\/v2\/product_cat?post=6316"},{"taxonomy":"product_tag","embeddable":true,"href":"https:\/\/keyshop.windowsandoffice.com\/es\/wp-json\/wp\/v2\/product_tag?post=6316"}],"curies":[{"name":"wp","href":"https:\/\/api.w.org\/{rel}","templated":true}]}}