{"id":502,"date":"2020-02-05T02:42:57","date_gmt":"2020-02-04T22:42:57","guid":{"rendered":"http:\/\/keyshop.windowsandoffice.com\/?post_type=product&#038;p=502"},"modified":"2026-04-17T03:22:42","modified_gmt":"2026-04-17T01:22:42","slug":"windows-7-ultimate","status":"publish","type":"product","link":"https:\/\/keyshop.windowsandoffice.com\/es\/producto\/windows-7-ultimate\/","title":{"rendered":"Licencia Microsoft Windows 7 Ultimate para 3 PCs"},"content":{"rendered":"<p>Despu\u00e9s de Windows Vista, <strong>Windows 7 Ultimate<\/strong> es el sistema operativo m\u00e1s reciente de Microsoft. Esta versi\u00f3n, como todas las ediciones de Windows, est\u00e1 dirigida a usuarios profesionales y al sector corporativo. Para ello han cambiado muchas cosas: Se han realizado optimizaciones tanto en el \u00e1rea \u00f3ptica, como la interfaz de usuario, como en t\u00e9rminos de sistema y seguridad, como el mejorado Windows Explorer y el nuevo centro de seguridad.<\/p>\n<p>Para Microsoft, lograr un funcionamiento f\u00e1cil para el usuario es una de sus principales preocupaciones, y para conseguirlo se ha mejorado la interfaz de usuario de algunas aplicaciones y del propio sistema en el sistema operativo Windows 7. Muchos programas, como Paint y WordPad, se dise\u00f1aron con una superficie de cinta en Microsoft Windows 7, como se viene haciendo desde Microsoft Office 2007. La barra lateral conocida de Vista se elimin\u00f3 en Windows 7. Ahora los widgets pueden colocarse en cualquier lugar del escritorio. El sistema operativo Windows 7 funciona en general m\u00e1s r\u00e1pido que su predecesor, lo que se debe a los menores requisitos del sistema a pesar de las numerosas optimizaciones. El sistema operativo Windows 7 tambi\u00e9n incluye el nuevo DirectX 11, responsable de aumentar el rendimiento en el \u00e1rea de \"Gr\u00e1ficos\". Microsoft Windows 7 ahora tambi\u00e9n es compatible con dispositivos de entrada alternativos, como las tabletas, con diversas funciones como multit\u00e1ctil<\/p>\n<h4>Caracter\u00edsticas potenciales<\/h4>\n<p>El sistema operativo Windows 7 no s\u00f3lo es f\u00e1cil de usar y potente: Microsoft tambi\u00e9n ha dado prioridad a la seguridad en su nueva versi\u00f3n. Ahora admite la autenticaci\u00f3n biom\u00e9trica est\u00e1ndar mediante huellas dactilares. En comparaci\u00f3n con Windows Vista, el control de cuentas de usuario en Microsoft Windows 7 es gradualmente ajustable. Ahora funciona con una lista blanca de programas del sistema. Los programas de la lista blanca tienen derechos de administraci\u00f3n autom\u00e1ticamente. Para aumentar el nivel de seguridad de las aplicaciones cr\u00edticas, \u00e9stas se pueden mantener en una lista negra. Esto significa, que cada una se ejecuta por separado durante la ejecuci\u00f3n y siempre llama a una ventana de confirmaci\u00f3n de antemano. Para mantener su sistema seguro, siempre est\u00e1 al d\u00eda con las actualizaciones de Microsoft en forma de controladores certificados y correcciones.<\/p>\n<p>Windows 7 Ultimate es adecuado para propietarios de peque\u00f1as empresas que utilizan su PC con fines privados y empresariales, as\u00ed como para usuarios dom\u00e9sticos que utilizan su ordenador tanto en casa como en la red corporativa. Adem\u00e1s, permite al usuario cambiar el idioma del sistema en cualquier momento. Windows 7 Ultimate tambi\u00e9n ofrece, entre otras cosas, el cifrado de disco duro BitLocker y la puesta en marcha de discos duros virtuales en formato VHD.<\/p>\n<h4>Requisitos del sistema<\/h4>\n<ul>\n<li>Procesador de 1 gigahercio (GHz) o superior de 32 bits (x86) o 64 bits (x64)<\/li>\n<li>1 gigabyte (GB) de RAM (32 bits) o 2 GB de RAM (64 bits)<\/li>\n<li>16 GB de espacio disponible en el disco duro (32 bits) o 20 GB (64 bits)<\/li>\n<li>Dispositivo gr\u00e1fico DirectX 9 con controlador WDDM 1.0 o superior<\/li>\n<\/ul>\n<h4>Requisitos adicionales para utilizar determinadas funciones:<\/h4>\n<ul>\n<li>Dependiendo de la resoluci\u00f3n, la reproducci\u00f3n de v\u00eddeo puede requerir memoria adicional y hardware gr\u00e1fico avanzado.<\/li>\n<li>Algunos juegos y programas pueden requerir una tarjeta gr\u00e1fica compatible con DirectX 10 o superior para un rendimiento \u00f3ptimo.<\/li>\n<li>Windows Los ordenadores t\u00e1ctiles y Tablet PC requieren un hardware espec\u00edfico<\/li>\n<li>HomeGroup necesita una red y ordenadores con Windows 7<\/li>\n<li>La creaci\u00f3n de DVD\/CD requiere una unidad \u00f3ptica compatible<\/li>\n<li>BitLocker requiere Trusted Platform Module (TPM) 1.2<\/li>\n<li>BitLocker To Go requiere una unidad flash USB<\/li>\n<li>Windows XP Mode requiere 1 GB adicional de RAM y 15 GB adicionales de espacio disponible en el disco duro.<\/li>\n<\/ul>\n<h4>Apoyo:<\/h4>\n<p>Para cualquier pr\u00f3xima pregunta no dude en ponerse en contacto con nosotros <a href=\"mailto:keyshop@dl-winandoffice.com\">por correo electr\u00f3nico<\/a>. Nuestro servicio de atenci\u00f3n al cliente est\u00e1 disponible 7 d\u00edas a la semana, 24 horas al d\u00eda. Por lo tanto, dispondr\u00e1 de asistencia instant\u00e1nea.<\/p>\n<p>Por otro lado, aseguramos la disponibilidad en todos nuestros productos. En consecuencia, recibir\u00e1 su pedido en un tiempo r\u00e9cord.<\/p>\n<p>Nuestra empresa cuenta con m\u00e1s de 10 a\u00f1os de experiencia en el sector. Esto significa que proporcionamos un servicio profesional acorde con sus necesidades. As\u00ed que si\u00e9ntase seguro de formar parte de nuestra red mundial de clientes satisfechos.<\/p>\n<p>Por lo tanto, si desea ver nuestras noticias<strong>, <a href=\"https:\/\/news.dl-winandoffice.com\/en\/\" target=\"_blank\" rel=\"noopener noreferrer nofollow\">pulse aqu\u00ed<\/a><\/strong><\/p>","protected":false},"excerpt":{"rendered":"<p>Despu\u00e9s de Windows Vista, Windows 7 es el sistema operativo m\u00e1s reciente de Microsoft. El sistema operativo Windows 7, como todas las ediciones de Windows, est\u00e1 dirigido a usuarios profesionales y al sector corporativo. Para ello han cambiado muchas cosas: Se han realizado optimizaciones tanto en el \u00e1rea \u00f3ptica, como la interfaz de usuario, como en t\u00e9rminos de sistema y seguridad, como el mejorado Windows Explorer y el nuevo centro de seguridad.<\/p>","protected":false},"featured_media":733,"comment_status":"open","ping_status":"closed","template":"","meta":{"_acf_changed":false},"product_brand":[],"product_cat":[41],"product_tag":[],"class_list":{"0":"post-502","1":"product","2":"type-product","3":"status-publish","4":"has-post-thumbnail","6":"product_cat-windows-desktop","8":"first","9":"instock","10":"sale","11":"virtual","12":"taxable","13":"purchasable","14":"product-type-simple"},"acf":[],"_links":{"self":[{"href":"https:\/\/keyshop.windowsandoffice.com\/es\/wp-json\/wp\/v2\/product\/502","targetHints":{"allow":["GET"]}}],"collection":[{"href":"https:\/\/keyshop.windowsandoffice.com\/es\/wp-json\/wp\/v2\/product"}],"about":[{"href":"https:\/\/keyshop.windowsandoffice.com\/es\/wp-json\/wp\/v2\/types\/product"}],"replies":[{"embeddable":true,"href":"https:\/\/keyshop.windowsandoffice.com\/es\/wp-json\/wp\/v2\/comments?post=502"}],"wp:featuredmedia":[{"embeddable":true,"href":"https:\/\/keyshop.windowsandoffice.com\/es\/wp-json\/wp\/v2\/media\/733"}],"wp:attachment":[{"href":"https:\/\/keyshop.windowsandoffice.com\/es\/wp-json\/wp\/v2\/media?parent=502"}],"wp:term":[{"taxonomy":"product_brand","embeddable":true,"href":"https:\/\/keyshop.windowsandoffice.com\/es\/wp-json\/wp\/v2\/product_brand?post=502"},{"taxonomy":"product_cat","embeddable":true,"href":"https:\/\/keyshop.windowsandoffice.com\/es\/wp-json\/wp\/v2\/product_cat?post=502"},{"taxonomy":"product_tag","embeddable":true,"href":"https:\/\/keyshop.windowsandoffice.com\/es\/wp-json\/wp\/v2\/product_tag?post=502"}],"curies":[{"name":"wp","href":"https:\/\/api.w.org\/{rel}","templated":true}]}}