{"id":495,"date":"2020-02-05T02:34:43","date_gmt":"2020-02-04T22:34:43","guid":{"rendered":"http:\/\/keyshop.windowsandoffice.com\/?post_type=product&#038;p=495"},"modified":"2026-01-13T20:19:46","modified_gmt":"2026-01-13T19:19:46","slug":"windows-7-professional","status":"publish","type":"product","link":"https:\/\/keyshop.windowsandoffice.com\/es\/producto\/windows-7-professional\/","title":{"rendered":"Licencia Microsoft Windows 7 Professional para 3 PCs"},"content":{"rendered":"<p>Windows 7 Professional contiene todas las funciones de la versi\u00f3n Windows 7 Home y funciones premium adicionales, as\u00ed como todas las funciones empresariales que necesita para trabajar.<\/p>\n<p>Con\u00e9ctate f\u00e1cilmente a redes corporativas y comparte archivos en varios ordenadores de tu casa. Tambi\u00e9n puedes utilizar la copia de seguridad autom\u00e1tica para restaurar tus datos en tu red dom\u00e9stica o de empresa sin problemas. El nuevo DirectX 11 tambi\u00e9n mejora el rendimiento de su sistema. Esto proporciona a Windows 7 Professional el soporte necesario para poder manejar procesos gr\u00e1ficos complejos sin problemas.<\/p>\n<p>Realmente destacable es la velocidad del sistema operativo, que funciona significativamente m\u00e1s r\u00e1pido que su predecesor Windows Vista.<\/p>\n<p><strong>Requisitos del sistema<\/strong><\/p>\n<ul>\n<li>Procesador de 1 gigahercio (GHz) o superior de 32 bits (x86) o 64 bits (x64)<\/li>\n<li>1 gigabyte (GB) de RAM (32 bits) o 2 GB de RAM (64 bits)<\/li>\n<li>16 GB de espacio disponible en el disco duro (32 bits) o 20 GB (64 bits)<\/li>\n<li>Dispositivo gr\u00e1fico DirectX 9 con controlador WDDM 1.0 o superior<\/li>\n<\/ul>\n<p><strong>Requisitos adicionales para utilizar determinadas funciones:<\/strong><\/p>\n<ul>\n<li>Dependiendo de la resoluci\u00f3n, la reproducci\u00f3n de v\u00eddeo puede requerir memoria adicional y hardware gr\u00e1fico avanzado.<\/li>\n<li>Algunos juegos y programas pueden requerir una tarjeta gr\u00e1fica compatible con DirectX 10 o superior para un rendimiento \u00f3ptimo.<\/li>\n<li>Para algunas funciones del Windows Media Center puede ser necesario un sintonizador de TV y hardware adicional.<\/li>\n<li>Windows Los ordenadores t\u00e1ctiles y Tablet PC requieren un hardware espec\u00edfico<\/li>\n<li>HomeGroup necesita una red y ordenadores con Windows 7<\/li>\n<li>La creaci\u00f3n de DVD\/CD requiere una unidad \u00f3ptica compatible<\/li>\n<li>BitLocker requiere Trusted Platform Module (TPM) 1.2<\/li>\n<li>BitLocker To Go requiere una unidad flash USB<\/li>\n<li>Windows XP Mode requiere 1 GB adicional de RAM y 15 GB adicionales de espacio disponible en el disco duro.<\/li>\n<\/ul>\n<h4><strong>Apoyo:<\/strong><\/h4>\n<p>Si tiene alguna pregunta, no dude en ponerse en contacto con nosotros. <a href=\"mailto:keyshop@dl-winandoffice.com\">por correo electr\u00f3nico<\/a>. Nuestro servicio de atenci\u00f3n al cliente est\u00e1 disponible 7 d\u00edas a la semana, 24 horas al d\u00eda. Por lo tanto, dispondr\u00e1 de asistencia instant\u00e1nea.<\/p>\n<p>Por otro lado, aseguramos la disponibilidad en todos nuestros productos. En consecuencia, recibir\u00e1 su pedido en un tiempo r\u00e9cord.<\/p>\n<p>Nuestra empresa cuenta con m\u00e1s de 10 a\u00f1os de experiencia en el sector. Esto significa que proporcionamos un servicio profesional acorde con sus necesidades. As\u00ed que si\u00e9ntase seguro de formar parte de nuestra red mundial de clientes satisfechos.<\/p>\n<p>Por lo tanto, si desea ver nuestras noticias<strong>, <a href=\"https:\/\/news.dl-winandoffice.com\/en\/\" target=\"_blank\" rel=\"noopener noreferrer nofollow\">pulse aqu\u00ed<\/a><\/strong><\/p>","protected":false},"excerpt":{"rendered":"<p>Windows 7 Professional contiene todas las funciones de la versi\u00f3n Windows 7 Home y funciones premium adicionales, as\u00ed como todas las funciones empresariales que necesita para trabajar. Con\u00e9ctese f\u00e1cilmente a redes corporativas y comparta archivos en varios ordenadores en casa. Tambi\u00e9n puede utilizar la copia de seguridad autom\u00e1tica para restaurar sus datos en su red dom\u00e9stica o de empresa sin ning\u00fan problema. El nuevo DirectX 11 tambi\u00e9n mejora el rendimiento de tu sistema. Esto proporciona a Windows 7 Professional el soporte necesario para poder manejar procesos gr\u00e1ficos complejos sin problemas.<\/p>","protected":false},"featured_media":732,"comment_status":"open","ping_status":"closed","template":"","meta":{"_acf_changed":false},"product_brand":[],"product_cat":[41],"product_tag":[49,44],"class_list":{"0":"post-495","1":"product","2":"type-product","3":"status-publish","4":"has-post-thumbnail","6":"product_cat-windows-desktop","7":"product_tag-excellence","8":"product_tag-windows-10-pro","10":"first","11":"instock","12":"sale","13":"virtual","14":"taxable","15":"purchasable","16":"product-type-simple"},"acf":[],"_links":{"self":[{"href":"https:\/\/keyshop.windowsandoffice.com\/es\/wp-json\/wp\/v2\/product\/495","targetHints":{"allow":["GET"]}}],"collection":[{"href":"https:\/\/keyshop.windowsandoffice.com\/es\/wp-json\/wp\/v2\/product"}],"about":[{"href":"https:\/\/keyshop.windowsandoffice.com\/es\/wp-json\/wp\/v2\/types\/product"}],"replies":[{"embeddable":true,"href":"https:\/\/keyshop.windowsandoffice.com\/es\/wp-json\/wp\/v2\/comments?post=495"}],"wp:featuredmedia":[{"embeddable":true,"href":"https:\/\/keyshop.windowsandoffice.com\/es\/wp-json\/wp\/v2\/media\/732"}],"wp:attachment":[{"href":"https:\/\/keyshop.windowsandoffice.com\/es\/wp-json\/wp\/v2\/media?parent=495"}],"wp:term":[{"taxonomy":"product_brand","embeddable":true,"href":"https:\/\/keyshop.windowsandoffice.com\/es\/wp-json\/wp\/v2\/product_brand?post=495"},{"taxonomy":"product_cat","embeddable":true,"href":"https:\/\/keyshop.windowsandoffice.com\/es\/wp-json\/wp\/v2\/product_cat?post=495"},{"taxonomy":"product_tag","embeddable":true,"href":"https:\/\/keyshop.windowsandoffice.com\/es\/wp-json\/wp\/v2\/product_tag?post=495"}],"curies":[{"name":"wp","href":"https:\/\/api.w.org\/{rel}","templated":true}]}}