{"id":489,"date":"2020-02-05T02:19:41","date_gmt":"2020-02-05T01:19:41","guid":{"rendered":"http:\/\/keyshop.windowsandoffice.com\/?post_type=product&#038;p=489"},"modified":"2026-01-13T20:19:46","modified_gmt":"2026-01-13T19:19:46","slug":"windows-7-home-premium","status":"publish","type":"product","link":"https:\/\/keyshop.windowsandoffice.com\/es\/producto\/windows-7-home-premium\/","title":{"rendered":"Microsoft Windows 7 Home Premium"},"content":{"rendered":"<p>Windows 7 Home Premium es la versi\u00f3n m\u00e1s b\u00e1sica del a\u00fan m\u00e1s popular sistema operativo Windows 7. En comparaci\u00f3n con el sistema anterior Windows Vista, el sistema operativo Windows 7 Home Premium trae consigo numerosos cambios. Entre ellos, la mejora de la interfaz de usuario, nuevas funciones y caracter\u00edsticas, el aumento del rendimiento y la optimizaci\u00f3n del \u00e1rea de seguridad. Adem\u00e1s, el sistema operativo Windows 7 Home Premium le ofrece contenidos exclusivos, como diversos programas multimedia.<\/p>\n<p>Con Windows 7, ahora es m\u00e1s f\u00e1cil hacer a\u00fan m\u00e1s tareas directamente en el escritorio: vista mejorada de la barra de tareas, iconos m\u00e1s grandes, pin y posibilidades creativas de personalizaci\u00f3n.<\/p>\n<h4><strong>Requisitos del sistema<\/strong><\/h4>\n<ul>\n<li>Procesador de 1 gigahercio (GHz) o superior de 32 bits (x86) o 64 bits (x64)<\/li>\n<li>1 gigabyte (GB) de RAM (32 bits) o 2 GB de RAM (64 bits)<\/li>\n<li>16 GB de espacio disponible en el disco duro (32 bits) o 20 GB (64 bits)<\/li>\n<li>Dispositivo gr\u00e1fico DirectX 9 con controlador WDDM 1.0 o superior<\/li>\n<\/ul>\n<h4><strong>Requisitos adicionales para utilizar determinadas funciones:<\/strong><\/h4>\n<ul>\n<li>Dependiendo de la resoluci\u00f3n, la reproducci\u00f3n de v\u00eddeo puede requerir memoria adicional y hardware gr\u00e1fico avanzado.<\/li>\n<li>Algunos juegos y programas pueden requerir una tarjeta gr\u00e1fica compatible con DirectX 10 o superior para un rendimiento \u00f3ptimo.<\/li>\n<li>Para algunas funciones del Windows Media Center puede ser necesario un sintonizador de TV y hardware adicional.<\/li>\n<li>Windows Los ordenadores t\u00e1ctiles y Tablet PC requieren un hardware espec\u00edfico<\/li>\n<li>HomeGroup necesita una red y ordenadores con Windows 7<\/li>\n<li>La creaci\u00f3n de DVD\/CD requiere una unidad \u00f3ptica compatible<\/li>\n<li>BitLocker requiere Trusted Platform Module (TPM) 1.2<\/li>\n<li>BitLocker To Go requiere una unidad flash USB<\/li>\n<li>Windows XP Mode requiere 1 GB adicional de RAM y 15 GB adicionales de espacio disponible en el disco duro.<\/li>\n<\/ul>\n<h4><strong>Apoyo:<\/strong><\/h4>\n<p>Si tiene alguna pregunta, no dude en ponerse en contacto con nosotros. <a href=\"mailto:keyshop@dl-winandoffice.com\">por correo electr\u00f3nico<\/a>. Nuestro servicio de atenci\u00f3n al cliente est\u00e1 disponible 7 d\u00edas a la semana, 24 horas al d\u00eda. Por lo tanto, dispondr\u00e1 de asistencia instant\u00e1nea.<\/p>\n<p>Por otro lado, aseguramos la disponibilidad en todos nuestros productos. En consecuencia, recibir\u00e1 su pedido en un tiempo r\u00e9cord.<\/p>\n<p>Nuestra empresa cuenta con m\u00e1s de 10 a\u00f1os de experiencia en el sector. Esto significa que proporcionamos un servicio profesional acorde con sus necesidades. As\u00ed que si\u00e9ntase seguro de formar parte de nuestra red mundial de clientes satisfechos.<\/p>\n<p>Por lo tanto, si desea ver nuestras noticias<strong>, <a href=\"https:\/\/news.dl-winandoffice.com\/en\/\" target=\"_blank\" rel=\"noopener noreferrer nofollow\">pulse aqu\u00ed<\/a><\/strong><\/p>\n<p>&nbsp;<\/p>","protected":false},"excerpt":{"rendered":"<p>Windows 7 Home Premium es la versi\u00f3n m\u00e1s b\u00e1sica del a\u00fan m\u00e1s popular sistema operativo Windows 7. En comparaci\u00f3n con el sistema anterior Windows Vista, el sistema operativo Windows 7 Home Premium trae consigo numerosos cambios. Entre ellos, la mejora de la interfaz de usuario, nuevas funciones y caracter\u00edsticas, el aumento del rendimiento y la optimizaci\u00f3n del \u00e1rea de seguridad. Adem\u00e1s, el sistema operativo Windows 7 Home Premium le ofrece contenidos exclusivos, como diversos programas multimedia.<\/p>","protected":false},"featured_media":731,"comment_status":"open","ping_status":"closed","template":"","meta":{"_acf_changed":false},"product_brand":[],"product_cat":[41],"product_tag":[],"class_list":{"0":"post-489","1":"product","2":"type-product","3":"status-publish","4":"has-post-thumbnail","6":"product_cat-windows-desktop","8":"first","9":"instock","10":"sale","11":"virtual","12":"taxable","13":"purchasable","14":"product-type-simple"},"acf":[],"_links":{"self":[{"href":"https:\/\/keyshop.windowsandoffice.com\/es\/wp-json\/wp\/v2\/product\/489","targetHints":{"allow":["GET"]}}],"collection":[{"href":"https:\/\/keyshop.windowsandoffice.com\/es\/wp-json\/wp\/v2\/product"}],"about":[{"href":"https:\/\/keyshop.windowsandoffice.com\/es\/wp-json\/wp\/v2\/types\/product"}],"replies":[{"embeddable":true,"href":"https:\/\/keyshop.windowsandoffice.com\/es\/wp-json\/wp\/v2\/comments?post=489"}],"wp:featuredmedia":[{"embeddable":true,"href":"https:\/\/keyshop.windowsandoffice.com\/es\/wp-json\/wp\/v2\/media\/731"}],"wp:attachment":[{"href":"https:\/\/keyshop.windowsandoffice.com\/es\/wp-json\/wp\/v2\/media?parent=489"}],"wp:term":[{"taxonomy":"product_brand","embeddable":true,"href":"https:\/\/keyshop.windowsandoffice.com\/es\/wp-json\/wp\/v2\/product_brand?post=489"},{"taxonomy":"product_cat","embeddable":true,"href":"https:\/\/keyshop.windowsandoffice.com\/es\/wp-json\/wp\/v2\/product_cat?post=489"},{"taxonomy":"product_tag","embeddable":true,"href":"https:\/\/keyshop.windowsandoffice.com\/es\/wp-json\/wp\/v2\/product_tag?post=489"}],"curies":[{"name":"wp","href":"https:\/\/api.w.org\/{rel}","templated":true}]}}