{"id":389,"date":"2020-02-02T19:37:28","date_gmt":"2020-02-02T15:37:28","guid":{"rendered":"http:\/\/keyshop.windowsandoffice.com\/?post_type=product&#038;p=389"},"modified":"2026-01-13T20:19:39","modified_gmt":"2026-01-13T19:19:39","slug":"windows-server-2012-r2-rds","status":"publish","type":"product","link":"https:\/\/keyshop.windowsandoffice.com\/es\/producto\/windows-server-2012-r2-rds\/","title":{"rendered":"Microsoft Windows Server 2012 R2-RDS CAL de usuario"},"content":{"rendered":"<p><strong>Windows Servidor 2012 R2-RDS<\/strong> Las licencias de acceso de cliente (CAL) son necesarias para acceder a\u00a0 <a href=\"https:\/\/keyshop.windowsandoffice.com\/es\/producto\/windows-server-2012-std-ess-dc-versions\/\">Windows Server 2012 R2 Est\u00e1ndar<\/a> y <a href=\"https:\/\/keyshop.windowsandoffice.com\/es\/producto\/windows-server-2012-std-ess-dc-versions\/\">Windows Server 2012 R2 Datacenter<\/a>. Est\u00e1n disponibles en dos tipos diferentes:<\/p>\n<ul>\n<li>Licencia de acceso de cliente de usuario de RDS<\/li>\n<li>Licencia de acceso a clientes de dispositivos RDS<\/li>\n<\/ul>\n<p>Microsoft Windows Remote Desktop Services (RDS) es una plataforma centralizada de escritorios y aplicaciones para la entrega y gesti\u00f3n de escritorios. Esto le permite conectar completamente a los empleados en ubicaciones remotas. El acceso al servidor requiere licencias de acceso adecuadas que se asignan a un usuario o a un dispositivo.<\/p>\n<ul>\n<li><span id=\"shop_result_box\">Acceso al servidor con Remote Desktop por usuario<\/span><\/li>\n<li>Permite a un usuario acceder a un servidor a trav\u00e9s de Escritorio Remoto<\/li>\n<li>Acceso desde varios dispositivos al servidor<\/li>\n<li>Acceso tambi\u00e9n a servidores con sistema operativo Windows m\u00e1s antiguo<\/li>\n<li>Ideal para empresas cuyos empleados externos necesitan acceder al escritorio y a los programas<\/li>\n<\/ul>\n<p><strong>Diferencias entre USER CAL y DEVICE CAL (Windows Server 2012 R2-RDS)<br \/>\n<\/strong><\/p>\n<p>La licencia de acceso de cliente de usuario (CAL de usuario) est\u00e1 dise\u00f1ada para proporcionar a los clientes una forma f\u00e1cil de gestionar y rentable de permitir el acceso de los usuarios al software del servidor desde cualquier dispositivo.<\/p>\n<p>Con la CAL de usuario, adquiere una CAL por cada usuario que accede al servidor para utilizar servicios como el almacenamiento de archivos o la impresi\u00f3n, independientemente del n\u00famero de dispositivos que utilicen para dicho acceso. Adquirir una CAL de usuario puede tener m\u00e1s sentido si los empleados de su empresa necesitan tener acceso itinerante a la red corporativa utilizando varios dispositivos, o desde dispositivos desconocidos, o si simplemente tiene m\u00e1s dispositivos que usuarios en su organizaci\u00f3n.<\/p>\n<p>Con una CAL de dispositivo, usted adquiere una CAL por cada dispositivo que acceda a su servidor, independientemente del n\u00famero de usuarios que utilicen ese dispositivo para acceder al servidor. Las CAL de dispositivo pueden tener m\u00e1s sentido desde el punto de vista econ\u00f3mico y administrativo si en su empresa hay trabajadores que comparten dispositivos, por ejemplo, en diferentes turnos de trabajo.<\/p>\n<h4><strong>Apoyo:<\/strong><\/h4>\n<p>Si tiene alguna pregunta, no dude en ponerse en contacto con nosotros. <a href=\"mailto:keyshop@dl-winandoffice.com\">por correo electr\u00f3nico<\/a>. Nuestro servicio de atenci\u00f3n al cliente est\u00e1 disponible 7 d\u00edas a la semana, 24 horas al d\u00eda. Por lo tanto, dispondr\u00e1 de asistencia instant\u00e1nea.<\/p>\n<p>Por otro lado, aseguramos la disponibilidad en todos nuestros productos. En consecuencia, recibir\u00e1 su pedido en un tiempo r\u00e9cord.<\/p>\n<p>Nuestra empresa cuenta con m\u00e1s de 10 a\u00f1os de experiencia en el sector. Esto significa que proporcionamos un servicio profesional acorde con sus necesidades. As\u00ed que si\u00e9ntase seguro de formar parte de nuestra red mundial de clientes satisfechos.<\/p>\n<p>Por lo tanto, si desea ver nuestras noticias<strong>, <a href=\"https:\/\/news.dl-winandoffice.com\/en\/\" target=\"_blank\" rel=\"noopener noreferrer nofollow\">pulse aqu\u00ed<\/a><\/strong><\/p>","protected":false},"excerpt":{"rendered":"<p>Las licencias de acceso de cliente (CAL) son necesarias para acceder a\u00a0 <a href=\"https:\/\/keyshop.windowsandoffice.com\/es\/producto\/windows-server-2012-std-ess-dc-versions\/\">Windows Server 2012 R2 Est\u00e1ndar<\/a> y <a href=\"https:\/\/keyshop.windowsandoffice.com\/es\/producto\/windows-server-2012-std-ess-dc-versions\/\">Windows Server 2012 R2 Datacenter<\/a>. Est\u00e1n disponibles en dos tipos diferentes:<\/p>\n<ul>\n<li>Licencia de acceso de cliente de usuario de RDS<\/li>\n<li>Licencia de acceso a clientes de dispositivos RDS<\/li>\n<\/ul>","protected":false},"featured_media":739,"comment_status":"open","ping_status":"closed","template":"","meta":{"_acf_changed":false},"product_brand":[],"product_cat":[42],"product_tag":[52],"class_list":{"0":"post-389","1":"product","2":"type-product","3":"status-publish","4":"has-post-thumbnail","6":"product_cat-windows-server","7":"product_tag-windows","9":"first","10":"instock","11":"sale","12":"virtual","13":"taxable","14":"purchasable","15":"product-type-simple"},"acf":[],"_links":{"self":[{"href":"https:\/\/keyshop.windowsandoffice.com\/es\/wp-json\/wp\/v2\/product\/389","targetHints":{"allow":["GET"]}}],"collection":[{"href":"https:\/\/keyshop.windowsandoffice.com\/es\/wp-json\/wp\/v2\/product"}],"about":[{"href":"https:\/\/keyshop.windowsandoffice.com\/es\/wp-json\/wp\/v2\/types\/product"}],"replies":[{"embeddable":true,"href":"https:\/\/keyshop.windowsandoffice.com\/es\/wp-json\/wp\/v2\/comments?post=389"}],"wp:featuredmedia":[{"embeddable":true,"href":"https:\/\/keyshop.windowsandoffice.com\/es\/wp-json\/wp\/v2\/media\/739"}],"wp:attachment":[{"href":"https:\/\/keyshop.windowsandoffice.com\/es\/wp-json\/wp\/v2\/media?parent=389"}],"wp:term":[{"taxonomy":"product_brand","embeddable":true,"href":"https:\/\/keyshop.windowsandoffice.com\/es\/wp-json\/wp\/v2\/product_brand?post=389"},{"taxonomy":"product_cat","embeddable":true,"href":"https:\/\/keyshop.windowsandoffice.com\/es\/wp-json\/wp\/v2\/product_cat?post=389"},{"taxonomy":"product_tag","embeddable":true,"href":"https:\/\/keyshop.windowsandoffice.com\/es\/wp-json\/wp\/v2\/product_tag?post=389"}],"curies":[{"name":"wp","href":"https:\/\/api.w.org\/{rel}","templated":true}]}}