{"id":368,"date":"2020-02-02T19:09:23","date_gmt":"2020-02-02T18:09:23","guid":{"rendered":"http:\/\/keyshop.windowsandoffice.com\/?post_type=product&#038;p=368"},"modified":"2026-01-13T20:50:00","modified_gmt":"2026-01-13T19:50:00","slug":"ms-office-2013","status":"publish","type":"product","link":"https:\/\/keyshop.windowsandoffice.com\/es\/producto\/ms-office-2013\/","title":{"rendered":"Microsoft Office 2013 Professional Plus licencia para 3 PCs"},"content":{"rendered":"<p>Con los programas incluidos, Microsoft Office 2013 Professional Plus satisface todas las exigencias de un software ofim\u00e1tico extenso. Ya se trate de crear cartas modelo, gestionar cifras comerciales y hojas de c\u00e1lculo, dise\u00f1ar presentaciones, crear bases de datos u organizar sus correos electr\u00f3nicos para sus proyectos empresariales y privados, todo puede hacerse en un abrir y cerrar de ojos con las aplicaciones Office.<\/p>\n<h4><strong>\u00bfQu\u00e9 programas incluye Office 2013 Professional Plus?<\/strong><\/h4>\n<ul>\n<li><strong>Word 2013 <\/strong>- para crear y editar sus textos y documentos<\/li>\n<li><strong>Excel 2013 <\/strong>- para procesar registros de datos en forma tabular<\/li>\n<li><strong>PowerPoint 2013 <\/strong>- para la creaci\u00f3n de presentaciones inspiradoras<\/li>\n<li><strong>Perspectivas 2013<\/strong> - para gestionar el correo electr\u00f3nico, los contactos, la agenda y las tareas<\/li>\n<li><strong>OneNote 2013<\/strong> - para crear y gestionar sus notas<\/li>\n<li><strong>Editorial 2013<\/strong> - para crear f\u00e1cilmente publicaciones de aspecto profesional<\/li>\n<li><strong>Acceso 2013<\/strong> - para la creaci\u00f3n de bases de datos con acceso a Internet<\/li>\n<\/ul>\n<p>Microsoft hace un amplio uso de la nube en Office 2013. El paquete permite a los usuarios guardar documentos directamente en el servicio en la nube SkyDrive de Microsoft. Gracias a esta funci\u00f3n, un usuario puede conectarse a un ordenador que no tenga instalado el software Office y utilizar los componentes Web Office de Microsoft para acceder a un documento, editarlo y compartirlo. La versi\u00f3n 2013 de la suite no requiere componentes de software adicionales, que hac\u00edan el proceso engorroso en versiones anteriores.<\/p>\n<p>Microsoft ha introducido algunas mejoras bienvenidas en los elementos de software espec\u00edficos de su suite Office. Entre las mejoras de Word 2013 est\u00e1 la posibilidad de abrir documentos PDF directamente desde Word y editarlos, lo que puede ahorrar mucho tiempo. Tambi\u00e9n puede redistribuir activamente el texto alrededor de im\u00e1genes o v\u00eddeos a medida que el usuario escribe. Word tambi\u00e9n incluye Simple Markup, una nueva opci\u00f3n de revisi\u00f3n que ofrece a los usuarios una vista limpia y sencilla de un documento, pero con indicadores para anotar los cambios realizados.<\/p>\n<h4>\u00bfQu\u00e9 m\u00e1s?<\/h4>\n<p>El software tambi\u00e9n proporciona un bot\u00f3n de respuesta para los comentarios, lo que permite a los usuarios discutir los cambios y realizar un seguimiento de los comentarios dentro del texto. El programa de hojas de c\u00e1lculo Excel 2013 ofrece recomendaciones sobre las mejores opciones de gr\u00e1ficos. Y PowerPoint 2013 permite al usuario navegar por las diapositivas de una presentaci\u00f3n mostrando al p\u00fablico solo la diapositiva actual. Outlook 2013 tiene respuestas en l\u00ednea para facilitar el procesamiento de correo electr\u00f3nico y tambi\u00e9n permite a los usuarios ver varios contactos y sus conexiones de redes sociales en una sola vista en \"tarjetas de personas.\" OneNote 2013 aprovecha las capacidades de la pantalla t\u00e1ctil para facilitar la toma de notas.<\/p>\n<h4><strong>Requisitos del sistema<\/strong><\/h4>\n<ul>\n<li>Procesador de 2 n\u00facleos a 1,4 GHz<\/li>\n<li>Windows 7, Windows 8, Windows 10<\/li>\n<li>1 GB (32 bits), 2 GB (64 bits) RAM<\/li>\n<li>3 GB de espacio disponible en el disco duro<\/li>\n<li>Tarjeta gr\u00e1fica DirectX 9 para el uso de la aceleraci\u00f3n por hardware de gr\u00e1ficos<\/li>\n<\/ul>\n<p>&nbsp;<\/p>\n<p>&nbsp;<\/p>","protected":false},"excerpt":{"rendered":"<p>Con los programas incluidos, Microsoft Office 2013 Professional Plus satisface todas las exigencias de un software ofim\u00e1tico extenso. Ya se trate de crear cartas modelo, gestionar cifras comerciales y hojas de c\u00e1lculo, dise\u00f1ar presentaciones, crear bases de datos u organizar sus correos electr\u00f3nicos para sus proyectos empresariales y privados, todo puede hacerse en un abrir y cerrar de ojos con las aplicaciones Office.<\/p>\n<p><strong>Nota:<\/strong><\/p>\n<ul>\n<li><strong>Este producto s\u00f3lo es compatible con Windows 10 y 11.<\/strong><\/li>\n<li><strong>Este producto NO es compatible con los sistemas operativos de Apple (MacOS, iPadOS, iOS), Chromebooks<\/strong><\/li>\n<\/ul>","protected":false},"featured_media":115823,"comment_status":"open","ping_status":"closed","template":"","meta":{"_acf_changed":false},"product_brand":[],"product_cat":[40],"product_tag":[51],"class_list":{"0":"post-368","1":"product","2":"type-product","3":"status-publish","4":"has-post-thumbnail","6":"product_cat-msoffice","7":"product_tag-ms-office","9":"first","10":"instock","11":"sale","12":"virtual","13":"taxable","14":"purchasable","15":"product-type-simple"},"acf":[],"_links":{"self":[{"href":"https:\/\/keyshop.windowsandoffice.com\/es\/wp-json\/wp\/v2\/product\/368","targetHints":{"allow":["GET"]}}],"collection":[{"href":"https:\/\/keyshop.windowsandoffice.com\/es\/wp-json\/wp\/v2\/product"}],"about":[{"href":"https:\/\/keyshop.windowsandoffice.com\/es\/wp-json\/wp\/v2\/types\/product"}],"replies":[{"embeddable":true,"href":"https:\/\/keyshop.windowsandoffice.com\/es\/wp-json\/wp\/v2\/comments?post=368"}],"wp:featuredmedia":[{"embeddable":true,"href":"https:\/\/keyshop.windowsandoffice.com\/es\/wp-json\/wp\/v2\/media\/115823"}],"wp:attachment":[{"href":"https:\/\/keyshop.windowsandoffice.com\/es\/wp-json\/wp\/v2\/media?parent=368"}],"wp:term":[{"taxonomy":"product_brand","embeddable":true,"href":"https:\/\/keyshop.windowsandoffice.com\/es\/wp-json\/wp\/v2\/product_brand?post=368"},{"taxonomy":"product_cat","embeddable":true,"href":"https:\/\/keyshop.windowsandoffice.com\/es\/wp-json\/wp\/v2\/product_cat?post=368"},{"taxonomy":"product_tag","embeddable":true,"href":"https:\/\/keyshop.windowsandoffice.com\/es\/wp-json\/wp\/v2\/product_tag?post=368"}],"curies":[{"name":"wp","href":"https:\/\/api.w.org\/{rel}","templated":true}]}}