{"id":361,"date":"2020-11-02T18:51:23","date_gmt":"2020-11-02T17:51:23","guid":{"rendered":"http:\/\/keyshop.windowsandoffice.com\/?post_type=product&#038;p=361"},"modified":"2026-01-13T20:47:10","modified_gmt":"2026-01-13T19:47:10","slug":"ms-office-2016","status":"publish","type":"product","link":"https:\/\/keyshop.windowsandoffice.com\/es\/producto\/ms-office-2016\/","title":{"rendered":"Licencia Microsoft Office 2016 Professional Plus para 3 PCs"},"content":{"rendered":"<p>Con los programas incluidos, Microsoft Office 2016 Professional Plus satisface todas las exigencias de un software ofim\u00e1tico extenso. Por lo tanto, si usted est\u00e1 creando cartas de formulario, la gesti\u00f3n de cifras de negocios y hojas de c\u00e1lculo, el dise\u00f1o de presentaciones. Adem\u00e1s, la creaci\u00f3n de bases de datos o la organizaci\u00f3n de sus correos electr\u00f3nicos para su negocio y proyectos privados, todo se puede hacer en ning\u00fan momento con las aplicaciones Office.<\/p>\n<h4><strong>\u00bfQu\u00e9 programas incluye Office 2016 Professional Plus?<\/strong><\/h4>\n<ul>\n<li><strong>Word 2016. <\/strong>Para crear y editar sus textos y documentos<\/li>\n<li><strong>Excel 2016.<\/strong> Para procesar registros de datos en forma tabular<\/li>\n<li><strong>PowerPoint 2016.\u00a0 <\/strong>Para crear presentaciones inspiradoras<\/li>\n<li><strong>Outlook 2016.<\/strong>\u00a0 Para gestionar el correo electr\u00f3nico, los contactos, la agenda y las tareas<\/li>\n<li><strong>OneNote 2016.<\/strong> Para crear y gestionar sus notas<\/li>\n<li><strong>Editorial 2016.<\/strong>\u00a0 Para crear f\u00e1cilmente publicaciones de aspecto profesional<\/li>\n<li><strong>Acceso 2016.<\/strong>\u00a0 Para la creaci\u00f3n de bases de datos con acceso a Internet<\/li>\n<li><strong>Skype para empresas.\u00a0 <\/strong>Para aumentar la productividad mediante la mensajer\u00eda instant\u00e1nea y una comunicaci\u00f3n sencilla<\/li>\n<\/ul>\n<h4><strong>Nuevas funciones de Office 2016 Professional Plus<\/strong><\/h4>\n<ul>\n<li>B\u00fasqueda \"Insights\" directamente desde tus documentos. As\u00ed, puedes obtener informaci\u00f3n relevante en Internet e integrarla en tus documentos o presentaciones. Un enlace a Bing permite obtener resultados de b\u00fasqueda r\u00e1pidos<\/li>\n<li>\u00a0Asistente de b\u00fasqueda \"Dime\". Entonces, usted encontrar\u00e1 cada programa funciona m\u00e1s r\u00e1pido.<\/li>\n<li>Excel, con una funci\u00f3n de autorrelleno, detecta el patr\u00f3n y rellena autom\u00e1ticamente los datos. Tambi\u00e9n puede pronosticar f\u00e1cilmente series de datos y formas para tendencias futuras.<\/li>\n<li>Utiliza la opci\u00f3n de impresi\u00f3n de fotos en l\u00ednea integrada en Publisher. As\u00ed, ahorrar\u00e1 tiempo y se asegurar\u00e1 resultados profesionales.<\/li>\n<li>PowerPoint ofrece la posibilidad de compartir presentaciones a trav\u00e9s de la web. No es necesario instalar PowerPoint para poder verlas.<\/li>\n<li>Activa los fondos de pantalla \"Tema negro\". Como resultado, permitir un trabajo agradable a la vista.<\/li>\n<li>Utiliza tambi\u00e9n OneDrive con 5 GB de almacenamiento gratuito en la nube. Por lo tanto, se puede trabajar en equipo con redes en tiempo real a trav\u00e9s de.<\/li>\n<\/ul>\n<p>&nbsp;<\/p>\n<h3><strong>Aspectos importantes de esta versi\u00f3n de Microsoft Office<\/strong><\/h3>\n<p>En otras palabras, la interfaz de usuario intuitiva de Microsoft Office Professional Plus 2016 permite una navegaci\u00f3n r\u00e1pida dentro de los programas. As\u00ed, Ribbon revisado, permite encontrar r\u00e1pidamente dentro de las nuevas funciones. Pero si alguna vez se determina a bajar, el asistente de b\u00fasqueda \"Dime\" le ayudar\u00e1 a localizar la funci\u00f3n deseada y utilizarlos de manera eficiente. Te acostumbrar\u00e1s r\u00e1pidamente a los distintos programas y los utilizar\u00e1s de la mejor manera para tu trabajo.<\/p>\n<p>En conclusi\u00f3n, mediante la integraci\u00f3n de Skype for Business, usted y sus empleados y colegas se mantienen siempre en contacto. As\u00ed, microsoft Office Professional Plus 2016 ofrece una nueva oportunidad en el campo de la mensajer\u00eda instant\u00e1nea, videoconferencia y telefon\u00eda IP. Despu\u00e9s de eso, el intercambio de informaci\u00f3n, aclarar y hacer preguntas acerca de los proyectos. Mediante el uso del servicio en la nube OneDrive tambi\u00e9n simplifica el intercambio de datos. Trabaja en equipo para el \u00e9xito de tu empresa y mantente flexible. Del mismo modo, su lugar de trabajo est\u00e1 ahora en cualquier lugar. El dise\u00f1o y la interfaz de usuario de Office 2016 Professional Plus se basa en Windows 10. Los dos programas est\u00e1n perfectamente adaptados. Optimizados para dispositivos t\u00e1ctiles, podr\u00e1 trabajar de forma flexible. Sea creativo en cualquier lugar con Office Professional Plus 2016 y aumente la productividad de su empresa.<\/p>\n<h5><strong>Requisitos del sistema:<\/strong><\/h5>\n<ul>\n<li>Procesador de 2 n\u00facleos a 1,4 GHz<\/li>\n<li>Windows 7 SP1, Windows 8, Windows 10<\/li>\n<li>1 GB (32 bits), 2 GB (64 bits) RAM<\/li>\n<li>3 GB de espacio disponible en el disco duro<\/li>\n<li>Tarjeta gr\u00e1fica DirectX 9 para el uso de la aceleraci\u00f3n por hardware de gr\u00e1ficos<\/li>\n<\/ul>","protected":false},"excerpt":{"rendered":"<h3>Office 2016 Profesional<\/h3>\n<p>Con los programas incluidos, Microsoft Office 2016 Professional Plus satisface todas las exigencias que se plantean a un extenso software ofim\u00e1tico. Ya se trate de crear cartas de formulario, gestionar cifras de negocios y hojas de c\u00e1lculo, dise\u00f1ar presentaciones, crear bases de datos u organizar sus correos electr\u00f3nicos para sus proyectos empresariales y privados, todo se puede hacer en un abrir y cerrar de ojos con las aplicaciones Office<\/p>\n<p><span style=\"font-size: 14pt;\"><strong>\u00a0 \u00a0 \u00a0 \u00a0 \u00a0 \u00a0 Nota:<\/strong><\/span><\/p>\n<ul>\n<li style=\"list-style-type: none;\">\n<ul>\n<li><span style=\"font-size: 12pt;\"><strong>Office 2016 Professional Plus s\u00f3lo es compatible con Windows 10 y 11.<\/strong><\/span><\/li>\n<li><span style=\"font-size: 12pt;\"><strong>Office 2016 Professional Plus NO es compatible con los sistemas operativos de Apple (MacOS, iPadOS, iOS), Chromebooks<\/strong><\/span><\/li>\n<\/ul>\n<\/li>\n<\/ul>","protected":false},"featured_media":115828,"comment_status":"open","ping_status":"closed","template":"","meta":{"_acf_changed":false},"product_brand":[],"product_cat":[40,65],"product_tag":[51,47],"class_list":{"0":"post-361","1":"product","2":"type-product","3":"status-publish","4":"has-post-thumbnail","6":"product_cat-msoffice","7":"product_cat-popular","8":"product_tag-ms-office","9":"product_tag-ms-office-2016","11":"first","12":"instock","13":"sale","14":"virtual","15":"taxable","16":"purchasable","17":"product-type-simple"},"acf":[],"_links":{"self":[{"href":"https:\/\/keyshop.windowsandoffice.com\/es\/wp-json\/wp\/v2\/product\/361","targetHints":{"allow":["GET"]}}],"collection":[{"href":"https:\/\/keyshop.windowsandoffice.com\/es\/wp-json\/wp\/v2\/product"}],"about":[{"href":"https:\/\/keyshop.windowsandoffice.com\/es\/wp-json\/wp\/v2\/types\/product"}],"replies":[{"embeddable":true,"href":"https:\/\/keyshop.windowsandoffice.com\/es\/wp-json\/wp\/v2\/comments?post=361"}],"wp:featuredmedia":[{"embeddable":true,"href":"https:\/\/keyshop.windowsandoffice.com\/es\/wp-json\/wp\/v2\/media\/115828"}],"wp:attachment":[{"href":"https:\/\/keyshop.windowsandoffice.com\/es\/wp-json\/wp\/v2\/media?parent=361"}],"wp:term":[{"taxonomy":"product_brand","embeddable":true,"href":"https:\/\/keyshop.windowsandoffice.com\/es\/wp-json\/wp\/v2\/product_brand?post=361"},{"taxonomy":"product_cat","embeddable":true,"href":"https:\/\/keyshop.windowsandoffice.com\/es\/wp-json\/wp\/v2\/product_cat?post=361"},{"taxonomy":"product_tag","embeddable":true,"href":"https:\/\/keyshop.windowsandoffice.com\/es\/wp-json\/wp\/v2\/product_tag?post=361"}],"curies":[{"name":"wp","href":"https:\/\/api.w.org\/{rel}","templated":true}]}}